{"id":30538,"date":"2026-02-09T13:59:04","date_gmt":"2026-02-09T13:59:04","guid":{"rendered":"https:\/\/vibeyoup.com\/?post_type=product&#038;p=30538"},"modified":"2026-02-28T09:27:37","modified_gmt":"2026-02-28T09:27:37","slug":"2026-budapest-biofeedback-specialistak-vilagkonferenciaja-online","status":"publish","type":"product","link":"https:\/\/vibeyoup.com\/hu\/termek\/2026-budapest-world-conference-of-biofeedback-specialists-online\/","title":{"rendered":"2026 Budapesti Biofeedback Szakemberek Vil\u00e1gkonferenci\u00e1ja Online"},"content":{"rendered":"<p style=\"font-weight: 500;\">Fedezze fel vel\u00fcnk, mi rejlik a gy\u00f3gyul\u00e1son t\u00fal<\/p>\n<p>A klinikai gyakorlatban a gy\u00f3gyul\u00e1st gyakran a t\u00fcnetek elt\u0171n\u00e9s\u00e9vel hat\u00e1rozz\u00e1k meg. Sok gyakorl\u00f3 orvos azonban tapasztalatb\u00f3l tudja, hogy m\u00e9g ha a t\u00fcnetek el is t\u0171nnek, a rendszer nem felt\u00e9tlen\u00fcl szabadul fel. A felsz\u00edn alatt m\u00e9g mindig jelen lehetnek a marad\u00e9k stressz, a megoldatlan terhel\u00e9si mint\u00e1k \u00e9s az idegrendszeri diszregul\u00e1ci\u00f3.<\/p>\n<p style=\"font-weight: 500;\">A konferenci\u00e1r\u00f3l<\/p>\n<p>A Biofeedback Vil\u00e1gkonferencia 2026 a gy\u00f3gyul\u00e1snak erre a gyakran figyelmen k\u00edv\u00fcl hagyott m\u00e1sodik szakasz\u00e1ra \u00f6sszpontos\u00edt, amikor a l\u00e1that\u00f3 probl\u00e9m\u00e1k elhalv\u00e1nyulnak, de a bels\u0151 teher megmarad.<\/p>\n<p>Ebben az \u00e9vben azt vizsg\u00e1ljuk, hogy a kr\u00f3nikus stressz, a f\u00e1jdalom mint\u00e1i \u00e9s a hossz\u00fa t\u00e1v\u00fa t\u00falterhel\u00e9s hogyan befoly\u00e1solj\u00e1k a testet \u00e9s az idegrendszert m\u00e9g a l\u00e1tsz\u00f3lagos gy\u00f3gyul\u00e1s ut\u00e1n is.<\/p>\n<p>A biofeedback seg\u00edts\u00e9g\u00e9vel megvizsg\u00e1ljuk, hogyan lehet ezeket a rejtett terheket azonos\u00edtani, szab\u00e1lyozni \u00e9s fokozatosan feloldani.<\/p>\n<p style=\"font-weight: 500;\">Klinikai \u00e9s szakmai f\u00f3kusz<\/p>\n<p>Tanulja meg, hogyan lehet a t\u00fcnetkezel\u00e9sen t\u00falmutat\u00f3an dolgozni, \u00e9s hogyan lehet biofeedback eszk\u00f6z\u00f6k, integrat\u00edv megk\u00f6zel\u00edt\u00e9sek \u00e9s fejlett klinikai ismeretek seg\u00edts\u00e9g\u00e9vel val\u00f3di rendszerszint\u0171 \u00fajrakalibr\u00e1l\u00e1st t\u00e1mogatni.<\/p>\n<p>A MandelayQ9 \/ SCIO rendszer \u00e9s a modern holisztikus m\u00f3dszerek kulcsszerepet j\u00e1tszanak az egyens\u00faly e m\u00e9lyebb f\u00e1zis\u00e1nak meg\u00e9rt\u00e9s\u00e9ben \u00e9s t\u00e1mogat\u00e1s\u00e1ban.<\/p>\n<p>A rendezv\u00e9ny c\u00e9lja, hogy \u00f6sszekapcsolja a leg\u00fajabb tudom\u00e1nyos ismereteket a val\u00f3s ter\u00e1pi\u00e1s gyakorlattal, mindezt egy biztons\u00e1gos, t\u00e1mogat\u00f3 \u00e9s szakmailag inspir\u00e1l\u00f3 k\u00f6rnyezetben.<\/p>\n<p style=\"font-weight: 500;\">A konferencia f\u0151 t\u00e9m\u00e1ja<\/p>\n<ul>\n<li>Messze t\u00fal a helyre\u00e1ll\u00edt\u00e1son<\/li>\n<li>A m\u00e1sodik f\u00e1zis: amikor a t\u00fcnetek megsz\u0171nnek, de a terhel\u00e9s megmarad.<\/li>\n<li>Sikeres f\u00e1jdalom- \u00e9s stresszkezel\u00e9s<\/li>\n<\/ul>\n<p style=\"font-weight: 500;\">El\u0151ad\u00f3ink<\/p>\n<p>Neves nemzetk\u00f6zi szak\u00e9rt\u0151k osztj\u00e1k meg tud\u00e1sukat, tapasztalataikat \u00e9s klinikai n\u00e9z\u0151pontjaikat a stresszszab\u00e1lyoz\u00e1ssal, a f\u00e1jdalomcsillap\u00edt\u00e1ssal \u00e9s a hossz\u00fa t\u00e1v\u00fa rendszeregyens\u00falyoz\u00e1ssal kapcsolatban.<\/p>\n<p>Az el\u0151ad\u00f3k list\u00e1ja hamarosan megjelenik.<\/p>\n<p style=\"font-weight: 500;\">Program &amp; napirend &amp; \u00fctemterv<\/p>\n<p>A teljes program \u00e9s az el\u0151ad\u00f3k t\u00e9m\u00e1i hamarosan megjelennek. Maradjon vel\u00fcnk. A r\u00e9szletes napirendet \u00e9s az el\u0151ad\u00e1sok t\u00e9m\u00e1it hamarosan bejelentj\u00fck. K\u00f6vesse friss\u00edt\u00e9seinket, hogy ne maradjon le a nemzetk\u00f6zi el\u0151ad\u00f3ink \u00e1ltal megosztott inform\u00e1ci\u00f3kr\u00f3l.<\/p>\n<p style=\"font-weight: 500;\">Okt\u00f3ber 20 | Regisztr\u00e1ci\u00f3s nap<\/p>\n<p>16:00-18:00 Regisztr\u00e1ci\u00f3<br \/>\n19:00 \u00dcdv\u00f6zl\u0151 vacsora<\/p>\n<p><b><strong><u>okt\u00f3ber 21. | 1. nap<\/u><\/strong><\/b><\/p>\n<p>08:00-09:00 regisztr\u00e1ci\u00f3<\/p>\n<p>09:00-10:30 el\u0151ad\u00e1s<\/p>\n<p>10:30-11:00 k\u00e1v\u00e9sz\u00fcnet<\/p>\n<p>11:00-12:30 el\u0151ad\u00e1s<\/p>\n<p>12:30-14:00 eb\u00e9d<\/p>\n<p>14:00-15:30 el\u0151ad\u00e1s<\/p>\n<p>15:30-16:00 k\u00e1v\u00e9sz\u00fcnet<\/p>\n<p>16:00-17:30 Q &amp; A<\/p>\n<p><b><strong><u>Okt\u00f3ber 22. | 2. nap<\/u><\/strong><\/b><\/p>\n<p>09:00-10:30 el\u0151ad\u00e1s<\/p>\n<p>10:30-11:00 k\u00e1v\u00e9sz\u00fcnet<\/p>\n<p>11:00-12:30 el\u0151ad\u00e1s<\/p>\n<p>12:30-14:00 eb\u00e9d<\/p>\n<p>14:00-15:30 el\u0151ad\u00e1s<\/p>\n<p>15:30-16:00 k\u00e1v\u00e9sz\u00fcnet<\/p>\n<p>16:00-17:30 Q &amp; A<\/p>\n<p><b><strong><u>Okt\u00f3ber 23. | 3. nap<\/u><\/strong><\/b><\/p>\n<p>09:00-10:30 el\u0151ad\u00e1s<\/p>\n<p>10:30-11:00 k\u00e1v\u00e9sz\u00fcnet<\/p>\n<p>11:00-12:30 el\u0151ad\u00e1s<\/p>\n<p>12:30-14:00 eb\u00e9d<\/p>\n<p>14:00-15:30 el\u0151ad\u00e1s<\/p>\n<p>15:30-16:00 k\u00e1v\u00e9sz\u00fcnet<\/p>\n<p>16:00-17:30 Q &amp; A<\/p>\n<p><b><strong><u>okt\u00f3ber 24. | 4. nap<\/u><\/strong><\/b><\/p>\n<p>09:00-10:30 el\u0151ad\u00e1s<\/p>\n<p>10:30-11:00 k\u00e1v\u00e9sz\u00fcnet<\/p>\n<p>11:00-12:30 el\u0151ad\u00e1s<\/p>\n<p>12:30-14:00 eb\u00e9d<\/p>\n<p>14:00-15:30 el\u0151ad\u00e1s<\/p>\n<p>15:30-16:00 k\u00e1v\u00e9sz\u00fcnet<\/p>\n<p>16:00-17:30 Q &amp; A<\/p>\n<p style=\"font-weight: 500;\">Online r\u00e9szv\u00e9tel<\/p>\n<p>Rugalmas \u00e9s hozz\u00e1f\u00e9rhet\u0151<\/p>\n<p>Ha a budapesti utaz\u00e1s nem lehets\u00e9ges, az online r\u00e9szv\u00e9tel teljes hozz\u00e1f\u00e9r\u00e9st biztos\u00edt a szakmai tartalomhoz.<\/p>\n<ul>\n<li>\u00c9l\u0151 stream hozz\u00e1f\u00e9r\u00e9s minden el\u0151ad\u00e1shoz<\/li>\n<li>Korl\u00e1tlan hozz\u00e1f\u00e9r\u00e9s a konferenci\u00e1k felv\u00e9teleihez \u00e9s el\u0151ad\u00e1saihoz a Learning oldalon kereszt\u00fcl<\/li>\n<li>Csatlakozzon a vil\u00e1g b\u00e1rmely pontj\u00e1r\u00f3l<\/li>\n<\/ul>\n<p style=\"font-weight: 500;\">M\u0171szaki t\u00e1mogat\u00e1s \u00e9s szoftverfriss\u00edt\u00e9sek<\/p>\n<p>Minden szem\u00e9lyes r\u00e9sztvev\u0151 teljes k\u00f6r\u0171 technikai t\u00e1mogat\u00e1st kap az esem\u00e9ny ideje alatt.<\/p>\n<ul>\n<li>Eszk\u00f6zellen\u0151rz\u00e9s \u00e9s be\u00e1ll\u00edt\u00e1si seg\u00edts\u00e9gny\u00fajt\u00e1s<\/li>\n<li>Gyors megold\u00e1sok technikai probl\u00e9m\u00e1kra<\/li>\n<li>Opcion\u00e1lis friss\u00edt\u00e9sek a leg\u00fajabb szoftververzi\u00f3khoz, bele\u00e9rtve a Clasp Port\u00e1lt \u00e9s a Synapse Reportot is.<\/li>\n<\/ul>\n<p>Nyugalom. Mi gondoskodunk a technikai oldalr\u00f3l, \u00edgy \u00d6n a tanul\u00e1sra, a kapcsolatteremt\u00e9sre \u00e9s az integr\u00e1ci\u00f3ra koncentr\u00e1lhat.<\/p>\n<p style=\"font-weight: 500;\">Helysz\u00edn \u00e9s sz\u00e1ll\u00e1s<\/p>\n<p>Danubius Hotel Helia**, Budapest**<\/p>\n<p>A konferencia egy eleg\u00e1ns foly\u00f3parti k\u00f6rnyezetben ker\u00fcl megrendez\u00e9sre, amely ide\u00e1lis az elm\u00e9ly\u00fclt szakmai munk\u00e1hoz \u00e9s a kapcsolat\u00e9p\u00edt\u00e9shez.<br \/>\nK\u00fcl\u00f6nleges konferencia sz\u00e1ll\u00e1sd\u00edj 10 % kedvezm\u00e9nnyel.<br \/>\nA szobafoglal\u00e1ssal \u00e9s a partnerekkel kapcsolatos tov\u00e1bbi r\u00e9szleteket hamarosan k\u00f6z\u00f6lj\u00fck.<\/p>\n<p style=\"font-weight: 500;\">Most van itt az ideje csatlakozni<\/p>\n<p>Ez a konferencia azoknak sz\u00f3l, akik m\u00e9lyebbre akarnak menni.<br \/>\nT\u00fal a t\u00fcneteken, t\u00fal a protokollokon \u00e9s t\u00fal a felsz\u00edni szint\u0171 gy\u00f3gyul\u00e1son.<\/p>\n<p>Legyen r\u00e9szese egy olyan szakmai t\u00e9rnek, ahol a hossz\u00fa t\u00e1v\u00fa egyens\u00faly, a szab\u00e1lyoz\u00e1s \u00e9s a val\u00f3di rendszer helyre\u00e1ll\u00edt\u00e1sa \u00e1ll a k\u00f6z\u00e9ppontban.<\/p>\n<p>Ne v\u00e1rjon. Foglalja le hely\u00e9t most, \u00e9s csatlakozzon a Biofeedback World Conference 2026-hoz.<\/p>","protected":false},"excerpt":{"rendered":"<p>Discover with us what lies beyond recovery In clinical practice, recovery is often defined by the disappearance of symptoms. Yet many practitioners know from experience that even when symptoms are gone, the system is not necessarily free. Residual stress, unresolved load patterns, and nervous system dysregulation may still be present beneath the surface. About the [&hellip;]<\/p>\n","protected":false},"featured_media":30541,"comment_status":"open","ping_status":"closed","template":"","meta":{"_acf_changed":false,"_seopress_robots_primary_cat":"none","_seopress_titles_title":"2026 Budapest World Conference of Biofeedback Specialists Online","_seopress_titles_desc":"Discover with us what lies beyond recovery In clinical practice, recovery is often defined by the disappearance of symptoms.","_seopress_robots_index":""},"product_brand":[],"product_cat":[140],"product_tag":[],"class_list":{"0":"post-30538","1":"product","2":"type-product","3":"status-publish","4":"has-post-thumbnail","6":"product_cat-conferences","8":"first","9":"instock","10":"sale","11":"virtual","12":"taxable","13":"purchasable","14":"product-type-simple"},"acf":[],"_links":{"self":[{"href":"https:\/\/vibeyoup.com\/hu\/wp-json\/wp\/v2\/product\/30538","targetHints":{"allow":["GET"]}}],"collection":[{"href":"https:\/\/vibeyoup.com\/hu\/wp-json\/wp\/v2\/product"}],"about":[{"href":"https:\/\/vibeyoup.com\/hu\/wp-json\/wp\/v2\/types\/product"}],"replies":[{"embeddable":true,"href":"https:\/\/vibeyoup.com\/hu\/wp-json\/wp\/v2\/comments?post=30538"}],"wp:featuredmedia":[{"embeddable":true,"href":"https:\/\/vibeyoup.com\/hu\/wp-json\/wp\/v2\/media\/30541"}],"wp:attachment":[{"href":"https:\/\/vibeyoup.com\/hu\/wp-json\/wp\/v2\/media?parent=30538"}],"wp:term":[{"taxonomy":"product_brand","embeddable":true,"href":"https:\/\/vibeyoup.com\/hu\/wp-json\/wp\/v2\/product_brand?post=30538"},{"taxonomy":"product_cat","embeddable":true,"href":"https:\/\/vibeyoup.com\/hu\/wp-json\/wp\/v2\/product_cat?post=30538"},{"taxonomy":"product_tag","embeddable":true,"href":"https:\/\/vibeyoup.com\/hu\/wp-json\/wp\/v2\/product_tag?post=30538"}],"curies":[{"name":"wp","href":"https:\/\/api.w.org\/{rel}","templated":true}]}}