{"id":30413,"date":"2026-02-08T20:03:05","date_gmt":"2026-02-08T20:03:05","guid":{"rendered":"https:\/\/vibeyoup.com\/?post_type=product&#038;p=30413"},"modified":"2026-04-06T16:18:05","modified_gmt":"2026-04-06T16:18:05","slug":"12-hogyan-csinalom-az-elso-ulesemet-teresa-cumbers-augusztus-26","status":"publish","type":"product","link":"https:\/\/vibeyoup.com\/hu\/termek\/12-how-i-do-my-first-session-teresa-cumbers-26th-of-august\/","title":{"rendered":"12. \u2018Hogyan csin\u00e1ljam az els\u0151 \u00fcl\u00e9semet?\u2019-Teresa Cumbers (augusztus 26.)"},"content":{"rendered":"<p><strong>R\u00e9szletek:<\/strong><\/p>\n<ul>\n<li>T\u00e9ma: Hogyan csin\u00e1ljam az els\u0151 \u00fcl\u00e9semet?\u2018<\/li>\n<li>Id\u0151pont: 18:00 CET h\u00e9tf\u0151nk\u00e9nt 12 h\u00e9ten kereszt\u00fcl<\/li>\n<li><strong>A\u00a0<\/strong><strong>J\u00fanius 3.<\/strong><strong>\u00a0augusztus 26-ig (augusztus 26-\u00e1n 16:00-kor kezd\u0151dik CET)\u00a0<\/strong><\/li>\n<li>Hol:\u00a0<strong>Nagy\u00edt\u00e1s<\/strong>: A linket a szemin\u00e1rium el\u0151tt 5 perccel kapja meg.<\/li>\n<li>A szemin\u00e1riumok id\u0151tartama 1,5 \u00f3ra, a v\u00e9g\u00e9n k\u00e9rd\u00e9sekkel \u00e9s v\u00e1laszokkal.<\/li>\n<\/ul>\n<p><strong>Jegyinform\u00e1ci\u00f3k:\u00a0<\/strong><\/p>\n<ul>\n<li>Az egyes online el\u0151ad\u00e1sokra k\u00fcl\u00f6n-k\u00fcl\u00f6n is megv\u00e1s\u00e1rolhatja a jegyeket, vagy megv\u00e1s\u00e1rolhatja a teljes 12 hetes csomagot.<\/li>\n<li>A szemin\u00e1riumok 1,5 \u00f3r\u00e1sak, a v\u00e9g\u00e9n k\u00e9rd\u00e9sek \u00e9s v\u00e1laszok hangzanak el.<\/li>\n<li>Lesz egy felv\u00e9tel is<\/li>\n<li><strong>K\u00f6lts\u00e9gek:<\/strong>\n<ul>\n<li>1 el\u0151ad\u00e1s:\u00a0<strong>39 EUR \u00c1FA n\u00e9lk\u00fcl<\/strong><\/li>\n<li>teljes 12 hetes prezent\u00e1ci\u00f3s csomag:\u00a0<strong>350 EUR \u00c1FA n\u00e9lk\u00fcl<\/strong><\/li>\n<\/ul>\n<\/li>\n<li><strong>Ha m\u00e1r megv\u00e1s\u00e1rolta a konferenciajegyeket, akkor a teljes csomagot 50%-\u00e9rt kapja meg.<\/strong><\/li>\n<\/ul>\n<p><strong>K\u00e9rj\u00fck, vegye figyelembe a k\u00f6vetkez\u0151ket<\/strong><\/p>\n<ul>\n<li>A szemin\u00e1riumok kezdete\u00a0<strong>K\u00f6z\u00e9p-eur\u00f3pai id\u0151 szerint 18:00<\/strong>\u00a0h\u00e9tf\u0151nk\u00e9nt (kiv\u00e9ve az utols\u00f3t augusztus 26-\u00e1n, amikor a k\u00f6vetkez\u0151 id\u0151pontban ker\u00fcl sor\u00a0<strong>16:00 k\u00f6z\u00e9p-eur\u00f3pai id\u0151 szerint<\/strong>)<\/li>\n<li>Megkapja a linket\u00a0<strong>5 perc<\/strong>\u00a0a szemin\u00e1rium kezdete el\u0151tt<\/li>\n<li>Ahhoz, hogy megkapja a linket, meg kell v\u00e1s\u00e1rolnia a jegyet legal\u00e1bb\u00a0<strong>2 \u00f3r\u00e1val kor\u00e1bban<\/strong>\u00a0<strong>a szemin\u00e1rium<\/strong>\u00a0elindul<\/li>\n<li>A felv\u00e9telt a szemin\u00e1rium v\u00e9ge ut\u00e1n e-mailben kapja meg egy\u00a0<strong>n\u00e9h\u00e1ny nap<\/strong><\/li>\n<li>A jegyek megv\u00e1s\u00e1rl\u00e1s\u00e1hoz be kell jelentkeznie az \u00d6n\u00a0<strong>webshop fi\u00f3k<\/strong>\u00a0(ami nem azonos a VibeYoUp fi\u00f3kj\u00e1val)<\/li>\n<\/ul>","protected":false},"excerpt":{"rendered":"<p><strong>\u2018Hogyan csin\u00e1ljam az els\u0151 \u00fcl\u00e9semet?\u2019- Teresa Cumbers<\/strong><\/p>\n<p><strong>Augusztus 26. 4:00PM CET<\/strong><\/p>\n<p>Csatlakozzon hozz\u00e1nk <strong>\u00c1talak\u00edt\u00f3 online szemin\u00e1riumsorozat!<\/strong><\/p>\n<p>Ne hagyja ki ezt a csod\u00e1latos lehet\u0151s\u00e9get, hogy jegyet szerezzen a miniszemin\u00e1riumokra, ahol terapeut\u00e1ink t\u00e9m\u00e1i a k\u00f6vetkez\u0151k lesznek<\/p>\n<p><strong>Hogyan csin\u00e1lj\u00e1k az els\u0151 \u00fcl\u00e9s\u00fcket?<\/strong><\/p>\n<p>Az egyik leggyakrabban feltett k\u00e9rd\u00e9s, amit a terapeut\u00e1ink id\u0151r\u0151l id\u0151re megkapnak, a k\u00f6vetkez\u0151\u00a0<strong>Hogyan csin\u00e1lj\u00e1k az els\u0151 \u00fcl\u00e9s\u00fcket?\u00a0<\/strong><\/p>\n<p>\u00cdgy am\u00edg a k\u00f6zelg\u0151 mallorcai kongresszusra v\u00e1runk, \u00fagy d\u00f6nt\u00f6tt\u00fcnk, hogy szervez\u00fcnk egy online el\u0151ad\u00e1sokb\u00f3l \u00e1ll\u00f3 minisorozatot! Olyasmit k\u00edn\u00e1lunk, amit eddig m\u00e9g nem csin\u00e1ltak!<\/p>\n<p>Ez egy egyed\u00fcl\u00e1ll\u00f3 \u00e9s ritka alkalom, ez\u00e9rt haszn\u00e1lja ki ezt a lehet\u0151s\u00e9get, \u00e9s vegyen r\u00e9szt az egyes szakemberek online szemin\u00e1rium\u00e1n!<\/p>\n<p><strong>Minden szemin\u00e1rium egyedi, informat\u00edv \u00e9s tanuls\u00e1gos lesz, hiszen mindenkinek megvan a maga saj\u00e1tos technik\u00e1ja!<\/strong><\/p>\n<p><strong>A terapeut\u00e1k hamarosan bemutatj\u00e1k, hogyan v\u00e9gzik az els\u0151 kezel\u00e9s\u00fcket, bemutatva az \u00e1ltaluk prefer\u00e1lt m\u00f3dszereket, l\u00e9p\u00e9seket, tippeket \u00e9s tr\u00fckk\u00f6ket.\u00a0<\/strong><\/p>","protected":false},"featured_media":3795,"comment_status":"open","ping_status":"closed","template":"","meta":{"_acf_changed":false,"_seopress_robots_primary_cat":"none","_seopress_titles_title":"12. 'How I do my first session?'-Teresa Cumbers (26th of August)","_seopress_titles_desc":"One of our most frequently asked questions, our therapists get from time to time is How they do their first session?","_seopress_robots_index":""},"product_brand":[],"product_cat":[165],"product_tag":[],"class_list":{"0":"post-30413","1":"product","2":"type-product","3":"status-publish","4":"has-post-thumbnail","6":"product_cat-learning","8":"first","9":"instock","10":"virtual","11":"taxable","12":"purchasable","13":"product-type-simple"},"acf":[],"_links":{"self":[{"href":"https:\/\/vibeyoup.com\/hu\/wp-json\/wp\/v2\/product\/30413","targetHints":{"allow":["GET"]}}],"collection":[{"href":"https:\/\/vibeyoup.com\/hu\/wp-json\/wp\/v2\/product"}],"about":[{"href":"https:\/\/vibeyoup.com\/hu\/wp-json\/wp\/v2\/types\/product"}],"replies":[{"embeddable":true,"href":"https:\/\/vibeyoup.com\/hu\/wp-json\/wp\/v2\/comments?post=30413"}],"wp:featuredmedia":[{"embeddable":true,"href":"https:\/\/vibeyoup.com\/hu\/wp-json\/wp\/v2\/media\/3795"}],"wp:attachment":[{"href":"https:\/\/vibeyoup.com\/hu\/wp-json\/wp\/v2\/media?parent=30413"}],"wp:term":[{"taxonomy":"product_brand","embeddable":true,"href":"https:\/\/vibeyoup.com\/hu\/wp-json\/wp\/v2\/product_brand?post=30413"},{"taxonomy":"product_cat","embeddable":true,"href":"https:\/\/vibeyoup.com\/hu\/wp-json\/wp\/v2\/product_cat?post=30413"},{"taxonomy":"product_tag","embeddable":true,"href":"https:\/\/vibeyoup.com\/hu\/wp-json\/wp\/v2\/product_tag?post=30413"}],"curies":[{"name":"wp","href":"https:\/\/api.w.org\/{rel}","templated":true}]}}