{"id":30356,"date":"2026-02-07T13:45:26","date_gmt":"2026-02-07T13:45:26","guid":{"rendered":"https:\/\/vibeyoup.com\/?post_type=product&#038;p=30356"},"modified":"2026-04-06T16:15:47","modified_gmt":"2026-04-06T16:15:47","slug":"kis-petpad-scio","status":"publish","type":"product","link":"https:\/\/vibeyoup.com\/hu\/termek\/small-petpad-scio\/","title":{"rendered":"Kicsi kis\u00e1llatp\u00e1rna (SCIO)"},"content":{"rendered":"<p>Mit csin\u00e1l a Pet Pad?<\/p>\n<p data-start=\"768\" data-end=\"808\">Mi\u00e9rt v\u00e1lassza a Small Petpad for SCIO-t?<\/p>\n<p data-start=\"810\" data-end=\"1188\">- \u00dagy tervezt\u00e9k, hogy z\u00f6kken\u0151mentesen m\u0171k\u00f6dj\u00f6n egy\u00fctt a SCIO biofeedback rendszerekkel.<br data-start=\"869\" data-end=\"872\" \/>- T\u00e1mogatja a biofeedback-ter\u00e1pi\u00e1t stressz, f\u00e1jdalom vagy szorong\u00e1s \u00e1ltal s\u00fajtott \u00e1llatok eset\u00e9ben<br data-start=\"952\" data-end=\"955\" \/>- Nem invaz\u00edv megold\u00e1s, amely lehet\u0151v\u00e9 teszi, hogy a h\u00e1zi\u00e1llatok nyugodtak maradjanak a kezel\u00e9sek alatt.<br data-start=\"1029\" data-end=\"1032\" \/>- A p\u00e1rna alap\u00fa kialak\u00edt\u00e1s kik\u00fcsz\u00f6b\u00f6li a b\u00e9kly\u00f3k vagy a b\u00e9kly\u00f3k okozta kellemetlens\u00e9geket.<br data-start=\"1106\" data-end=\"1109\" \/>- Seg\u00edt az idegrendszer szab\u00e1lyoz\u00e1s\u00e1ban, a relax\u00e1ci\u00f3ban \u00e9s az \u00e1ltal\u00e1nos j\u00f3l\u00e9tben.<\/p>\n<p data-start=\"1195\" data-end=\"1221\">K\u00e9nyelem \u00e9s k\u00f6nny\u0171 haszn\u00e1lat<\/p>\n<p data-start=\"1223\" data-end=\"1452\">- K\u00f6zvetlen\u00fcl a h\u00e1zi\u00e1llat al\u00e1 helyezve a k\u00f6nnyed ter\u00e1pi\u00e1s sz\u00e1ll\u00edt\u00e1s \u00e9rdek\u00e9ben<br data-start=\"1286\" data-end=\"1289\" \/>- Lehet\u0151v\u00e9 teszi az \u00e1llatok sz\u00e1m\u00e1ra a term\u00e9szetes pihen\u00e9st a munkamenet sor\u00e1n<br data-start=\"1346\" data-end=\"1349\" \/>- A maxim\u00e1lis k\u00e9nyelem \u00e9rdek\u00e9ben ellen\u00e1ll\u00e1s \u00e9s stressz n\u00e9lk\u00fcl tervezt\u00e9k<br data-start=\"1408\" data-end=\"1411\" \/>- Rendszeres \u00e9s ism\u00e9telt haszn\u00e1latra alkalmas<\/p>\n<p data-start=\"1459\" data-end=\"1485\">Hossz\u00fa t\u00e1v\u00fa haszn\u00e1latra tervezve<\/p>\n<p data-start=\"1487\" data-end=\"1699\">- Tart\u00f3s, kiv\u00e1l\u00f3 min\u0151s\u00e9g\u0171 galv\u00e1ngumib\u00f3l k\u00e9sz\u00fclt<br data-start=\"1536\" data-end=\"1539\" \/>- \u00dagy tervezt\u00e9k, hogy ellen\u00e1lljon a gyakori haszn\u00e1latnak<br data-start=\"1575\" data-end=\"1578\" \/>- Moshat\u00f3 huzatot tartalmaz a k\u00f6nny\u0171 karbantart\u00e1s \u00e9rdek\u00e9ben<br data-start=\"1626\" data-end=\"1629\" \/>- Hordt\u00e1sk\u00e1val sz\u00e1ll\u00edtva a k\u00e9nyelmes t\u00e1rol\u00e1shoz \u00e9s sz\u00e1ll\u00edt\u00e1shoz<\/p>\n<p data-start=\"1706\" data-end=\"1737\">Kinek val\u00f3 a Small Petpad?<\/p>\n<p data-start=\"1739\" data-end=\"1967\">- Stresszes vagy szorong\u00f3 h\u00e1zi\u00e1llatok<br data-start=\"1776\" data-end=\"1779\" \/>- Kr\u00f3nikus kellemetlens\u00e9ggel vagy idegrendszeri egyens\u00falyzavarral k\u00fczd\u0151 \u00e1llatok<br data-start=\"1840\" data-end=\"1843\" \/>- \u00c1llattart\u00f3k, akik nem invaz\u00edv biofeedback ter\u00e1pi\u00e1s megold\u00e1st keresnek<br data-start=\"1907\" data-end=\"1910\" \/>- SCIO rendszerekkel dolgoz\u00f3 otthoni \u00e9s professzion\u00e1lis felhaszn\u00e1l\u00f3k<\/p>","protected":false},"excerpt":{"rendered":"<p data-start=\"187\" data-end=\"212\">Kis Petpad a SCIO-hoz<\/p>\n<p data-start=\"213\" data-end=\"254\">Biofeedback ter\u00e1pi\u00e1s p\u00e1rna kis\u00e1llatoknak<\/p>\n<p data-start=\"256\" data-end=\"291\">Mi az a kis\u00e1llatp\u00e1rna (SCIO)?<\/p>\n<p data-start=\"293\" data-end=\"630\">A\u00a0<strong data-start=\"297\" data-end=\"322\">Kis Petpad a SCIO-hoz<\/strong>\u00a0egy kifejezetten erre a c\u00e9lra tervezett\u00a0<strong data-start=\"347\" data-end=\"392\">biofeedback ter\u00e1pi\u00e1s pad kis\u00e1llatok sz\u00e1m\u00e1ra<\/strong>, amelyet \u00fagy fejlesztettek ki, hogy z\u00f6kken\u0151mentesen m\u0171k\u00f6dj\u00f6n egy\u00fctt\u00a0<strong data-start=\"428\" data-end=\"456\">SCIO biofeedback rendszerek<\/strong>. K\u00e9nyelmes, stresszmentes m\u00f3dot biztos\u00edt az \u00e1llatok j\u00f3l\u00e9t\u00e9nek \u00e9s relax\u00e1ci\u00f3j\u00e1nak t\u00e1mogat\u00e1s\u00e1ra biofeedback ter\u00e1pi\u00e1n kereszt\u00fcl, korl\u00e1toz\u00f3 h\u00e1mok vagy r\u00f6gz\u00edt\u00e9sek n\u00e9lk\u00fcl.<\/p>\n<p data-start=\"632\" data-end=\"761\">A kis\u00e1llatp\u00e1rn\u00e1t \u00fagy tervezt\u00e9k, hogy az \u00e1llat al\u00e1 helyezhet\u0151 legyen, \u00edgy a ter\u00e1pi\u00e1t \u00fagy lehet elv\u00e9gezni, hogy az \u00e1llat nyugodt \u00e9s nyugodt marad.<\/p>","protected":false},"featured_media":30355,"comment_status":"open","ping_status":"closed","template":"","meta":{"_acf_changed":false,"_seopress_robots_primary_cat":"none","_seopress_titles_title":"Small Petpad (SCIO)","_seopress_titles_desc":"The Small Petpad for SCIO is a specially designed biofeedback therapy pad for small animals, developed to work seamlessly with SCIO biofeedback systems.","_seopress_robots_index":""},"product_brand":[],"product_cat":[134],"product_tag":[],"class_list":{"0":"post-30356","1":"product","2":"type-product","3":"status-publish","4":"has-post-thumbnail","6":"product_cat-accessories","8":"first","9":"instock","10":"taxable","11":"shipping-taxable","12":"purchasable","13":"product-type-simple"},"acf":[],"_links":{"self":[{"href":"https:\/\/vibeyoup.com\/hu\/wp-json\/wp\/v2\/product\/30356","targetHints":{"allow":["GET"]}}],"collection":[{"href":"https:\/\/vibeyoup.com\/hu\/wp-json\/wp\/v2\/product"}],"about":[{"href":"https:\/\/vibeyoup.com\/hu\/wp-json\/wp\/v2\/types\/product"}],"replies":[{"embeddable":true,"href":"https:\/\/vibeyoup.com\/hu\/wp-json\/wp\/v2\/comments?post=30356"}],"wp:featuredmedia":[{"embeddable":true,"href":"https:\/\/vibeyoup.com\/hu\/wp-json\/wp\/v2\/media\/30355"}],"wp:attachment":[{"href":"https:\/\/vibeyoup.com\/hu\/wp-json\/wp\/v2\/media?parent=30356"}],"wp:term":[{"taxonomy":"product_brand","embeddable":true,"href":"https:\/\/vibeyoup.com\/hu\/wp-json\/wp\/v2\/product_brand?post=30356"},{"taxonomy":"product_cat","embeddable":true,"href":"https:\/\/vibeyoup.com\/hu\/wp-json\/wp\/v2\/product_cat?post=30356"},{"taxonomy":"product_tag","embeddable":true,"href":"https:\/\/vibeyoup.com\/hu\/wp-json\/wp\/v2\/product_tag?post=30356"}],"curies":[{"name":"wp","href":"https:\/\/api.w.org\/{rel}","templated":true}]}}