{"id":30340,"date":"2026-02-07T13:33:18","date_gmt":"2026-02-07T13:33:18","guid":{"rendered":"https:\/\/vibeyoup.com\/?post_type=product&#038;p=30340"},"modified":"2026-02-21T16:31:29","modified_gmt":"2026-02-21T16:31:29","slug":"nagy-petpad-mandelay-q9eductor","status":"publish","type":"product","link":"https:\/\/vibeyoup.com\/hu\/termek\/large-petpad-mandelay-q9eductor\/","title":{"rendered":"Nagy \u00e1llatp\u00e1rna (Mandelay Q9,Eductor)"},"content":{"rendered":"<p data-start=\"748\" data-end=\"779\">Mi\u00e9rt v\u00e1lassza a nagym\u00e9ret\u0171 Petpadot?<\/p>\n<p data-start=\"781\" data-end=\"1193\">- A Mandelay Q9 \u00e9s Eductor biofeedback rendszerekkel val\u00f3 z\u00f6kken\u0151mentes egy\u00fcttm\u0171k\u00f6d\u00e9sre tervezt\u00e9k.<br data-start=\"859\" data-end=\"862\" \/>- T\u00e1mogatja a biofeedback ter\u00e1pi\u00e1t a stressz, f\u00e1jdalom vagy idegrendszeri egyens\u00falyhi\u00e1nyban szenved\u0151 \u00e1llatok sz\u00e1m\u00e1ra.<br data-start=\"959\" data-end=\"962\" \/>- Nem invaz\u00edv megold\u00e1s, amely lehet\u0151v\u00e9 teszi, hogy az \u00e1llatok nyugodtak \u00e9s k\u00e9nyelmesek maradjanak az \u00fcl\u00e9sek alatt.<br data-start=\"1052\" data-end=\"1055\" \/>- A p\u00e1rna alap\u00fa kialak\u00edt\u00e1s kik\u00fcsz\u00f6b\u00f6li a b\u00e9kly\u00f3k vagy a b\u00e9kly\u00f3k okozta kellemetlens\u00e9geket.<br data-start=\"1129\" data-end=\"1132\" \/>- Seg\u00edt a relax\u00e1ci\u00f3, a gy\u00f3gyul\u00e1s \u00e9s az \u00e1ltal\u00e1nos j\u00f3 k\u00f6z\u00e9rzet t\u00e1mogat\u00e1s\u00e1ban<\/p>\n<p data-start=\"1200\" data-end=\"1226\">K\u00e9nyelem \u00e9s k\u00f6nny\u0171 haszn\u00e1lat<\/p>\n<p data-start=\"1228\" data-end=\"1459\">- K\u00f6zvetlen\u00fcl a h\u00e1zi\u00e1llat al\u00e1 helyezve a ter\u00e1pia k\u00f6nnyed kivitelez\u00e9s\u00e9hez<br data-start=\"1293\" data-end=\"1296\" \/>- Lehet\u0151v\u00e9 teszi az \u00e1llatok sz\u00e1m\u00e1ra a term\u00e9szetes pihen\u00e9st a foglalkoz\u00e1sok alatt<br data-start=\"1346\" data-end=\"1349\" \/>- \u00dagy tervezt\u00e9k, hogy maxim\u00e1lis k\u00e9nyelmet biztos\u00edtson ellen\u00e1ll\u00e1s \u00e9s stressz n\u00e9lk\u00fcl<br data-start=\"1415\" data-end=\"1418\" \/>- Rendszeres \u00e9s ism\u00e9telt haszn\u00e1latra alkalmas<\/p>\n<p data-start=\"1466\" data-end=\"1492\">Hossz\u00fa t\u00e1v\u00fa haszn\u00e1latra tervezve<\/p>\n<p data-start=\"1494\" data-end=\"1706\">- Tart\u00f3s, kiv\u00e1l\u00f3 min\u0151s\u00e9g\u0171 galv\u00e1ngumib\u00f3l k\u00e9sz\u00fclt<br data-start=\"1543\" data-end=\"1546\" \/>- \u00dagy tervezt\u00e9k, hogy ellen\u00e1lljon a gyakori haszn\u00e1latnak<br data-start=\"1582\" data-end=\"1585\" \/>- Moshat\u00f3 huzatot tartalmaz a k\u00f6nny\u0171 karbantart\u00e1s \u00e9rdek\u00e9ben<br data-start=\"1633\" data-end=\"1636\" \/>- Hordt\u00e1sk\u00e1val sz\u00e1ll\u00edtva a k\u00e9nyelmes t\u00e1rol\u00e1shoz \u00e9s sz\u00e1ll\u00edt\u00e1shoz<\/p>\n<p data-start=\"1713\" data-end=\"1744\">Kinek val\u00f3 a nagym\u00e9ret\u0171 Petpad?<\/p>\n<p data-start=\"1746\" data-end=\"1992\">- Stresszes vagy szorong\u00f3 h\u00e1zi\u00e1llatok<br data-start=\"1783\" data-end=\"1786\" \/>- Kr\u00f3nikus kellemetlens\u00e9ggel vagy idegrendszeri egyens\u00falyzavarral k\u00fczd\u0151 \u00e1llatok<br data-start=\"1847\" data-end=\"1850\" \/>- \u00c1llattart\u00f3k, akik nem invaz\u00edv biofeedback ter\u00e1pi\u00e1s megold\u00e1st keresnek<br data-start=\"1914\" data-end=\"1917\" \/>- Mandelay Q9 vagy Eductor rendszerekkel dolgoz\u00f3 professzion\u00e1lis \u00e9s otthoni felhaszn\u00e1l\u00f3k<\/p>","protected":false},"excerpt":{"rendered":"<p data-start=\"185\" data-end=\"227\">Nagy Petpad a Mandelay Q9 &amp; Eductorhoz<\/p>\n<p data-start=\"228\" data-end=\"269\">Biofeedback ter\u00e1pi\u00e1s p\u00e1rna kis\u00e1llatoknak<\/p>\n<p data-start=\"271\" data-end=\"299\">Mi az a nagym\u00e9ret\u0171 Petpad?<\/p>\n<p data-start=\"301\" data-end=\"613\">A\u00a0<strong data-start=\"305\" data-end=\"321\">Nagy Petpad<\/strong>\u00a0egy kifejezetten erre a c\u00e9lra tervezett\u00a0<strong data-start=\"346\" data-end=\"391\">biofeedback ter\u00e1pi\u00e1s pad kis\u00e1llatok sz\u00e1m\u00e1ra<\/strong>, amelyet a k\u00f6vetkez\u0151kkel val\u00f3 haszn\u00e1latra fejlesztettek ki\u00a0<strong data-start=\"416\" data-end=\"451\">Mandelay Q9 \u00e9s Eductor rendszerek<\/strong>. Stresszmentes \u00e9s k\u00e9nyelmes m\u00f3dot biztos\u00edt az \u00e1llatok j\u00f3l\u00e9t\u00e9nek t\u00e1mogat\u00e1s\u00e1ra biofeedback ter\u00e1pi\u00e1n kereszt\u00fcl, korl\u00e1toz\u00f3 h\u00e1mok vagy r\u00f6gz\u00edt\u00e9sek n\u00e9lk\u00fcl.<\/p>\n<p data-start=\"615\" data-end=\"741\">A p\u00e1rn\u00e1t \u00fagy tervezt\u00e9k, hogy az \u00e1llat al\u00e1 helyezhet\u0151 legyen, \u00edgy a ter\u00e1pia \u00fagy v\u00e9gezhet\u0151 el, hogy a h\u00e1zi\u00e1llat nyugodt \u00e9s pihent marad.<\/p>","protected":false},"featured_media":3755,"comment_status":"open","ping_status":"closed","template":"","meta":{"_acf_changed":false,"_seopress_robots_primary_cat":"none","_seopress_titles_title":"Large Petpad (Mandelay Q9,Eductor)","_seopress_titles_desc":"The\u00a0Large Petpad\u00a0is a specially designed\u00a0biofeedback therapy pad for small animals, developed for use with\u00a0Mandelay Q9 and Eductor systems. It provides a stress-free","_seopress_robots_index":""},"product_brand":[],"product_cat":[134],"product_tag":[],"class_list":{"0":"post-30340","1":"product","2":"type-product","3":"status-publish","4":"has-post-thumbnail","6":"product_cat-accessories","8":"first","9":"instock","10":"taxable","11":"shipping-taxable","12":"purchasable","13":"product-type-simple"},"acf":[],"_links":{"self":[{"href":"https:\/\/vibeyoup.com\/hu\/wp-json\/wp\/v2\/product\/30340","targetHints":{"allow":["GET"]}}],"collection":[{"href":"https:\/\/vibeyoup.com\/hu\/wp-json\/wp\/v2\/product"}],"about":[{"href":"https:\/\/vibeyoup.com\/hu\/wp-json\/wp\/v2\/types\/product"}],"replies":[{"embeddable":true,"href":"https:\/\/vibeyoup.com\/hu\/wp-json\/wp\/v2\/comments?post=30340"}],"wp:featuredmedia":[{"embeddable":true,"href":"https:\/\/vibeyoup.com\/hu\/wp-json\/wp\/v2\/media\/3755"}],"wp:attachment":[{"href":"https:\/\/vibeyoup.com\/hu\/wp-json\/wp\/v2\/media?parent=30340"}],"wp:term":[{"taxonomy":"product_brand","embeddable":true,"href":"https:\/\/vibeyoup.com\/hu\/wp-json\/wp\/v2\/product_brand?post=30340"},{"taxonomy":"product_cat","embeddable":true,"href":"https:\/\/vibeyoup.com\/hu\/wp-json\/wp\/v2\/product_cat?post=30340"},{"taxonomy":"product_tag","embeddable":true,"href":"https:\/\/vibeyoup.com\/hu\/wp-json\/wp\/v2\/product_tag?post=30340"}],"curies":[{"name":"wp","href":"https:\/\/api.w.org\/{rel}","templated":true}]}}