{"id":30337,"date":"2026-02-07T13:30:35","date_gmt":"2026-02-07T13:30:35","guid":{"rendered":"https:\/\/vibeyoup.com\/?post_type=product&#038;p=30337"},"modified":"2026-02-21T16:32:46","modified_gmt":"2026-02-21T16:32:46","slug":"lo-kantar-scio","status":"publish","type":"product","link":"https:\/\/vibeyoup.com\/hu\/termek\/horse-halter-scio\/","title":{"rendered":"L\u00f3 kant\u00e1r (SCIO)"},"content":{"rendered":"<p data-start=\"784\" data-end=\"820\">Mi\u00e9rt v\u00e1lassza a SCIO Horse Haltert?<\/p>\n<p data-start=\"822\" data-end=\"1272\">- Term\u00e9szetes illeszked\u00e9s, amely olyan \u00e9rz\u00e9s, mint egy hagyom\u00e1nyos felk\u00f6t\u0151, \u00edgy biztos\u00edtja a nyugodt \u00e9s stresszmentes ter\u00e1pi\u00e1t.<br data-start=\"907\" data-end=\"910\" \/>- A SCIO biofeedback eszk\u00f6z\u00f6kkel val\u00f3 z\u00f6kken\u0151mentes kompatibilit\u00e1sra tervezve<br data-start=\"977\" data-end=\"980\" \/>- Maxim\u00e1lis jel\u00e1tvitelt tesz lehet\u0151v\u00e9 a hat\u00e9kony biofeedback ter\u00e1pia \u00e9rdek\u00e9ben<br data-start=\"1050\" data-end=\"1053\" \/>- A jeleket a fejter\u00fcletre ir\u00e1ny\u00edtja az optim\u00e1lis harmoniz\u00e1l\u00e1s \u00e9rdek\u00e9ben nyugalmi \u00e1llapotban<br data-start=\"1134\" data-end=\"1137\" \/>- Klinikailag tesztelt \u00e9s a gy\u00e1rt\u00f3 \u00e1ltal ellen\u0151rz\u00f6tt biztons\u00e1g, hat\u00e9konys\u00e1g \u00e9s tart\u00f3ss\u00e1g tekintet\u00e9ben<br data-start=\"1224\" data-end=\"1227\" \/>- Alkalmas lovak \u00e9s kapcsol\u00f3d\u00f3 haszon\u00e1llatok sz\u00e1m\u00e1ra<\/p>\n<p data-start=\"1279\" data-end=\"1313\">Hogyan m\u0171k\u00f6dik a SCIO l\u00f3 kant\u00e1r<\/p>\n<p data-start=\"1315\" data-end=\"1550\">- Biztons\u00e1gosan illeszkedik a l\u00f3 fej\u00e9re, mik\u00f6zben fenntartja a k\u00e9nyelmet \u00e9s a mozg\u00e1sszabads\u00e1got.<br data-start=\"1400\" data-end=\"1403\" \/>- K\u00f6zvetlen\u00fcl csatlakozik a SCIO k\u00e9sz\u00fcl\u00e9k fejcsatlakoz\u00f3 portj\u00e1hoz.<br data-start=\"1466\" data-end=\"1469\" \/>- Lehet\u0151v\u00e9 teszi a biofeedback jelek teljes kihaszn\u00e1l\u00e1s\u00e1t az alapos ter\u00e1pi\u00e1s \u00fcl\u00e9sekhez<\/p>\n<p data-start=\"1557\" data-end=\"1598\">K\u00e9nyelemre \u00e9s hat\u00e9konys\u00e1gra tervezve<\/p>\n<p data-start=\"1600\" data-end=\"1805\">- Biofeedback ter\u00e1pi\u00e1ra optimaliz\u00e1lt, term\u00e9szetes, nem korl\u00e1toz\u00f3 illeszked\u00e9s<br data-start=\"1671\" data-end=\"1674\" \/>- A gy\u00e1rt\u00f3 \u00e1ltal j\u00f3v\u00e1hagyott \u00e9s klinikailag tesztelt megb\u00edzhat\u00f3 teljes\u00edtm\u00e9ny \u00e9rdek\u00e9ben<br data-start=\"1744\" data-end=\"1747\" \/>- T\u00e1mogatja a regener\u00e1l\u00f3d\u00e1st, a teljes\u00edtm\u00e9nyt \u00e9s az \u00e1ltal\u00e1nos j\u00f3l\u00e9tet<\/p>\n<p data-start=\"2118\" data-end=\"2178\">Kiz\u00e1r\u00f3lag hivatalos forgalmaz\u00f3 partnerekn\u00e9l kaphat\u00f3.<\/p>","protected":false},"excerpt":{"rendered":"<p data-start=\"211\" data-end=\"232\">SCIO l\u00f3 kant\u00e1r<\/p>\n<p data-start=\"233\" data-end=\"295\">Biofeedback ter\u00e1pi\u00e1s fog\u00f3 a lovak wellness\u00e9hez \u00e9s teljes\u00edtm\u00e9ny\u00e9hez<\/p>\n<p data-start=\"297\" data-end=\"330\">Mi az a SCIO l\u00f3 kant\u00e1r?<\/p>\n<p data-start=\"332\" data-end=\"614\">A\u00a0<strong data-start=\"336\" data-end=\"357\">SCIO l\u00f3 kant\u00e1r<\/strong>\u00a0egy speci\u00e1lisan tervezett, a gy\u00e1rt\u00f3 \u00e1ltal j\u00f3v\u00e1hagyott \u00e9s klinikailag tesztelt\u00a0<strong data-start=\"427\" data-end=\"471\">biofeedback ter\u00e1pi\u00e1s kieg\u00e9sz\u00edt\u0151 lovak sz\u00e1m\u00e1ra<\/strong>. \u00dagy fejlesztett\u00e9k ki, hogy a biofeedback ter\u00e1pi\u00e1t k\u00e9nyelmes, stresszmentes m\u00f3don ny\u00fajtsa, mik\u00f6zben t\u00e1mogatja a lovak j\u00f3l\u00e9t\u00e9t, regener\u00e1l\u00f3d\u00e1s\u00e1t \u00e9s teljes\u00edtm\u00e9ny\u00e9t.<\/p>\n<p data-start=\"616\" data-end=\"777\">A k\u00f6t\u0151f\u00e9k term\u00e9szetesen illeszkedik \u00e9s z\u00f6kken\u0151mentesen illeszkedik a\u00a0<strong data-start=\"673\" data-end=\"701\">SCIO biofeedback rendszerek<\/strong>, optim\u00e1lis jel\u00e1tvitelt biztos\u00edtva an\u00e9lk\u00fcl, hogy kellemetlens\u00e9get vagy stresszt okozna.<\/p>","protected":false},"featured_media":3758,"comment_status":"open","ping_status":"closed","template":"","meta":{"_acf_changed":false,"_seopress_robots_primary_cat":"none","_seopress_titles_title":"Horse halter (SCIO)","_seopress_titles_desc":"The\u00a0SCIO Horse Halter\u00a0is a specially designed, manufacturer-approved and clinically tested\u00a0biofeedback therapy accessory for horses. It is developed to deliver biofeedback therapy in a comfortable, stress-free way while supporting equine wellness, recovery, and performance.","_seopress_robots_index":""},"product_brand":[],"product_cat":[134],"product_tag":[],"class_list":{"0":"post-30337","1":"product","2":"type-product","3":"status-publish","4":"has-post-thumbnail","6":"product_cat-accessories","8":"first","9":"instock","10":"taxable","11":"shipping-taxable","12":"purchasable","13":"product-type-simple"},"acf":[],"_links":{"self":[{"href":"https:\/\/vibeyoup.com\/hu\/wp-json\/wp\/v2\/product\/30337","targetHints":{"allow":["GET"]}}],"collection":[{"href":"https:\/\/vibeyoup.com\/hu\/wp-json\/wp\/v2\/product"}],"about":[{"href":"https:\/\/vibeyoup.com\/hu\/wp-json\/wp\/v2\/types\/product"}],"replies":[{"embeddable":true,"href":"https:\/\/vibeyoup.com\/hu\/wp-json\/wp\/v2\/comments?post=30337"}],"wp:featuredmedia":[{"embeddable":true,"href":"https:\/\/vibeyoup.com\/hu\/wp-json\/wp\/v2\/media\/3758"}],"wp:attachment":[{"href":"https:\/\/vibeyoup.com\/hu\/wp-json\/wp\/v2\/media?parent=30337"}],"wp:term":[{"taxonomy":"product_brand","embeddable":true,"href":"https:\/\/vibeyoup.com\/hu\/wp-json\/wp\/v2\/product_brand?post=30337"},{"taxonomy":"product_cat","embeddable":true,"href":"https:\/\/vibeyoup.com\/hu\/wp-json\/wp\/v2\/product_cat?post=30337"},{"taxonomy":"product_tag","embeddable":true,"href":"https:\/\/vibeyoup.com\/hu\/wp-json\/wp\/v2\/product_tag?post=30337"}],"curies":[{"name":"wp","href":"https:\/\/api.w.org\/{rel}","templated":true}]}}