{"id":30331,"date":"2026-02-07T13:21:59","date_gmt":"2026-02-07T13:21:59","guid":{"rendered":"https:\/\/vibeyoup.com\/?post_type=product&#038;p=30331"},"modified":"2026-02-21T16:30:29","modified_gmt":"2026-02-21T16:30:29","slug":"lotakaro-scio","status":"publish","type":"product","link":"https:\/\/vibeyoup.com\/hu\/termek\/horse-blanket-scio\/","title":{"rendered":"L\u00f3takar\u00f3 (SCIO)"},"content":{"rendered":"<p data-start=\"776\" data-end=\"813\">Mi\u00e9rt v\u00e1lassza a SCIO l\u00f3takar\u00f3t?<\/p>\n<p data-start=\"815\" data-end=\"1312\">- Kifejezetten lovak sz\u00e1m\u00e1ra tervezt\u00e9k, hogy nyugodt \u00e9s stresszmentes ter\u00e1pi\u00e1s \u00fcl\u00e9seket biztos\u00edtson.<br data-start=\"897\" data-end=\"900\" \/>- A term\u00e9szetes tapint\u00e1s\u00fa takar\u00f3 \u00e9s a felk\u00f6t\u0151 cs\u00f6kkenti az ismeretlen felszerel\u00e9s okozta nyugtalans\u00e1got.<br data-start=\"984\" data-end=\"987\" \/>- Optimaliz\u00e1lt biofeedback jel\u00e1tvitel egy speci\u00e1lis takar\u00f3- \u00e9s h\u00e1mrendszeren kereszt\u00fcl<br data-start=\"1077\" data-end=\"1080\" \/>- A term\u00e9szetes k\u00f6t\u0151f\u00e9k biztos\u00edtja az optim\u00e1lis \u00e9rintkez\u00e9si pontokat, mik\u00f6zben a l\u00f3 nyugodt marad.<br data-start=\"1163\" data-end=\"1166\" \/>- Z\u00f6kken\u0151mentes kompatibilit\u00e1s a SCIO eszk\u00f6z\u00f6kkel a megb\u00edzhat\u00f3 teljes\u00edtm\u00e9ny \u00e9rdek\u00e9ben<br data-start=\"1233\" data-end=\"1236\" \/>- Gy\u00e1rt\u00f3 \u00e1ltal ellen\u0151rz\u00f6tt \u00e9s klinikailag tesztelt biztons\u00e1g \u00e9s hat\u00e9konys\u00e1g<\/p>\n<p data-start=\"1319\" data-end=\"1354\">Hogyan m\u0171k\u00f6dik a SCIO l\u00f3takar\u00f3<\/p>\n<p data-start=\"1356\" data-end=\"1683\">- A felk\u00f6t\u0151 (fejheveder) k\u00f6zvetlen\u00fcl a SCIO k\u00e9sz\u00fcl\u00e9k fejheveder-csatlakoz\u00f3j\u00e1hoz csatlakozik.<br data-start=\"1445\" data-end=\"1448\" \/>- A l\u00f3takar\u00f3 tartalmaz egy speci\u00e1lis h\u00e1mot, amely csatlakozik a v\u00e9gtagh\u00e1m csatlakoz\u00f3j\u00e1hoz.<br data-start=\"1542\" data-end=\"1545\" \/>- A kett\u0151s csatlakoz\u00f3rendszer lehet\u0151v\u00e9 teszi a teljes testre kiterjed\u0151 biofeedback ter\u00e1pi\u00e1t.<br data-start=\"1611\" data-end=\"1614\" \/>- Hat\u00e9kony harmoniz\u00e1ci\u00f3t biztos\u00edt k\u00e9nyelmetlens\u00e9g vagy korl\u00e1toz\u00e1s n\u00e9lk\u00fcl<\/p>\n<p data-start=\"1690\" data-end=\"1724\">Lovaster\u00e1pi\u00e1s haszn\u00e1latra tervezve<\/p>\n<p data-start=\"1726\" data-end=\"1957\">- Alkalmas lovak \u00e9s rokon \u00e1llatok sz\u00e1m\u00e1ra<br data-start=\"1767\" data-end=\"1770\" \/>- A term\u00e9szetes illeszked\u00e9s lehet\u0151v\u00e9 teszi a ter\u00e1pi\u00e1t ellen\u00e1ll\u00e1s vagy stressz n\u00e9lk\u00fcl<br data-start=\"1827\" data-end=\"1830\" \/>- Professzion\u00e1lis \u00e9s szem\u00e9lyes haszn\u00e1latra egyar\u00e1nt alkalmas<br data-start=\"1879\" data-end=\"1882\" \/>- Gy\u00e1rt\u00f3 \u00e1ltal j\u00f3v\u00e1hagyott \u00e9s tesztelt biztons\u00e1g, tart\u00f3ss\u00e1g \u00e9s hat\u00e9konys\u00e1g szempontj\u00e1b\u00f3l<\/p>\n<p data-start=\"2297\" data-end=\"2357\">Kiz\u00e1r\u00f3lag hivatalos forgalmaz\u00f3 partnerekn\u00e9l kaphat\u00f3.<\/p>\n<p><span data-ccp-props=\"{}\">\u00a0<\/span><\/p>","protected":false},"excerpt":{"rendered":"<p data-start=\"204\" data-end=\"226\">SCIO l\u00f3takar\u00f3<\/p>\n<p data-start=\"227\" data-end=\"277\">Stresszmentes biofeedback ter\u00e1pi\u00e1s takar\u00f3 lovaknak<\/p>\n<p data-start=\"279\" data-end=\"313\">Mi az a SCIO l\u00f3takar\u00f3?<\/p>\n<p data-start=\"315\" data-end=\"610\">A\u00a0<strong data-start=\"319\" data-end=\"341\">SCIO l\u00f3takar\u00f3<\/strong>\u00a0egy tudom\u00e1nyosan megtervezett, a gy\u00e1rt\u00f3 \u00e1ltal j\u00f3v\u00e1hagyott\u00a0<strong data-start=\"394\" data-end=\"455\">biofeedback ter\u00e1pi\u00e1s takar\u00f3 \u00e9s h\u00e1mrendszer lovak sz\u00e1m\u00e1ra<\/strong>. \u00dagy fejlesztett\u00e9k ki, hogy k\u00e9nyelmes, hat\u00e9kony \u00e9s stresszmentes biofeedback-ter\u00e1pi\u00e1t ny\u00fajtson, t\u00e1mogatva a lovak j\u00f3l\u00e9t\u00e9t \u00e9s a teljes\u00edtm\u00e9ny optimaliz\u00e1l\u00e1s\u00e1t.<\/p>\n<p data-start=\"612\" data-end=\"769\">A takar\u00f3 z\u00f6kken\u0151mentesen integr\u00e1l\u00f3dik a\u00a0<strong data-start=\"651\" data-end=\"679\">SCIO biofeedback eszk\u00f6z\u00f6k<\/strong>, stabil jel\u00e1tvitelt \u00e9s teljes testharmoniz\u00e1ci\u00f3t biztos\u00edtva a ter\u00e1pi\u00e1s \u00fcl\u00e9sek sor\u00e1n.<\/p>","protected":false},"featured_media":3756,"comment_status":"open","ping_status":"closed","template":"","meta":{"_acf_changed":false,"_seopress_robots_primary_cat":"none","_seopress_titles_title":"Horse Blanket (SCIO)","_seopress_titles_desc":"The SCIO Horse Blanket is a scientifically designed, manufacturer-approved biofeedback therapy blanket and harness system for horses.","_seopress_robots_index":""},"product_brand":[],"product_cat":[134],"product_tag":[],"class_list":{"0":"post-30331","1":"product","2":"type-product","3":"status-publish","4":"has-post-thumbnail","6":"product_cat-accessories","8":"first","9":"instock","10":"taxable","11":"shipping-taxable","12":"purchasable","13":"product-type-simple"},"acf":[],"_links":{"self":[{"href":"https:\/\/vibeyoup.com\/hu\/wp-json\/wp\/v2\/product\/30331","targetHints":{"allow":["GET"]}}],"collection":[{"href":"https:\/\/vibeyoup.com\/hu\/wp-json\/wp\/v2\/product"}],"about":[{"href":"https:\/\/vibeyoup.com\/hu\/wp-json\/wp\/v2\/types\/product"}],"replies":[{"embeddable":true,"href":"https:\/\/vibeyoup.com\/hu\/wp-json\/wp\/v2\/comments?post=30331"}],"wp:featuredmedia":[{"embeddable":true,"href":"https:\/\/vibeyoup.com\/hu\/wp-json\/wp\/v2\/media\/3756"}],"wp:attachment":[{"href":"https:\/\/vibeyoup.com\/hu\/wp-json\/wp\/v2\/media?parent=30331"}],"wp:term":[{"taxonomy":"product_brand","embeddable":true,"href":"https:\/\/vibeyoup.com\/hu\/wp-json\/wp\/v2\/product_brand?post=30331"},{"taxonomy":"product_cat","embeddable":true,"href":"https:\/\/vibeyoup.com\/hu\/wp-json\/wp\/v2\/product_cat?post=30331"},{"taxonomy":"product_tag","embeddable":true,"href":"https:\/\/vibeyoup.com\/hu\/wp-json\/wp\/v2\/product_tag?post=30331"}],"curies":[{"name":"wp","href":"https:\/\/api.w.org\/{rel}","templated":true}]}}