{"id":30328,"date":"2026-02-07T13:20:25","date_gmt":"2026-02-07T13:20:25","guid":{"rendered":"https:\/\/vibeyoup.com\/?post_type=product&#038;p=30328"},"modified":"2026-02-21T16:29:57","modified_gmt":"2026-02-21T16:29:57","slug":"lo-takaro-mandelay-q9eductor","status":"publish","type":"product","link":"https:\/\/vibeyoup.com\/hu\/termek\/horse-blanket-mandelay-q9eductor\/","title":{"rendered":"L\u00f3takar\u00f3 (Mandelay Q9,Eductor)"},"content":{"rendered":"<p data-start=\"836\" data-end=\"890\">Mi\u00e9rt v\u00e1lassza a Mandelay Q9 &amp; Eductor l\u00f3takar\u00f3t?<\/p>\n<p data-start=\"892\" data-end=\"1395\">- Kifejezetten lovak sz\u00e1m\u00e1ra tervezt\u00e9k, hogy nyugodt, stresszmentes ter\u00e1pi\u00e1s \u00fcl\u00e9seket biztos\u00edtson.<br data-start=\"971\" data-end=\"974\" \/>- Term\u00e9szetes \u00e9s ismer\u0151s \u00e9rz\u00e9s, cs\u00f6kkenti az ismeretlen berendez\u00e9sek okozta izgatotts\u00e1got.<br data-start=\"1053\" data-end=\"1056\" \/>- T\u00e1mogatja az optim\u00e1lis biofeedback jel\u00e1tvitelt egy speci\u00e1lis takar\u00f3 \u00e9s h\u00e1mrendszer seg\u00edts\u00e9g\u00e9vel<br data-start=\"1155\" data-end=\"1158\" \/>- Maxim\u00e1lis k\u00e9nyelmet biztos\u00edt a term\u00e9szetesen illeszked\u0151 felk\u00f6t\u0151 \u00e9s takar\u00f3 kialak\u00edt\u00e1ssal<br data-start=\"1232\" data-end=\"1235\" \/>- Kiz\u00e1r\u00f3lag a Mandelay Q9 \u00e9s Eductor k\u00e9sz\u00fcl\u00e9kekkel m\u0171k\u00f6dik egy\u00fctt a megb\u00edzhat\u00f3 teljes\u00edtm\u00e9ny \u00e9rdek\u00e9ben<br data-start=\"1316\" data-end=\"1319\" \/>- Gy\u00e1rt\u00f3 \u00e1ltal ellen\u0151rz\u00f6tt \u00e9s klinikailag tesztelt biztons\u00e1g \u00e9s hat\u00e9konys\u00e1g<\/p>\n<p data-start=\"1402\" data-end=\"1432\">Hogyan m\u0171k\u00f6dik a l\u00f3takar\u00f3<\/p>\n<p data-start=\"1434\" data-end=\"1752\">- A h\u00e1m (fejheveder) k\u00f6zvetlen\u00fcl a k\u00e9sz\u00fcl\u00e9k fejheveder-csatlakoz\u00f3j\u00e1hoz csatlakozik.<br data-start=\"1518\" data-end=\"1521\" \/>- A l\u00f3takar\u00f3 tartalmaz egy speci\u00e1lis h\u00e1mot, amely csatlakozik a v\u00e9gtag h\u00e1mporthoz.<br data-start=\"1610\" data-end=\"1613\" \/>- Ez a kett\u0151s csatlakoz\u00f3rendszer lehet\u0151v\u00e9 teszi a teljes testre kiterjed\u0151 biofeedback ter\u00e1pi\u00e1t.<br data-start=\"1680\" data-end=\"1683\" \/>- Hat\u00e9kony harmoniz\u00e1ci\u00f3t biztos\u00edt k\u00e9nyelmetlens\u00e9g vagy korl\u00e1toz\u00e1s n\u00e9lk\u00fcl<\/p>\n<p data-start=\"1759\" data-end=\"1793\">Lovaster\u00e1pi\u00e1s haszn\u00e1latra tervezve<\/p>\n<p data-start=\"1795\" data-end=\"2013\">- Alkalmas lovak \u00e9s rokon \u00e1llatok sz\u00e1m\u00e1ra<br data-start=\"1836\" data-end=\"1839\" \/>- A term\u00e9szetes illeszked\u00e9s lehet\u0151v\u00e9 teszi a ter\u00e1pi\u00e1t ellen\u00e1ll\u00e1s vagy stressz n\u00e9lk\u00fcl<br data-start=\"1896\" data-end=\"1899\" \/>- Professzion\u00e1lis \u00e9s szem\u00e9lyes haszn\u00e1latra egyar\u00e1nt alkalmas<br data-start=\"1948\" data-end=\"1951\" \/>- Biztons\u00e1g, tart\u00f3ss\u00e1g \u00e9s hat\u00e9konys\u00e1g szempontj\u00e1b\u00f3l tesztelve \u00e9s j\u00f3v\u00e1hagyva<\/p>\n<p data-start=\"2403\" data-end=\"2463\">Kiz\u00e1r\u00f3lag hivatalos forgalmaz\u00f3 partnerekn\u00e9l kaphat\u00f3.<\/p>","protected":false},"excerpt":{"rendered":"<p data-start=\"161\" data-end=\"200\">Mandelay Q9 &amp; Eductor l\u00f3takar\u00f3<\/p>\n<p data-start=\"201\" data-end=\"251\">Stresszmentes biofeedback ter\u00e1pi\u00e1s takar\u00f3 lovaknak<\/p>\n<p data-start=\"284\" data-end=\"335\">Milyen a Mandelay Q9 &amp; Eductor l\u00f3takar\u00f3?<\/p>\n<p data-start=\"337\" data-end=\"649\">A\u00a0<strong data-start=\"341\" data-end=\"380\">Mandelay Q9 &amp; Eductor l\u00f3takar\u00f3<\/strong>\u00a0a gy\u00e1rt\u00f3 \u00e1ltal j\u00f3v\u00e1hagyott, tudom\u00e1nyosan megtervezett\u00a0<strong data-start=\"433\" data-end=\"494\">biofeedback ter\u00e1pi\u00e1s takar\u00f3 \u00e9s h\u00e1mrendszer lovak sz\u00e1m\u00e1ra<\/strong>. \u00dagy fejlesztett\u00e9k ki, hogy k\u00e9nyelmes, hat\u00e9kony \u00e9s stresszmentes biofeedback-ter\u00e1pi\u00e1t ny\u00fajtson, t\u00e1mogatva a lovak j\u00f3l\u00e9t\u00e9t \u00e9s a teljes\u00edtm\u00e9ny optimaliz\u00e1l\u00e1s\u00e1t.<\/p>\n<p data-start=\"651\" data-end=\"829\">A takar\u00f3t \u00fagy tervezt\u00e9k, hogy z\u00f6kken\u0151mentesen integr\u00e1l\u00f3djon a\u00a0<strong data-start=\"704\" data-end=\"739\">Mandelay Q9 \u00e9s Eductor k\u00e9sz\u00fcl\u00e9kek<\/strong>, stabil jel\u00e1tvitelt \u00e9s teljes testharmoniz\u00e1ci\u00f3t biztos\u00edtva a ter\u00e1pi\u00e1s \u00fcl\u00e9sek sor\u00e1n.<\/p>","protected":false},"featured_media":3756,"comment_status":"open","ping_status":"closed","template":"","meta":{"_acf_changed":false,"_seopress_robots_primary_cat":"none","_seopress_titles_title":"Horse Blanket (Mandelay Q9,Eductor)","_seopress_titles_desc":"he Mandelay Q9 & Eductor Horse Blanket is a manufacturer-approved, scientifically designed biofeedback therapy blanket and harness system for horses.","_seopress_robots_index":""},"product_brand":[],"product_cat":[134],"product_tag":[],"class_list":{"0":"post-30328","1":"product","2":"type-product","3":"status-publish","4":"has-post-thumbnail","6":"product_cat-accessories","8":"first","9":"instock","10":"taxable","11":"shipping-taxable","12":"purchasable","13":"product-type-simple"},"acf":[],"_links":{"self":[{"href":"https:\/\/vibeyoup.com\/hu\/wp-json\/wp\/v2\/product\/30328","targetHints":{"allow":["GET"]}}],"collection":[{"href":"https:\/\/vibeyoup.com\/hu\/wp-json\/wp\/v2\/product"}],"about":[{"href":"https:\/\/vibeyoup.com\/hu\/wp-json\/wp\/v2\/types\/product"}],"replies":[{"embeddable":true,"href":"https:\/\/vibeyoup.com\/hu\/wp-json\/wp\/v2\/comments?post=30328"}],"wp:featuredmedia":[{"embeddable":true,"href":"https:\/\/vibeyoup.com\/hu\/wp-json\/wp\/v2\/media\/3756"}],"wp:attachment":[{"href":"https:\/\/vibeyoup.com\/hu\/wp-json\/wp\/v2\/media?parent=30328"}],"wp:term":[{"taxonomy":"product_brand","embeddable":true,"href":"https:\/\/vibeyoup.com\/hu\/wp-json\/wp\/v2\/product_brand?post=30328"},{"taxonomy":"product_cat","embeddable":true,"href":"https:\/\/vibeyoup.com\/hu\/wp-json\/wp\/v2\/product_cat?post=30328"},{"taxonomy":"product_tag","embeddable":true,"href":"https:\/\/vibeyoup.com\/hu\/wp-json\/wp\/v2\/product_tag?post=30328"}],"curies":[{"name":"wp","href":"https:\/\/api.w.org\/{rel}","templated":true}]}}