{"id":30325,"date":"2026-02-07T13:15:52","date_gmt":"2026-02-07T13:15:52","guid":{"rendered":"https:\/\/vibeyoup.com\/?post_type=product&#038;p=30325"},"modified":"2026-02-28T09:18:15","modified_gmt":"2026-02-28T09:18:15","slug":"vegtag-heveder-scio","status":"publish","type":"product","link":"https:\/\/vibeyoup.com\/hu\/termek\/limb-harness-scio\/","title":{"rendered":"V\u00e9gtagheveder (Scio)"},"content":{"rendered":"<p data-start=\"756\" data-end=\"797\">Mi\u00e9rt n\u00e9lk\u00fcl\u00f6zhetetlen a SCIO v\u00e9gtagheveder<\/p>\n<p data-start=\"799\" data-end=\"1206\">- Kiz\u00e1r\u00f3lag a SCIO k\u00e9sz\u00fcl\u00e9kekhez tervezt\u00e9k a hib\u00e1tlan kompatibilit\u00e1s biztos\u00edt\u00e1sa \u00e9rdek\u00e9ben.<br data-start=\"871\" data-end=\"874\" \/>- Harmadik f\u00e9lt\u0151l sz\u00e1rmaz\u00f3 vagy nem hiteles\u00edtett k\u00e1belk\u00f6tegek haszn\u00e1lata hib\u00e1kat okozhat, \u00e9s \u00e9rv\u00e9nytelen\u00edtheti a k\u00e9sz\u00fcl\u00e9k garanci\u00e1j\u00e1t.<br data-start=\"965\" data-end=\"968\" \/>- Nagy kapacit\u00e1s\u00fa galvanikus gumib\u00f3l k\u00e9sz\u00fclt az er\u0151s \u00e9s stabil vezet\u0151k\u00e9pess\u00e9g \u00e9rdek\u00e9ben.<br data-start=\"1044\" data-end=\"1047\" \/>- T\u00e1mogatja a pontos jel\u00e1tvitelt a hat\u00e9kony biofeedback ter\u00e1pia \u00e9rdek\u00e9ben<br data-start=\"1119\" data-end=\"1122\" \/>- Klinikailag tesztelt \u00e9s a gy\u00e1rt\u00f3 \u00e1ltal hiteles\u00edtett biztons\u00e1g, megb\u00edzhat\u00f3s\u00e1g \u00e9s k\u00e9nyelem<\/p>\n<p data-start=\"1208\" data-end=\"1358\">A vezet\u0151 anyagok id\u0151vel term\u00e9szetesen lebomlanak, ami cs\u00f6kkentheti a hat\u00e9konys\u00e1got. A rendszeres csere seg\u00edt biztos\u00edtani a cs\u00facsteljes\u00edtm\u00e9nyt minden \u00fcl\u00e9sen.<\/p>\n<p data-start=\"1360\" data-end=\"1389\">Csere Aj\u00e1nl\u00e1s<\/p>\n<p data-start=\"1391\" data-end=\"1525\">- Professzion\u00e1lis haszn\u00e1lat: 1-2 \u00e9vente cser\u00e9lje ki<br data-start=\"1434\" data-end=\"1437\" \/>- Otthoni haszn\u00e1lat: 3-4 \u00e9vente cser\u00e9lje ki<br data-start=\"1472\" data-end=\"1475\" \/>- Garanci\u00e1lis fedezet: 6 h\u00f3nap a v\u00e9gtaghevederekre<\/p>\n<p data-start=\"1527\" data-end=\"1555\">Kiv\u00e1l\u00f3s\u00e1gra tervezve<\/p>\n<p data-start=\"1557\" data-end=\"1873\">- 2019-ben \u00e1talak\u00edtva a fokozott tart\u00f3ss\u00e1g, a k\u00f6nnyebb kezelhet\u0151s\u00e9g \u00e9s az egyszer\u0171 tiszt\u00edt\u00e1s \u00e9rdek\u00e9ben<br data-start=\"1638\" data-end=\"1641\" \/>- 8 pontos b\u0151rkontaktus a maxim\u00e1lis vezet\u0151k\u00e9pess\u00e9g \u00e9s ter\u00e1pi\u00e1s hat\u00e9konys\u00e1g \u00e9rdek\u00e9ben<br data-start=\"1711\" data-end=\"1714\" \/>- Kiv\u00e1l\u00f3 min\u0151s\u00e9g\u0171 galvanikus gumib\u00f3l k\u00e9sz\u00fclt a kiv\u00e1l\u00f3 jel\u00e1tvitel \u00e9rdek\u00e9ben<br data-start=\"1794\" data-end=\"1797\" \/>- Klinikailag tesztelt \u00e9s a gy\u00e1rt\u00f3 \u00e1ltal j\u00f3v\u00e1hagyott biztons\u00e1goss\u00e1g \u00e9s hat\u00e9konys\u00e1g<\/p>\n<p data-start=\"1875\" data-end=\"1892\">M\u0171szaki adatok<\/p>\n<p data-start=\"1894\" data-end=\"1912\">- Hossz: 300 cm<\/p>\n<p><b><span data-contrast=\"auto\">Ne vesz\u00e9lyeztesse a k\u00e9sz\u00fcl\u00e9k pontoss\u00e1g\u00e1t. Szerezze be az egyetlen, cs\u00facsteljes\u00edtm\u00e9nyre tervezett v\u00e9gtaghevedereket.<\/span><\/b><span data-contrast=\"auto\">\u00a0Kiz\u00e1r\u00f3lag hivatalos forgalmaz\u00f3 partnereinken kereszt\u00fcl kaphat\u00f3.<\/span><span data-ccp-props=\"{}\">\u00a0<\/span><\/p>","protected":false},"excerpt":{"rendered":"<p>P\u00e1ratlan pontoss\u00e1g \u00e9s megb\u00edzhat\u00f3s\u00e1g a SCIO biofeedback k\u00e9sz\u00fcl\u00e9kek sz\u00e1m\u00e1ra<\/p>\n<p data-start=\"255\" data-end=\"288\">Mi az a SCIO v\u00e9gtagheveder?<\/p>\n<p>A\u00a0<strong data-start=\"294\" data-end=\"315\">SCIO v\u00e9gtagheveder<\/strong>\u00a0egy klinikailag tesztelt, a gy\u00e1rt\u00f3 \u00e1ltal j\u00f3v\u00e1hagyott tartoz\u00e9k, amelyet kifejezetten a k\u00f6vetkez\u0151kh\u00f6z terveztek\u00a0<strong data-start=\"398\" data-end=\"426\">SCIO biofeedback eszk\u00f6z\u00f6k<\/strong>. Stabil jel\u00e1tvitelt, pontos m\u00e9r\u00e9seket \u00e9s megb\u00edzhat\u00f3 teljes\u00edtm\u00e9nyt biztos\u00edt a biofeedback \u00fcl\u00e9sek sor\u00e1n. A kompatibilis v\u00e9gtagheveder haszn\u00e1lata elengedhetetlen a k\u00e9sz\u00fcl\u00e9k pontoss\u00e1g\u00e1nak \u00e9s a ter\u00e1pia hat\u00e9konys\u00e1g\u00e1nak fenntart\u00e1s\u00e1hoz.<\/p>\n<p>A Mandelay Kft. a biztons\u00e1gos m\u0171k\u00f6d\u00e9s \u00e9s a konzisztens eredm\u00e9nyek biztos\u00edt\u00e1sa \u00e9rdek\u00e9ben csak ellen\u0151rz\u00f6tt tartoz\u00e9kok haszn\u00e1lat\u00e1t aj\u00e1nlja.<\/p>","protected":false},"featured_media":30320,"comment_status":"open","ping_status":"closed","template":"","meta":{"_acf_changed":false,"_seopress_robots_primary_cat":"none","_seopress_titles_title":"Limb Harness (Scio)","_seopress_titles_desc":"The SCIO Limb Harness is a clinically tested, manufacturer-approved accessory designed specifically for SCIO biofeedback devices.","_seopress_robots_index":""},"product_brand":[],"product_cat":[134],"product_tag":[],"class_list":{"0":"post-30325","1":"product","2":"type-product","3":"status-publish","4":"has-post-thumbnail","6":"product_cat-accessories","8":"first","9":"instock","10":"taxable","11":"shipping-taxable","12":"purchasable","13":"product-type-simple"},"acf":[],"_links":{"self":[{"href":"https:\/\/vibeyoup.com\/hu\/wp-json\/wp\/v2\/product\/30325","targetHints":{"allow":["GET"]}}],"collection":[{"href":"https:\/\/vibeyoup.com\/hu\/wp-json\/wp\/v2\/product"}],"about":[{"href":"https:\/\/vibeyoup.com\/hu\/wp-json\/wp\/v2\/types\/product"}],"replies":[{"embeddable":true,"href":"https:\/\/vibeyoup.com\/hu\/wp-json\/wp\/v2\/comments?post=30325"}],"wp:featuredmedia":[{"embeddable":true,"href":"https:\/\/vibeyoup.com\/hu\/wp-json\/wp\/v2\/media\/30320"}],"wp:attachment":[{"href":"https:\/\/vibeyoup.com\/hu\/wp-json\/wp\/v2\/media?parent=30325"}],"wp:term":[{"taxonomy":"product_brand","embeddable":true,"href":"https:\/\/vibeyoup.com\/hu\/wp-json\/wp\/v2\/product_brand?post=30325"},{"taxonomy":"product_cat","embeddable":true,"href":"https:\/\/vibeyoup.com\/hu\/wp-json\/wp\/v2\/product_cat?post=30325"},{"taxonomy":"product_tag","embeddable":true,"href":"https:\/\/vibeyoup.com\/hu\/wp-json\/wp\/v2\/product_tag?post=30325"}],"curies":[{"name":"wp","href":"https:\/\/api.w.org\/{rel}","templated":true}]}}