{"id":30322,"date":"2026-02-07T13:14:17","date_gmt":"2026-02-07T13:14:17","guid":{"rendered":"https:\/\/vibeyoup.com\/?post_type=product&#038;p=30322"},"modified":"2026-02-28T09:18:20","modified_gmt":"2026-02-28T09:18:20","slug":"fejheveder-scio","status":"publish","type":"product","link":"https:\/\/vibeyoup.com\/hu\/termek\/head-harness-scio\/","title":{"rendered":"Fejheveder (Scio)"},"content":{"rendered":"<p data-start=\"831\" data-end=\"872\">Mi\u00e9rt n\u00e9lk\u00fcl\u00f6zhetetlen a SCIO fejheveder<\/p>\n<p data-start=\"874\" data-end=\"1275\">- A SCIO eszk\u00f6z\u00f6kkel val\u00f3 hib\u00e1tlan kompatibilit\u00e1s \u00e9rdek\u00e9ben tervezt\u00e9k \u00e9s tesztelt\u00e9k.<br data-start=\"940\" data-end=\"943\" \/>- A harmadik f\u00e9lt\u0151l sz\u00e1rmaz\u00f3 k\u00e1belk\u00f6tegek haszn\u00e1lata meghib\u00e1sod\u00e1sokat okozhat, \u00e9s \u00e9rv\u00e9nytelen\u00edtheti a k\u00e9sz\u00fcl\u00e9k garanci\u00e1j\u00e1t.<br data-start=\"1025\" data-end=\"1028\" \/>- Nagy kapacit\u00e1s\u00fa galvanikus gumib\u00f3l k\u00e9sz\u00fclt az er\u0151s \u00e9s stabil vezet\u0151k\u00e9pess\u00e9g \u00e9rdek\u00e9ben.<br data-start=\"1112\" data-end=\"1115\" \/>- T\u00e1mogatja a pontos jel\u00e1tvitelt a hat\u00e9kony biofeedback \u00fcl\u00e9sekhez<br data-start=\"1188\" data-end=\"1191\" \/>- Klinikailag tesztelt \u00e9s a gy\u00e1rt\u00f3 \u00e1ltal hiteles\u00edtett biztons\u00e1g, k\u00e9nyelem \u00e9s megb\u00edzhat\u00f3s\u00e1g<\/p>\n<p data-start=\"1277\" data-end=\"1445\">Id\u0151vel a vezet\u0151 gumi term\u00e9szetesen vesz\u00edt hat\u00e9konys\u00e1g\u00e1b\u00f3l, ami befoly\u00e1solhatja a teljes\u00edtm\u00e9nyt. A rendszeres csere seg\u00edt biztos\u00edtani, hogy a SCIO k\u00e9sz\u00fcl\u00e9k teljes potenci\u00e1lj\u00e1val m\u0171k\u00f6dj\u00f6n.<\/p>\n<p data-start=\"1447\" data-end=\"1476\">Csere Aj\u00e1nl\u00e1s<\/p>\n<p data-start=\"1478\" data-end=\"1612\">- Professzion\u00e1lis haszn\u00e1lat: 1-2 \u00e9vente cser\u00e9lje ki<br data-start=\"1521\" data-end=\"1524\" \/>- Otthoni haszn\u00e1lat: 3-4 \u00e9vente cser\u00e9lje ki<br data-start=\"1559\" data-end=\"1562\" \/>- Garanci\u00e1lis fedezet: 6 h\u00f3nap a fejhevederekre<\/p>\n<p data-start=\"1614\" data-end=\"1642\">Kiv\u00e1l\u00f3s\u00e1gra tervezve<\/p>\n<p data-start=\"1644\" data-end=\"1942\">- 2019-ben \u00e1talak\u00edtva a jobb funkcionalit\u00e1s, tart\u00f3ss\u00e1g \u00e9s k\u00f6nnyebb tiszt\u00edt\u00e1s \u00e9rdek\u00e9ben<br data-start=\"1723\" data-end=\"1726\" \/>- 8-pontos b\u0151rkontaktus a fokozott vezet\u0151k\u00e9pess\u00e9g \u00e9s a stabil teljes\u00edtm\u00e9ny \u00e9rdek\u00e9ben<br data-start=\"1797\" data-end=\"1800\" \/>- Kiv\u00e1l\u00f3 min\u0151s\u00e9g\u0171, k\u00f6nnyen tiszt\u00edthat\u00f3 anyagok a k\u00f6nnyed karbantart\u00e1s \u00e9rdek\u00e9ben<br data-start=\"1866\" data-end=\"1869\" \/>- Klinikailag tesztelt \u00e9s a gy\u00e1rt\u00f3 \u00e1ltal j\u00f3v\u00e1hagyott, magas szint\u0171 biztons\u00e1gi el\u0151\u00edr\u00e1soknak megfelel\u0151en<\/p>\n<p data-start=\"1944\" data-end=\"1961\">M\u0171szaki adatok<\/p>\n<p data-start=\"1963\" data-end=\"1981\">- Hossz: 190 cm<\/p>\n<p><b><span data-contrast=\"auto\">Ne k\u00f6ss\u00f6n kompromisszumot a pontoss\u00e1g vagy a biztons\u00e1g ter\u00e9n. Szerezze be az egyetlen olyan fejhev\u00e9rt, amelyet a biofeedback cs\u00facsteljes\u00edtm\u00e9nyhez terveztek.<\/span><\/b><span data-contrast=\"auto\">\u00a0Kiz\u00e1r\u00f3lag hivatalos forgalmaz\u00f3 partnereinken kereszt\u00fcl kaphat\u00f3.<\/span><span data-ccp-props=\"{\">\u00a0<\/span><\/p>","protected":false},"excerpt":{"rendered":"<p data-start=\"233\" data-end=\"296\">A SCIO biofeedback eszk\u00f6z\u00f6k pontoss\u00e1ga, biztons\u00e1ga \u00e9s teljes\u00edtm\u00e9nye<\/p>\n<p data-start=\"298\" data-end=\"331\">Mi az a SCIO fejheveder?<\/p>\n<p data-start=\"333\" data-end=\"714\">A\u00a0<strong data-start=\"337\" data-end=\"358\">SCIO fejheveder<\/strong>\u00a0egy klinikailag tesztelt, a gy\u00e1rt\u00f3 \u00e1ltal j\u00f3v\u00e1hagyott tartoz\u00e9k, amelyet kifejezetten a k\u00f6vetkez\u0151kh\u00f6z terveztek\u00a0<strong data-start=\"441\" data-end=\"469\">SCIO biofeedback eszk\u00f6z\u00f6k<\/strong>. Kritikus szerepet j\u00e1tszik a pontos jel\u00e1tvitel, a megb\u00edzhat\u00f3 m\u00e9r\u00e9sek \u00e9s a biztons\u00e1gos m\u0171k\u00f6d\u00e9s biztos\u00edt\u00e1s\u00e1ban a biofeedback \u00fcl\u00e9sek sor\u00e1n. A megfelel\u0151 fejheveder haszn\u00e1lata elengedhetetlen a k\u00e9sz\u00fcl\u00e9k teljes\u00edtm\u00e9ny\u00e9nek \u00e9s a munkamenet hat\u00e9konys\u00e1g\u00e1nak fenntart\u00e1s\u00e1hoz.<\/p>","protected":false},"featured_media":30321,"comment_status":"open","ping_status":"closed","template":"","meta":{"_acf_changed":false,"_seopress_robots_primary_cat":"none","_seopress_titles_title":"Head Harness (Scio)","_seopress_titles_desc":"The SCIO Head Harness is a clinically tested, manufacturer-approved accessory designed specifically for SCIO biofeedback devices.","_seopress_robots_index":""},"product_brand":[],"product_cat":[134],"product_tag":[],"class_list":{"0":"post-30322","1":"product","2":"type-product","3":"status-publish","4":"has-post-thumbnail","6":"product_cat-accessories","8":"first","9":"instock","10":"taxable","11":"shipping-taxable","12":"purchasable","13":"product-type-simple"},"acf":[],"_links":{"self":[{"href":"https:\/\/vibeyoup.com\/hu\/wp-json\/wp\/v2\/product\/30322","targetHints":{"allow":["GET"]}}],"collection":[{"href":"https:\/\/vibeyoup.com\/hu\/wp-json\/wp\/v2\/product"}],"about":[{"href":"https:\/\/vibeyoup.com\/hu\/wp-json\/wp\/v2\/types\/product"}],"replies":[{"embeddable":true,"href":"https:\/\/vibeyoup.com\/hu\/wp-json\/wp\/v2\/comments?post=30322"}],"wp:featuredmedia":[{"embeddable":true,"href":"https:\/\/vibeyoup.com\/hu\/wp-json\/wp\/v2\/media\/30321"}],"wp:attachment":[{"href":"https:\/\/vibeyoup.com\/hu\/wp-json\/wp\/v2\/media?parent=30322"}],"wp:term":[{"taxonomy":"product_brand","embeddable":true,"href":"https:\/\/vibeyoup.com\/hu\/wp-json\/wp\/v2\/product_brand?post=30322"},{"taxonomy":"product_cat","embeddable":true,"href":"https:\/\/vibeyoup.com\/hu\/wp-json\/wp\/v2\/product_cat?post=30322"},{"taxonomy":"product_tag","embeddable":true,"href":"https:\/\/vibeyoup.com\/hu\/wp-json\/wp\/v2\/product_tag?post=30322"}],"curies":[{"name":"wp","href":"https:\/\/api.w.org\/{rel}","templated":true}]}}