{"id":30317,"date":"2026-02-07T13:12:11","date_gmt":"2026-02-07T13:12:11","guid":{"rendered":"https:\/\/vibeyoup.com\/?post_type=product&#038;p=30317"},"modified":"2026-02-28T09:18:09","modified_gmt":"2026-02-28T09:18:09","slug":"kabelkoteg-keszlet-scio","status":"publish","type":"product","link":"https:\/\/vibeyoup.com\/hu\/termek\/harness-set-scio\/","title":{"rendered":"H\u00e1mk\u00e9szlet (Scio)"},"content":{"rendered":"<h2 data-start=\"321\" data-end=\"353\">Mi az a SCIO k\u00e1belk\u00f6teg-k\u00e9szlet?<\/h2>\n<p data-start=\"355\" data-end=\"673\">A\u00a0<strong data-start=\"359\" data-end=\"379\">SCIO k\u00e1belk\u00f6teg k\u00e9szlet<\/strong>\u00a0egy\u00a0<strong data-start=\"385\" data-end=\"443\">klinikailag tesztelt, a gy\u00e1rt\u00f3 \u00e1ltal j\u00f3v\u00e1hagyott tartoz\u00e9kk\u00e9szlet<\/strong>\u00a0kifejezetten a\u00a0<strong data-start=\"470\" data-end=\"498\">SCIO biofeedback eszk\u00f6z\u00f6k<\/strong>.<br data-start=\"499\" data-end=\"502\" \/>Tartalmazza mind a\u00a0<strong data-start=\"521\" data-end=\"537\">Fejheveder<\/strong>\u00a0\u00e9s egy\u00a0<strong data-start=\"544\" data-end=\"560\">V\u00e9gtag h\u00e1m<\/strong>, amelyet az optim\u00e1lis vezet\u0151k\u00e9pess\u00e9g, a megb\u00edzhat\u00f3 teljes\u00edtm\u00e9ny \u00e9s a biztons\u00e1gos m\u0171k\u00f6d\u00e9s biztos\u00edt\u00e1s\u00e1ra fejlesztettek ki a biofeedback \u00fcl\u00e9sek sor\u00e1n.<\/p>\n<p data-start=\"675\" data-end=\"759\">Ezek a h\u00e1mok kiz\u00e1r\u00f3lag a\u00a0<strong data-start=\"725\" data-end=\"758\">hivatalos forgalmaz\u00f3 partnerek<\/strong>.<\/p>\n<h2 data-start=\"766\" data-end=\"810\">Mi\u00e9rt v\u00e1lassza az eredeti SCIO heveder k\u00e9szletet?<\/h2>\n<h3 data-start=\"812\" data-end=\"840\">Garant\u00e1lt kompatibilit\u00e1s<\/h3>\n<p data-start=\"841\" data-end=\"1027\">A SCIO k\u00e1belk\u00f6teg k\u00e9szlet\u00a0<strong data-start=\"865\" data-end=\"917\">kiz\u00e1r\u00f3lag SCIO eszk\u00f6z\u00f6kh\u00f6z tervezt\u00e9k \u00e9s tesztelt\u00e9k<\/strong>.<br data-start=\"918\" data-end=\"921\" \/>A nem hiteles\u00edtett vagy fel\u00faj\u00edtott tartoz\u00e9kok haszn\u00e1lata cs\u00f6kkentheti a teljes\u00edtm\u00e9nyt, \u00e9s \u00e9rv\u00e9nytelen\u00edtheti a k\u00e9sz\u00fcl\u00e9k garanci\u00e1j\u00e1t.<\/p>\n<h3 data-start=\"1029\" data-end=\"1062\">Klinikailag tesztelt teljes\u00edtm\u00e9ny<\/h3>\n<p data-start=\"1063\" data-end=\"1120\">Mindk\u00e9t heveder szigor\u00fa tesztel\u00e9sen esett \u00e1t, hogy biztos\u00edtsa:<\/p>\n<p data-start=\"1063\" data-end=\"1120\">- Megb\u00edzhat\u00f3 vezet\u0151k\u00e9pess\u00e9g<\/p>\n<p data-start=\"1063\" data-end=\"1120\">- Felhaszn\u00e1l\u00f3i k\u00e9nyelem<\/p>\n<p data-start=\"1063\" data-end=\"1120\">- K\u00f6vetkezetes \u00e9s hat\u00e9kony biofeedback \u00fcl\u00e9sek<\/p>\n<h3 data-start=\"1215\" data-end=\"1245\">Hossz\u00fa t\u00e1v\u00fa haszn\u00e1latra tervezve<\/h3>\n<p data-start=\"1246\" data-end=\"1418\">A h\u00e1mok a k\u00f6vetkez\u0151kb\u0151l k\u00e9sz\u00fclnek\u00a0<strong data-start=\"1274\" data-end=\"1306\">kiv\u00e1l\u00f3 min\u0151s\u00e9g\u0171 galvanikus gumi<\/strong>, ami hossz\u00fa t\u00e1von stabil vezet\u0151k\u00e9pess\u00e9get biztos\u00edt.<br data-start=\"1348\" data-end=\"1351\" \/>Az optim\u00e1lis hat\u00e9konys\u00e1g fenntart\u00e1sa \u00e9rdek\u00e9ben aj\u00e1nlott a rendszeres csere:<\/p>\n<p data-start=\"1246\" data-end=\"1418\"><strong data-start=\"1421\" data-end=\"1442\">- Professzion\u00e1lis haszn\u00e1lat:<\/strong>\u00a01-2 \u00e9vente<\/p>\n<p data-start=\"1246\" data-end=\"1418\">-\u00a0<strong data-start=\"1463\" data-end=\"1476\">Otthoni haszn\u00e1lat:<\/strong>\u00a03-4 \u00e9vente<\/p>\n<p data-start=\"1496\" data-end=\"1548\">A k\u00e1belk\u00f6tegek garanci\u00e1lis fedezete a k\u00f6vetkez\u0151\u00a0<strong data-start=\"1535\" data-end=\"1547\">6 h\u00f3nap<\/strong>.<\/p>\n<h2 data-start=\"1555\" data-end=\"1589\">Mi\u00e9rt fontosak az ellen\u0151rz\u00f6tt tartoz\u00e9kok<\/h2>\n<p data-start=\"1593\" data-end=\"1718\"><strong data-start=\"1593\" data-end=\"1618\">-Fokozott teljes\u00edtm\u00e9ny:<\/strong>\u00a0A vezet\u0151 anyagok id\u0151vel term\u00e9szetesen elhaszn\u00e1l\u00f3dnak; az ellen\u0151rz\u00f6tt tartoz\u00e9kok biztos\u00edtj\u00e1k a k\u00e9sz\u00fcl\u00e9k teljes hat\u00e9konys\u00e1g\u00e1t.<\/p>\n<p data-start=\"1593\" data-end=\"1718\"><strong data-start=\"1721\" data-end=\"1745\">-Garanciav\u00e9delem:<\/strong>\u00a0A garancia csak a gy\u00e1rt\u00f3 \u00e1ltal j\u00f3v\u00e1hagyott tartoz\u00e9kok haszn\u00e1lata eset\u00e9n \u00e9rv\u00e9nyes.<\/p>\n<p data-start=\"1593\" data-end=\"1718\"><strong data-start=\"1817\" data-end=\"1848\">-Konzisztens munkamenet-min\u0151s\u00e9g:<\/strong>\u00a0A megfelel\u0151 vezet\u0151k\u00e9pess\u00e9g t\u00e1mogatja a pontos biofeedback m\u00e9r\u00e9seket<\/p>\n<h2 data-start=\"1920\" data-end=\"1938\">Term\u00e9k r\u00e9szletei<\/h2>\n<h3 data-start=\"1940\" data-end=\"1956\">Fejheveder<\/h3>\n<p data-start=\"1632\" data-end=\"1886\">- 2019-ben \u00e1talak\u00edtva a jobb funkcionalit\u00e1s \u00e9s a k\u00f6nnyebb tiszt\u00edt\u00e1s \u00e9rdek\u00e9ben<br data-start=\"1698\" data-end=\"1701\" \/>- 8 pontos b\u0151rkontaktus az optim\u00e1lis teljes\u00edtm\u00e9ny \u00e9rdek\u00e9ben<br data-start=\"1747\" data-end=\"1750\" \/>- Nagy kapacit\u00e1s\u00fa galvanikus gumib\u00f3l k\u00e9sz\u00fclt a maxim\u00e1lis vezet\u0151k\u00e9pess\u00e9g \u00e9rdek\u00e9ben.<br data-start=\"1816\" data-end=\"1819\" \/>- Hossz: 190 cm<br data-start=\"1835\" data-end=\"1838\" \/>- Klinikailag tesztelt biztons\u00e1g \u00e9s teljes\u00edtm\u00e9ny<\/p>\n<h3 data-start=\"2201\" data-end=\"2217\">V\u00e9gtag h\u00e1m<\/h3>\n<p>- 2019-ben \u00e1talak\u00edtva a jobb haszn\u00e1lhat\u00f3s\u00e1g \u00e9s tart\u00f3ss\u00e1g \u00e9rdek\u00e9ben<br data-start=\"1963\" data-end=\"1966\" \/>- K\u00f6nnyen tiszt\u00edthat\u00f3 \u00e9s nagy kapacit\u00e1s\u00fa galv\u00e1ngumib\u00f3l k\u00e9sz\u00fclt<br data-start=\"2025\" data-end=\"2028\" \/>- 8 pontos b\u0151rkontaktus a hat\u00e9kony kezel\u00e9s \u00e9s a k\u00f6vetkezetes vezet\u0151k\u00e9pess\u00e9g \u00e9rdek\u00e9ben<br data-start=\"2102\" data-end=\"2105\" \/>- Hossz: 300 cm<br data-start=\"2121\" data-end=\"2124\" \/>- Klinikailag tesztelt megb\u00edzhat\u00f3s\u00e1g \u00e9s teljes\u00edtm\u00e9ny<\/p>\n<p data-start=\"2504\" data-end=\"2781\">A garant\u00e1lt kompatibilit\u00e1ssal, a klinikailag tesztelt kialak\u00edt\u00e1ssal \u00e9s a kiv\u00e1l\u00f3 min\u0151s\u00e9g\u0171 vezet\u0151 anyagokkal t\u00e1mogatja a megb\u00edzhat\u00f3 teljes\u00edtm\u00e9nyt, a pontos munkameneteket \u00e9s a k\u00e9sz\u00fcl\u00e9k hossz\u00fa t\u00e1v\u00fa v\u00e9delm\u00e9t.<\/p>\n<p data-start=\"2783\" data-end=\"2886\">V\u00e1lasszon ellen\u0151rz\u00f6tt tartoz\u00e9kokat az optim\u00e1lis eredm\u00e9nyek biztos\u00edt\u00e1sa \u00e9s a SCIO-rendszer cs\u00facshat\u00e9konys\u00e1g\u00e1nak fenntart\u00e1sa \u00e9rdek\u00e9ben.<\/p>","protected":false},"excerpt":{"rendered":"<p data-start=\"157\" data-end=\"229\"><strong data-start=\"157\" data-end=\"229\">SCIO h\u00e1mk\u00e9szlet - Megb\u00edzhat\u00f3 teljes\u00edtm\u00e9ny a professzion\u00e1lis biofeedbackhez<\/strong><\/p>\n<p data-start=\"231\" data-end=\"528\">A biofeedback-ter\u00e1pi\u00e1ban a tartoz\u00e9kok min\u0151s\u00e9ge \u00e9s a k\u00e9sz\u00fcl\u00e9k kompatibilit\u00e1sa kulcsszerepet j\u00e1tszik a pontos eredm\u00e9nyek \u00e9s a biztons\u00e1gos m\u0171k\u00f6d\u00e9s el\u00e9r\u00e9s\u00e9ben. A SCIO Harness Set-et kifejezetten a SCIO biofeedback k\u00e9sz\u00fcl\u00e9kekhez tervezt\u00e9k, \u00e9s megfelel a magas szakmai k\u00f6vetelm\u00e9nyeknek, hogy minden \u00fcl\u00e9s sor\u00e1n megb\u00edzhat\u00f3 teljes\u00edtm\u00e9nyt biztos\u00edtson.<\/p>\n<p data-start=\"530\" data-end=\"855\">Ezek a h\u00e1mk\u00e9szletek pontos illeszked\u00e9st \u00e9s egyenletes vezet\u0151k\u00e9pess\u00e9get biztos\u00edtanak, t\u00e1mogatva az eszk\u00f6z optim\u00e1lis hat\u00e9konys\u00e1g\u00e1t \u00e9s a felhaszn\u00e1l\u00f3 k\u00e9nyelm\u00e9t. Minden SCIO h\u00e1mk\u00e9szlet klinikailag tesztelt, a gy\u00e1rt\u00f3 \u00e1ltal j\u00f3v\u00e1hagyott \u00e9s kiz\u00e1r\u00f3lag hivatalos forgalmaz\u00f3 partnereken kereszt\u00fcl kaphat\u00f3, \u00edgy biztos\u00edtva a megb\u00edzhat\u00f3 min\u0151s\u00e9get \u00e9s a hossz\u00fa t\u00e1v\u00fa teljes\u00edtm\u00e9nyt, amelyben megb\u00edzhat.<\/p>","protected":false},"featured_media":30320,"comment_status":"open","ping_status":"closed","template":"","meta":{"_acf_changed":false,"_seopress_robots_primary_cat":"none","_seopress_titles_title":"Harness set (Scio)","_seopress_titles_desc":"In biofeedback therapy, accessory quality and device compatibility play a key role in achieving accurate results and safe operation.","_seopress_robots_index":""},"product_brand":[],"product_cat":[134],"product_tag":[],"class_list":{"0":"post-30317","1":"product","2":"type-product","3":"status-publish","4":"has-post-thumbnail","6":"product_cat-accessories","8":"first","9":"instock","10":"taxable","11":"shipping-taxable","12":"purchasable","13":"product-type-simple"},"acf":[],"_links":{"self":[{"href":"https:\/\/vibeyoup.com\/hu\/wp-json\/wp\/v2\/product\/30317","targetHints":{"allow":["GET"]}}],"collection":[{"href":"https:\/\/vibeyoup.com\/hu\/wp-json\/wp\/v2\/product"}],"about":[{"href":"https:\/\/vibeyoup.com\/hu\/wp-json\/wp\/v2\/types\/product"}],"replies":[{"embeddable":true,"href":"https:\/\/vibeyoup.com\/hu\/wp-json\/wp\/v2\/comments?post=30317"}],"wp:featuredmedia":[{"embeddable":true,"href":"https:\/\/vibeyoup.com\/hu\/wp-json\/wp\/v2\/media\/30320"}],"wp:attachment":[{"href":"https:\/\/vibeyoup.com\/hu\/wp-json\/wp\/v2\/media?parent=30317"}],"wp:term":[{"taxonomy":"product_brand","embeddable":true,"href":"https:\/\/vibeyoup.com\/hu\/wp-json\/wp\/v2\/product_brand?post=30317"},{"taxonomy":"product_cat","embeddable":true,"href":"https:\/\/vibeyoup.com\/hu\/wp-json\/wp\/v2\/product_cat?post=30317"},{"taxonomy":"product_tag","embeddable":true,"href":"https:\/\/vibeyoup.com\/hu\/wp-json\/wp\/v2\/product_tag?post=30317"}],"curies":[{"name":"wp","href":"https:\/\/api.w.org\/{rel}","templated":true}]}}