{"id":29266,"date":"2026-01-22T18:53:35","date_gmt":"2026-01-22T18:53:35","guid":{"rendered":"https:\/\/vibeyoup.com\/?post_type=product&#038;p=29266"},"modified":"2026-02-20T14:24:57","modified_gmt":"2026-02-20T14:24:57","slug":"teljes-szinapszis-szfera-jelentes","status":"publish","type":"product","link":"https:\/\/vibeyoup.com\/hu\/termek\/full-synapse-sphere-report\/","title":{"rendered":"Teljes szinapszis g\u00f6mb jelent\u00e9s"},"content":{"rendered":"<p><b>Hogyan m\u0171k\u00f6dik a Teljes Szinapszis Szf\u00e9ra Jelent\u00e9s?<\/b><\/p>\n<p><span style=\"font-weight: 400;\">A Full Synapse Sphere Report egy <\/span><b>fejlett rangsorol\u00e1si rendszer<\/b><span style=\"font-weight: 400;\"> az els\u0151dleges stresszreakci\u00f3k elemz\u00e9se \u00e9s azonos\u00edt\u00e1sa.<\/span><span style=\"font-weight: 400;\"><br \/>\n<\/span><span style=\"font-weight: 400;\">A biofeedback-adatok alapj\u00e1n a rendszer a stresszel kapcsolatos inform\u00e1ci\u00f3kat vil\u00e1gos, struktur\u00e1lt jelent\u00e9sekbe rendezi, amelyek t\u00e1mogatj\u00e1k a c\u00e9lzott \u00e9s szem\u00e9lyre szabott stresszkezel\u00e9si megk\u00f6zel\u00edt\u00e9seket.<\/span><\/p>\n<p><b>A teljes Synapse Sphere jelent\u00e9s legfontosabb el\u0151nyei<\/b><\/p>\n<ul>\n<li style=\"font-weight: 400;\" aria-level=\"1\"><b>Adatvez\u00e9relt stresszelemz\u00e9s<\/b><span style=\"font-weight: 400;\"> a stressz f\u0151 kiv\u00e1lt\u00f3 okainak azonos\u00edt\u00e1sa<\/span><\/li>\n<li style=\"font-weight: 400;\" aria-level=\"1\"><b>Azonnali jelent\u00e9sk\u00e9sz\u00edt\u00e9s<\/b><span style=\"font-weight: 400;\"> testreszabhat\u00f3 tartalommal<\/span><\/li>\n<li style=\"font-weight: 400;\" aria-level=\"1\"><span style=\"font-weight: 400;\">T\u00e1mogatja az egy\u00e9rtelm\u0171 \u00fcgyf\u00e9lkommunik\u00e1ci\u00f3t struktur\u00e1lt stresszjelent\u00e9sekkel<\/span><\/li>\n<li style=\"font-weight: 400;\" aria-level=\"1\"><span style=\"font-weight: 400;\">Seg\u00edt n\u00f6velni az \u00fcgyfelek meg\u00e9rt\u00e9s\u00e9t \u00e9s elk\u00f6telezetts\u00e9g\u00e9t<\/span><\/li>\n<li style=\"font-weight: 400;\" aria-level=\"1\"><span style=\"font-weight: 400;\">Id\u0151t takar\u00edt meg a let\u00f6lthet\u0151 <\/span><b>PDF jelent\u00e9sek<\/b><\/li>\n<li style=\"font-weight: 400;\" aria-level=\"1\"><span style=\"font-weight: 400;\">Professzion\u00e1lis stresszkezel\u00e9si munkafolyamatokhoz tervezt\u00e9k<\/span><\/li>\n<\/ul>\n<p><b>Jelent\u00e9si \u00e9s testreszab\u00e1si funkci\u00f3k<\/b><\/p>\n<ul>\n<li style=\"font-weight: 400;\" aria-level=\"1\"><span style=\"font-weight: 400;\">Professzion\u00e1lis jelent\u00e9sek k\u00e9sz\u00edt\u00e9se n\u00e9h\u00e1ny kattint\u00e1ssal<\/span><\/li>\n<li style=\"font-weight: 400;\" aria-level=\"1\"><span style=\"font-weight: 400;\">Add <\/span><b>log\u00f3 \u00e9s el\u00e9rhet\u0151s\u00e9gek<\/b><span style=\"font-weight: 400;\"> a jelent\u00e9sekhez<\/span><\/li>\n<li style=\"font-weight: 400;\" aria-level=\"1\"><span style=\"font-weight: 400;\">Tartalmazza a  c\u00edmet. <\/span><b>szem\u00e9lyes megjegyz\u00e9sek \u00e9s aj\u00e1nl\u00e1sok<\/b><\/li>\n<li style=\"font-weight: 400;\" aria-level=\"1\"><span style=\"font-weight: 400;\">A jelent\u00e9sek PDF-k\u00e9nt t\u00f6rt\u00e9n\u0151 export\u00e1l\u00e1sa az egyszer\u0171 megoszt\u00e1s \u00e9s e-mail k\u00fcld\u00e9s \u00e9rdek\u00e9ben<\/span><\/li>\n<\/ul>\n<p><b>T\u00f6bbnyelv\u0171 t\u00e1mogat\u00e1s<\/b><\/p>\n<p><span style=\"font-weight: 400;\">A teljes Szinapszis Szf\u00e9ra jelent\u00e9s el\u00e9rhet\u0151 a k\u00f6vetkez\u0151 weboldalon <\/span><b>12 nyelv<\/b><span style=\"font-weight: 400;\">, a k\u00fcl\u00f6nb\u00f6z\u0151 nyelvi h\u00e1tter\u0171 \u00fcgyfelekkel val\u00f3 hat\u00e9kony kommunik\u00e1ci\u00f3 t\u00e1mogat\u00e1sa.<\/span><\/p>\n<p><b>Kompatibilit\u00e1s \u00e9s integr\u00e1ci\u00f3<\/b><\/p>\n<ul>\n<li style=\"font-weight: 400;\" aria-level=\"1\"><span style=\"font-weight: 400;\">Teljesen kompatibilis a <\/span><b>Mandelay Q9<\/b><span style=\"font-weight: 400;\"> \u00e9s <\/span><b>SCIO biofeedback eszk\u00f6z\u00f6k<\/b><\/li>\n<li style=\"font-weight: 400;\" aria-level=\"1\"><span style=\"font-weight: 400;\">Z\u00f6kken\u0151mentes integr\u00e1ci\u00f3 a megl\u00e9v\u0151 biofeedback munkafolyamatokba<\/span><\/li>\n<li style=\"font-weight: 400;\" aria-level=\"1\"><span style=\"font-weight: 400;\">Kiz\u00e1r\u00f3lag professzion\u00e1lis biofeedback haszn\u00e1latra tervezt\u00e9k<\/span><\/li>\n<\/ul>\n<p><b>A f\u0151bb jellemz\u0151k \u00e1ttekint\u00e9se<\/b><\/p>\n<ul>\n<li style=\"font-weight: 400;\" aria-level=\"1\"><span style=\"font-weight: 400;\">Prec\u00edzi\u00f3s stressz rangsorol\u00e1s<\/span><\/li>\n<li style=\"font-weight: 400;\" aria-level=\"1\"><span style=\"font-weight: 400;\">Felhaszn\u00e1l\u00f3bar\u00e1t fel\u00fclet<\/span><\/li>\n<li style=\"font-weight: 400;\" aria-level=\"1\"><span style=\"font-weight: 400;\">Szem\u00e9lyre szabott jelent\u00e9startalom<\/span><\/li>\n<li style=\"font-weight: 400;\" aria-level=\"1\"><span style=\"font-weight: 400;\">PDF export \u00e9s digit\u00e1lis sz\u00e1ll\u00edt\u00e1s<\/span><\/li>\n<li style=\"font-weight: 400;\" aria-level=\"1\"><span style=\"font-weight: 400;\">T\u00f6bbnyelv\u0171 szoftvert\u00e1mogat\u00e1s<\/span><\/li>\n<li style=\"font-weight: 400;\" aria-level=\"1\"><span style=\"font-weight: 400;\">Klinikailag tesztelt \u00e9s megb\u00edzhat\u00f3 technol\u00f3gia<\/span><\/li>\n<\/ul>","protected":false},"excerpt":{"rendered":"<p><b>Fejlett stresszelemz\u0151 szoftver a Mandelay Q9 \u00e9s SCIO sz\u00e1m\u00e1ra<\/b><\/p>\n<p><b>Mi a teljes Synapse Sphere Report?<\/b><\/p>\n<p><span style=\"font-weight: 400;\">A <\/span><b>Teljes szinapszis g\u00f6mb jelent\u00e9s<\/b><span style=\"font-weight: 400;\"> egy <\/span><b>professzion\u00e1lis stresszelemz\u0151 \u00e9s jelent\u00e9si szoftver<\/b><span style=\"font-weight: 400;\"> a k\u00f6vetkez\u0151k felhaszn\u00e1l\u00f3i sz\u00e1m\u00e1ra k\u00e9sz\u00fclt <\/span><b>Mandelay Q9<\/b><span style=\"font-weight: 400;\"> \u00e9s <\/span><b>SCIO biofeedback eszk\u00f6z\u00f6k<\/b><span style=\"font-weight: 400;\">.<\/span><span style=\"font-weight: 400;\"><br \/>\n<\/span><span style=\"font-weight: 400;\">A fejlett stresszkezel\u00e9st adatvez\u00e9relt betekint\u00e9st, pontos stresszrangsorol\u00e1st \u00e9s egy\u00e9rtelm\u0171, testreszabhat\u00f3 jelent\u00e9seket biztos\u00edt szakmai felhaszn\u00e1l\u00e1sra.<\/span><\/p>\n<p><span style=\"font-weight: 400;\">A szoftver c\u00e9lja, hogy a szakemberek jobban meg\u00e9rts\u00e9k a stresszre adott v\u00e1laszokat, \u00e9s az eredm\u00e9nyeket vil\u00e1gosan k\u00f6z\u00f6lj\u00e9k az \u00fcgyfelekkel.<\/span><\/p>","protected":false},"featured_media":29269,"comment_status":"open","ping_status":"closed","template":"","meta":{"_acf_changed":false,"_seopress_robots_primary_cat":"none","_seopress_titles_title":"Professional Biofeedback Reporting Software Full Synapse","_seopress_titles_desc":"The Full Synapse Sphere Riport software for advanced data analysis and reporting. Essential for SCIO\/Q9 professionals. View Specifications.","_seopress_robots_index":""},"product_brand":[],"product_cat":[136],"product_tag":[],"class_list":{"0":"post-29266","1":"product","2":"type-product","3":"status-publish","4":"has-post-thumbnail","6":"product_cat-software","8":"first","9":"instock","10":"virtual","11":"taxable","12":"purchasable","13":"product-type-simple"},"acf":[],"_links":{"self":[{"href":"https:\/\/vibeyoup.com\/hu\/wp-json\/wp\/v2\/product\/29266","targetHints":{"allow":["GET"]}}],"collection":[{"href":"https:\/\/vibeyoup.com\/hu\/wp-json\/wp\/v2\/product"}],"about":[{"href":"https:\/\/vibeyoup.com\/hu\/wp-json\/wp\/v2\/types\/product"}],"replies":[{"embeddable":true,"href":"https:\/\/vibeyoup.com\/hu\/wp-json\/wp\/v2\/comments?post=29266"}],"wp:featuredmedia":[{"embeddable":true,"href":"https:\/\/vibeyoup.com\/hu\/wp-json\/wp\/v2\/media\/29269"}],"wp:attachment":[{"href":"https:\/\/vibeyoup.com\/hu\/wp-json\/wp\/v2\/media?parent=29266"}],"wp:term":[{"taxonomy":"product_brand","embeddable":true,"href":"https:\/\/vibeyoup.com\/hu\/wp-json\/wp\/v2\/product_brand?post=29266"},{"taxonomy":"product_cat","embeddable":true,"href":"https:\/\/vibeyoup.com\/hu\/wp-json\/wp\/v2\/product_cat?post=29266"},{"taxonomy":"product_tag","embeddable":true,"href":"https:\/\/vibeyoup.com\/hu\/wp-json\/wp\/v2\/product_tag?post=29266"}],"curies":[{"name":"wp","href":"https:\/\/api.w.org\/{rel}","templated":true}]}}