{"id":29258,"date":"2026-01-22T18:48:02","date_gmt":"2026-01-22T18:48:02","guid":{"rendered":"https:\/\/vibeyoup.com\/?post_type=product&#038;p=29258"},"modified":"2026-01-22T18:48:02","modified_gmt":"2026-01-22T18:48:02","slug":"teljes-kapocs-portal-vegso-csomag","status":"publish","type":"product","link":"https:\/\/vibeyoup.com\/hu\/termek\/full-clasp-portal-ultimate-package\/","title":{"rendered":"Teljes csatos port\u00e1l - V\u00e9gs\u0151 csomag"},"content":{"rendered":"<p><b>Mit tartalmaz az Ultimate csomag?<\/b><\/p>\n<p><b>Alapk\u00e9pz\u00e9si modul<\/b><\/p>\n<p><span style=\"font-weight: 400;\">A pontos \u00e9s ellen\u0151rizhet\u0151 biofeedback \u00fcl\u00e9sek t\u00e1mogat\u00e1s\u00e1ra tervezt\u00e9k:<\/span><\/p>\n<ul>\n<li style=\"font-weight: 400;\" aria-level=\"1\"><span style=\"font-weight: 400;\">A munkamenet hat\u00e9konys\u00e1g\u00e1nak automatikus, val\u00f3s idej\u0171 ellen\u0151rz\u00e9se<\/span><\/li>\n<li style=\"font-weight: 400;\" aria-level=\"1\"><span style=\"font-weight: 400;\">Referenciam\u00e9r\u00e9sek, bele\u00e9rtve a k\u00f6vetkez\u0151ket <\/span><b>EKG, EEG \u00e9s EMG<\/b><span style=\"font-weight: 400;\"> (opcion\u00e1lis)<\/span><\/li>\n<li style=\"font-weight: 400;\" aria-level=\"1\"><span style=\"font-weight: 400;\">Teljesen automatiz\u00e1lt, egy kattint\u00e1ssal t\u00f6rt\u00e9n\u0151 m\u0171k\u00f6d\u00e9s<\/span><\/li>\n<\/ul>\n<p><b>e-AID modul<\/b><\/p>\n<p><span style=\"font-weight: 400;\">A stresszel kapcsolatos mint\u00e1kra \u00e9s a szok\u00e1shurkokra \u00f6sszpontos\u00edt:<\/span><\/p>\n<ul>\n<li style=\"font-weight: 400;\" aria-level=\"1\"><span style=\"font-weight: 400;\">T\u00e1mogatja a stressz \u00e9s az \u00e9rzelmi terhel\u00e9s cs\u00f6kkent\u00e9s\u00e9t<\/span><\/li>\n<li style=\"font-weight: 400;\" aria-level=\"1\"><span style=\"font-weight: 400;\">Seg\u00edt megszak\u00edtani a stressz \u00e1ltal vez\u00e9relt viselked\u00e9si mint\u00e1kat<\/span><\/li>\n<li style=\"font-weight: 400;\" aria-level=\"1\"><span style=\"font-weight: 400;\">A stresszfeldolgoz\u00e1s \u00e1talak\u00edt\u00e1s\u00e1ra tervezt\u00e9k biofeedback seg\u00edts\u00e9g\u00e9vel<\/span><\/li>\n<\/ul>\n<p><b>Hangter\u00e1pi\u00e1s modul<\/b><\/p>\n<p><span style=\"font-weight: 400;\">Szem\u00e9lyre szabott hangalap\u00fa biofeedback-\u00e9lm\u00e9ny:<\/span><\/p>\n<ul>\n<li style=\"font-weight: 400;\" aria-level=\"1\"><span style=\"font-weight: 400;\">Hangalap\u00fa elemz\u00e9s az egy\u00e9nre szabott hangter\u00e1pi\u00e1hoz<\/span><\/li>\n<li style=\"font-weight: 400;\" aria-level=\"1\"><span style=\"font-weight: 400;\">Csakr\u00e1kra \u00f6sszpontos\u00edt\u00f3 frekvencia \u00f6sszehangol\u00e1s<\/span><\/li>\n<li style=\"font-weight: 400;\" aria-level=\"1\"><span style=\"font-weight: 400;\">T\u00e1mogatja a relax\u00e1ci\u00f3t, az energiaegyens\u00falyt \u00e9s az \u00e9rzelmi tisztas\u00e1got.<\/span><\/li>\n<\/ul>\n<p><b>A meger\u0151s\u00edt\u0151 port\u00e1l (TAP)<\/b><\/p>\n<p><span style=\"font-weight: 400;\">Egy meger\u0151s\u00edt\u00e9sen alapul\u00f3 biofeedback modul:<\/span><\/p>\n<ul>\n<li style=\"font-weight: 400;\" aria-level=\"1\"><span style=\"font-weight: 400;\">Passz\u00edv, folyamatos meger\u0151s\u00edt\u00e9s<\/span><\/li>\n<li style=\"font-weight: 400;\" aria-level=\"1\"><span style=\"font-weight: 400;\">T\u00e1mogatja a gondolkod\u00e1sm\u00f3d \u00e9s az \u00f6nbizalom fejl\u0151d\u00e9s\u00e9t<\/span><\/li>\n<li style=\"font-weight: 400;\" aria-level=\"1\"><span style=\"font-weight: 400;\">\u00dagy tervezt\u00e9k, hogy automatikusan m\u0171k\u00f6dj\u00f6n a h\u00e1tt\u00e9rben<\/span><\/li>\n<\/ul>\n<p><b>Hogyan m\u0171k\u00f6dik az Ultimate csomag?<\/b><\/p>\n<p><span style=\"font-weight: 400;\">A Full Clasp Portal Ultimate csomag a k\u00f6vetkez\u0151 funkci\u00f3kat l\u00e1tja el <\/span><b>integr\u00e1lt biofeedback rendszer<\/b><span style=\"font-weight: 400;\">, ahol mind a n\u00e9gy modul egy\u00fctt dolgozik.<\/span><span style=\"font-weight: 400;\"><br \/>\n<\/span><span style=\"font-weight: 400;\">A biofeedback-m\u00e9r\u00e9sek, a hangalap\u00fa harmoniz\u00e1ci\u00f3, a meger\u0151s\u00edt\u00e9s meger\u0151s\u00edt\u00e9se \u00e9s a stresszel kapcsolatos mint\u00e1zatok t\u00e1mogat\u00e1sa egyetlen, folyamatos haszn\u00e1latra tervezett platformban egyes\u00fcl.<\/span><\/p>\n<p><span style=\"font-weight: 400;\">Az ism\u00e9tl\u0151d\u0151 \u00fcl\u00e9sek t\u00e1mogatj\u00e1k a m\u00e9rhet\u0151 fejl\u0151d\u00e9st \u00e9s a hossz\u00fa t\u00e1v\u00fa harmoniz\u00e1ci\u00f3t a biofeedback gyakorlaton bel\u00fcl.<\/span><\/p>\n<p><b>Kompatibilit\u00e1s \u00e9s k\u00f6vetelm\u00e9nyek<\/b><\/p>\n<ul>\n<li style=\"font-weight: 400;\" aria-level=\"1\"><span style=\"font-weight: 400;\">Kompatibilis <\/span><b>csak SCIO (USB) \u00e9s Mandelay Q9 eszk\u00f6z\u00f6kkel haszn\u00e1lhat\u00f3<\/b><\/li>\n<li style=\"font-weight: 400;\" aria-level=\"1\"><span style=\"font-weight: 400;\">Rendeltet\u00e9sszer\u0171 <\/span><b>kiz\u00e1r\u00f3lag a biofeedback ter\u00fclet\u00e9n t\u00f6rt\u00e9n\u0151 felhaszn\u00e1l\u00e1sra<\/b><\/li>\n<li style=\"font-weight: 400;\" aria-level=\"1\"><span style=\"font-weight: 400;\">EEG, EKG \u00e9s EMG m\u00e9r\u00e9seket haszn\u00e1lnak. <\/span><b>csak referenciaadatk\u00e9nt<\/b><span style=\"font-weight: 400;\"> a harmoniz\u00e1ci\u00f3 hat\u00e9konys\u00e1g\u00e1nak \u00e9rt\u00e9kel\u00e9se<\/span><\/li>\n<\/ul>\n<p><span style=\"font-weight: 400;\">A panaszokat kiz\u00e1r\u00f3lag a biofeedbackkel kapcsolatos agg\u00e1lyokkal kapcsolatban vizsg\u00e1lj\u00e1k.<\/span><\/p>\n<p><b>A term\u00e9k kiemelked\u0151 jellemz\u0151i<\/b><\/p>\n<ul>\n<li style=\"font-weight: 400;\" aria-level=\"1\"><span style=\"font-weight: 400;\">All-in-one Clasp Portal biofeedback megold\u00e1s<\/span><\/li>\n<li style=\"font-weight: 400;\" aria-level=\"1\"><span style=\"font-weight: 400;\">Tartalmazza az e-AID, a TAP, az alapk\u00e9pz\u00e9s \u00e9s a hangter\u00e1pia modulokat.<\/span><\/li>\n<li style=\"font-weight: 400;\" aria-level=\"1\"><span style=\"font-weight: 400;\">Automatiz\u00e1lt \u00e9s felhaszn\u00e1l\u00f3bar\u00e1t rendszer<\/span><\/li>\n<li style=\"font-weight: 400;\" aria-level=\"1\"><span style=\"font-weight: 400;\">Referencia-alap\u00fa EEG, EKG \u00e9s EMG m\u00e9r\u00e9sek<\/span><\/li>\n<li style=\"font-weight: 400;\" aria-level=\"1\"><span style=\"font-weight: 400;\">Kompatibilis a SCIO USB \u00e9s a Mandelay Q9 k\u00e9sz\u00fcl\u00e9kekkel<\/span><\/li>\n<\/ul>","protected":false},"excerpt":{"rendered":"<p><b>Teljes biofeedback rendszer e-AID, TAP, Basic Training &amp; Sound Therapy rendszerrel<\/b><\/p>\n<p><b>Mi a Full Clasp Portal Ultimate csomag?<\/b><\/p>\n<p><span style=\"font-weight: 400;\">A <\/span><b>Teljes csatos port\u00e1l v\u00e9gs\u0151 csomag<\/b><span style=\"font-weight: 400;\"> egy <\/span><b>\u00e1tfog\u00f3 biofeedback szoftverrendszer<\/b><span style=\"font-weight: 400;\"> amely az \u00f6sszes el\u00e9rhet\u0151 Clasp Portal modult egyetlen integr\u00e1lt megold\u00e1ss\u00e1 egyes\u00edti.<\/span><span style=\"font-weight: 400;\"><br \/>\n<\/span><span style=\"font-weight: 400;\">Tartalmazza a k\u00f6vetkez\u0151ket <\/span><b>Alapk\u00e9pz\u00e9s<\/b><span style=\"font-weight: 400;\">, <\/span><b>e-AID<\/b><span style=\"font-weight: 400;\">, <\/span><b>Hangter\u00e1pia<\/b><span style=\"font-weight: 400;\">, \u00e9s <\/span><b>A meger\u0151s\u00edt\u0151 port\u00e1l (TAP)<\/b><span style=\"font-weight: 400;\">, egy\u00fctt dolgoznak a test \u00e9s elme egyens\u00faly\u00e1nak, a stressz cs\u00f6kkent\u00e9s\u00e9nek, a szok\u00e1sokkal kapcsolatos mint\u00e1knak \u00e9s a szem\u00e9lyes \u00e1talakul\u00e1snak a biofeedback ter\u00fclet\u00e9n t\u00f6rt\u00e9n\u0151 t\u00e1mogat\u00e1s\u00e1n.<\/span><\/p>\n<p><span style=\"font-weight: 400;\">A csomag el\u00e9rhet\u0151 egy <\/span><b>7 napos ingyenes pr\u00f3baid\u0151szak<\/b><span style=\"font-weight: 400;\">.<\/span><\/p>","protected":false},"featured_media":26327,"comment_status":"open","ping_status":"closed","template":"","meta":{"_acf_changed":false,"_seopress_robots_primary_cat":"","_seopress_titles_title":"Clasp Portal Full Package - Professional Biofeedback","_seopress_titles_desc":"Get the Clasp Portal Full bundle. Unlocks advanced capabilities for Q9 and SCIO, guaranteeing precision holistic balance. View Specifications.","_seopress_robots_index":""},"product_brand":[],"product_cat":[136],"product_tag":[],"class_list":{"0":"post-29258","1":"product","2":"type-product","3":"status-publish","4":"has-post-thumbnail","6":"product_cat-software","8":"first","9":"instock","10":"virtual","11":"taxable","12":"purchasable","13":"product-type-simple"},"acf":[],"_links":{"self":[{"href":"https:\/\/vibeyoup.com\/hu\/wp-json\/wp\/v2\/product\/29258","targetHints":{"allow":["GET"]}}],"collection":[{"href":"https:\/\/vibeyoup.com\/hu\/wp-json\/wp\/v2\/product"}],"about":[{"href":"https:\/\/vibeyoup.com\/hu\/wp-json\/wp\/v2\/types\/product"}],"replies":[{"embeddable":true,"href":"https:\/\/vibeyoup.com\/hu\/wp-json\/wp\/v2\/comments?post=29258"}],"wp:featuredmedia":[{"embeddable":true,"href":"https:\/\/vibeyoup.com\/hu\/wp-json\/wp\/v2\/media\/26327"}],"wp:attachment":[{"href":"https:\/\/vibeyoup.com\/hu\/wp-json\/wp\/v2\/media?parent=29258"}],"wp:term":[{"taxonomy":"product_brand","embeddable":true,"href":"https:\/\/vibeyoup.com\/hu\/wp-json\/wp\/v2\/product_brand?post=29258"},{"taxonomy":"product_cat","embeddable":true,"href":"https:\/\/vibeyoup.com\/hu\/wp-json\/wp\/v2\/product_cat?post=29258"},{"taxonomy":"product_tag","embeddable":true,"href":"https:\/\/vibeyoup.com\/hu\/wp-json\/wp\/v2\/product_tag?post=29258"}],"curies":[{"name":"wp","href":"https:\/\/api.w.org\/{rel}","templated":true}]}}