{"id":29254,"date":"2026-01-22T18:40:31","date_gmt":"2026-01-22T18:40:31","guid":{"rendered":"https:\/\/vibeyoup.com\/?post_type=product&#038;p=29254"},"modified":"2026-02-21T16:26:42","modified_gmt":"2026-02-21T16:26:42","slug":"kapocs-portal-a-megerosito-portal-modullal","status":"publish","type":"product","link":"https:\/\/vibeyoup.com\/hu\/termek\/clasp-portal-with-the-affirmation-portal-module\/","title":{"rendered":"Clasp Portal a The Affirmation Portal modullal"},"content":{"rendered":"<p><b>Hogyan m\u0171k\u00f6dik a meger\u0151s\u00edt\u0151 port\u00e1l?<\/b><\/p>\n<p><span style=\"font-weight: 400;\">Az Affirmation Portal egy olyan funkci\u00f3t t\u00f6lt be, mint egy <\/span><b>passz\u00edv, automatikus meger\u0151s\u00edt\u0151 rendszer<\/b><span style=\"font-weight: 400;\">.<\/span><span style=\"font-weight: 400;\"><br \/>\n<\/span><span style=\"font-weight: 400;\">A h\u00e1tt\u00e9rben folyamatosan meger\u0151s\u00edti a pozit\u00edv meger\u0151s\u00edt\u00e9seket, lehet\u0151v\u00e9 t\u00e9ve a gondolkod\u00e1sm\u00f3d-v\u00e1ltoz\u00e1sok kialakul\u00e1s\u00e1t a felhaszn\u00e1l\u00f3 tov\u00e1bbi er\u0151fesz\u00edt\u00e9sei n\u00e9lk\u00fcl.<\/span><\/p>\n<p><span style=\"font-weight: 400;\">A modul az ism\u00e9telt meger\u0151s\u00edt\u0151 expoz\u00edci\u00f3 r\u00e9v\u00e9n t\u00e1mogatja:<\/span><\/p>\n<ul>\n<li style=\"font-weight: 400;\" aria-level=\"1\"><span style=\"font-weight: 400;\">A sikerorient\u00e1lt gondolkod\u00e1s meger\u0151s\u00edt\u00e9se<\/span><\/li>\n<li style=\"font-weight: 400;\" aria-level=\"1\"><span style=\"font-weight: 400;\">A k\u00e9ts\u00e9g \u00e9s a f\u00e9lelem cs\u00f6kkent\u00e9se<\/span><\/li>\n<li style=\"font-weight: 400;\" aria-level=\"1\"><span style=\"font-weight: 400;\">A pozit\u00edv hiedelmekkel kapcsolatos neur\u00e1lis p\u00e1ly\u00e1k meger\u0151s\u00edt\u00e9se<\/span><\/li>\n<\/ul>\n<p><b>A meger\u0151s\u00edt\u0151 port\u00e1l legfontosabb funkci\u00f3i<\/b><\/p>\n<ul>\n<li style=\"font-weight: 400;\" aria-level=\"1\"><span style=\"font-weight: 400;\">T\u00e1mogatja a <\/span><b>pozit\u00edv ment\u00e1lis minta meger\u0151s\u00edt\u00e9se<\/b><\/li>\n<li style=\"font-weight: 400;\" aria-level=\"1\"><span style=\"font-weight: 400;\">Seg\u00edt megsz\u00fcntetni a k\u00e9ts\u00e9gekkel \u00e9s f\u00e9lelemmel kapcsolatos korl\u00e1toz\u00f3 hiedelmeket.<\/span><\/li>\n<li style=\"font-weight: 400;\" aria-level=\"1\"><span style=\"font-weight: 400;\">Er\u0151s\u00edti az idegp\u00e1ly\u00e1kat az ism\u00e9tl\u00e9s r\u00e9v\u00e9n<\/span><\/li>\n<li style=\"font-weight: 400;\" aria-level=\"1\"><span style=\"font-weight: 400;\">Passz\u00edvan \u00e9s automatikusan m\u0171k\u00f6dik<\/span><\/li>\n<li style=\"font-weight: 400;\" aria-level=\"1\"><span style=\"font-weight: 400;\">Hossz\u00fa t\u00e1v\u00fa gondolkod\u00e1sm\u00f3d-t\u00e1mogat\u00e1sra tervezve<\/span><\/li>\n<\/ul>\n<p><b>A meger\u0151s\u00edt\u00e9sek szerepe<\/b><\/p>\n<p><span style=\"font-weight: 400;\">A le\u00edr\u00e1s szerint ism\u00e9telt meger\u0151s\u00edt\u00e9sek:<\/span><\/p>\n<ul>\n<li style=\"font-weight: 400;\" aria-level=\"1\"><span style=\"font-weight: 400;\">Seg\u00edt \u00e1tprogramozni a tudatalatti elm\u00e9t<\/span><\/li>\n<li style=\"font-weight: 400;\" aria-level=\"1\"><span style=\"font-weight: 400;\">A viselked\u00e9s \u00e9s az eredm\u00e9nyek befoly\u00e1sol\u00e1sa<\/span><\/li>\n<li style=\"font-weight: 400;\" aria-level=\"1\"><span style=\"font-weight: 400;\">T\u00e1mogatja a korl\u00e1toz\u00f3 gondolatokr\u00f3l a meger\u0151s\u00edt\u0151 hiedelmekre val\u00f3 \u00e1tt\u00e9r\u00e9st.<\/span><\/li>\n<\/ul>\n<p><span style=\"font-weight: 400;\">Az Affirm\u00e1ci\u00f3s port\u00e1l biztos\u00edtja, hogy folyamatosan olyan meger\u0151s\u00edt\u00e9seknek legyen kit\u00e9ve, amelyek a sikerre, az \u00f6nbizalomra \u00e9s a fejl\u0151d\u00e9sre ir\u00e1ny\u00edtj\u00e1k a figyelmet.<\/span><\/p>\n<p><b>Integr\u00e1ci\u00f3 \u00e9s kompatibilit\u00e1s<\/b><\/p>\n<ul>\n<li style=\"font-weight: 400;\" aria-level=\"1\"><span style=\"font-weight: 400;\">Teljesen integr\u00e1lva a <\/span><b>Kapocs Port\u00e1l rendszer<\/b><\/li>\n<li style=\"font-weight: 400;\" aria-level=\"1\"><span style=\"font-weight: 400;\">Kompatibilis a k\u00f6vetkez\u0151kkel <\/span><b>SCIO \u00e9s Mandelay Q9 k\u00e9sz\u00fcl\u00e9kek<\/b><\/li>\n<li style=\"font-weight: 400;\" aria-level=\"1\"><span style=\"font-weight: 400;\">Kiz\u00e1r\u00f3lag a k\u00f6vetkez\u0151 ter\u00fcleteken t\u00f6rt\u00e9n\u0151 felhaszn\u00e1l\u00e1sra tervezt\u00e9k <\/span><b>biofeedback<\/b><\/li>\n<\/ul>\n<p><span style=\"font-weight: 400;\">Referenciam\u00e9r\u00e9sek, mint p\u00e9ld\u00e1ul <\/span><b>EEG, EKG \u00e9s EMG<\/b><span style=\"font-weight: 400;\"> haszn\u00e1lj\u00e1k <\/span><b>csak a harmoniz\u00e1ci\u00f3s folyamat hat\u00e9konys\u00e1g\u00e1nak \u00e9rt\u00e9kel\u00e9se c\u00e9lj\u00e1b\u00f3l<\/b><span style=\"font-weight: 400;\">.<\/span><\/p>\n<p><b>A term\u00e9k kiemelked\u0151 jellemz\u0151i<\/b><\/p>\n<ul>\n<li style=\"font-weight: 400;\" aria-level=\"1\"><span style=\"font-weight: 400;\">Biofeedback-alap\u00fa meger\u0151s\u00edt\u0151 szoftver<\/span><\/li>\n<li style=\"font-weight: 400;\" aria-level=\"1\"><span style=\"font-weight: 400;\">Passz\u00edv \u00e9s automatikus m\u0171k\u00f6d\u00e9s<\/span><\/li>\n<li style=\"font-weight: 400;\" aria-level=\"1\"><span style=\"font-weight: 400;\">T\u00e1mogatja a gondolkod\u00e1sm\u00f3d meger\u0151s\u00edt\u00e9s\u00e9t \u00e9s a bizalom\u00e9p\u00edt\u00e9st<\/span><\/li>\n<li style=\"font-weight: 400;\" aria-level=\"1\"><span style=\"font-weight: 400;\">Kompatibilis a SCIO \u00e9s a Mandelay Q9 k\u00e9sz\u00fcl\u00e9kekkel<\/span><\/li>\n<\/ul>","protected":false},"excerpt":{"rendered":"<p><b>Biofeedback szoftver az Affirm\u00e1ci\u00f3-alap\u00fa gondolkod\u00e1sm\u00f3d tr\u00e9ninghez<\/b><\/p>\n<p><b>Mi az a meger\u0151s\u00edt\u0151 port\u00e1l (TAP)?<\/b><\/p>\n<p><span style=\"font-weight: 400;\">A <\/span><b>Clasp Portal a The Affirmation Portal Module (TAP) modul seg\u00edts\u00e9g\u00e9vel<\/b><span style=\"font-weight: 400;\"> egy <\/span><b>biofeedback-alap\u00fa meger\u0151s\u00edt\u0151 szoftver<\/b><span style=\"font-weight: 400;\"> a k\u00f6vetkez\u0151k t\u00e1mogat\u00e1s\u00e1ra tervezt\u00e9k <\/span><b>pozit\u00edv gondolkod\u00e1sm\u00f3d fejleszt\u00e9se \u00e9s tudatalatti meger\u0151s\u00edt\u00e9s<\/b><span style=\"font-weight: 400;\">.<\/span><span style=\"font-weight: 400;\"><br \/>\n<\/span><span style=\"font-weight: 400;\">A modul a pozit\u00edv gondolkod\u00e1si mint\u00e1k meger\u0151s\u00edt\u00e9s\u00e9re, a korl\u00e1toz\u00f3 hiedelmek cs\u00f6kkent\u00e9s\u00e9re \u00e9s a szem\u00e9lyes \u00e1talakul\u00e1s t\u00e1mogat\u00e1s\u00e1ra \u00f6sszpontos\u00edt a folyamatos meger\u0151s\u00edt\u00e9sen kereszt\u00fcl.<\/span><\/p>\n<p><span style=\"font-weight: 400;\">A TAP el\u00e9rhet\u0151 egy <\/span><b>7 napos ingyenes pr\u00f3baid\u0151szak<\/b><span style=\"font-weight: 400;\"> \u00e9s z\u00f6kken\u0151mentesen m\u0171k\u00f6dik a Clasp Portal rendszerben.<\/span><\/p>","protected":false},"featured_media":26319,"comment_status":"open","ping_status":"closed","template":"","meta":{"_acf_changed":false,"_seopress_robots_primary_cat":"none","_seopress_titles_title":"Affirmation Portal Module for SCIO\/Q9 Biofeedback","_seopress_titles_desc":"Integrate the Affirmation Portal Module with your Clasp Portal. Advanced technology for deeper holistic work and authoritative precision with Q9. Learn More.","_seopress_robots_index":""},"product_brand":[],"product_cat":[136],"product_tag":[],"class_list":{"0":"post-29254","1":"product","2":"type-product","3":"status-publish","4":"has-post-thumbnail","6":"product_cat-software","8":"first","9":"instock","10":"virtual","11":"taxable","12":"purchasable","13":"product-type-simple"},"acf":[],"_links":{"self":[{"href":"https:\/\/vibeyoup.com\/hu\/wp-json\/wp\/v2\/product\/29254","targetHints":{"allow":["GET"]}}],"collection":[{"href":"https:\/\/vibeyoup.com\/hu\/wp-json\/wp\/v2\/product"}],"about":[{"href":"https:\/\/vibeyoup.com\/hu\/wp-json\/wp\/v2\/types\/product"}],"replies":[{"embeddable":true,"href":"https:\/\/vibeyoup.com\/hu\/wp-json\/wp\/v2\/comments?post=29254"}],"wp:featuredmedia":[{"embeddable":true,"href":"https:\/\/vibeyoup.com\/hu\/wp-json\/wp\/v2\/media\/26319"}],"wp:attachment":[{"href":"https:\/\/vibeyoup.com\/hu\/wp-json\/wp\/v2\/media?parent=29254"}],"wp:term":[{"taxonomy":"product_brand","embeddable":true,"href":"https:\/\/vibeyoup.com\/hu\/wp-json\/wp\/v2\/product_brand?post=29254"},{"taxonomy":"product_cat","embeddable":true,"href":"https:\/\/vibeyoup.com\/hu\/wp-json\/wp\/v2\/product_cat?post=29254"},{"taxonomy":"product_tag","embeddable":true,"href":"https:\/\/vibeyoup.com\/hu\/wp-json\/wp\/v2\/product_tag?post=29254"}],"curies":[{"name":"wp","href":"https:\/\/api.w.org\/{rel}","templated":true}]}}