{"id":29250,"date":"2026-01-22T18:37:57","date_gmt":"2026-01-22T18:37:57","guid":{"rendered":"https:\/\/vibeyoup.com\/?post_type=product&#038;p=29250"},"modified":"2026-01-22T18:37:57","modified_gmt":"2026-01-22T18:37:57","slug":"kapocs-portal-hangterapias-modullal","status":"publish","type":"product","link":"https:\/\/vibeyoup.com\/hu\/termek\/clasp-portal-with-sound-therapy-module\/","title":{"rendered":"Kapocsport\u00e1l hangter\u00e1pi\u00e1s modullal"},"content":{"rendered":"<p><b>Hogyan m\u0171k\u00f6dik a hangter\u00e1pi\u00e1s modul?<\/b><\/p>\n<p><span style=\"font-weight: 400;\">A hangter\u00e1pi\u00e1s modul elemzi a felhaszn\u00e1l\u00f3 hangj\u00e1t a k\u00f6vetkez\u0151k seg\u00edts\u00e9g\u00e9vel:<\/span><\/p>\n<ul>\n<li style=\"font-weight: 400;\" aria-level=\"1\"><b>FFT (Fast Fourier Transform) elemz\u00e9s<\/b><\/li>\n<li style=\"font-weight: 400;\" aria-level=\"1\"><b>Amplit\u00fad\u00f3 elemz\u00e9s<\/b><\/li>\n<\/ul>\n<p><span style=\"font-weight: 400;\">A rendszer a hangot a magfrekvenci\u00e1kra bontva azonos\u00edtja az \u00e9rzelmi \u00e9s energetikai \u00e1llapotokat.<\/span><span style=\"font-weight: 400;\"><br \/>\n<\/span><span style=\"font-weight: 400;\">Az elemz\u00e9s alapj\u00e1n szem\u00e9lyre szabott hangfrekvenci\u00e1kat hoz l\u00e9tre az energia harmoniz\u00e1l\u00e1sa \u00e9s a test-l\u00e9lek egyens\u00faly\u00e1nak t\u00e1mogat\u00e1sa \u00e9rdek\u00e9ben.<\/span><\/p>\n<p><b>Szem\u00e9lyre szabott hangter\u00e1pi\u00e1s \u00e9lm\u00e9ny<\/b><\/p>\n<p><span style=\"font-weight: 400;\">A Sound Therapy az \u00e9szlelt ig\u00e9nyek alapj\u00e1n alkalmazkodik a hangkimenethez:<\/span><\/p>\n<ul>\n<li style=\"font-weight: 400;\" aria-level=\"1\"><span style=\"font-weight: 400;\">Alacsony frekvenci\u00e1j\u00fa hangok stressz \u00e9s f\u00e1radts\u00e1g ellen<\/span><\/li>\n<li style=\"font-weight: 400;\" aria-level=\"1\"><span style=\"font-weight: 400;\">Magasabb frekvenci\u00e1j\u00fa hangok az energiastimul\u00e1ci\u00f3hoz<\/span><\/li>\n<li style=\"font-weight: 400;\" aria-level=\"1\"><span style=\"font-weight: 400;\">Harmoniz\u00e1l\u00f3 dallamok a jobb \u00f6sszpontos\u00edt\u00e1s\u00e9rt \u00e9s ment\u00e1lis \u00f6sszehangol\u00e1s\u00e9rt<\/span><\/li>\n<\/ul>\n<p><span style=\"font-weight: 400;\">Minden egyes munkamenet dinamikusan gener\u00e1l\u00f3dik, nem pedig el\u0151re be\u00e1ll\u00edtott lej\u00e1tsz\u00e1si list\u00e1k seg\u00edts\u00e9g\u00e9vel.<\/span><\/p>\n<p><b>Csakra-alap\u00fa hangigaz\u00edt\u00e1s<\/b><\/p>\n<p><span style=\"font-weight: 400;\">A hangter\u00e1pi\u00e1s modul \u00f6sszehangolja a hangfrekvenci\u00e1kat a szervezet <\/span><b>h\u00e9t csakra energiak\u00f6zpont<\/b><span style=\"font-weight: 400;\">:<\/span><\/p>\n<ul>\n<li style=\"font-weight: 400;\" aria-level=\"1\"><b>Gy\u00f6k\u00e9rcsakra (256-396 Hz):<\/b><span style=\"font-weight: 400;\"> Stabilit\u00e1s \u00e9s f\u00f6ldel\u00e9s<\/span><\/li>\n<li style=\"font-weight: 400;\" aria-level=\"1\"><b>Szakr\u00e1lis csakra (288-417 Hz):<\/b><span style=\"font-weight: 400;\"> Kreativit\u00e1s \u00e9s \u00e1raml\u00e1s<\/span><\/li>\n<li style=\"font-weight: 400;\" aria-level=\"1\"><b>Napfonat csakra (320-528 Hz):<\/b><span style=\"font-weight: 400;\"> Magabiztoss\u00e1g \u00e9s lend\u00fclet<\/span><\/li>\n<li style=\"font-weight: 400;\" aria-level=\"1\"><b>Sz\u00edvcsakra (341-639 Hz):<\/b><span style=\"font-weight: 400;\"> Kapcsolat \u00e9s egyens\u00faly<\/span><\/li>\n<li style=\"font-weight: 400;\" aria-level=\"1\"><b>Torokcsakra (384-741 Hz):<\/b><span style=\"font-weight: 400;\"> Kifejez\u00e9s \u00e9s hiteless\u00e9g<\/span><\/li>\n<li style=\"font-weight: 400;\" aria-level=\"1\"><b>Harmadik szem csakra (426-852 Hz):<\/b><span style=\"font-weight: 400;\"> Tiszt\u00e1nl\u00e1t\u00e1s \u00e9s intu\u00edci\u00f3<\/span><\/li>\n<li style=\"font-weight: 400;\" aria-level=\"1\"><b>Koronacsakra (480-963 Hz):<\/b><span style=\"font-weight: 400;\"> Tudatoss\u00e1g \u00e9s tudatoss\u00e1g<\/span><\/li>\n<\/ul>\n<p><span style=\"font-weight: 400;\">A hangbevitel elemz\u00e9se r\u00e9v\u00e9n a rendszer felismeri az energetikai egyens\u00falyhi\u00e1nyt, \u00e9s c\u00e9lzott frekvenci\u00e1kat szolg\u00e1ltat.<\/span><\/p>\n<p><b>Mit tapasztalhat<\/b><\/p>\n<ul>\n<li style=\"font-weight: 400;\" aria-level=\"1\"><span style=\"font-weight: 400;\">Cs\u00f6kkentett stressz \u00e9s jobb \u00e1raml\u00e1s\u00e9rzet<\/span><\/li>\n<li style=\"font-weight: 400;\" aria-level=\"1\"><span style=\"font-weight: 400;\">Fokozott \u00f6sszpontos\u00edt\u00e1s \u00e9s energia<\/span><\/li>\n<li style=\"font-weight: 400;\" aria-level=\"1\"><span style=\"font-weight: 400;\">M\u00e9lyebb relax\u00e1ci\u00f3 \u00e9s jobb alv\u00e1smin\u0151s\u00e9g<\/span><\/li>\n<li style=\"font-weight: 400;\" aria-level=\"1\"><span style=\"font-weight: 400;\">Nagyobb \u00e9rzelmi tisztas\u00e1g \u00e9s bels\u0151 egyens\u00faly<\/span><\/li>\n<\/ul>\n<p><b>A hangter\u00e1pi\u00e1s modul haszn\u00e1lata<\/b><\/p>\n<ol>\n<li style=\"font-weight: 400;\" aria-level=\"1\"><span style=\"font-weight: 400;\">Aktiv\u00e1lja a hangter\u00e1pi\u00e1s modult (sz\u00fcks\u00e9g eset\u00e9n l\u00e9pjen kapcsolatba az irod\u00e1val).<\/span><\/li>\n<li style=\"font-weight: 400;\" aria-level=\"1\"><span style=\"font-weight: 400;\">Record a <\/span><b>15 m\u00e1sodperces besz\u00e9dminta<\/b><span style=\"font-weight: 400;\"> kalibr\u00e1l\u00e1shoz<\/span><\/li>\n<li style=\"font-weight: 400;\" aria-level=\"1\"><span style=\"font-weight: 400;\">T\u00f6lts\u00f6n ki egy <\/span><b>60 m\u00e1sodperces hangelemz\u00e9s<\/b><\/li>\n<li style=\"font-weight: 400;\" aria-level=\"1\"><span style=\"font-weight: 400;\">Ind\u00edtsa el a szem\u00e9lyre szabott hangter\u00e1pi\u00e1s foglalkoz\u00e1st<\/span><\/li>\n<li style=\"font-weight: 400;\" aria-level=\"1\"><span style=\"font-weight: 400;\">Val\u00f3s id\u0151ben nyomon k\u00f6vetheti, hogy melyik csakra van befoly\u00e1solva.<\/span><\/li>\n<\/ol>\n<p><b>A term\u00e9k kiemelked\u0151 jellemz\u0151i<\/b><\/p>\n<ul>\n<li style=\"font-weight: 400;\" aria-level=\"1\"><span style=\"font-weight: 400;\">Szem\u00e9lyre szabott hangter\u00e1pi\u00e1s szoftver<\/span><\/li>\n<li style=\"font-weight: 400;\" aria-level=\"1\"><span style=\"font-weight: 400;\">Hangalap\u00fa FFT \u00e9s amplit\u00fad\u00f3-elemz\u00e9s<\/span><\/li>\n<li style=\"font-weight: 400;\" aria-level=\"1\"><span style=\"font-weight: 400;\">Csakr\u00e1kra \u00f6sszpontos\u00edt\u00f3 frekvencia \u00f6sszehangol\u00e1s<\/span><\/li>\n<li style=\"font-weight: 400;\" aria-level=\"1\"><span style=\"font-weight: 400;\">Adapt\u00edv, nem statikus hanggener\u00e1l\u00e1s<\/span><\/li>\n<li style=\"font-weight: 400;\" aria-level=\"1\"><span style=\"font-weight: 400;\">Integr\u00e1lva a Clasp Portal rendszerbe<\/span><\/li>\n<\/ul>\n<p><b>M\u0171szaki inform\u00e1ci\u00f3k<\/b><\/p>\n<ul>\n<li style=\"font-weight: 400;\" aria-level=\"1\"><span style=\"font-weight: 400;\">Term\u00e9k: Hangter\u00e1pi\u00e1s modullal<\/span><\/li>\n<li style=\"font-weight: 400;\" aria-level=\"1\"><span style=\"font-weight: 400;\">S\u00faly: <\/span><b>3 kg egys\u00e9genk\u00e9nt<\/b><\/li>\n<\/ul>","protected":false},"excerpt":{"rendered":"<p><b>Szem\u00e9lyre szabott hangter\u00e1pi\u00e1s szoftver biofeedbackhez \u00e9s wellnesshez<\/b><\/p>\n<p><b>Mi az a Clasp Portal hangter\u00e1pi\u00e1s modul?<\/b><\/p>\n<p><span style=\"font-weight: 400;\">A <\/span><b>Kapocs port\u00e1l hangter\u00e1pi\u00e1s modul<\/b><span style=\"font-weight: 400;\"> egy <\/span><b>fejlett hangalap\u00fa biofeedback megold\u00e1s<\/b><span style=\"font-weight: 400;\"> amely hangelemz\u00e9ssel hozza l\u00e9tre <\/span><b>szem\u00e9lyre szabott hangter\u00e1pi\u00e1s \u00fcl\u00e9sek<\/b><span style=\"font-weight: 400;\">.<\/span><span style=\"font-weight: 400;\"><br \/>\n<\/span><span style=\"font-weight: 400;\">A rendszer elemzi a felhaszn\u00e1l\u00f3 hangj\u00e1t, hogy azonos\u00edtsa az \u00e9rzelmi \u00e9s energetikai mint\u00e1kat, majd egy testreszabott hangz\u00e1svil\u00e1got hoz l\u00e9tre, amelyet \u00fagy terveztek, hogy t\u00e1mogassa az egyens\u00falyt, a tisztas\u00e1got \u00e9s az \u00e1ltal\u00e1nos j\u00f3l\u00e9tet.<\/span><\/p>\n<p><span style=\"font-weight: 400;\">Ez a modul a <\/span><b>Kapocs Port\u00e1l rendszer<\/b><span style=\"font-weight: 400;\"> \u00e9s intelligens, adapt\u00edv hangter\u00e1pi\u00e1s \u00e9lm\u00e9nyt ny\u00fajt.<\/span><\/p>","protected":false},"featured_media":26316,"comment_status":"open","ping_status":"closed","template":"","meta":{"_acf_changed":false,"_seopress_robots_primary_cat":"","_seopress_titles_title":"Clasp Portal Sound Therapy Module - Precision Tech","_seopress_titles_desc":"Professional sound therapy integration. The Clasp Portal Sound Therapy Module enhances Q9 sessions for holistic balance. View Specifications.","_seopress_robots_index":""},"product_brand":[],"product_cat":[136],"product_tag":[],"class_list":{"0":"post-29250","1":"product","2":"type-product","3":"status-publish","4":"has-post-thumbnail","6":"product_cat-software","8":"first","9":"instock","10":"virtual","11":"taxable","12":"purchasable","13":"product-type-simple"},"acf":[],"_links":{"self":[{"href":"https:\/\/vibeyoup.com\/hu\/wp-json\/wp\/v2\/product\/29250","targetHints":{"allow":["GET"]}}],"collection":[{"href":"https:\/\/vibeyoup.com\/hu\/wp-json\/wp\/v2\/product"}],"about":[{"href":"https:\/\/vibeyoup.com\/hu\/wp-json\/wp\/v2\/types\/product"}],"replies":[{"embeddable":true,"href":"https:\/\/vibeyoup.com\/hu\/wp-json\/wp\/v2\/comments?post=29250"}],"wp:featuredmedia":[{"embeddable":true,"href":"https:\/\/vibeyoup.com\/hu\/wp-json\/wp\/v2\/media\/26316"}],"wp:attachment":[{"href":"https:\/\/vibeyoup.com\/hu\/wp-json\/wp\/v2\/media?parent=29250"}],"wp:term":[{"taxonomy":"product_brand","embeddable":true,"href":"https:\/\/vibeyoup.com\/hu\/wp-json\/wp\/v2\/product_brand?post=29250"},{"taxonomy":"product_cat","embeddable":true,"href":"https:\/\/vibeyoup.com\/hu\/wp-json\/wp\/v2\/product_cat?post=29250"},{"taxonomy":"product_tag","embeddable":true,"href":"https:\/\/vibeyoup.com\/hu\/wp-json\/wp\/v2\/product_tag?post=29250"}],"curies":[{"name":"wp","href":"https:\/\/api.w.org\/{rel}","templated":true}]}}