{"id":29246,"date":"2026-01-22T18:34:52","date_gmt":"2026-01-22T18:34:52","guid":{"rendered":"https:\/\/vibeyoup.com\/?post_type=product&#038;p=29246"},"modified":"2026-01-22T18:43:40","modified_gmt":"2026-01-22T18:43:40","slug":"kapocs-portal-e-aid-modul","status":"publish","type":"product","link":"https:\/\/vibeyoup.com\/hu\/termek\/clasp-portal-e-aid-module\/","title":{"rendered":"Kapocs port\u00e1l e-AID modul"},"content":{"rendered":"<p><b>Hogyan m\u0171k\u00f6dik az e-AID modul?<\/b><\/p>\n<p><span style=\"font-weight: 400;\">A Clasp Portal e-AID modul a stresszt a k\u00f6z\u00e9ppontj\u00e1ban c\u00e9lozza meg, a stresszszint cs\u00f6kkent\u00e9s\u00e9nek biofeedback-harmoniz\u00e1ci\u00f3val t\u00f6rt\u00e9n\u0151 t\u00e1mogat\u00e1s\u00e1val.<\/span><span style=\"font-weight: 400;\"><br \/>\n<\/span><span style=\"font-weight: 400;\">A stressz cs\u00f6kken\u00e9s\u00e9vel a stressz \u00e1ltal vez\u00e9relt viselked\u00e9si mint\u00e1k megszakadnak, lehet\u0151v\u00e9 t\u00e9ve a felhaszn\u00e1l\u00f3k sz\u00e1m\u00e1ra, hogy visszanyerj\u00e9k az automatikus reakci\u00f3k feletti kontrollt.<\/span><\/p>\n<p><span style=\"font-weight: 400;\">A modul a t\u00fcnetek helyett a stressz kezel\u00e9s\u00e9re ir\u00e1nyul, \u00edgy az ism\u00e9telt biofeedback \u00fcl\u00e9sek r\u00e9v\u00e9n t\u00e1mogatja a fenntarthat\u00f3 v\u00e1ltoz\u00e1st.<\/span><\/p>\n<p><b>A Clasp Portal e-AID modul legfontosabb funkci\u00f3i<\/b><\/p>\n<ul>\n<li style=\"font-weight: 400;\" aria-level=\"1\"><span style=\"font-weight: 400;\">T\u00e1mogatja a <\/span><b>a stressz \u00e1ltal kiv\u00e1ltott szok\u00e1sk\u00f6r\u00f6k megszak\u00edt\u00e1sa<\/b><\/li>\n<li style=\"font-weight: 400;\" aria-level=\"1\"><span style=\"font-weight: 400;\">Seg\u00edt cs\u00f6kkenteni a stressz-szintet, amely a tudattalan viselked\u00e9sm\u00f3dokat ir\u00e1ny\u00edtja.<\/span><\/li>\n<li style=\"font-weight: 400;\" aria-level=\"1\"><span style=\"font-weight: 400;\">T\u00e1mogatja a ment\u00e1lis tisztas\u00e1got \u00e9s az \u00e9rzelmi stabilit\u00e1st<\/span><\/li>\n<li style=\"font-weight: 400;\" aria-level=\"1\"><span style=\"font-weight: 400;\">A stresszel kapcsolatos v\u00e1laszmint\u00e1k \u00fajratan\u00edt\u00e1s\u00e1ra tervezt\u00e9k<\/span><\/li>\n<li style=\"font-weight: 400;\" aria-level=\"1\"><span style=\"font-weight: 400;\">A hossz\u00fa t\u00e1v\u00fa stresszcs\u00f6kkent\u00e9sre \u00f6sszpontos\u00edt biofeedback seg\u00edts\u00e9g\u00e9vel<\/span><\/li>\n<\/ul>\n<p><b>M\u00e9rhet\u0151 \u00e9s felhaszn\u00e1l\u00f3bar\u00e1t biofeedback<\/b><\/p>\n<ul>\n<li style=\"font-weight: 400;\" aria-level=\"1\"><span style=\"font-weight: 400;\">Tervezve <\/span><b>k\u00f6nny\u0171 \u00e9s hat\u00e9kony haszn\u00e1lat<\/b><\/li>\n<li style=\"font-weight: 400;\" aria-level=\"1\"><span style=\"font-weight: 400;\">Nincs sz\u00fcks\u00e9g \u00f6sszetett be\u00e1ll\u00edt\u00e1sra<\/span><\/li>\n<li style=\"font-weight: 400;\" aria-level=\"1\"><span style=\"font-weight: 400;\">A referenciam\u00e9r\u00e9sek a k\u00f6vetkez\u0151k <\/span><b>EEG, EKG \u00e9s EMG<\/b><\/li>\n<li style=\"font-weight: 400;\" aria-level=\"1\"><span style=\"font-weight: 400;\">EEG, EKG \u00e9s EMG adatok felhaszn\u00e1l\u00e1sa <\/span><b>kiz\u00e1r\u00f3lag referenciamutat\u00f3k\u00e9nt<\/b><span style=\"font-weight: 400;\"> a harmoniz\u00e1ci\u00f3 hat\u00e9konys\u00e1g\u00e1nak \u00e9rt\u00e9kel\u00e9se<\/span><\/li>\n<\/ul>\n<p><b>Kompatibilit\u00e1s \u00e9s k\u00f6vetelm\u00e9nyek<\/b><\/p>\n<ul>\n<li style=\"font-weight: 400;\" aria-level=\"1\"><span style=\"font-weight: 400;\">Kompatibilis <\/span><b>csak SCIO (USB) \u00e9s Mandelay Q9 eszk\u00f6z\u00f6kkel haszn\u00e1lhat\u00f3<\/b><\/li>\n<li style=\"font-weight: 400;\" aria-level=\"1\"><span style=\"font-weight: 400;\">Kiz\u00e1r\u00f3lag biofeedback alkalmaz\u00e1sokhoz sz\u00e1nt\u00e1k<\/span><\/li>\n<li style=\"font-weight: 400;\" aria-level=\"1\"><span style=\"font-weight: 400;\">A panaszokat csak a biofeedbackkel kapcsolatos agg\u00e1lyokkal kapcsolatban veszik figyelembe.<\/span><\/li>\n<\/ul>\n<p><b>A term\u00e9k kiemelked\u0151 jellemz\u0151i<\/b><\/p>\n<ul>\n<li style=\"font-weight: 400;\" aria-level=\"1\"><span style=\"font-weight: 400;\">Biofeedback szoftver modul<\/span><\/li>\n<li style=\"font-weight: 400;\" aria-level=\"1\"><span style=\"font-weight: 400;\">A stresszel kapcsolatos viselked\u00e9si mint\u00e1kra \u00f6sszpontos\u00edt<\/span><\/li>\n<li style=\"font-weight: 400;\" aria-level=\"1\"><span style=\"font-weight: 400;\">Referencia-alap\u00fa EEG, EKG \u00e9s EMG m\u00e9r\u00e9sek<\/span><\/li>\n<li style=\"font-weight: 400;\" aria-level=\"1\"><span style=\"font-weight: 400;\">Kompatibilis a SCIO USB \u00e9s a Mandelay Q9 k\u00e9sz\u00fcl\u00e9kekkel<\/span><\/li>\n<\/ul>","protected":false},"excerpt":{"rendered":"<p><b>Biofeedback szoftver a stresszel kapcsolatos szok\u00e1smint\u00e1khoz<\/b><\/p>\n<p><b>Mi az a Clasp Portal e-AID modul?<\/b><\/p>\n<p><span style=\"font-weight: 400;\">A <\/span><b>Kapocs port\u00e1l e-AID modul<\/b><span style=\"font-weight: 400;\"> egy <\/span><b>fejlett biofeedback szoftver megold\u00e1s<\/b><span style=\"font-weight: 400;\"> a k\u00f6vetkez\u0151 c\u00e9lokra tervezt\u00e9k <\/span><b>stressz \u00e1ltal vez\u00e9relt viselked\u00e9si mint\u00e1k<\/b><span style=\"font-weight: 400;\">.<\/span><span style=\"font-weight: 400;\"><br \/>\n<\/span><span style=\"font-weight: 400;\">A stresszszint cs\u00f6kkent\u00e9s\u00e9re \u00f6sszpontos\u00edt, hogy megszak\u00edtsa a stressz \u00e1ltal gyakran kiv\u00e1ltott automatikus szok\u00e1sokat, p\u00e9ld\u00e1ul a k\u00e9nyszeres viselked\u00e9st \u00e9s a tudattalan megk\u00fczd\u00e9si mechanizmusokat.<\/span><\/p>\n<p><span style=\"font-weight: 400;\">A modul kiz\u00e1r\u00f3lag a k\u00f6vetkez\u0151 ter\u00fcleteken t\u00f6rt\u00e9n\u0151 felhaszn\u00e1l\u00e1sra szolg\u00e1l <\/span><b>biofeedback<\/b><span style=\"font-weight: 400;\"> \u00e9s el\u00e9rhet\u0151 egy <\/span><b>7 napos ingyenes pr\u00f3baid\u0151szak<\/b><span style=\"font-weight: 400;\">.<\/span><\/p>","protected":false},"featured_media":26317,"comment_status":"open","ping_status":"closed","template":"","meta":{"_acf_changed":false,"_seopress_robots_primary_cat":"none","_seopress_titles_title":"Clasp Portal with E-AID Module - Advanced Q9 Tech","_seopress_titles_desc":"Get the Clasp Portal and powerful E-AID Module. This certified accessory elevates your Q9 device's diagnostic precision. Order Now.","_seopress_robots_index":""},"product_brand":[],"product_cat":[136],"product_tag":[],"class_list":{"0":"post-29246","1":"product","2":"type-product","3":"status-publish","4":"has-post-thumbnail","6":"product_cat-software","8":"first","9":"instock","10":"virtual","11":"taxable","12":"purchasable","13":"product-type-simple"},"acf":[],"_links":{"self":[{"href":"https:\/\/vibeyoup.com\/hu\/wp-json\/wp\/v2\/product\/29246","targetHints":{"allow":["GET"]}}],"collection":[{"href":"https:\/\/vibeyoup.com\/hu\/wp-json\/wp\/v2\/product"}],"about":[{"href":"https:\/\/vibeyoup.com\/hu\/wp-json\/wp\/v2\/types\/product"}],"replies":[{"embeddable":true,"href":"https:\/\/vibeyoup.com\/hu\/wp-json\/wp\/v2\/comments?post=29246"}],"wp:featuredmedia":[{"embeddable":true,"href":"https:\/\/vibeyoup.com\/hu\/wp-json\/wp\/v2\/media\/26317"}],"wp:attachment":[{"href":"https:\/\/vibeyoup.com\/hu\/wp-json\/wp\/v2\/media?parent=29246"}],"wp:term":[{"taxonomy":"product_brand","embeddable":true,"href":"https:\/\/vibeyoup.com\/hu\/wp-json\/wp\/v2\/product_brand?post=29246"},{"taxonomy":"product_cat","embeddable":true,"href":"https:\/\/vibeyoup.com\/hu\/wp-json\/wp\/v2\/product_cat?post=29246"},{"taxonomy":"product_tag","embeddable":true,"href":"https:\/\/vibeyoup.com\/hu\/wp-json\/wp\/v2\/product_tag?post=29246"}],"curies":[{"name":"wp","href":"https:\/\/api.w.org\/{rel}","templated":true}]}}