{"id":29242,"date":"2026-01-22T18:32:16","date_gmt":"2026-01-22T18:32:16","guid":{"rendered":"https:\/\/vibeyoup.com\/?post_type=product&#038;p=29242"},"modified":"2026-01-22T18:32:16","modified_gmt":"2026-01-22T18:32:16","slug":"kapocs-portal-alapkepzesi-modul","status":"publish","type":"product","link":"https:\/\/vibeyoup.com\/hu\/termek\/clasp-portal-basic-training-module\/","title":{"rendered":"Kapocs port\u00e1l alapk\u00e9pz\u00e9si modul"},"content":{"rendered":"<p><b>Hogyan m\u0171k\u00f6dik a Clasp Portal Basic Training?<\/b><\/p>\n<p><span style=\"font-weight: 400;\">A Clasp Portal alapk\u00e9pz\u00e9si modulja egy <\/span><b>automatiz\u00e1lt, egy kattint\u00e1ssal t\u00f6rt\u00e9n\u0151 ter\u00e1pi\u00e1s folyamat<\/b><span style=\"font-weight: 400;\">.<\/span><span style=\"font-weight: 400;\"><br \/>\n<\/span><span style=\"font-weight: 400;\">Minden egyes \u00fcl\u00e9s el\u0151tt \u00e9s ut\u00e1n a szoftver m\u00e9ri <\/span><b>b\u0151rellen\u00e1ll\u00e1s<\/b><span style=\"font-weight: 400;\">, lehet\u0151v\u00e9 t\u00e9ve a k\u00e9pz\u00e9s ism\u00e9telt ellen\u0151rz\u00e9s\u00e9t \u00e9s seg\u00edtve annak hat\u00e9konys\u00e1g\u00e1nak \u00e9rt\u00e9kel\u00e9s\u00e9t.<\/span><\/p>\n<p><span style=\"font-weight: 400;\">Ez az automatiz\u00e1lt folyamat t\u00e1mogatja a k\u00f6vetkezetes munkameneteket, \u00e9s kiemeli azokat a ter\u00fcleteket, amelyek tov\u00e1bbi figyelmet ig\u00e9nyelnek.<\/span><\/p>\n<p><b>A Clasp Portal Basic Training f\u0151 jellemz\u0151i<\/b><\/p>\n<ul>\n<li style=\"font-weight: 400;\" aria-level=\"1\"><b>Egy kattint\u00e1ssal v\u00e9gzett biofeedback ter\u00e1pia<\/b><span style=\"font-weight: 400;\"> automatikus \u00fajraellen\u0151rz\u00e9ssel<\/span><\/li>\n<li style=\"font-weight: 400;\" aria-level=\"1\"><span style=\"font-weight: 400;\">A b\u0151r ellen\u00e1ll\u00e1s\u00e1nak m\u00e9r\u00e9se a kezel\u00e9sek el\u0151tt \u00e9s ut\u00e1n<\/span><\/li>\n<li style=\"font-weight: 400;\" aria-level=\"1\"><span style=\"font-weight: 400;\">Seg\u00edt meger\u0151s\u00edteni a biofeedback tr\u00e9ning hat\u00e9konys\u00e1g\u00e1t<\/span><\/li>\n<li style=\"font-weight: 400;\" aria-level=\"1\"><span style=\"font-weight: 400;\">Fejlett m\u00e9r\u00e9si referenci\u00e1k, bele\u00e9rtve a k\u00f6vetkez\u0151ket <\/span><b>EEG, EKG \u00e9s EMG<\/b><span style=\"font-weight: 400;\"> (opcion\u00e1lis)<\/span><\/li>\n<li style=\"font-weight: 400;\" aria-level=\"1\"><span style=\"font-weight: 400;\">A munkafolyamatok egyszer\u0171s\u00edt\u00e9s\u00e9re tervezt\u00e9k, mik\u00f6zben maximaliz\u00e1lj\u00e1k a hat\u00e9konys\u00e1got<\/span><\/li>\n<\/ul>\n<p><b>M\u00e9r\u00e9si \u00e9s referenciaadatok<\/b><\/p>\n<p><span style=\"font-weight: 400;\">EEG, EKG \u00e9s EMG m\u00e9r\u00e9seket tartalmaznak <\/span><b>kiz\u00e1r\u00f3lag referenciamutat\u00f3k\u00e9nt<\/b><span style=\"font-weight: 400;\">.<\/span><span style=\"font-weight: 400;\"><br \/>\n<\/span><span style=\"font-weight: 400;\">A biofeedback-harmoniz\u00e1ci\u00f3s folyamat hat\u00e9konys\u00e1g\u00e1nak \u00e9rt\u00e9kel\u00e9s\u00e9re szolg\u00e1lnak, \u00e9s semmilyen m\u00e1s c\u00e9lt nem szolg\u00e1lnak.<\/span><\/p>\n<p><b>Kompatibilit\u00e1s \u00e9s k\u00f6vetelm\u00e9nyek<\/b><\/p>\n<ul>\n<li style=\"font-weight: 400;\" aria-level=\"1\"><span style=\"font-weight: 400;\">Kompatibilis <\/span><b>csak SCIO USB \u00e9s Mandelay Q9 eszk\u00f6z\u00f6kkel haszn\u00e1lhat\u00f3<\/b><\/li>\n<li style=\"font-weight: 400;\" aria-level=\"1\"><span style=\"font-weight: 400;\">Tervezett <\/span><b>kiz\u00e1r\u00f3lag biofeedback alkalmaz\u00e1sokhoz<\/b><\/li>\n<li style=\"font-weight: 400;\" aria-level=\"1\"><span style=\"font-weight: 400;\">Kiz\u00e1r\u00f3lag a biofeedback ter\u00fclet\u00e9n t\u00f6rt\u00e9n\u0151 felhaszn\u00e1l\u00e1sra sz\u00e1nt\u00e1k.<\/span><\/li>\n<\/ul>\n<p><span style=\"font-weight: 400;\">A panaszokat csak a biofeedbackkel kapcsolatos agg\u00e1lyokkal kapcsolatban vessz\u00fck figyelembe.<\/span><\/p>\n<p><b>A term\u00e9k kiemelked\u0151 jellemz\u0151i<\/b><\/p>\n<ul>\n<li style=\"font-weight: 400;\" aria-level=\"1\"><span style=\"font-weight: 400;\">Biofeedback k\u00e9pz\u00e9si szoftver<\/span><\/li>\n<li style=\"font-weight: 400;\" aria-level=\"1\"><span style=\"font-weight: 400;\">Automatiz\u00e1lt, felhaszn\u00e1l\u00f3bar\u00e1t fel\u00fclet<\/span><\/li>\n<li style=\"font-weight: 400;\" aria-level=\"1\"><span style=\"font-weight: 400;\">Egy kattint\u00e1ssal t\u00f6rt\u00e9n\u0151 ter\u00e1pia \u00fajb\u00f3li ellen\u0151rz\u00e9ssel<\/span><\/li>\n<li style=\"font-weight: 400;\" aria-level=\"1\"><span style=\"font-weight: 400;\">Referencia m\u00e9r\u00e9sek: EEG, EKG, EMG<\/span><\/li>\n<li style=\"font-weight: 400;\" aria-level=\"1\"><span style=\"font-weight: 400;\">Kompatibilis a SCIO USB \u00e9s a Mandelay Q9 k\u00e9sz\u00fcl\u00e9kekkel<\/span><\/li>\n<\/ul>","protected":false},"excerpt":{"rendered":"<p><b>Biofeedback szoftver SCIO \u00e9s Mandelay Q9 k\u00e9sz\u00fcl\u00e9kekhez<\/b><\/p>\n<p><b>Mi az a Clasp Portal alapk\u00e9pz\u00e9si modul?<\/b><\/p>\n<p><span style=\"font-weight: 400;\">A <\/span><b>Kapocs port\u00e1l alapk\u00e9pz\u00e9si modul<\/b><span style=\"font-weight: 400;\"> egy <\/span><b>biofeedback szoftver megold\u00e1s<\/b><span style=\"font-weight: 400;\"> \u00fagy tervezt\u00e9k, hogy egyszer\u0171s\u00edtse a biofeedback \u00fcl\u00e9seket, mik\u00f6zben m\u00e9rhet\u0151 \u00e9s ellen\u0151rizhet\u0151 eredm\u00e9nyeket biztos\u00edt.<\/span><span style=\"font-weight: 400;\"><br \/>\n<\/span><span style=\"font-weight: 400;\">Alkalmas mind a szakemberek, mind a kezd\u0151k sz\u00e1m\u00e1ra, akik egy <\/span><b>k\u00f6nnyen haszn\u00e1lhat\u00f3, automatiz\u00e1lt biofeedback rendszer<\/b><span style=\"font-weight: 400;\">.<\/span><\/p>\n<p><span style=\"font-weight: 400;\">A modul egy <\/span><b>7 napos ingyenes pr\u00f3baid\u0151szak<\/b><span style=\"font-weight: 400;\">, lehet\u0151v\u00e9 t\u00e9ve a felhaszn\u00e1l\u00f3k sz\u00e1m\u00e1ra, hogy megtapasztalj\u00e1k a funkcionalit\u00e1st, miel\u0151tt elk\u00f6telezn\u00e9k magukat.<\/span><\/p>","protected":false},"featured_media":26316,"comment_status":"open","ping_status":"closed","template":"","meta":{"_acf_changed":false,"_seopress_robots_primary_cat":"","_seopress_titles_title":"Professional Clasp Portal with Basic Training","_seopress_titles_desc":"Buy the Clasp Portal and the essential Basic Training Module. Advanced knowledge for authoritative use of your Q9 device. Learn More.","_seopress_robots_index":""},"product_brand":[],"product_cat":[136],"product_tag":[],"class_list":{"0":"post-29242","1":"product","2":"type-product","3":"status-publish","4":"has-post-thumbnail","6":"product_cat-software","8":"first","9":"instock","10":"virtual","11":"taxable","12":"purchasable","13":"product-type-simple"},"acf":[],"_links":{"self":[{"href":"https:\/\/vibeyoup.com\/hu\/wp-json\/wp\/v2\/product\/29242","targetHints":{"allow":["GET"]}}],"collection":[{"href":"https:\/\/vibeyoup.com\/hu\/wp-json\/wp\/v2\/product"}],"about":[{"href":"https:\/\/vibeyoup.com\/hu\/wp-json\/wp\/v2\/types\/product"}],"replies":[{"embeddable":true,"href":"https:\/\/vibeyoup.com\/hu\/wp-json\/wp\/v2\/comments?post=29242"}],"wp:featuredmedia":[{"embeddable":true,"href":"https:\/\/vibeyoup.com\/hu\/wp-json\/wp\/v2\/media\/26316"}],"wp:attachment":[{"href":"https:\/\/vibeyoup.com\/hu\/wp-json\/wp\/v2\/media?parent=29242"}],"wp:term":[{"taxonomy":"product_brand","embeddable":true,"href":"https:\/\/vibeyoup.com\/hu\/wp-json\/wp\/v2\/product_brand?post=29242"},{"taxonomy":"product_cat","embeddable":true,"href":"https:\/\/vibeyoup.com\/hu\/wp-json\/wp\/v2\/product_cat?post=29242"},{"taxonomy":"product_tag","embeddable":true,"href":"https:\/\/vibeyoup.com\/hu\/wp-json\/wp\/v2\/product_tag?post=29242"}],"curies":[{"name":"wp","href":"https:\/\/api.w.org\/{rel}","templated":true}]}}