{"id":29239,"date":"2026-01-22T18:20:32","date_gmt":"2026-01-22T18:20:32","guid":{"rendered":"https:\/\/vibeyoup.com\/?post_type=product&#038;p=29239"},"modified":"2026-02-28T09:19:24","modified_gmt":"2026-02-28T09:19:24","slug":"vegtag-heveder-mandelay-q9-hoh-eductorhoz","status":"publish","type":"product","link":"https:\/\/vibeyoup.com\/hu\/termek\/limb-harness-for-mandelay-q9-hoh-eductor\/","title":{"rendered":"Limb Harness a Mandelay Q9, HOH \u00e9s Eductor sz\u00e1m\u00e1ra"},"content":{"rendered":"<p><b>Az eredeti Limb Harness legfontosabb el\u0151nyei<\/b><\/p>\n<ul>\n<li style=\"font-weight: 400;\" aria-level=\"1\"><b>Garant\u00e1lt kompatibilit\u00e1s<\/b><span style=\"font-weight: 400;\"> Mandelay Q9, HOH \u00e9s Eductor eszk\u00f6z\u00f6kkel<\/span><\/li>\n<li style=\"font-weight: 400;\" aria-level=\"1\"><span style=\"font-weight: 400;\">Gy\u00e1rt\u00f3 \u00e1ltal j\u00f3v\u00e1hagyott \u00e9s klinikailag tesztelt kialak\u00edt\u00e1s<\/span><\/li>\n<li style=\"font-weight: 400;\" aria-level=\"1\"><span style=\"font-weight: 400;\">Nagy vezet\u0151k\u00e9pess\u00e9g\u0171 <\/span><b>galv\u00e1ngumi<\/b><span style=\"font-weight: 400;\"> a megb\u00edzhat\u00f3 jel\u00e1tvitelhez<\/span><\/li>\n<li style=\"font-weight: 400;\" aria-level=\"1\"><span style=\"font-weight: 400;\">T\u00e1mogatja a pontos \u00e9s k\u00f6vetkezetes biofeedback m\u00e9r\u00e9seket<\/span><\/li>\n<li style=\"font-weight: 400;\" aria-level=\"1\"><span style=\"font-weight: 400;\">Seg\u00edt megel\u0151zni a nem hiteles\u00edtett tartoz\u00e9kok \u00e1ltal okozott k\u00e9sz\u00fcl\u00e9khib\u00e1kat<\/span><\/li>\n<li style=\"font-weight: 400;\" aria-level=\"1\"><span style=\"font-weight: 400;\">Fenntartja a garancia \u00e9rv\u00e9nyess\u00e9g\u00e9t hivatalos forgalmaz\u00f3kon kereszt\u00fcl t\u00f6rt\u00e9n\u0151 v\u00e1s\u00e1rl\u00e1s eset\u00e9n<\/span><\/li>\n<\/ul>\n<p><b>Vezet\u0151k\u00e9pess\u00e9g, tart\u00f3ss\u00e1g \u00e9s teljes\u00edtm\u00e9ny<\/b><\/p>\n<p><span style=\"font-weight: 400;\">A v\u00e9gtagheveder a k\u00f6vetkez\u0151kb\u0151l k\u00e9sz\u00fclt <\/span><b>nagy kapacit\u00e1s\u00fa galv\u00e1ngumi<\/b><span style=\"font-weight: 400;\">, er\u0151s \u00e9s egyenletes vezet\u0151k\u00e9pess\u00e9get biztos\u00edt ism\u00e9telt haszn\u00e1lat sor\u00e1n.<\/span><span style=\"font-weight: 400;\"><br \/>\n<\/span><span style=\"font-weight: 400;\">Mint minden vezet\u0151 anyag eset\u00e9ben, a teljes\u00edtm\u00e9ny id\u0151vel cs\u00f6kken, ez\u00e9rt az eszk\u00f6z optim\u00e1lis m\u0171k\u00f6d\u00e9s\u00e9nek biztos\u00edt\u00e1sa \u00e9rdek\u00e9ben aj\u00e1nlott a rendszeres csere.<\/span><\/p>\n<p><b>Csereir\u00e1nyelvek:<\/b><\/p>\n<ul>\n<li style=\"font-weight: 400;\" aria-level=\"1\"><b>Professzion\u00e1lis haszn\u00e1lat:<\/b><span style=\"font-weight: 400;\"> 1-2 \u00e9vente<\/span><\/li>\n<li style=\"font-weight: 400;\" aria-level=\"1\"><b>Otthoni haszn\u00e1lat:<\/b><span style=\"font-weight: 400;\"> 3-4 \u00e9vente<\/span><\/li>\n<\/ul>\n<p><b>Garanci\u00e1lis fedezet:<\/b><span style=\"font-weight: 400;\"> 6 h\u00f3nap a v\u00e9gtaghevederek eset\u00e9ben.<\/span><\/p>\n<p><b>Tervez\u00e9s \u00e9s m\u0171szaki jellemz\u0151k<\/b><\/p>\n<ul>\n<li style=\"font-weight: 400;\" aria-level=\"1\"><span style=\"font-weight: 400;\">\u00dajratervezve <\/span><b>2019<\/b><span style=\"font-weight: 400;\"> a jobb tart\u00f3ss\u00e1g \u00e9s a k\u00f6nnyebb tiszt\u00edthat\u00f3s\u00e1g \u00e9rdek\u00e9ben<\/span><\/li>\n<li style=\"font-weight: 400;\" aria-level=\"1\"><b>8-pontos b\u0151rkontaktus<\/b><span style=\"font-weight: 400;\"> a maxim\u00e1lis vezet\u0151k\u00e9pess\u00e9g \u00e9s m\u00e9r\u00e9si pontoss\u00e1g \u00e9rdek\u00e9ben<\/span><\/li>\n<li style=\"font-weight: 400;\" aria-level=\"1\"><span style=\"font-weight: 400;\">Kiv\u00e1l\u00f3 min\u0151s\u00e9g\u0171, k\u00f6nnyen tiszt\u00edthat\u00f3 professzion\u00e1lis anyagok<\/span><\/li>\n<li style=\"font-weight: 400;\" aria-level=\"1\"><span style=\"font-weight: 400;\">Klinikailag tesztelve a biztons\u00e1g, a k\u00e9nyelem \u00e9s a megb\u00edzhat\u00f3s\u00e1g szempontj\u00e1b\u00f3l<\/span><\/li>\n<li style=\"font-weight: 400;\" aria-level=\"1\"><span style=\"font-weight: 400;\">Gy\u00e1rt\u00f3 \u00e1ltal j\u00f3v\u00e1hagyott konstrukci\u00f3<\/span><\/li>\n<\/ul>\n<p><b>M\u0171szaki specifik\u00e1ci\u00f3k<\/b><\/p>\n<ul>\n<li style=\"font-weight: 400;\" aria-level=\"1\"><span style=\"font-weight: 400;\">Term\u00e9kt\u00edpus: A term\u00e9k t\u00edpusa: Biofeedback v\u00e9gtagheveder<\/span><\/li>\n<li style=\"font-weight: 400;\" aria-level=\"1\"><span style=\"font-weight: 400;\">Kompatibilit\u00e1s: Mandelay Q9, HOH, Eductor<\/span><\/li>\n<li style=\"font-weight: 400;\" aria-level=\"1\"><span style=\"font-weight: 400;\">Anyag: nagy kapacit\u00e1s\u00fa galv\u00e1ngumi<\/span><\/li>\n<li style=\"font-weight: 400;\" aria-level=\"1\"><span style=\"font-weight: 400;\">Hossz\u00fas\u00e1g: <\/span><b>300 cm<\/b><\/li>\n<\/ul>\n<p><b>Mi\u00e9rt haszn\u00e1ljon ellen\u0151rz\u00f6tt v\u00e9gtaghevedereket?<\/b><\/p>\n<p><span style=\"font-weight: 400;\">Az eredeti, a gy\u00e1rt\u00f3 \u00e1ltal j\u00f3v\u00e1hagyott v\u00e9gtaghevederek haszn\u00e1lata seg\u00edt biztos\u00edtani:<\/span><\/p>\n<ul>\n<li style=\"font-weight: 400;\" aria-level=\"1\"><span style=\"font-weight: 400;\">Pontos \u00e9s megb\u00edzhat\u00f3 biofeedback \u00fcl\u00e9sek<\/span><\/li>\n<li style=\"font-weight: 400;\" aria-level=\"1\"><span style=\"font-weight: 400;\">A k\u00e9sz\u00fcl\u00e9k hossz\u00fa t\u00e1v\u00fa hat\u00e9konys\u00e1ga<\/span><\/li>\n<li style=\"font-weight: 400;\" aria-level=\"1\"><span style=\"font-weight: 400;\">Stabil jel\u00e1tvitel<\/span><\/li>\n<li style=\"font-weight: 400;\" aria-level=\"1\"><span style=\"font-weight: 400;\">Folyamatos garanci\u00e1lis v\u00e9delem<\/span><\/li>\n<li style=\"font-weight: 400;\" aria-level=\"1\"><span style=\"font-weight: 400;\">Biztons\u00e1gos \u00e9s k\u00f6vetkezetes m\u0171k\u00f6d\u00e9s<\/span><\/li>\n<\/ul>\n<p><span style=\"font-weight: 400;\">Ez a tart\u00f3ss\u00e1gra, vezet\u0151k\u00e9pess\u00e9gre \u00e9s pontoss\u00e1gra tervezett v\u00e9gtagheveder t\u00e1mogatja az optim\u00e1lis biofeedback teljes\u00edtm\u00e9nyt, \u00e9s v\u00e9di a k\u00e9sz\u00fcl\u00e9kbe val\u00f3 befektet\u00e9st.<\/span><\/p>","protected":false},"excerpt":{"rendered":"<p><b>Gy\u00e1rt\u00f3 \u00e1ltal j\u00f3v\u00e1hagyott biofeedback v\u00e9gtagheveder<\/b><\/p>\n<p><b>Mi a Mandelay Q9, HOH \u00e9s Eductor v\u00e9gtagheveder?<\/b><\/p>\n<p><span style=\"font-weight: 400;\">A <\/span><b>V\u00e9gtagheveder a Mandelay Q9, HOH \u00e9s Eductor sz\u00e1m\u00e1ra<\/b><span style=\"font-weight: 400;\"> egy <\/span><b>a gy\u00e1rt\u00f3 \u00e1ltal j\u00f3v\u00e1hagyott biofeedback tartoz\u00e9k<\/b><span style=\"font-weight: 400;\"> \u00fagy tervezt\u00e9k, hogy biztos\u00edtsa a stabil jel\u00e1tvitelt \u00e9s a pontos m\u00e9r\u00e9seket a biofeedback \u00fcl\u00e9sek sor\u00e1n.<\/span><span style=\"font-weight: 400;\"><br \/>\n<\/span><span style=\"font-weight: 400;\">Ez a v\u00e9gtagheveder klinikailag tesztelt \u00e9s kifejezetten a k\u00f6vetkez\u0151kh\u00f6z k\u00e9sz\u00fclt <\/span><b>Mandelay Q9<\/b><span style=\"font-weight: 400;\">, <\/span><b>HOH<\/b><span style=\"font-weight: 400;\">, \u00e9s <\/span><b>Eductor<\/b><span style=\"font-weight: 400;\"> biofeedback eszk\u00f6z\u00f6k.<\/span><\/p>\n<p><span style=\"font-weight: 400;\">A hiteles\u00edtett tartoz\u00e9kok haszn\u00e1lata elengedhetetlen a k\u00e9sz\u00fcl\u00e9k teljes\u00edtm\u00e9ny\u00e9nek, pontoss\u00e1g\u00e1nak \u00e9s garanci\u00e1lis v\u00e9delm\u00e9nek fenntart\u00e1s\u00e1hoz.<\/span><\/p>","protected":false},"featured_media":29234,"comment_status":"open","ping_status":"closed","template":"","meta":{"_acf_changed":false,"_seopress_robots_primary_cat":"none","_seopress_titles_title":"Limb Harness for Mandelay Q9, HOH & Eductor","_seopress_titles_desc":"The Limb Harness for Mandelay Q9, HOH, and Eductor is a manufacturer-approved accessory for stable and accurate biofeedback measurements.","_seopress_robots_index":""},"product_brand":[],"product_cat":[134],"product_tag":[],"class_list":{"0":"post-29239","1":"product","2":"type-product","3":"status-publish","4":"has-post-thumbnail","6":"product_cat-accessories","8":"first","9":"instock","10":"taxable","11":"shipping-taxable","12":"purchasable","13":"product-type-simple"},"acf":[],"_links":{"self":[{"href":"https:\/\/vibeyoup.com\/hu\/wp-json\/wp\/v2\/product\/29239","targetHints":{"allow":["GET"]}}],"collection":[{"href":"https:\/\/vibeyoup.com\/hu\/wp-json\/wp\/v2\/product"}],"about":[{"href":"https:\/\/vibeyoup.com\/hu\/wp-json\/wp\/v2\/types\/product"}],"replies":[{"embeddable":true,"href":"https:\/\/vibeyoup.com\/hu\/wp-json\/wp\/v2\/comments?post=29239"}],"wp:featuredmedia":[{"embeddable":true,"href":"https:\/\/vibeyoup.com\/hu\/wp-json\/wp\/v2\/media\/29234"}],"wp:attachment":[{"href":"https:\/\/vibeyoup.com\/hu\/wp-json\/wp\/v2\/media?parent=29239"}],"wp:term":[{"taxonomy":"product_brand","embeddable":true,"href":"https:\/\/vibeyoup.com\/hu\/wp-json\/wp\/v2\/product_brand?post=29239"},{"taxonomy":"product_cat","embeddable":true,"href":"https:\/\/vibeyoup.com\/hu\/wp-json\/wp\/v2\/product_cat?post=29239"},{"taxonomy":"product_tag","embeddable":true,"href":"https:\/\/vibeyoup.com\/hu\/wp-json\/wp\/v2\/product_tag?post=29239"}],"curies":[{"name":"wp","href":"https:\/\/api.w.org\/{rel}","templated":true}]}}