{"id":29235,"date":"2026-01-22T18:18:43","date_gmt":"2026-01-22T18:18:43","guid":{"rendered":"https:\/\/vibeyoup.com\/?post_type=product&#038;p=29235"},"modified":"2026-02-28T09:20:21","modified_gmt":"2026-02-28T09:20:21","slug":"fejheveder-mandelay-q9-hoh-eductorhoz","status":"publish","type":"product","link":"https:\/\/vibeyoup.com\/hu\/termek\/head-harness-for-mandelay-q9-hoh-eductor\/","title":{"rendered":"Fejheveder Mandelay Q9, HOH &amp; Eductor sz\u00e1m\u00e1ra"},"content":{"rendered":"<p><b>Mi\u00e9rt v\u00e1lassza az eredeti fejhevedereket?<\/b><\/p>\n<ul>\n<li style=\"font-weight: 400;\" aria-level=\"1\"><b>Garant\u00e1lt kompatibilit\u00e1s<\/b><span style=\"font-weight: 400;\"> Mandelay Q9, HOH \u00e9s Eductor eszk\u00f6z\u00f6kkel<\/span><\/li>\n<li style=\"font-weight: 400;\" aria-level=\"1\"><span style=\"font-weight: 400;\">Gy\u00e1rt\u00f3 \u00e1ltal j\u00f3v\u00e1hagyott \u00e9s klinikailag tesztelt kialak\u00edt\u00e1s<\/span><\/li>\n<li style=\"font-weight: 400;\" aria-level=\"1\"><span style=\"font-weight: 400;\">Nagy vezet\u0151k\u00e9pess\u00e9g\u0171 <\/span><b>galv\u00e1ngumi<\/b><span style=\"font-weight: 400;\"> a megb\u00edzhat\u00f3 jel\u00e1tvitelhez<\/span><\/li>\n<li style=\"font-weight: 400;\" aria-level=\"1\"><span style=\"font-weight: 400;\">T\u00e1mogatja a pontos biofeedback m\u00e9r\u00e9seket<\/span><\/li>\n<li style=\"font-weight: 400;\" aria-level=\"1\"><span style=\"font-weight: 400;\">Seg\u00edt fenntartani a k\u00e9sz\u00fcl\u00e9k garanci\u00e1j\u00e1nak \u00e9rv\u00e9nyess\u00e9g\u00e9t<\/span><\/li>\n<\/ul>\n<p><span style=\"font-weight: 400;\">A nem tan\u00fas\u00edtott fejhevederek cs\u00f6kkenthetik a teljes\u00edtm\u00e9nyt \u00e9s vesz\u00e9lyeztethetik a k\u00e9sz\u00fcl\u00e9k biztons\u00e1g\u00e1t.<\/span><\/p>\n<p><b>Tervez\u00e9s \u00e9s teljes\u00edtm\u00e9ny<\/b><\/p>\n<p><span style=\"font-weight: 400;\">A fejheveder a k\u00f6vetkez\u0151 anyagb\u00f3l k\u00e9sz\u00fclt <\/span><b>nagy kapacit\u00e1s\u00fa galv\u00e1ngumi<\/b><span style=\"font-weight: 400;\">, \u00e1lland\u00f3 vezet\u0151k\u00e9pess\u00e9get biztos\u00edtva az ism\u00e9telt haszn\u00e1lat sor\u00e1n.<\/span><span style=\"font-weight: 400;\"><br \/>\n<\/span><span style=\"font-weight: 400;\">Az optim\u00e1lis teljes\u00edtm\u00e9ny \u00e9rdek\u00e9ben aj\u00e1nlott a rendszeres csere:<\/span><\/p>\n<ul>\n<li style=\"font-weight: 400;\" aria-level=\"1\"><b>Professzion\u00e1lis haszn\u00e1lat:<\/b><span style=\"font-weight: 400;\"> 1-2 \u00e9vente<\/span><\/li>\n<li style=\"font-weight: 400;\" aria-level=\"1\"><b>Otthoni haszn\u00e1lat:<\/b><span style=\"font-weight: 400;\"> 3-4 \u00e9vente<\/span><\/li>\n<\/ul>\n<p><span style=\"font-weight: 400;\">A fejhevederre vonatkoz\u00f3 j\u00f3t\u00e1ll\u00e1si fedezet a k\u00f6vetkez\u0151 <\/span><b>6 h\u00f3nap<\/b><span style=\"font-weight: 400;\">.<\/span><\/p>\n<p><b>Term\u00e9kle\u00edr\u00e1sok<\/b><\/p>\n<ul>\n<li style=\"font-weight: 400;\" aria-level=\"1\"><span style=\"font-weight: 400;\">\u00dajratervezve <\/span><b>2019<\/b><span style=\"font-weight: 400;\"> a jobb tart\u00f3ss\u00e1g \u00e9s a k\u00f6nnyebb tiszt\u00edt\u00e1s \u00e9rdek\u00e9ben<\/span><\/li>\n<li style=\"font-weight: 400;\" aria-level=\"1\"><b>8-pontos b\u0151rkontaktus<\/b><span style=\"font-weight: 400;\"> a fokozott vezet\u0151k\u00e9pess\u00e9g \u00e9rdek\u00e9ben<\/span><\/li>\n<li style=\"font-weight: 400;\" aria-level=\"1\"><span style=\"font-weight: 400;\">K\u00f6nnyen tiszt\u00edthat\u00f3, professzion\u00e1lis min\u0151s\u00e9g\u0171 anyagok<\/span><\/li>\n<li style=\"font-weight: 400;\" aria-level=\"1\"><span style=\"font-weight: 400;\">Hossz\u00fas\u00e1g: <\/span><b>190 cm<\/b><\/li>\n<li style=\"font-weight: 400;\" aria-level=\"1\"><span style=\"font-weight: 400;\">Klinikailag tesztelt biztons\u00e1g \u00e9s teljes\u00edtm\u00e9ny<\/span><\/li>\n<\/ul>\n<p><b>Mi\u00e9rt fontosak az ellen\u0151rz\u00f6tt tartoz\u00e9kok<\/b><\/p>\n<p><span style=\"font-weight: 400;\">A gy\u00e1rt\u00f3 \u00e1ltal j\u00f3v\u00e1hagyott fejhevederek haszn\u00e1lata seg\u00edt biztos\u00edtani:<\/span><\/p>\n<ul>\n<li style=\"font-weight: 400;\" aria-level=\"1\"><span style=\"font-weight: 400;\">Pontos \u00e9s megb\u00edzhat\u00f3 biofeedback \u00fcl\u00e9sek<\/span><\/li>\n<li style=\"font-weight: 400;\" aria-level=\"1\"><span style=\"font-weight: 400;\">A k\u00e9sz\u00fcl\u00e9k hossz\u00fa t\u00e1v\u00fa hat\u00e9konys\u00e1ga<\/span><\/li>\n<li style=\"font-weight: 400;\" aria-level=\"1\"><span style=\"font-weight: 400;\">Folyamatos garanci\u00e1lis v\u00e9delem<\/span><\/li>\n<li style=\"font-weight: 400;\" aria-level=\"1\"><span style=\"font-weight: 400;\">Biztons\u00e1gos \u00e9s k\u00f6vetkezetes m\u0171k\u00f6d\u00e9s<\/span><\/li>\n<\/ul>\n<p><span style=\"font-weight: 400;\">A precizit\u00e1s, biztons\u00e1g \u00e9s teljes\u00edtm\u00e9ny \u00e9rdek\u00e9ben tervezett fejheveder t\u00e1mogatja az optim\u00e1lis biofeedback m\u00e9r\u00e9seket \u00e9s a k\u00e9sz\u00fcl\u00e9k hossz\u00fa t\u00e1v\u00fa megb\u00edzhat\u00f3s\u00e1g\u00e1t.<\/span><\/p>","protected":false},"excerpt":{"rendered":"<p><b>Gy\u00e1rt\u00f3 \u00e1ltal j\u00f3v\u00e1hagyott biofeedback fejheveder<\/b><\/p>\n<p><b>Mi a Mandelay Q9, HOH \u00e9s Eductor fejheveder?<\/b><\/p>\n<p><span style=\"font-weight: 400;\">A <\/span><b>Fejheveder a Mandelay Q9, HOH \u00e9s Eductor modellekhez<\/b><span style=\"font-weight: 400;\"> egy <\/span><b>a gy\u00e1rt\u00f3 \u00e1ltal j\u00f3v\u00e1hagyott biofeedback tartoz\u00e9k<\/b><span style=\"font-weight: 400;\"> \u00fagy tervezt\u00e9k, hogy pontos jel\u00e1tvitelt \u00e9s stabil m\u00e9r\u00e9seket biztos\u00edtson a biofeedback \u00fcl\u00e9sek sor\u00e1n.<\/span><span style=\"font-weight: 400;\"><br \/>\n<\/span><span style=\"font-weight: 400;\">Ez a fejheveder klinikailag tesztelt \u00e9s kifejezetten a Mandelay Q9, HOH \u00e9s Eductor biofeedback k\u00e9sz\u00fcl\u00e9kekkel val\u00f3 z\u00f6kken\u0151mentes kompatibilit\u00e1s \u00e9rdek\u00e9ben k\u00e9sz\u00fclt.<\/span><\/p>\n<p><span style=\"font-weight: 400;\">Az ellen\u0151rz\u00f6tt tartoz\u00e9kok haszn\u00e1lata elengedhetetlen a k\u00e9sz\u00fcl\u00e9k teljes\u00edtm\u00e9ny\u00e9nek \u00e9s a garanci\u00e1lis v\u00e9delem fenntart\u00e1s\u00e1hoz.<\/span><\/p>","protected":false},"featured_media":29238,"comment_status":"open","ping_status":"closed","template":"","meta":{"_acf_changed":false,"_seopress_robots_primary_cat":"none","_seopress_titles_title":"Head Harness for Mandelay Q9, HOH & Eductor","_seopress_titles_desc":"The Head Harness for Mandelay Q9, HOH, and Eductor is a manufacturer-approved accessory for accurate and stable biofeedback measurements.","_seopress_robots_index":""},"product_brand":[],"product_cat":[134],"product_tag":[],"class_list":{"0":"post-29235","1":"product","2":"type-product","3":"status-publish","4":"has-post-thumbnail","6":"product_cat-accessories","8":"first","9":"instock","10":"taxable","11":"shipping-taxable","12":"purchasable","13":"product-type-simple"},"acf":[],"_links":{"self":[{"href":"https:\/\/vibeyoup.com\/hu\/wp-json\/wp\/v2\/product\/29235","targetHints":{"allow":["GET"]}}],"collection":[{"href":"https:\/\/vibeyoup.com\/hu\/wp-json\/wp\/v2\/product"}],"about":[{"href":"https:\/\/vibeyoup.com\/hu\/wp-json\/wp\/v2\/types\/product"}],"replies":[{"embeddable":true,"href":"https:\/\/vibeyoup.com\/hu\/wp-json\/wp\/v2\/comments?post=29235"}],"wp:featuredmedia":[{"embeddable":true,"href":"https:\/\/vibeyoup.com\/hu\/wp-json\/wp\/v2\/media\/29238"}],"wp:attachment":[{"href":"https:\/\/vibeyoup.com\/hu\/wp-json\/wp\/v2\/media?parent=29235"}],"wp:term":[{"taxonomy":"product_brand","embeddable":true,"href":"https:\/\/vibeyoup.com\/hu\/wp-json\/wp\/v2\/product_brand?post=29235"},{"taxonomy":"product_cat","embeddable":true,"href":"https:\/\/vibeyoup.com\/hu\/wp-json\/wp\/v2\/product_cat?post=29235"},{"taxonomy":"product_tag","embeddable":true,"href":"https:\/\/vibeyoup.com\/hu\/wp-json\/wp\/v2\/product_tag?post=29235"}],"curies":[{"name":"wp","href":"https:\/\/api.w.org\/{rel}","templated":true}]}}