{"id":29231,"date":"2026-01-22T18:16:09","date_gmt":"2026-01-22T18:16:09","guid":{"rendered":"https:\/\/vibeyoup.com\/?post_type=product&#038;p=29231"},"modified":"2026-02-28T09:18:11","modified_gmt":"2026-02-28T09:18:11","slug":"mandelay-q9-eductor-kabelkoteg-keszlet","status":"publish","type":"product","link":"https:\/\/vibeyoup.com\/hu\/termek\/mandelay-q9-eductor-harness-set\/","title":{"rendered":"Mandelay Q9 \u00e9s Eductor k\u00e1belk\u00f6teg k\u00e9szlet"},"content":{"rendered":"<p><b>Mi\u00e9rt v\u00e1lassza az eredeti Harness Set-et?<\/b><\/p>\n<ul>\n<li style=\"font-weight: 400;\" aria-level=\"1\"><b>Garant\u00e1lt kompatibilit\u00e1s<\/b><span style=\"font-weight: 400;\"> Mandelay Q9 \u00e9s Eductor k\u00e9sz\u00fcl\u00e9kekkel<\/span><\/li>\n<li style=\"font-weight: 400;\" aria-level=\"1\"><span style=\"font-weight: 400;\">A gy\u00e1rt\u00f3 \u00e1ltal j\u00f3v\u00e1hagyott \u00e9s klinikailag tesztelt tartoz\u00e9kok<\/span><\/li>\n<li style=\"font-weight: 400;\" aria-level=\"1\"><span style=\"font-weight: 400;\">Stabil vezet\u0151k\u00e9pess\u00e9g a pontos biofeedback m\u00e9r\u00e9sekhez<\/span><\/li>\n<li style=\"font-weight: 400;\" aria-level=\"1\"><span style=\"font-weight: 400;\">Seg\u00edt megv\u00e9deni a k\u00e9sz\u00fcl\u00e9k teljes\u00edtm\u00e9ny\u00e9t \u00e9s a garancia \u00e9rv\u00e9nyess\u00e9g\u00e9t<\/span><\/li>\n<li style=\"font-weight: 400;\" aria-level=\"1\"><span style=\"font-weight: 400;\">Professzion\u00e1lis \u00e9s otthoni haszn\u00e1latra tervezve<\/span><\/li>\n<\/ul>\n<p><span style=\"font-weight: 400;\">A nem hiteles\u00edtett vagy fel\u00faj\u00edtott k\u00e1belk\u00f6tegek cs\u00f6kkenthetik a teljes\u00edtm\u00e9nyt \u00e9s vesz\u00e9lyeztethetik a k\u00e9sz\u00fcl\u00e9k biztons\u00e1g\u00e1t.<\/span><\/p>\n<p><b>H\u00e1mok kialak\u00edt\u00e1sa \u00e9s teljes\u00edtm\u00e9nye<\/b><\/p>\n<p><span style=\"font-weight: 400;\">A h\u00e1mok a k\u00f6vetkez\u0151kb\u0151l k\u00e9sz\u00fclnek <\/span><b>nagy kapacit\u00e1s\u00fa galv\u00e1ngumi<\/b><span style=\"font-weight: 400;\">, \u00e1lland\u00f3 vezet\u0151k\u00e9pess\u00e9get biztos\u00edtva az ism\u00e9telt haszn\u00e1lat sor\u00e1n.<\/span><span style=\"font-weight: 400;\"><br \/>\n<\/span><span style=\"font-weight: 400;\">Az optim\u00e1lis teljes\u00edtm\u00e9ny \u00e9rdek\u00e9ben aj\u00e1nlott a rendszeres csere:<\/span><\/p>\n<ul>\n<li style=\"font-weight: 400;\" aria-level=\"1\"><b>Professzion\u00e1lis haszn\u00e1lat:<\/b><span style=\"font-weight: 400;\"> 1-2 \u00e9vente<\/span><\/li>\n<li style=\"font-weight: 400;\" aria-level=\"1\"><b>Otthoni haszn\u00e1lat:<\/b><span style=\"font-weight: 400;\"> 3-4 \u00e9vente<\/span><\/li>\n<\/ul>\n<p><span style=\"font-weight: 400;\">A k\u00e1belk\u00f6tegek garanci\u00e1lis fedezete a k\u00f6vetkez\u0151 <\/span><b>6 h\u00f3nap<\/b><span style=\"font-weight: 400;\">.<\/span><\/p>\n<p><b>Term\u00e9kle\u00edr\u00e1sok<\/b><\/p>\n<p><b>Fejheveder<\/b><\/p>\n<ul>\n<li style=\"font-weight: 400;\" aria-level=\"1\"><span style=\"font-weight: 400;\">2019-ben \u00e1ttervezve a jobb haszn\u00e1lhat\u00f3s\u00e1g \u00e9s a k\u00f6nnyebb tiszt\u00edt\u00e1s \u00e9rdek\u00e9ben<\/span><\/li>\n<li style=\"font-weight: 400;\" aria-level=\"1\"><span style=\"font-weight: 400;\">8 b\u0151r\u00e9rintkez\u00e9si pont az optim\u00e1lis jel\u00e1tvitel \u00e9rdek\u00e9ben<\/span><\/li>\n<li style=\"font-weight: 400;\" aria-level=\"1\"><span style=\"font-weight: 400;\">Nagy vezet\u0151k\u00e9pess\u00e9g\u0171 galv\u00e1ngumib\u00f3l k\u00e9sz\u00fclt<\/span><\/li>\n<li style=\"font-weight: 400;\" aria-level=\"1\"><span style=\"font-weight: 400;\">Hossz\u00fas\u00e1g: <\/span><b>190 cm<\/b><\/li>\n<li style=\"font-weight: 400;\" aria-level=\"1\"><span style=\"font-weight: 400;\">Klinikailag tesztelt biztons\u00e1g \u00e9s teljes\u00edtm\u00e9ny<\/span><\/li>\n<\/ul>\n<p><b>V\u00e9gtag h\u00e1m<\/b><\/p>\n<ul>\n<li style=\"font-weight: 400;\" aria-level=\"1\"><span style=\"font-weight: 400;\">2019-ben \u00fajratervezett a tart\u00f3ss\u00e1g \u00e9s a hat\u00e9konys\u00e1g \u00e9rdek\u00e9ben<\/span><\/li>\n<li style=\"font-weight: 400;\" aria-level=\"1\"><span style=\"font-weight: 400;\">8 b\u0151r\u00e9rintkez\u00e9si pont a megb\u00edzhat\u00f3 vezet\u0151k\u00e9pess\u00e9g\u00e9rt<\/span><\/li>\n<li style=\"font-weight: 400;\" aria-level=\"1\"><span style=\"font-weight: 400;\">Nagy vezet\u0151k\u00e9pess\u00e9g\u0171 galv\u00e1ngumib\u00f3l k\u00e9sz\u00fclt<\/span><\/li>\n<li style=\"font-weight: 400;\" aria-level=\"1\"><span style=\"font-weight: 400;\">Hossz\u00fas\u00e1g: <\/span><b>300 cm<\/b><\/li>\n<li style=\"font-weight: 400;\" aria-level=\"1\"><span style=\"font-weight: 400;\">Klinikailag tesztelve a k\u00f6vetkezetes teljes\u00edtm\u00e9ny \u00e9rdek\u00e9ben<\/span><\/li>\n<\/ul>\n<p><b>Mi\u00e9rt fontosak az ellen\u0151rz\u00f6tt tartoz\u00e9kok<\/b><\/p>\n<p><span style=\"font-weight: 400;\">Az eredeti k\u00e1belk\u00f6tegek haszn\u00e1lata seg\u00edt biztos\u00edtani:<\/span><\/p>\n<ul>\n<li style=\"font-weight: 400;\" aria-level=\"1\"><span style=\"font-weight: 400;\">Pontos \u00e9s megb\u00edzhat\u00f3 biofeedback \u00fcl\u00e9sek<\/span><\/li>\n<li style=\"font-weight: 400;\" aria-level=\"1\"><span style=\"font-weight: 400;\">A k\u00e9sz\u00fcl\u00e9k hossz\u00fa t\u00e1v\u00fa hat\u00e9konys\u00e1ga<\/span><\/li>\n<li style=\"font-weight: 400;\" aria-level=\"1\"><span style=\"font-weight: 400;\">Folyamatos garanci\u00e1lis v\u00e9delem<\/span><\/li>\n<li style=\"font-weight: 400;\" aria-level=\"1\"><span style=\"font-weight: 400;\">Biztons\u00e1gos \u00e9s k\u00f6vetkezetes eredm\u00e9nyek<\/span><\/li>\n<\/ul>\n<p><span style=\"font-weight: 400;\">A tart\u00f3ss\u00e1g, vezet\u0151k\u00e9pess\u00e9g \u00e9s teljes\u00edtm\u00e9ny \u00e9rdek\u00e9ben tervezett h\u00e1mk\u00e9szlet t\u00e1mogatja az optim\u00e1lis biofeedback m\u00e9r\u00e9seket \u00e9s a k\u00e9sz\u00fcl\u00e9k hossz\u00fa t\u00e1v\u00fa megb\u00edzhat\u00f3s\u00e1g\u00e1t.<\/span><\/p>","protected":false},"excerpt":{"rendered":"<p><b>A gy\u00e1rt\u00f3 \u00e1ltal j\u00f3v\u00e1hagyott biofeedback h\u00e1m tartoz\u00e9kok<\/b><\/p>\n<p><b>Mi a Mandelay Q9 &amp; Eductor Harness Set?<\/b><\/p>\n<p><span style=\"font-weight: 400;\">A <\/span><b>Mandelay Q9 \u00e9s Eductor k\u00e1belk\u00f6teg k\u00e9szlet<\/b><span style=\"font-weight: 400;\"> egy <\/span><b>a gy\u00e1rt\u00f3 \u00e1ltal j\u00f3v\u00e1hagyott biofeedback tartoz\u00e9k<\/b><span style=\"font-weight: 400;\"> kifejezetten a k\u00f6vetkez\u0151kh\u00f6z tervezt\u00e9k <\/span><b>Mandelay Q9<\/b><span style=\"font-weight: 400;\"> \u00e9s <\/span><b>Eductor<\/b><span style=\"font-weight: 400;\"> biofeedback eszk\u00f6z\u00f6k.<\/span><span style=\"font-weight: 400;\"><br \/>\n<\/span><span style=\"font-weight: 400;\">Ezek a klinikailag tesztelt hevederek megb\u00edzhat\u00f3 jel\u00e1tvitelt, optim\u00e1lis vezet\u0151k\u00e9pess\u00e9get \u00e9s biztons\u00e1gos m\u0171k\u00f6d\u00e9st biztos\u00edtanak a professzion\u00e1lis \u00e9s otthoni biofeedback \u00fcl\u00e9sek sor\u00e1n.<\/span><\/p>\n<p><span style=\"font-weight: 400;\">Az ellen\u0151rz\u00f6tt k\u00e1belk\u00f6tegek haszn\u00e1lata elengedhetetlen a k\u00e9sz\u00fcl\u00e9k teljes\u00edtm\u00e9ny\u00e9nek \u00e9s a garanci\u00e1lis v\u00e9delem fenntart\u00e1s\u00e1hoz.<\/span><\/p>","protected":false},"featured_media":29234,"comment_status":"open","ping_status":"closed","template":"","meta":{"_acf_changed":false,"_seopress_robots_primary_cat":"none","_seopress_titles_title":"Mandelay Q9 & Eductor Harness Set","_seopress_titles_desc":"The Mandelay Q9 & Eductor Harness Set is a manufacturer-approved biofeedback accessory designed specifically for use with Mandelay Q9 and Eductor biofeedback devices.","_seopress_robots_index":""},"product_brand":[],"product_cat":[134],"product_tag":[],"class_list":{"0":"post-29231","1":"product","2":"type-product","3":"status-publish","4":"has-post-thumbnail","6":"product_cat-accessories","8":"first","9":"instock","10":"taxable","11":"shipping-taxable","12":"purchasable","13":"product-type-simple"},"acf":[],"_links":{"self":[{"href":"https:\/\/vibeyoup.com\/hu\/wp-json\/wp\/v2\/product\/29231","targetHints":{"allow":["GET"]}}],"collection":[{"href":"https:\/\/vibeyoup.com\/hu\/wp-json\/wp\/v2\/product"}],"about":[{"href":"https:\/\/vibeyoup.com\/hu\/wp-json\/wp\/v2\/types\/product"}],"replies":[{"embeddable":true,"href":"https:\/\/vibeyoup.com\/hu\/wp-json\/wp\/v2\/comments?post=29231"}],"wp:featuredmedia":[{"embeddable":true,"href":"https:\/\/vibeyoup.com\/hu\/wp-json\/wp\/v2\/media\/29234"}],"wp:attachment":[{"href":"https:\/\/vibeyoup.com\/hu\/wp-json\/wp\/v2\/media?parent=29231"}],"wp:term":[{"taxonomy":"product_brand","embeddable":true,"href":"https:\/\/vibeyoup.com\/hu\/wp-json\/wp\/v2\/product_brand?post=29231"},{"taxonomy":"product_cat","embeddable":true,"href":"https:\/\/vibeyoup.com\/hu\/wp-json\/wp\/v2\/product_cat?post=29231"},{"taxonomy":"product_tag","embeddable":true,"href":"https:\/\/vibeyoup.com\/hu\/wp-json\/wp\/v2\/product_tag?post=29231"}],"curies":[{"name":"wp","href":"https:\/\/api.w.org\/{rel}","templated":true}]}}