{"id":29187,"date":"2026-01-21T18:09:03","date_gmt":"2026-01-21T18:09:03","guid":{"rendered":"https:\/\/vibeyoup.com\/?post_type=product&#038;p=29187"},"modified":"2026-02-23T14:28:42","modified_gmt":"2026-02-23T14:28:42","slug":"quantumspot-magneses-melysegmero-szonda","status":"publish","type":"product","link":"https:\/\/vibeyoup.com\/hu\/termek\/quantumspot-magnetic-depth-probe\/","title":{"rendered":"QuantumSpot m\u00e1gneses m\u00e9lys\u00e9gm\u00e9r\u0151 szonda"},"content":{"rendered":"<p><b>A QuantumSpot f\u0151 jellemz\u0151i<\/b><\/p>\n<ul>\n<li style=\"font-weight: 400;\" aria-level=\"1\"><span style=\"font-weight: 400;\">Teljes \u00e1tm\u00e9r\u0151: <\/span><b>40 mm<\/b><\/li>\n<li style=\"font-weight: 400;\" aria-level=\"1\"><span style=\"font-weight: 400;\">M\u0171k\u00f6d\u00e9si fel\u00fclet \u00e1tm\u00e9r\u0151je: <\/span><b>30 mm<\/b><\/li>\n<li style=\"font-weight: 400;\" aria-level=\"1\"><span style=\"font-weight: 400;\">M\u00e1gneses mez\u0151 behatol\u00e1si m\u00e9lys\u00e9ge: <\/span><b>60-70 mm<\/b><span style=\"font-weight: 400;\">, a sz\u00f6vet t\u00edpus\u00e1t\u00f3l f\u00fcgg\u0151en<\/span><\/li>\n<li style=\"font-weight: 400;\" aria-level=\"1\"><span style=\"font-weight: 400;\">M\u00e1gneses er\u0151ss\u00e9g: <\/span><b>4000 gauss<\/b><\/li>\n<li style=\"font-weight: 400;\" aria-level=\"1\"><span style=\"font-weight: 400;\">Anyagok: <\/span><b>Neod\u00edmium m\u00e1gnes<\/b><span style=\"font-weight: 400;\"> rozsdamentes ac\u00e9l \u00e9rintkez\u00e9si fel\u00fclettel<\/span><\/li>\n<li style=\"font-weight: 400;\" aria-level=\"1\"><span style=\"font-weight: 400;\">K\u00e1bel hossza: <\/span><b>170 cm<\/b><\/li>\n<li style=\"font-weight: 400;\" aria-level=\"1\"><span style=\"font-weight: 400;\">Sima \u00e9s k\u00e9nyelmes \u00e9rintkez\u00e9si fel\u00fclet<\/span><\/li>\n<\/ul>\n<p><span style=\"font-weight: 400;\">A m\u00e1gneses fej tartalmaz egy <\/span><b>er\u0151s k\u00f6r alak\u00fa \u00e1lland\u00f3 m\u00e1gnes<\/b><span style=\"font-weight: 400;\"> amely lehet\u0151v\u00e9 teszi az \u00e1tvitt jelek m\u00e9ly sz\u00f6veti behatol\u00e1s\u00e1t.<\/span><\/p>\n<p><b>Hogyan m\u0171k\u00f6dik a QuantumSpot?<\/b><\/p>\n<p><span style=\"font-weight: 400;\">A QuantumSpot m\u00e1gneses m\u00e9lys\u00e9gm\u00e9r\u0151 szonda csatlakoztathat\u00f3 a <\/span><b>k\u00e9k aljzat<\/b><span style=\"font-weight: 400;\"> a SCIO vagy a Mandelay Q9 k\u00e9sz\u00fcl\u00e9k.<\/span><span style=\"font-weight: 400;\"><br \/>\n<\/span><span style=\"font-weight: 400;\">A csatlakoztat\u00e1st k\u00f6vet\u0151en a m\u00e1gneses mez\u0151 behatol a testsz\u00f6vetekbe, \u00e9s t\u00e1mogatja a k\u00e9sz\u00fcl\u00e9k jeleinek m\u00e9lyebb \u00e1tvitel\u00e9t, seg\u00edtve ezzel a kezel\u00e9s hat\u00e9konys\u00e1g\u00e1nak n\u00f6vel\u00e9s\u00e9t.<\/span><\/p>\n<p><span style=\"font-weight: 400;\">A rendszer automatikusan aktiv\u00e1lja a QuantumSpotot, amikor csatlakozik.<\/span><\/p>\n<p><b>Kompatibilis szoftverek \u00e9s programok<\/b><\/p>\n<p><span style=\"font-weight: 400;\">A QuantumSpot kompatibilis a k\u00f6vetkez\u0151kkel:<\/span><\/p>\n<ul>\n<li style=\"font-weight: 400;\" aria-level=\"1\"><b>CLASP64<\/b><\/li>\n<li style=\"font-weight: 400;\" aria-level=\"1\"><b>Kapocs port\u00e1l<\/b><\/li>\n<\/ul>\n<p><span style=\"font-weight: 400;\">Nincs sz\u00fcks\u00e9g k\u00e9zi aktiv\u00e1l\u00e1sra, mivel a rendszer automatikusan felismeri a tartoz\u00e9kot.<\/span><\/p>\n<p><b>Haszn\u00e1lati \u00e9s biztons\u00e1gi megjegyz\u00e9sek<\/b><\/p>\n<ul>\n<li style=\"font-weight: 400;\" aria-level=\"1\"><span style=\"font-weight: 400;\">T\u00e1vol\u00edtsa el a <\/span><b>v\u00e9d\u0151sapka<\/b><span style=\"font-weight: 400;\"> haszn\u00e1lat el\u0151tt, \u00e9s a kezel\u00e9s ut\u00e1n cser\u00e9lje ki<\/span><\/li>\n<li style=\"font-weight: 400;\" aria-level=\"1\"><span style=\"font-weight: 400;\">Do <\/span><b>nem haszn\u00e1lja<\/b><span style=\"font-weight: 400;\"> pacemakerrel vagy elektronikus implant\u00e1tummal rendelkez\u0151 betegekn\u00e9l<\/span><\/li>\n<li style=\"font-weight: 400;\" aria-level=\"1\"><span style=\"font-weight: 400;\">T\u00e1vol\u00edtsa el a <\/span><b>hall\u00f3k\u00e9sz\u00fcl\u00e9kek<\/b><span style=\"font-weight: 400;\"> haszn\u00e1lat el\u0151tt<\/span><\/li>\n<li style=\"font-weight: 400;\" aria-level=\"1\"><span style=\"font-weight: 400;\">Ker\u00fclje a f\u00e9mimplant\u00e1tumokkal vagy f\u00e9mdarabokkal ell\u00e1tott ter\u00fcleteken val\u00f3 haszn\u00e1latot.<\/span><\/li>\n<li style=\"font-weight: 400;\" aria-level=\"1\"><span style=\"font-weight: 400;\">Ne tegye \u00e9rz\u00e9keny ter\u00fcletekre, p\u00e9ld\u00e1ul szemre, f\u00fclre, arcra vagy fogakra.<\/span><\/li>\n<li style=\"font-weight: 400;\" aria-level=\"1\"><span style=\"font-weight: 400;\">Ne helyezze k\u00f6zvetlen\u00fcl a sz\u00edv f\u00f6l\u00e9<\/span><\/li>\n<\/ul>\n<p><span style=\"font-weight: 400;\">A legjobb eredm\u00e9ny el\u00e9r\u00e9se \u00e9rdek\u00e9ben a szond\u00e1t a k\u00f6vetkez\u0151 helyre kell helyezni <\/span><b>k\u00f6zvetlen\u00fcl a b\u0151rre<\/b><span style=\"font-weight: 400;\">. A v\u00e9kony ruh\u00e1zat korl\u00e1tozott behatol\u00e1st tehet lehet\u0151v\u00e9, m\u00edg a vastagabb sz\u00f6vetek cs\u00f6kkenthetik a hat\u00e9konys\u00e1got.<\/span><\/p>\n<p><b>Tiszt\u00edt\u00e1s \u00e9s karbantart\u00e1s<\/b><\/p>\n<ul>\n<li style=\"font-weight: 400;\" aria-level=\"1\"><span style=\"font-weight: 400;\">Tiszt\u00edtsa meg a m\u0171anyag burkolatot \u00e9s az \u00e9rintkez\u00e9si fel\u00fcletet egy <\/span><b>nedves ruh\u00e1val<\/b><\/li>\n<li style=\"font-weight: 400;\" aria-level=\"1\"><span style=\"font-weight: 400;\">A m\u00e1gneses fej fert\u0151tlen\u00edthet\u0151 <\/span><b>alkohol vagy fert\u0151tlen\u00edt\u0151 spray<\/b><\/li>\n<\/ul>\n<p><b>Gyakran ism\u00e9telt k\u00e9rd\u00e9sek<\/b><\/p>\n<p><b>Hov\u00e1 kell csatlakoztatni a QuantumSpotot?<\/b><span style=\"font-weight: 400;\"><br \/>\n<\/span><span style=\"font-weight: 400;\">Csatlakoztassa a k\u00e9k k\u00e1belt a <\/span><b>k\u00e9k aljzat<\/b><span style=\"font-weight: 400;\">. A piros aljzat nem ehhez a tartoz\u00e9khoz val\u00f3.<\/span><\/p>\n<p><b>Milyen m\u00e9lyre hatol a m\u00e1gneses mez\u0151?<\/b><span style=\"font-weight: 400;\"><br \/>\n<\/span><span style=\"font-weight: 400;\">A m\u00e1gneses mez\u0151 k\u00f6r\u00fclbel\u00fcl <\/span><b>60-70 mm<\/b><span style=\"font-weight: 400;\">, a sz\u00f6vet t\u00edpus\u00e1t\u00f3l f\u00fcgg\u0151en.<\/span><\/p>\n<p><b>B\u00e1rmely testr\u00e9szen haszn\u00e1lhat\u00f3?<\/b><span style=\"font-weight: 400;\"><br \/>\n<\/span><span style=\"font-weight: 400;\">B\u00e1rmely, megfelel\u0151 b\u0151rrel \u00e9rintkez\u0151 ter\u00fcleten haszn\u00e1lhat\u00f3, kiv\u00e9ve az \u00e9rz\u00e9keny ter\u00fcleteket \u00e9s a f\u00e9mimplant\u00e1tumokkal ell\u00e1tott ter\u00fcleteket.<\/span><\/p>","protected":false},"excerpt":{"rendered":"<p><b>Ter\u00e1pi\u00e1s kieg\u00e9sz\u00edt\u0151 a SCIO \u00e9s a Mandelay Q9 rendszerekhez<\/b><\/p>\n<p><b>Mi az a QuantumSpot m\u00e1gneses m\u00e9lys\u00e9gm\u00e9r\u0151 szonda?<\/b><\/p>\n<p><span style=\"font-weight: 400;\">A <\/span><b>QuantumSpot m\u00e1gneses m\u00e9lys\u00e9gm\u00e9r\u0151 szonda<\/b><span style=\"font-weight: 400;\"> egy <\/span><b>speci\u00e1lis ter\u00e1pi\u00e1s kieg\u00e9sz\u00edt\u0151<\/b><span style=\"font-weight: 400;\"> c\u00e9lja, hogy n\u00f6velje a funkcionalit\u00e1st a <\/span><b>SCIO<\/b><span style=\"font-weight: 400;\"> \u00e9s <\/span><b>Mandelay Q9<\/b><span style=\"font-weight: 400;\"> eszk\u00f6z\u00f6k.<\/span><span style=\"font-weight: 400;\"><br \/>\n<\/span><span style=\"font-weight: 400;\">Ez egy <\/span><b>m\u00e1gneses mez\u0151<\/b><span style=\"font-weight: 400;\"> hogy t\u00e1mogassa az e rendszerek \u00e1ltal k\u00f6zvet\u00edtett inform\u00e1ci\u00f3k m\u00e9lyebb behatol\u00e1s\u00e1t a testbe, seg\u00edtve a kezel\u00e9sek c\u00e9lzottabb\u00e1 \u00e9s hat\u00e9konyabb\u00e1 t\u00e9tel\u00e9t.<\/span><\/p>","protected":false},"featured_media":29190,"comment_status":"open","ping_status":"closed","template":"","meta":{"_acf_changed":false,"_seopress_robots_primary_cat":"none","_seopress_titles_title":"Quantum Spot: Advanced Biofeedback Spot Therapy","_seopress_titles_desc":"Use the certified Quantum Spot for highly precise, authoritative localized biofeedback therapy and complete holistic balance. View Specifications.","_seopress_robots_index":""},"product_brand":[],"product_cat":[128],"product_tag":[],"class_list":{"0":"post-29187","1":"product","2":"type-product","3":"status-publish","4":"has-post-thumbnail","6":"product_cat-energy-harmonizing-devices","8":"first","9":"instock","10":"taxable","11":"shipping-taxable","12":"purchasable","13":"product-type-simple"},"acf":[],"_links":{"self":[{"href":"https:\/\/vibeyoup.com\/hu\/wp-json\/wp\/v2\/product\/29187","targetHints":{"allow":["GET"]}}],"collection":[{"href":"https:\/\/vibeyoup.com\/hu\/wp-json\/wp\/v2\/product"}],"about":[{"href":"https:\/\/vibeyoup.com\/hu\/wp-json\/wp\/v2\/types\/product"}],"replies":[{"embeddable":true,"href":"https:\/\/vibeyoup.com\/hu\/wp-json\/wp\/v2\/comments?post=29187"}],"wp:featuredmedia":[{"embeddable":true,"href":"https:\/\/vibeyoup.com\/hu\/wp-json\/wp\/v2\/media\/29190"}],"wp:attachment":[{"href":"https:\/\/vibeyoup.com\/hu\/wp-json\/wp\/v2\/media?parent=29187"}],"wp:term":[{"taxonomy":"product_brand","embeddable":true,"href":"https:\/\/vibeyoup.com\/hu\/wp-json\/wp\/v2\/product_brand?post=29187"},{"taxonomy":"product_cat","embeddable":true,"href":"https:\/\/vibeyoup.com\/hu\/wp-json\/wp\/v2\/product_cat?post=29187"},{"taxonomy":"product_tag","embeddable":true,"href":"https:\/\/vibeyoup.com\/hu\/wp-json\/wp\/v2\/product_tag?post=29187"}],"curies":[{"name":"wp","href":"https:\/\/api.w.org\/{rel}","templated":true}]}}