{"id":29185,"date":"2026-01-21T18:07:24","date_gmt":"2026-01-21T18:07:24","guid":{"rendered":"https:\/\/vibeyoup.com\/?post_type=product&#038;p=29185"},"modified":"2026-02-21T16:45:48","modified_gmt":"2026-02-21T16:45:48","slug":"pozitron-plus-sport","status":"publish","type":"product","link":"https:\/\/vibeyoup.com\/hu\/termek\/pozitron-plus-sport\/","title":{"rendered":"Pozitron Plus Sport"},"content":{"rendered":"<p><b>Tesztel\u00e9s \u00e9s megfigyelt hat\u00e1sok sportol\u00f3kn\u00e1l<\/b><\/p>\n<p><span style=\"font-weight: 400;\">A v\u00e9gs\u0151 tesztel\u00e9si f\u00e1zisban a <\/span><b>Pozitron Plus Sport<\/b><span style=\"font-weight: 400;\"> mindkett\u0151vel tesztelt\u00e9k <\/span><b>amat\u0151r \u00e9s profi sportol\u00f3k<\/b><span style=\"font-weight: 400;\">.<\/span><span style=\"font-weight: 400;\"><br \/>\n<\/span><span style=\"font-weight: 400;\">E vizsg\u00e1latok alapj\u00e1n azt a k\u00f6vetkeztet\u00e9st vont\u00e1k le, hogy a <\/span><b>pozit\u00edv frekvenci\u00e1k, amelyeket a k\u00e9sz\u00fcl\u00e9k elhelyez\u00e9s\u00e9nek hely\u00e9re bocs\u00e1tanak ki.<\/b><span style=\"font-weight: 400;\"> er\u0151s hat\u00e1ssal vannak a sportol\u00f3kra, t\u00f6bbek k\u00f6z\u00f6tt:<\/span><\/p>\n<ul>\n<li style=\"font-weight: 400;\" aria-level=\"1\"><span style=\"font-weight: 400;\">Stimul\u00e1ci\u00f3 a <\/span><b>energia \u00e9s \u00e1ll\u00f3k\u00e9pess\u00e9g<\/b><\/li>\n<li style=\"font-weight: 400;\" aria-level=\"1\"><span style=\"font-weight: 400;\">T\u00e1mogat\u00e1s a <\/span><b>gyors relax\u00e1ci\u00f3 \u00e9s regener\u00e1ci\u00f3<\/b><\/li>\n<li style=\"font-weight: 400;\" aria-level=\"1\"><span style=\"font-weight: 400;\">Hozz\u00e1j\u00e1rul\u00e1s a sportban akt\u00edv emberi t\u00e9nyez\u0151k eg\u00e9szs\u00e9g\u00e9nek meg\u0151rz\u00e9s\u00e9hez<\/span><\/li>\n<\/ul>\n<p><span style=\"font-weight: 400;\">A megfigyelt hat\u00e1sok sz\u00e9les sk\u00e1l\u00e1ja bizony\u00edtotta, hogy az eszk\u00f6z egy <\/span><b>rendk\u00edv\u00fcl hat\u00e9kony hozz\u00e1adott \u00e9rt\u00e9k<\/b><span style=\"font-weight: 400;\"> mint az energiapotenci\u00e1l n\u00f6vel\u00e9s\u00e9nek term\u00e9szetes seg\u00edt\u0151je.<\/span><\/p>\n<p><b>A Pozitron Plus Sport f\u0151 el\u0151nyei<\/b><\/p>\n<ul>\n<li style=\"font-weight: 400;\" aria-level=\"1\"><span style=\"font-weight: 400;\">T\u00e1mogatja a <\/span><b>ment\u00e1lis \u00e1ll\u00f3k\u00e9pess\u00e9g<\/b><\/li>\n<li style=\"font-weight: 400;\" aria-level=\"1\"><span style=\"font-weight: 400;\">El\u0151seg\u00edti a <\/span><b>gyors pihen\u00e9s, regener\u00e1l\u00f3d\u00e1s \u00e9s rehabilit\u00e1ci\u00f3<\/b><span style=\"font-weight: 400;\"> intenz\u00edv k\u00e9pz\u00e9s ut\u00e1n<\/span><\/li>\n<li style=\"font-weight: 400;\" aria-level=\"1\"><span style=\"font-weight: 400;\">Seg\u00edt fenntartani a kiegyens\u00falyozott energia\u00e1raml\u00e1st fizikai megterhel\u00e9s ut\u00e1n<\/span><\/li>\n<li style=\"font-weight: 400;\" aria-level=\"1\"><span style=\"font-weight: 400;\">T\u00e1mogatja a gyorsabb regener\u00e1l\u00f3d\u00e1st stresszes \u00e9s fesz\u00fclt helyzetekben<\/span><\/li>\n<li style=\"font-weight: 400;\" aria-level=\"1\"><span style=\"font-weight: 400;\">Hozz\u00e1j\u00e1rul a sportol\u00f3k pszicho-fizikai egyens\u00faly\u00e1nak fenntart\u00e1s\u00e1hoz.<\/span><\/li>\n<\/ul>\n<p><b>Hogyan m\u0171k\u00f6dik a Pozitron Plus Sport?<\/b><\/p>\n<p><span style=\"font-weight: 400;\">A <\/span><b>pozit\u00edv frekvencia spektrum<\/b><span style=\"font-weight: 400;\"> a Pozitron Plus Sport a t\u00e9rbe ker\u00fcl, \u00e9s k\u00f6lcs\u00f6nhat\u00e1sba l\u00e9p a <\/span><b>vegetat\u00edv (vegetat\u00edv) idegrendszer<\/b><span style=\"font-weight: 400;\"> sportol\u00f3k.<\/span><span style=\"font-weight: 400;\"><br \/>\n<\/span><span style=\"font-weight: 400;\">Ez a k\u00f6lcs\u00f6nhat\u00e1s folyamatosan t\u00e1mogatja a bels\u0151 szervek \u00e9s szervrendszerek term\u00e9szetes fiziol\u00f3giai frekvenci\u00e1n t\u00f6rt\u00e9n\u0151 m\u0171k\u00f6d\u00e9s\u00e9t.<\/span><\/p>\n<p><span style=\"font-weight: 400;\">A fizikai aktivit\u00e1s okozta energia\u00e1raml\u00e1s cs\u00f6kken\u00e9se ut\u00e1n a Pozitron Plus Sport frekvencia spektruma befoly\u00e1solja \u00e9s kiegyens\u00falyozza az energia\u00e1raml\u00e1st az eg\u00e9sz testben.<\/span><\/p>\n<p><b>Haszn\u00e1lja edz\u00e9s, pihen\u00e9s \u00e9s alv\u00e1s k\u00f6zben<\/b><\/p>\n<p><span style=\"font-weight: 400;\">A Pozitron Plus Sport rendk\u00edv\u00fcl hat\u00e9kony, ha:<\/span><\/p>\n<ul>\n<li style=\"font-weight: 400;\" aria-level=\"1\"><span style=\"font-weight: 400;\">Kopott <\/span><b>edz\u00e9s k\u00f6zben<\/b><\/li>\n<li style=\"font-weight: 400;\" aria-level=\"1\"><span style=\"font-weight: 400;\">Haszn\u00e1lt <\/span><b>edz\u00e9s ut\u00e1n<\/b><\/li>\n<li style=\"font-weight: 400;\" aria-level=\"1\"><span style=\"font-weight: 400;\">A k\u00f6zelben elhelyezve <\/span><b>alv\u00e1s \u00e9s pihen\u00e9s k\u00f6zben<\/b><\/li>\n<\/ul>\n<p><span style=\"font-weight: 400;\">Javasoljuk, hogy a k\u00e9sz\u00fcl\u00e9ket az \u00e1gy mell\u00e9 helyezze, vagy \u00e1ll\u00edtson fel egy \u00e1lland\u00f3 Pozitron Plus egys\u00e9get egy <\/span><b>20 m vagy 5 m sugar\u00fa<\/b><span style=\"font-weight: 400;\"> a sportol\u00f3k \u00e1ltal haszn\u00e1lt lak\u00f3terekben, munkahelyeken vagy pihen\u0151helyeken.<\/span><\/p>\n<p><b>Energia\u00e1raml\u00e1s \u00e9s szellemi teljes\u00edtm\u00e9ny<\/b><\/p>\n<p><span style=\"font-weight: 400;\">A le\u00edr\u00e1s szerint a Pozitron Plus Sport:<\/span><\/p>\n<ul>\n<li style=\"font-weight: 400;\" aria-level=\"1\"><span style=\"font-weight: 400;\">N\u00f6veli a <\/span><b>az energia \u00e1raml\u00e1sa az eg\u00e9sz testben<\/b><span style=\"font-weight: 400;\">, t\u00e1mogatja a hosszabb ideig tart\u00f3 fizikai \u00e1ll\u00f3k\u00e9pess\u00e9get<\/span><\/li>\n<li style=\"font-weight: 400;\" aria-level=\"1\"><span style=\"font-weight: 400;\">El\u0151seg\u00edti a jobb <\/span><b>energia\u00e1raml\u00e1s a sportol\u00f3 agy\u00e1ban<\/b><\/li>\n<li style=\"font-weight: 400;\" aria-level=\"1\"><span style=\"font-weight: 400;\">Hozz\u00e1j\u00e1rul a <\/span><b>er\u0151sebb ment\u00e1lis er\u0151<\/b><span style=\"font-weight: 400;\">, \u00f6sszpontos\u00edt\u00e1s \u00e9s c\u00e9lorient\u00e1lts\u00e1g<\/span><\/li>\n<\/ul>\n<p><span style=\"font-weight: 400;\">A megn\u00f6vekedett energia\u00e1raml\u00e1s professzion\u00e1lis m\u0171szerekkel m\u00e9rhet\u0151, mint pl. <\/span><b>elektroakupunkt\u00far\u00e1s eszk\u00f6z\u00f6k<\/b><span style=\"font-weight: 400;\">, ahogy a forr\u00e1ssz\u00f6vegben is szerepel.<\/span><\/p>\n<p><b>V\u00e9delem az elektrom\u00e1gneses sug\u00e1rz\u00e1s ellen<\/b><\/p>\n<p><span style=\"font-weight: 400;\">A Pozitron Plus Sport le\u00edr\u00e1sa szerint a k\u00f6vetkez\u0151kkel rendelkezik <\/span><b>er\u0151s v\u00e9d\u0151g\u00e1t<\/b><span style=\"font-weight: 400;\"> a sportol\u00f3 teste k\u00f6r\u00fcl a k\u00e1ros elektrom\u00e1gneses sug\u00e1rz\u00e1s patog\u00e9n spektruma ellen, bele\u00e9rtve:<\/span><\/p>\n<ul>\n<li style=\"font-weight: 400;\" aria-level=\"1\"><span style=\"font-weight: 400;\">GPS<\/span><\/li>\n<li style=\"font-weight: 400;\" aria-level=\"1\"><span style=\"font-weight: 400;\">Okostelefonok<\/span><\/li>\n<li style=\"font-weight: 400;\" aria-level=\"1\"><span style=\"font-weight: 400;\">F\u00fczetek<\/span><\/li>\n<li style=\"font-weight: 400;\" aria-level=\"1\"><span style=\"font-weight: 400;\">Mikrohull\u00e1m\u00fa s\u00fct\u0151k<\/span><\/li>\n<li style=\"font-weight: 400;\" aria-level=\"1\"><span style=\"font-weight: 400;\">Wi-Fi<\/span><\/li>\n<li style=\"font-weight: 400;\" aria-level=\"1\"><span style=\"font-weight: 400;\">R\u00e1di\u00f3hull\u00e1mok<\/span><\/li>\n<li style=\"font-weight: 400;\" aria-level=\"1\"><span style=\"font-weight: 400;\">M\u0171holdas kapcsolatok<\/span><\/li>\n<li style=\"font-weight: 400;\" aria-level=\"1\"><span style=\"font-weight: 400;\">Akkumul\u00e1torok \u00e9s egy\u00e9b sug\u00e1rforr\u00e1sok<\/span><\/li>\n<\/ul>\n<p><span style=\"font-weight: 400;\">Ez a v\u00e9delem seg\u00edt cs\u00f6kkenteni a sportol\u00f3 szervezet\u00e9nek bels\u0151 energiafelhaszn\u00e1l\u00e1si ig\u00e9ny\u00e9t a k\u00f6rnyezeti elektrom\u00e1gneses sug\u00e1rz\u00e1s elleni v\u00e9dekez\u00e9shez.<\/span><\/p>\n<p><b>Pozitron Plus Sport - 3 m-es, szem\u00e9lyes haszn\u00e1latra sz\u00e1nt v\u00e1ltozat<\/b><\/p>\n<p><span style=\"font-weight: 400;\">A <\/span><b>Pozitron Plus Sport (3 m\u00e9teres sug\u00e1rban)<\/b><span style=\"font-weight: 400;\"> v\u00e1ltozatot \u00fagy tervezt\u00e9k, hogy a sportol\u00f3 nyak\u00e1ban viselhet\u0151 legyen.<\/span><span style=\"font-weight: 400;\"><br \/>\n<\/span><span style=\"font-weight: 400;\">A le\u00edr\u00e1s szerint a frekvenci\u00e1k:<\/span><\/p>\n<ul>\n<li style=\"font-weight: 400;\" aria-level=\"1\"><span style=\"font-weight: 400;\">A vegetat\u00edv idegrendszer stimul\u00e1l\u00e1sa<\/span><\/li>\n<li style=\"font-weight: 400;\" aria-level=\"1\"><span style=\"font-weight: 400;\">N\u00f6veli az energia\u00e1raml\u00e1st a l\u00e9tfontoss\u00e1g\u00fa szervekben \u00e9s szervrendszerekben.<\/span><\/li>\n<li style=\"font-weight: 400;\" aria-level=\"1\"><span style=\"font-weight: 400;\">Jelent\u0151sen n\u00f6veli a fizikai \u00e1ll\u00f3k\u00e9pess\u00e9get<\/span><\/li>\n<li style=\"font-weight: 400;\" aria-level=\"1\"><span style=\"font-weight: 400;\">Jav\u00edtja a szervezet \u00e1ltal\u00e1nos energiaegyens\u00faly\u00e1t<\/span><\/li>\n<\/ul>\n<p><b>Mi\u00e9rt fontos a Pozitron Plus Sport a sportol\u00f3k sz\u00e1m\u00e1ra?<\/b><\/p>\n<p><span style=\"font-weight: 400;\">A magas elektrom\u00e1gneses sug\u00e1rterhel\u00e9s (elektroszmog) miatt a sportol\u00f3k gyakran k\u00e9nytelenek bels\u0151 energi\u00e1juk egy r\u00e9sz\u00e9t v\u00e9delemre haszn\u00e1lni.<\/span><span style=\"font-weight: 400;\"><br \/>\n<\/span><span style=\"font-weight: 400;\">A Pozitron Plus Sport seg\u00edt cs\u00f6kkenteni ezt az energiavesztes\u00e9get, lehet\u0151v\u00e9 t\u00e9ve a sportol\u00f3k sz\u00e1m\u00e1ra, hogy meg\u0151rizz\u00e9k a bels\u0151 energi\u00e1t \u00e9s fejlessz\u00e9k <\/span><b>tov\u00e1bbi energiapotenci\u00e1l<\/b><span style=\"font-weight: 400;\">, ami hozz\u00e1j\u00e1rulhat a teljes\u00edtm\u00e9ny javul\u00e1s\u00e1hoz a kritikus pillanatokban.<\/span><\/p>","protected":false},"excerpt":{"rendered":"<p><b>Energiat\u00e1mogat\u00f3 eszk\u00f6z sportol\u00f3k sz\u00e1m\u00e1ra\u00a0<\/b><\/p>\n<p><b>Mi az a Pozitron Plus Sport?<\/b><\/p>\n<p><span style=\"font-weight: 400;\">A <\/span><b>Pozitron Plus Sport<\/b><span style=\"font-weight: 400;\"> egy olyan energiaalap\u00fa eszk\u00f6z, amelyet arra terveztek, hogy <\/span><b>n\u00f6veli a sportol\u00f3k pszichofizikai fitts\u00e9g\u00e9t<\/b><span style=\"font-weight: 400;\">.<\/span><span style=\"font-weight: 400;\"><br \/>\n<\/span><span style=\"font-weight: 400;\">Ezt az al\u00e1bbi szervezetek fejlesztett\u00e9k ki <\/span><b>Medi Spa \u00e9s Pozitron Plus International<\/b><span style=\"font-weight: 400;\">, olyan v\u00e1llalatok, amelyek a modern technol\u00f3giai fejl\u0151d\u00e9ssel \u00f6sszhangban folyamatosan figyelik a v\u00e1ltoz\u00f3 piaci ig\u00e9nyeket. A min\u0151s\u00e9gre \u00e9s a hat\u00e9konys\u00e1gra \u00f6sszpontos\u00edt\u00f3 term\u00e9keiket m\u00e1r vil\u00e1gszerte haszn\u00e1lj\u00e1k, t\u00f6bbek k\u00f6z\u00f6tt a k\u00f6vetkez\u0151 orsz\u00e1gokban is <\/span><b>orvostudom\u00e1ny \u00e9s katonai k\u00f6rnyezet<\/b><span style=\"font-weight: 400;\">.<\/span><\/p>\n<p>&nbsp;<\/p>","protected":false},"featured_media":29186,"comment_status":"open","ping_status":"closed","template":"","meta":{"_acf_changed":false,"_seopress_robots_primary_cat":"none","_seopress_titles_title":"Pozitron Sport: Advanced Energy & Performance","_seopress_titles_desc":"The certified Pozitron Sport system. A professional device for precise athletic bio-regulation and authoritative holistic recovery support. View Specifications.","_seopress_robots_index":""},"product_brand":[],"product_cat":[128],"product_tag":[],"class_list":{"0":"post-29185","1":"product","2":"type-product","3":"status-publish","4":"has-post-thumbnail","6":"product_cat-energy-harmonizing-devices","8":"first","9":"instock","10":"taxable","11":"shipping-taxable","12":"purchasable","13":"product-type-simple"},"acf":[],"_links":{"self":[{"href":"https:\/\/vibeyoup.com\/hu\/wp-json\/wp\/v2\/product\/29185","targetHints":{"allow":["GET"]}}],"collection":[{"href":"https:\/\/vibeyoup.com\/hu\/wp-json\/wp\/v2\/product"}],"about":[{"href":"https:\/\/vibeyoup.com\/hu\/wp-json\/wp\/v2\/types\/product"}],"replies":[{"embeddable":true,"href":"https:\/\/vibeyoup.com\/hu\/wp-json\/wp\/v2\/comments?post=29185"}],"wp:featuredmedia":[{"embeddable":true,"href":"https:\/\/vibeyoup.com\/hu\/wp-json\/wp\/v2\/media\/29186"}],"wp:attachment":[{"href":"https:\/\/vibeyoup.com\/hu\/wp-json\/wp\/v2\/media?parent=29185"}],"wp:term":[{"taxonomy":"product_brand","embeddable":true,"href":"https:\/\/vibeyoup.com\/hu\/wp-json\/wp\/v2\/product_brand?post=29185"},{"taxonomy":"product_cat","embeddable":true,"href":"https:\/\/vibeyoup.com\/hu\/wp-json\/wp\/v2\/product_cat?post=29185"},{"taxonomy":"product_tag","embeddable":true,"href":"https:\/\/vibeyoup.com\/hu\/wp-json\/wp\/v2\/product_tag?post=29185"}],"curies":[{"name":"wp","href":"https:\/\/api.w.org\/{rel}","templated":true}]}}