{"id":29181,"date":"2026-01-21T18:03:36","date_gmt":"2026-01-21T18:03:36","guid":{"rendered":"https:\/\/vibeyoup.com\/?post_type=product&#038;p=29181"},"modified":"2026-02-21T16:46:03","modified_gmt":"2026-02-21T16:46:03","slug":"pozitron-plus-personal-3-m","status":"publish","type":"product","link":"https:\/\/vibeyoup.com\/hu\/termek\/pozitron-plus-personal-3-m\/","title":{"rendered":"Pozitron Plus Personal 3 m"},"content":{"rendered":"<p><b>Hogyan m\u0171k\u00f6dik a Pozitron Plus Personal 3 m?<\/b><\/p>\n<p><span style=\"font-weight: 400;\">A Pozitron Plus Personal 3 m olyan frekvenciaspektrumot bocs\u00e1t ki, amely:<\/span><\/p>\n<ul>\n<li style=\"font-weight: 400;\" aria-level=\"1\"><span style=\"font-weight: 400;\">Semleges\u00edti a k\u00e1ros sug\u00e1rz\u00e1st<\/span><\/li>\n<li style=\"font-weight: 400;\" aria-level=\"1\"><span style=\"font-weight: 400;\">Pozit\u00edvan stimul\u00e1lja a <\/span><b>akaratlan idegrendszer<\/b><\/li>\n<li style=\"font-weight: 400;\" aria-level=\"1\"><span style=\"font-weight: 400;\">Emelje fel a <\/span><b>az energia \u00e1raml\u00e1sa minden szerven \u00e9s szerves rendszeren kereszt\u00fcl<\/b><\/li>\n<\/ul>\n<p><b>A k\u00e1ros sug\u00e1rz\u00e1s k\u00f3rokoz\u00f3 spektrum\u00e1t az \u00d6nt k\u00f6r\u00fclvev\u0151 3 m\u00e9teres k\u00f6rzetben - nagy sz\u00e1zal\u00e9kban - 90% felett semleges\u00edti.<\/b><\/p>\n<p><b>Hordozhat\u00f3 v\u00e9delem mindennapi haszn\u00e1latra<\/b><\/p>\n<p><span style=\"font-weight: 400;\">A Pozitron Plus Personal 3 m-es k\u00e9sz\u00fcl\u00e9ket \u00fagy tervezt\u00e9k, hogy mindig mag\u00e1n\u00e1l hordhassa.<\/span><span style=\"font-weight: 400;\"><br \/>\n<\/span><span style=\"font-weight: 400;\">Elhelyezhet\u0151 egy <\/span><b>p\u00e9nzt\u00e1rca, p\u00e9nzt\u00e1rca vagy zseb<\/b><span style=\"font-weight: 400;\">, vagy a k\u00f6zelben helyezkedik el a napi tev\u00e9kenys\u00e9gek sor\u00e1n.<\/span><\/p>\n<p><span style=\"font-weight: 400;\">Aj\u00e1nlott mindennapi haszn\u00e1latra:<\/span><\/p>\n<ul>\n<li style=\"font-weight: 400;\" aria-level=\"1\"><span style=\"font-weight: 400;\">Munkahelyen, iskol\u00e1ban vagy egyetemen<\/span><\/li>\n<li style=\"font-weight: 400;\" aria-level=\"1\"><span style=\"font-weight: 400;\">A tal\u00e1lkoz\u00f3kra v\u00e1rva<\/span><\/li>\n<li style=\"font-weight: 400;\" aria-level=\"1\"><span style=\"font-weight: 400;\">K\u00e1v\u00e9z\u00f3kban vagy nyilv\u00e1nos helyeken<\/span><\/li>\n<li style=\"font-weight: 400;\" aria-level=\"1\"><span style=\"font-weight: 400;\">Az asztalra helyezve vagy a k\u00e9zben tartva<\/span><\/li>\n<\/ul>\n<p><b>Utaz\u00e1s \u00e9s alv\u00e1s<\/b><\/p>\n<p><span style=\"font-weight: 400;\">A k\u00e9sz\u00fcl\u00e9k k\u00fcl\u00f6n\u00f6sen \u00e9rt\u00e9kes utaz\u00e1s k\u00f6zben.<\/span><span style=\"font-weight: 400;\"><br \/>\n<\/span><span style=\"font-weight: 400;\">Ha sz\u00e1llod\u00e1ban, vend\u00e9gh\u00e1zban vagy nyaral\u00f3ban sz\u00e1ll meg, akkor elhelyezhet\u0151 <\/span><b>az \u00e1gy mellett<\/b><span style=\"font-weight: 400;\">, seg\u00edtve ezzel az alv\u00f3hely v\u00e9delm\u00e9t.<\/span><\/p>\n<p><span style=\"font-weight: 400;\">Amellett, hogy semleges\u00edti a k\u00e1ros sug\u00e1rz\u00e1st, frekvenciaspektruma pozit\u00edvan stimul\u00e1lja az \u00f6nk\u00e9ntelen idegrendszert, \u00e9s t\u00e1mogatja az \u00e1ltal\u00e1nos energia\u00e1raml\u00e1st a pihen\u00e9s sor\u00e1n.<\/span><\/p>\n<p><b>A Pozitron Plus Personal 3 m f\u0151 jellemz\u0151i<\/b><\/p>\n<ul>\n<li style=\"font-weight: 400;\" aria-level=\"1\"><span style=\"font-weight: 400;\">Tervezve <\/span><b>egyszem\u00e9lyes haszn\u00e1lat<\/b><\/li>\n<li style=\"font-weight: 400;\" aria-level=\"1\"><span style=\"font-weight: 400;\">Akt\u00edv v\u00e9delmi sug\u00e1r: <\/span><b>k\u00f6r\u00fclbel\u00fcl 3 m\u00e9ter<\/b><\/li>\n<li style=\"font-weight: 400;\" aria-level=\"1\"><span style=\"font-weight: 400;\">Semleges\u00edti a k\u00e1ros sug\u00e1rz\u00e1st <\/span><b>90% felett az akt\u00edv tartom\u00e1nyon bel\u00fcl<\/b><\/li>\n<li style=\"font-weight: 400;\" aria-level=\"1\"><span style=\"font-weight: 400;\">Hordozhat\u00f3 \u00e9s k\u00f6nnyen hordozhat\u00f3<\/span><\/li>\n<li style=\"font-weight: 400;\" aria-level=\"1\"><span style=\"font-weight: 400;\">T\u00e1mogatja az immunrendszer er\u0151ss\u00e9g\u00e9t az energetikai befoly\u00e1son kereszt\u00fcl<\/span><\/li>\n<li style=\"font-weight: 400;\" aria-level=\"1\"><span style=\"font-weight: 400;\">T\u00e1mogatja a pozit\u00edv hangulatot, hozz\u00e1\u00e1ll\u00e1st \u00e9s energi\u00e1t<\/span><\/li>\n<\/ul>\n<p><b>A term\u00e9k kiemelked\u0151 jellemz\u0151i<\/b><\/p>\n<ul>\n<li style=\"font-weight: 400;\" aria-level=\"1\"><span style=\"font-weight: 400;\">Szem\u00e9lyi v\u00e9d\u0151eszk\u00f6z<\/span><\/li>\n<li style=\"font-weight: 400;\" aria-level=\"1\"><span style=\"font-weight: 400;\">Kompakt \u00e9s hordozhat\u00f3 kialak\u00edt\u00e1s<\/span><\/li>\n<li style=\"font-weight: 400;\" aria-level=\"1\"><span style=\"font-weight: 400;\">Alkalmas mindennapi \u00e9s utaz\u00e1si haszn\u00e1latra<\/span><\/li>\n<li style=\"font-weight: 400;\" aria-level=\"1\"><span style=\"font-weight: 400;\">Akt\u00edv sug\u00e1r: <\/span><b>3 m\u00e9ter<\/b><\/li>\n<\/ul>\n<p>&nbsp;<\/p>","protected":false},"excerpt":{"rendered":"<p><b>Szem\u00e9lyi v\u00e9d\u0151eszk\u00f6z egy\u00e9ni haszn\u00e1latra<\/b><\/p>\n<p><b>Milyen t\u00edpus\u00fa k\u00e9sz\u00fcl\u00e9k a Pozitron Plus Personal 3 m?<\/b><\/p>\n<p><span style=\"font-weight: 400;\">A <\/span><b>Pozitron Plus Personal 3 m<\/b><span style=\"font-weight: 400;\"> egy <\/span><b>szem\u00e9lyi haszn\u00e1lat\u00fa v\u00e9d\u0151eszk\u00f6z<\/b><span style=\"font-weight: 400;\"> amelynek c\u00e9lja, hogy energetikailag t\u00e1mogassa a testet \u00e9s n\u00f6velje az ellen\u00e1ll\u00e1st a <\/span><b>k\u00e1ros sug\u00e1rz\u00e1s \u00e9s betegs\u00e9gek<\/b><span style=\"font-weight: 400;\"> az immunrendszer er\u0151s\u00edt\u00e9s\u00e9vel.<\/span><span style=\"font-weight: 400;\"><br \/>\n<\/span><span style=\"font-weight: 400;\">A <\/span><b>pozit\u00edv frekvenci\u00e1k<\/b><span style=\"font-weight: 400;\"> a k\u00f6rnyezet\u00e9be bocs\u00e1t ki, t\u00e1mogatja a hosszabb ideig tart\u00f3 j\u00f3 hangulatot, a pozit\u00edv hozz\u00e1\u00e1ll\u00e1st, a megn\u00f6vekedett energi\u00e1t \u00e9s a magas szint\u0171 \u00f6npozitivit\u00e1st is.<\/span><\/p>\n<p><span style=\"font-weight: 400;\">A k\u00e9sz\u00fcl\u00e9k rendelkezik egy <\/span><b>kb. 3 m\u00e9teres akt\u00edv v\u00e9delmi sug\u00e1r<\/b><span style=\"font-weight: 400;\"> \u00e9s a k\u00f6vetkez\u0151 c\u00e9lokra sz\u00e1nt\u00e1k <\/span><b>egyszem\u00e9lyes haszn\u00e1lat<\/b><span style=\"font-weight: 400;\">.<\/span><\/p>","protected":false},"featured_media":29184,"comment_status":"open","ping_status":"closed","template":"","meta":{"_acf_changed":false,"_seopress_robots_primary_cat":"none","_seopress_titles_title":"Pozitron Personal: Certified Bio-Regulation Device","_seopress_titles_desc":"Secure the Pozitron Personal. This professional device ensures precise, individual human bio-regulation and holistic energy support. Order Now.","_seopress_robots_index":""},"product_brand":[],"product_cat":[128],"product_tag":[],"class_list":{"0":"post-29181","1":"product","2":"type-product","3":"status-publish","4":"has-post-thumbnail","6":"product_cat-energy-harmonizing-devices","8":"first","9":"instock","10":"taxable","11":"shipping-taxable","12":"purchasable","13":"product-type-simple"},"acf":[],"_links":{"self":[{"href":"https:\/\/vibeyoup.com\/hu\/wp-json\/wp\/v2\/product\/29181","targetHints":{"allow":["GET"]}}],"collection":[{"href":"https:\/\/vibeyoup.com\/hu\/wp-json\/wp\/v2\/product"}],"about":[{"href":"https:\/\/vibeyoup.com\/hu\/wp-json\/wp\/v2\/types\/product"}],"replies":[{"embeddable":true,"href":"https:\/\/vibeyoup.com\/hu\/wp-json\/wp\/v2\/comments?post=29181"}],"wp:featuredmedia":[{"embeddable":true,"href":"https:\/\/vibeyoup.com\/hu\/wp-json\/wp\/v2\/media\/29184"}],"wp:attachment":[{"href":"https:\/\/vibeyoup.com\/hu\/wp-json\/wp\/v2\/media?parent=29181"}],"wp:term":[{"taxonomy":"product_brand","embeddable":true,"href":"https:\/\/vibeyoup.com\/hu\/wp-json\/wp\/v2\/product_brand?post=29181"},{"taxonomy":"product_cat","embeddable":true,"href":"https:\/\/vibeyoup.com\/hu\/wp-json\/wp\/v2\/product_cat?post=29181"},{"taxonomy":"product_tag","embeddable":true,"href":"https:\/\/vibeyoup.com\/hu\/wp-json\/wp\/v2\/product_tag?post=29181"}],"curies":[{"name":"wp","href":"https:\/\/api.w.org\/{rel}","templated":true}]}}