{"id":29178,"date":"2026-01-21T17:57:36","date_gmt":"2026-01-21T17:57:36","guid":{"rendered":"https:\/\/vibeyoup.com\/?post_type=product&#038;p=29178"},"modified":"2026-02-21T16:45:20","modified_gmt":"2026-02-21T16:45:20","slug":"pozitron-plus-home-20-m","status":"publish","type":"product","link":"https:\/\/vibeyoup.com\/hu\/termek\/pozitron-plus-home-20-m\/","title":{"rendered":"Pozitron Plus HOME 20 m"},"content":{"rendered":"<p><b>Hol \u00e9s hogyan kell haszn\u00e1lni a Pozitron Plus HOME 20 m-t?<\/b><\/p>\n<p><span style=\"font-weight: 400;\">A Pozitron Plus HOME 20 m-t kell elhelyezni:<\/span><\/p>\n<ul>\n<li style=\"font-weight: 400;\" aria-level=\"1\"><span style=\"font-weight: 400;\">A <\/span><b>eredeti doboz<\/b><\/li>\n<li style=\"font-weight: 400;\" aria-level=\"1\"><span style=\"font-weight: 400;\">A <\/span><b>a t\u00e9r k\u00f6zep\u00e9n<\/b><span style=\"font-weight: 400;\"> (h\u00e1z, lak\u00e1s, iroda stb.)<\/span><\/li>\n<li style=\"font-weight: 400;\" aria-level=\"1\"><span style=\"font-weight: 400;\">Egy <\/span><b>asztal, szekr\u00e9ny, kom\u00f3d vagy a padl\u00f3ra helyezve.<\/b><\/li>\n<\/ul>\n<p><span style=\"font-weight: 400;\">A falak nem akad\u00e1lyozz\u00e1k a m\u0171k\u00f6d\u00e9s\u00e9t.<\/span><span style=\"font-weight: 400;\"><br \/>\n<\/span><span style=\"font-weight: 400;\">A maxim\u00e1lis hat\u00e9konys\u00e1g biztos\u00edt\u00e1sa \u00e9rdek\u00e9ben aj\u00e1nlott a <\/span><b>k\u00f6r\u00fclbel\u00fcl 30 cm szabad t\u00e9r<\/b><span style=\"font-weight: 400;\"> a k\u00e9sz\u00fcl\u00e9k k\u00f6r\u00fcl.<\/span><\/p>\n<p><span style=\"font-weight: 400;\">Ez az elhelyez\u00e9s maxim\u00e1lis v\u00e9delmet biztos\u00edt <\/span><b>20 m\u00e9teres k\u00f6rzetben minden ir\u00e1nyban<\/b><span style=\"font-weight: 400;\">.<\/span><\/p>\n<p><b>Hogyan m\u0171k\u00f6dik a Pozitron Plus HOME 20 m?<\/b><\/p>\n<p><span style=\"font-weight: 400;\">A <\/span><b>a k\u00e1ros sug\u00e1rz\u00e1s semleges\u00edt\u00e9se<\/b><span style=\"font-weight: 400;\">, amikor a k\u00e9sz\u00fcl\u00e9ket a k\u00e9zben tartj\u00e1k, k\u00f6zel a testhez, a frekvenci\u00e1i:<\/span><\/p>\n<ul>\n<li style=\"font-weight: 400;\" aria-level=\"1\"><span style=\"font-weight: 400;\">Pozit\u00edvan stimul\u00e1lja a <\/span><b>akaratlan idegrendszer<\/b><\/li>\n<li style=\"font-weight: 400;\" aria-level=\"1\"><span style=\"font-weight: 400;\">Emelje fel a <\/span><b>az energia \u00e1raml\u00e1sa minden szerven \u00e9s szerves rendszeren kereszt\u00fcl<\/b><\/li>\n<\/ul>\n<p><span style=\"font-weight: 400;\">Ezen energetikai t\u00e1mogat\u00e1s r\u00e9v\u00e9n a Pozitron az immunrendszer er\u0151s\u00edt\u00e9s\u00e9vel seg\u00edt a szervezetnek ellen\u00e1ll\u00f3bb\u00e1 v\u00e1lni a k\u00e1ros sug\u00e1rz\u00e1ssal \u00e9s a betegs\u00e9gekkel szemben.<\/span><\/p>\n<p><b>A hangulatra \u00e9s az energi\u00e1ra gyakorolt hat\u00e1sok<\/b><\/p>\n<p><span style=\"font-weight: 400;\">A hat\u00e1s\u00e1ra a <\/span><b>pozit\u00edv frekvenci\u00e1k<\/b><span style=\"font-weight: 400;\"> a k\u00f6rnyezetbe kibocs\u00e1tott, a k\u00e9sz\u00fcl\u00e9k t\u00e1mogatja:<\/span><\/p>\n<ul>\n<li style=\"font-weight: 400;\" aria-level=\"1\"><span style=\"font-weight: 400;\">Hosszabb j\u00f3 hangulat\u00fa id\u0151szakok<\/span><\/li>\n<li style=\"font-weight: 400;\" aria-level=\"1\"><span style=\"font-weight: 400;\">Pozit\u00edvabb hozz\u00e1\u00e1ll\u00e1s<\/span><\/li>\n<li style=\"font-weight: 400;\" aria-level=\"1\"><span style=\"font-weight: 400;\">Fokozott pozit\u00edv energia<\/span><\/li>\n<li style=\"font-weight: 400;\" aria-level=\"1\"><span style=\"font-weight: 400;\">Magasabb szint\u0171 \u00f6npozitivit\u00e1s<\/span><\/li>\n<\/ul>\n<p><b>Aj\u00e1nlott k\u00f6rnyezetek<\/b><\/p>\n<p><span style=\"font-weight: 400;\">A Pozitron Plus HOME 20 m haszn\u00e1lhat\u00f3:<\/span><\/p>\n<ul>\n<li style=\"font-weight: 400;\" aria-level=\"1\"><span style=\"font-weight: 400;\">Mag\u00e1nh\u00e1zak \u00e9s apartmanok<\/span><\/li>\n<li style=\"font-weight: 400;\" aria-level=\"1\"><span style=\"font-weight: 400;\">Irod\u00e1k \u00e9s \u00fczlethelyis\u00e9gek<\/span><\/li>\n<li style=\"font-weight: 400;\" aria-level=\"1\"><span style=\"font-weight: 400;\">Gy\u00e1rak \u00e9s munkahelyek<\/span><\/li>\n<li style=\"font-weight: 400;\" aria-level=\"1\"><span style=\"font-weight: 400;\">Iskol\u00e1k \u00e9s \u00f3vod\u00e1k<\/span><\/li>\n<li style=\"font-weight: 400;\" aria-level=\"1\"><span style=\"font-weight: 400;\">K\u00f3rh\u00e1zak \u00e9s eg\u00e9szs\u00e9g\u00fcgyi k\u00f6rnyezetek<\/span><\/li>\n<\/ul>\n<p><b>A term\u00e9k kiemelked\u0151 jellemz\u0151i<\/b><\/p>\n<ul>\n<li style=\"font-weight: 400;\" aria-level=\"1\"><span style=\"font-weight: 400;\">Nagy terekhez tervezve<\/span><\/li>\n<li style=\"font-weight: 400;\" aria-level=\"1\"><span style=\"font-weight: 400;\">Akt\u00edv sug\u00e1r: <\/span><b>20 m\u00e9ter<\/b><\/li>\n<li style=\"font-weight: 400;\" aria-level=\"1\"><span style=\"font-weight: 400;\">Falakon kereszt\u00fcl m\u0171k\u00f6dik<\/span><\/li>\n<li style=\"font-weight: 400;\" aria-level=\"1\"><span style=\"font-weight: 400;\">Szabad hely sz\u00fcks\u00e9ges a k\u00e9sz\u00fcl\u00e9k k\u00f6r\u00fcl az optim\u00e1lis teljes\u00edtm\u00e9nyhez<\/span><\/li>\n<li style=\"font-weight: 400;\" aria-level=\"1\"><span style=\"font-weight: 400;\">Alkalmas lakoss\u00e1gi \u00e9s professzion\u00e1lis k\u00f6rnyezetbe<\/span><\/li>\n<\/ul>","protected":false},"excerpt":{"rendered":"<p><b>V\u00e9d\u0151eszk\u00f6z nagy terek sz\u00e1m\u00e1ra<\/b><\/p>\n<p><b>Milyen a Pozitron Plus HOME 20 m?<\/b><\/p>\n<p><span style=\"font-weight: 400;\">A <\/span><b>Pozitron Plus HOME 20 m<\/b><span style=\"font-weight: 400;\"> a k\u00f6vetkez\u0151 c\u00e9lokra tervezt\u00e9k <\/span><b>nagy terek magas sz\u00ednvonal\u00fa v\u00e9delme<\/b><span style=\"font-weight: 400;\">.<\/span><span style=\"font-weight: 400;\"><br \/>\n<\/span><span style=\"font-weight: 400;\">Alkalmas a k\u00f6vetkez\u0151kben val\u00f3 felhaszn\u00e1l\u00e1sra <\/span><b>h\u00e1zak, lak\u00e1sok, irod\u00e1k, gy\u00e1rak, iskol\u00e1k, \u00f3vod\u00e1k, k\u00f3rh\u00e1zak, stb.<\/b><span style=\"font-weight: 400;\">, \u00e9s m\u00e1s nagym\u00e9ret\u0171 belt\u00e9ri k\u00f6rnyezetekben.<\/span><\/p>\n<p><span style=\"font-weight: 400;\">A k\u00e9sz\u00fcl\u00e9k v\u00e9delmet ny\u00fajt egy <\/span><b>20 m\u00e9teres k\u00f6rzetben<\/b><span style=\"font-weight: 400;\">, \u00edgy ide\u00e1lis eg\u00e9sz lak\u00f3- vagy munkater\u00fcletek lefed\u00e9s\u00e9re.<\/span><\/p>","protected":false},"featured_media":3245,"comment_status":"open","ping_status":"closed","template":"","meta":{"_acf_changed":false,"_seopress_robots_primary_cat":"none","_seopress_titles_title":"Pozitron Plus Home: Holistic Bio-Regulation","_seopress_titles_desc":"The certified Pozitron Plus Home system. Professional bio-regulation for the whole family's holistic balance and authoritative well-being. View Specifications.","_seopress_robots_index":""},"product_brand":[],"product_cat":[128],"product_tag":[],"class_list":{"0":"post-29178","1":"product","2":"type-product","3":"status-publish","4":"has-post-thumbnail","6":"product_cat-energy-harmonizing-devices","8":"first","9":"instock","10":"taxable","11":"shipping-taxable","12":"purchasable","13":"product-type-simple"},"acf":[],"_links":{"self":[{"href":"https:\/\/vibeyoup.com\/hu\/wp-json\/wp\/v2\/product\/29178","targetHints":{"allow":["GET"]}}],"collection":[{"href":"https:\/\/vibeyoup.com\/hu\/wp-json\/wp\/v2\/product"}],"about":[{"href":"https:\/\/vibeyoup.com\/hu\/wp-json\/wp\/v2\/types\/product"}],"replies":[{"embeddable":true,"href":"https:\/\/vibeyoup.com\/hu\/wp-json\/wp\/v2\/comments?post=29178"}],"wp:featuredmedia":[{"embeddable":true,"href":"https:\/\/vibeyoup.com\/hu\/wp-json\/wp\/v2\/media\/3245"}],"wp:attachment":[{"href":"https:\/\/vibeyoup.com\/hu\/wp-json\/wp\/v2\/media?parent=29178"}],"wp:term":[{"taxonomy":"product_brand","embeddable":true,"href":"https:\/\/vibeyoup.com\/hu\/wp-json\/wp\/v2\/product_brand?post=29178"},{"taxonomy":"product_cat","embeddable":true,"href":"https:\/\/vibeyoup.com\/hu\/wp-json\/wp\/v2\/product_cat?post=29178"},{"taxonomy":"product_tag","embeddable":true,"href":"https:\/\/vibeyoup.com\/hu\/wp-json\/wp\/v2\/product_tag?post=29178"}],"curies":[{"name":"wp","href":"https:\/\/api.w.org\/{rel}","templated":true}]}}