{"id":29175,"date":"2026-01-21T17:54:55","date_gmt":"2026-01-21T17:54:55","guid":{"rendered":"https:\/\/vibeyoup.com\/?post_type=product&#038;p=29175"},"modified":"2026-02-21T16:45:34","modified_gmt":"2026-02-21T16:45:34","slug":"pozitron-plus-dekontaminator-arany-20-m-extra-eros","status":"publish","type":"product","link":"https:\/\/vibeyoup.com\/hu\/termek\/pozitron-plus-dekontaminator-gold-20-m-extra-strong\/","title":{"rendered":"Pozitron Plus dekontamin\u00e1tor arany - 20 m (Extra er\u0151s)"},"content":{"rendered":"<p><b>Hogyan m\u0171k\u00f6dik a DNE?<\/b><\/p>\n<p><span style=\"font-weight: 400;\">A Pozitron Plus Dekontamin\u00e1tor egy <\/span><b>rendk\u00edv\u00fcl kifinomult nanotechnol\u00f3giai term\u00e9k<\/b><span style=\"font-weight: 400;\"> amely akt\u00edvan sug\u00e1rozza saj\u00e1t pozit\u00edv frekvenci\u00e1inak sz\u00e9les spektrum\u00e1t.<\/span><span style=\"font-weight: 400;\"><br \/>\n<\/span><span style=\"font-weight: 400;\">Ezek a frekvenci\u00e1k zavarj\u00e1k a negat\u00edv energi\u00e1k frekvenci\u00e1it, \u00e9s megsz\u00fcntetik azokat.<\/span><\/p>\n<p><span style=\"font-weight: 400;\">A <\/span><b>fert\u0151tlen\u00edt\u00e9si folyamat<\/b><span style=\"font-weight: 400;\"> vehetnek a <\/span><b>n\u00e9h\u00e1ny perct\u0151l n\u00e9h\u00e1ny \u00f3r\u00e1ig<\/b><span style=\"font-weight: 400;\">, a t\u00e9r, a t\u00e1rgy vagy a szem\u00e9ly energetikai szennyezetts\u00e9g\u00e9nek szintj\u00e9t\u0151l f\u00fcgg\u0151en.<\/span><\/p>\n<p><span style=\"font-weight: 400;\">A <\/span><b>akt\u00edv sug\u00e1r<\/b><span style=\"font-weight: 400;\"> a k\u00e9sz\u00fcl\u00e9k <\/span><b>k\u00f6r\u00fclbel\u00fcl 20 m\u00e9ter<\/b><span style=\"font-weight: 400;\">.<\/span><\/p>\n<p><b>A Dekontamin\u00e1tor aj\u00e1nlott haszn\u00e1lata<\/b><\/p>\n<p><b>Professzion\u00e1lis haszn\u00e1lat:<\/b><\/p>\n<p><span style=\"font-weight: 400;\">Ha a p\u00e1ciensek vagy \u00fcgyfelek rendszeresen l\u00e1togatj\u00e1k az irod\u00e1j\u00e1t, aj\u00e1nlott:<\/span><\/p>\n<ul>\n<li style=\"font-weight: 400;\" aria-level=\"1\"><span style=\"font-weight: 400;\">Tiszt\u00edtsa meg a teret k\u00f6r\u00fclbel\u00fcl <\/span><b>10 perc<\/b><span style=\"font-weight: 400;\"> munkaid\u0151 el\u0151tt \u00e9s ut\u00e1n<\/span><\/li>\n<li style=\"font-weight: 400;\" aria-level=\"1\"><span style=\"font-weight: 400;\">Helyezze a k\u00e9sz\u00fcl\u00e9ket <\/span><b>1-2 m\u00e9terre a betegt\u0151l kb. 15 percig<\/b><span style=\"font-weight: 400;\"> a negat\u00edv energi\u00e1k \u00e9s energetikai blokkok elt\u00e1vol\u00edt\u00e1s\u00e1ra<\/span><\/li>\n<li style=\"font-weight: 400;\" aria-level=\"1\"><span style=\"font-weight: 400;\">Haszn\u00e1lja a k\u00e9sz\u00fcl\u00e9ket naponta professzion\u00e1lis k\u00f6rnyezetben<\/span><\/li>\n<\/ul>\n<p><span style=\"font-weight: 400;\">Az eszk\u00f6zt nem kell elmagyar\u00e1zni a p\u00e1ciensnek.<\/span><\/p>\n<p><b>Otthoni haszn\u00e1lat:<\/b><\/p>\n<p><span style=\"font-weight: 400;\">Otthoni k\u00f6rnyezetben aj\u00e1nlott:<\/span><\/p>\n<ul>\n<li style=\"font-weight: 400;\" aria-level=\"1\"><span style=\"font-weight: 400;\">Helyezze a k\u00e9sz\u00fcl\u00e9ket minden helyis\u00e9gben <\/span><b>k\u00f6r\u00fclbel\u00fcl 30 perc<\/b><\/li>\n<li style=\"font-weight: 400;\" aria-level=\"1\"><span style=\"font-weight: 400;\">Haszn\u00e1lja <\/span><b>hetente egyszer vagy k\u00e9tszer<\/b><span style=\"font-weight: 400;\">, ig\u00e9ny szerint<\/span><\/li>\n<li style=\"font-weight: 400;\" aria-level=\"1\"><span style=\"font-weight: 400;\">Helyezze alv\u00e1sra haszn\u00e1lt \u00e1gyakra <\/span><b>havonta k\u00e9tszer 10 percig<\/b><\/li>\n<\/ul>\n<p><span style=\"font-weight: 400;\">Ha bizonyos t\u00e1rgyakat kell tiszt\u00edtani, helyezze a k\u00e9sz\u00fcl\u00e9ket a k\u00f6zel\u00fckbe, hogy <\/span><b>kb. 15 perc<\/b><span style=\"font-weight: 400;\">.<\/span><\/p>\n<p><b>Haszn\u00e1lati figyelmeztet\u00e9sek \u00e9s t\u00e1rol\u00e1s<\/b><\/p>\n<p><span style=\"font-weight: 400;\">A Pozitron Plus Dekontamin\u00e1tor <\/span><b>nem \u00e1lland\u00f3 haszn\u00e1latra tervezt\u00e9k<\/b><span style=\"font-weight: 400;\"> elfoglalt helyis\u00e9gekben.<\/span><span style=\"font-weight: 400;\"><br \/>\n<\/span><span style=\"font-weight: 400;\">Az er\u0151s energia\u00e1tvitel miatt a hosszan tart\u00f3 expoz\u00edci\u00f3 olyan mell\u00e9khat\u00e1sokat okozhat, mint h\u00e1nyinger, sz\u00e9d\u00fcl\u00e9s, f\u00fclz\u00fag\u00e1s, fejf\u00e1j\u00e1s, mellkasi nyom\u00e1s vagy sz\u00edvdobog\u00e1s.<\/span><\/p>\n<p><span style=\"font-weight: 400;\">Aj\u00e1nlott haszn\u00e1lat:<\/span><\/p>\n<ul>\n<li style=\"font-weight: 400;\" aria-level=\"1\"><span style=\"font-weight: 400;\">Am\u00edg az emberek jelen vannak: <\/span><b>15 perc \u00e9s legfeljebb 1 \u00f3ra k\u00f6z\u00f6tt<\/b><\/li>\n<li style=\"font-weight: 400;\" aria-level=\"1\"><span style=\"font-weight: 400;\">Ha nincsenek jelen emberek: egy teljes napra vagy \u00e9jszak\u00e1ra a t\u00e9rben hagyhat\u00f3.<\/span><\/li>\n<\/ul>\n<p><span style=\"font-weight: 400;\">Haszn\u00e1lat ut\u00e1n a k\u00e9sz\u00fcl\u00e9ket vissza kell helyezni a k\u00e9sz\u00fcl\u00e9kbe. <\/span><b>eredeti fekete doboz<\/b><span style=\"font-weight: 400;\">, ahol aktivit\u00e1sa semleges\u00fcl.<\/span><\/p>\n<p><b>Mi a negat\u00edv energia?<\/b><\/p>\n<p><span style=\"font-weight: 400;\">Minden \u00e9l\u0151l\u00e9ny \u00e9s t\u00e1rgy energetikai rezg\u00e9seket bocs\u00e1t ki.<\/span><span style=\"font-weight: 400;\"><br \/>\n<\/span><span style=\"font-weight: 400;\">A negat\u00edv energi\u00e1k a t\u00e9rben l\u00e9v\u0151 kedvez\u0151tlen energetikai rezg\u00e9sek interferenci\u00e1j\u00e1b\u00f3l keletkeznek, szennyezve a k\u00f6rnyezetet, a t\u00e1rgyakat \u00e9s az \u00e9l\u0151l\u00e9nyeket.<\/span><\/p>\n<p><span style=\"font-weight: 400;\">A negat\u00edv energi\u00e1knak val\u00f3 hossz\u00fa t\u00e1v\u00fa kitetts\u00e9g els\u0151sorban a k\u00f6vetkez\u0151ket \u00e9rinti <\/span><b>ment\u00e1lis eg\u00e9szs\u00e9g<\/b><span style=\"font-weight: 400;\">, felbor\u00edthatja a pszichofizikai egyens\u00falyt, \u00e9s kr\u00f3nikus f\u00e1radts\u00e1ghoz, \u00e9rzelmi zavarokhoz \u00e9s funkcion\u00e1lis neh\u00e9zs\u00e9gekhez vezethet.<\/span><\/p>\n<p><b>Ki haszn\u00e1lhatja a Pozitron Plus dekontamin\u00e1tort?<\/b><\/p>\n<p><span style=\"font-weight: 400;\">A k\u00e9sz\u00fcl\u00e9k aj\u00e1nlott:<\/span><\/p>\n<ul>\n<li style=\"font-weight: 400;\" aria-level=\"1\"><span style=\"font-weight: 400;\">Emberekkel szorosan egy\u00fcttm\u0171k\u00f6d\u0151 szakemberek (pszichi\u00e1terek, pszichol\u00f3gusok, orvosok, terapeut\u00e1k, massz\u0151r\u00f6k, kozmetikusok, fodr\u00e1szok, menedzserek, spiritu\u00e1lis gy\u00f3gy\u00edt\u00f3k \u00e9s m\u00e1sok).<\/span><\/li>\n<li style=\"font-weight: 400;\" aria-level=\"1\"><span style=\"font-weight: 400;\">Csal\u00e1di h\u00e1ztart\u00e1sok<\/span><\/li>\n<li style=\"font-weight: 400;\" aria-level=\"1\"><span style=\"font-weight: 400;\">Irod\u00e1k, gy\u00e1rak, iskol\u00e1k, \u00f3vod\u00e1k, k\u00f3rh\u00e1zak, id\u0151sek otthonai, k\u00f6zint\u00e9zm\u00e9nyek \u00e9s bev\u00e1s\u00e1rl\u00f3k\u00f6zpontok.<\/span><\/li>\n<\/ul>\n<p><span style=\"font-weight: 400;\">A szakemberek a k\u00e9sz\u00fcl\u00e9ket a k\u00f6vetkez\u0151kre haszn\u00e1lj\u00e1k:<\/span><\/p>\n<ul>\n<li style=\"font-weight: 400;\" aria-level=\"1\"><span style=\"font-weight: 400;\">V\u00e9dj\u00e9k saj\u00e1t eg\u00e9szs\u00e9g\u00fcket a felgy\u00fclemlett negat\u00edv energi\u00e1kt\u00f3l.<\/span><\/li>\n<li style=\"font-weight: 400;\" aria-level=\"1\"><span style=\"font-weight: 400;\">Jav\u00edts\u00e1k szolg\u00e1ltat\u00e1saik hat\u00e9konys\u00e1g\u00e1t \u00e9s az \u00fcgyfelek el\u00e9gedetts\u00e9g\u00e9t.<\/span><\/li>\n<\/ul>\n<p><b>A term\u00e9k kiemelked\u0151 jellemz\u0151i<\/b><\/p>\n<ul>\n<li style=\"font-weight: 400;\" aria-level=\"1\"><span style=\"font-weight: 400;\">Negat\u00edv energi\u00e1k fert\u0151tlen\u00edt\u0151je (DNE)<\/span><\/li>\n<li style=\"font-weight: 400;\" aria-level=\"1\"><span style=\"font-weight: 400;\">Nanotechnol\u00f3gi\u00e1s frekvencia alap\u00fa eszk\u00f6z<\/span><\/li>\n<li style=\"font-weight: 400;\" aria-level=\"1\"><span style=\"font-weight: 400;\">Extra er\u0151s arany v\u00e1ltozat<\/span><\/li>\n<li style=\"font-weight: 400;\" aria-level=\"1\"><span style=\"font-weight: 400;\">Akt\u00edv sug\u00e1r: <\/span><b>20 m\u00e9ter<\/b><\/li>\n<li style=\"font-weight: 400;\" aria-level=\"1\"><span style=\"font-weight: 400;\">Professzion\u00e1lis \u00e9s otthoni k\u00f6rnyezetbe tervezve<\/span><\/li>\n<\/ul>","protected":false},"excerpt":{"rendered":"<p><b>Negat\u00edv energi\u00e1k fert\u0151tlen\u00edt\u0151je (DNE)<\/b><\/p>\n<p><b>Milyen t\u00edpus\u00fa k\u00e9sz\u00fcl\u00e9k a Pozitron Plus Dekontaminator Gold?<\/b><\/p>\n<p><span style=\"font-weight: 400;\">A <\/span><b>Pozitron Plus Dekontamin\u00e1tor Gold (Extra er\u0151s)<\/b><span style=\"font-weight: 400;\"> egy <\/span><b>DNE - Negat\u00edv energi\u00e1k fert\u0151tlen\u00edt\u0151je<\/b><span style=\"font-weight: 400;\">, amelyet \u00fagy terveztek, hogy <\/span><b>fert\u0151tlen\u00edti \u00e9s semleges\u00edti a negat\u00edv energi\u00e1kat<\/b><span style=\"font-weight: 400;\"> terekb\u0151l, t\u00e1rgyakb\u00f3l \u00e9s emberekb\u0151l.<\/span><span style=\"font-weight: 400;\"><br \/>\n<\/span><span style=\"font-weight: 400;\">\u00dagy m\u0171k\u00f6dik, hogy egy <\/span><b>programozott frekvenciaspektrum<\/b><span style=\"font-weight: 400;\"> a k\u00f6rnyezetbe, megzavarva a negat\u00edv energetikai rezg\u00e9seket \u00e9s megsz\u00fcntetve azokat.<\/span><\/p>\n<p><span style=\"font-weight: 400;\">A k\u00e9sz\u00fcl\u00e9k t\u00e1mogatja a k\u00f6vetkez\u0151ket is <\/span><b>hossz\u00fa t\u00e1v\u00fa megel\u0151z\u0151 v\u00e9delem<\/b><span style=\"font-weight: 400;\"> a negat\u00edv energi\u00e1k ism\u00e9telt felhalmoz\u00f3d\u00e1sa ellen a kezelt t\u00e9rben.<\/span><\/p>","protected":false},"featured_media":3243,"comment_status":"open","ping_status":"closed","template":"","meta":{"_acf_changed":false,"_seopress_robots_primary_cat":"none","_seopress_titles_title":"Pozitron Gold: Advanced Human Bio-Regulation","_seopress_titles_desc":"Experience Pozitron Gold, the advanced device for personal human bio-regulation, precision analysis, and authoritative holistic well-being. View Specifications.","_seopress_robots_index":""},"product_brand":[],"product_cat":[128],"product_tag":[],"class_list":{"0":"post-29175","1":"product","2":"type-product","3":"status-publish","4":"has-post-thumbnail","6":"product_cat-energy-harmonizing-devices","8":"first","9":"instock","10":"taxable","11":"shipping-taxable","12":"purchasable","13":"product-type-simple"},"acf":[],"_links":{"self":[{"href":"https:\/\/vibeyoup.com\/hu\/wp-json\/wp\/v2\/product\/29175","targetHints":{"allow":["GET"]}}],"collection":[{"href":"https:\/\/vibeyoup.com\/hu\/wp-json\/wp\/v2\/product"}],"about":[{"href":"https:\/\/vibeyoup.com\/hu\/wp-json\/wp\/v2\/types\/product"}],"replies":[{"embeddable":true,"href":"https:\/\/vibeyoup.com\/hu\/wp-json\/wp\/v2\/comments?post=29175"}],"wp:featuredmedia":[{"embeddable":true,"href":"https:\/\/vibeyoup.com\/hu\/wp-json\/wp\/v2\/media\/3243"}],"wp:attachment":[{"href":"https:\/\/vibeyoup.com\/hu\/wp-json\/wp\/v2\/media?parent=29175"}],"wp:term":[{"taxonomy":"product_brand","embeddable":true,"href":"https:\/\/vibeyoup.com\/hu\/wp-json\/wp\/v2\/product_brand?post=29175"},{"taxonomy":"product_cat","embeddable":true,"href":"https:\/\/vibeyoup.com\/hu\/wp-json\/wp\/v2\/product_cat?post=29175"},{"taxonomy":"product_tag","embeddable":true,"href":"https:\/\/vibeyoup.com\/hu\/wp-json\/wp\/v2\/product_tag?post=29175"}],"curies":[{"name":"wp","href":"https:\/\/api.w.org\/{rel}","templated":true}]}}