{"id":29172,"date":"2026-01-21T17:50:10","date_gmt":"2026-01-21T17:50:10","guid":{"rendered":"https:\/\/vibeyoup.com\/?post_type=product&#038;p=29172"},"modified":"2026-02-21T16:42:51","modified_gmt":"2026-02-21T16:42:51","slug":"orgon-zsebcsomag","status":"publish","type":"product","link":"https:\/\/vibeyoup.com\/hu\/termek\/orgone-pocket-package\/","title":{"rendered":"Orgon zsebcsomag"},"content":{"rendered":"<p><b>Hogyan m\u0171k\u00f6dik az Orgone Pocket k\u00e9sz\u00fcl\u00e9k?<\/b><\/p>\n<p><span style=\"font-weight: 400;\">Az Orgone Pocket csomag a k\u00f6vetkez\u0151ket tartalmazza <\/span><b>folyamatosan akt\u00edv orgonakrist\u00e1lyok<\/b><span style=\"font-weight: 400;\"> amelyek k\u00f6lcs\u00f6nhat\u00e1sba l\u00e9pnek a test term\u00e9szetes energiamezej\u00e9vel.<\/span><span style=\"font-weight: 400;\"><br \/>\n<\/span><span style=\"font-weight: 400;\">Ez a passz\u00edv energia k\u00f6lcs\u00f6nhat\u00e1s eg\u00e9sz nap t\u00e1mogatja az egyens\u00falyt \u00e9s a harm\u00f3ni\u00e1t, mik\u00f6zben k\u00f6nnyen hordozhat\u00f3 vagy k\u00f6zvetlen\u00fcl a testre helyezhet\u0151.<\/span><\/p>\n<p><span style=\"font-weight: 400;\">A nagyobb orgon\u00e1val vagy biofeedbackkel kapcsolatos rendszerekkel ellent\u00e9tben ez a k\u00e9sz\u00fcl\u00e9k \u00f6n\u00e1ll\u00f3an m\u0171k\u00f6dik, \u00e9s nem csatlakozik k\u00fcls\u0151 berendez\u00e9sekhez.<\/span><\/p>\n<p><b>Az Orgone Pocket csomag legfontosabb el\u0151nyei<\/b><\/p>\n<ul>\n<li style=\"font-weight: 400;\" aria-level=\"1\"><span style=\"font-weight: 400;\">T\u00e1mogatja a <\/span><b>\u00e1ltal\u00e1nos energiaharmoniz\u00e1ci\u00f3<\/b><\/li>\n<li style=\"font-weight: 400;\" aria-level=\"1\"><span style=\"font-weight: 400;\">A dinamikus \u00e9letm\u00f3d napi haszn\u00e1lat\u00e1ra tervezt\u00e9k<\/span><\/li>\n<li style=\"font-weight: 400;\" aria-level=\"1\"><span style=\"font-weight: 400;\">Hordozhat\u00f3, k\u00f6nny\u0171 \u00e9s k\u00f6nnyen hordozhat\u00f3<\/span><\/li>\n<li style=\"font-weight: 400;\" aria-level=\"1\"><span style=\"font-weight: 400;\">Seg\u00edt a relax\u00e1ci\u00f3 \u00e9s a stressz egyens\u00faly\u00e1nak fenntart\u00e1s\u00e1ban<\/span><\/li>\n<li style=\"font-weight: 400;\" aria-level=\"1\"><span style=\"font-weight: 400;\">T\u00e1mogatja a b\u0151r vitalit\u00e1s\u00e1t \u00e9s az \u00e1ltal\u00e1nos fiatal\u00edt\u00f3 rutinokat<\/span><\/li>\n<li style=\"font-weight: 400;\" aria-level=\"1\"><span style=\"font-weight: 400;\">Nincs sz\u00fcks\u00e9g be\u00e1ll\u00edt\u00e1sra, kalibr\u00e1l\u00e1sra vagy karbantart\u00e1sra<\/span><\/li>\n<\/ul>\n<p><b>Mi\u00e9rt v\u00e1lassza az Orgone Pocket csomagot?<\/b><\/p>\n<ul>\n<li style=\"font-weight: 400;\" aria-level=\"1\"><b>Hordozhat\u00f3 \u00e9s k\u00e9nyelmes<\/b><span style=\"font-weight: 400;\"> wellness megold\u00e1s<\/span><\/li>\n<li style=\"font-weight: 400;\" aria-level=\"1\"><span style=\"font-weight: 400;\">\u00d6n\u00e1ll\u00f3 orgon-energia k\u00e9sz\u00fcl\u00e9k<\/span><\/li>\n<li style=\"font-weight: 400;\" aria-level=\"1\"><span style=\"font-weight: 400;\">Passz\u00edv m\u0171k\u00f6d\u00e9s folyamatosan akt\u00edv krist\u00e1lyokkal<\/span><\/li>\n<li style=\"font-weight: 400;\" aria-level=\"1\"><span style=\"font-weight: 400;\">Ide\u00e1lis utaz\u00e1shoz, munk\u00e1hoz \u00e9s mindennapi tev\u00e9kenys\u00e9gekhez<\/span><\/li>\n<li style=\"font-weight: 400;\" aria-level=\"1\"><span style=\"font-weight: 400;\">Alkalmas szem\u00e9lyes wellness-k\u00f6zpont\u00fa haszn\u00e1latra<\/span><\/li>\n<\/ul>\n<p><b>Kinek sz\u00f3l az Orgone Pocket csomag?<\/b><\/p>\n<ul>\n<li style=\"font-weight: 400;\" aria-level=\"1\"><span style=\"font-weight: 400;\">Hordozhat\u00f3 energiaegyens\u00falyi t\u00e1mogat\u00e1st keres\u0151 egy\u00e9nek<\/span><\/li>\n<li style=\"font-weight: 400;\" aria-level=\"1\"><span style=\"font-weight: 400;\">Mozgalmas, utaz\u00e1sig\u00e9nyes \u00e9letm\u00f3dot folytat\u00f3 felhaszn\u00e1l\u00f3k<\/span><\/li>\n<li style=\"font-weight: 400;\" aria-level=\"1\"><span style=\"font-weight: 400;\">Wellness-tudatos egy\u00e9nek<\/span><\/li>\n<li style=\"font-weight: 400;\" aria-level=\"1\"><span style=\"font-weight: 400;\">B\u00e1rki, akit \u00e9rdekelnek az orgona alap\u00fa energiaeszk\u00f6z\u00f6k<\/span><\/li>\n<\/ul>\n<p><b>A term\u00e9k kiemelked\u0151 jellemz\u0151i<\/b><\/p>\n<ul>\n<li style=\"font-weight: 400;\" aria-level=\"1\"><span style=\"font-weight: 400;\">Hordozhat\u00f3 orgon-energia k\u00e9sz\u00fcl\u00e9k<\/span><\/li>\n<li style=\"font-weight: 400;\" aria-level=\"1\"><span style=\"font-weight: 400;\">Felhaszn\u00e1l\u00e1sok <\/span><b>orgon-aktiv\u00e1lt hegyi krist\u00e1lyok<\/b><\/li>\n<li style=\"font-weight: 400;\" aria-level=\"1\"><span style=\"font-weight: 400;\">Folyamatos energetikai tev\u00e9kenys\u00e9g<\/span><\/li>\n<li style=\"font-weight: 400;\" aria-level=\"1\"><span style=\"font-weight: 400;\">Kompakt \u00e9s k\u00f6nny\u0171 kialak\u00edt\u00e1s<\/span><\/li>\n<li style=\"font-weight: 400;\" aria-level=\"1\"><span style=\"font-weight: 400;\">K\u00f6nnyen haszn\u00e1lhat\u00f3 \u00e9s hordozhat\u00f3<\/span><\/li>\n<\/ul>\n<p><b>Tapasztalja meg az Orgon energia erej\u00e9t b\u00e1rhol \u00e9s b\u00e1rmikor\u00a0<\/b><\/p>\n<p><span style=\"font-weight: 400;\">Ne hagyja, hogy a stressz, a f\u00e1radts\u00e1g vagy a kiegyens\u00falyozatlan energia visszatartsa. Az Orgon Zsebcsomag az \u00d6n kulcsa az energia k\u00f6nnyed helyre\u00e1ll\u00edt\u00e1s\u00e1hoz \u00e9s a mindennapi megfiatalod\u00e1shoz.\u00a0<\/span><\/p>\n<p><span style=\"font-weight: 400;\">Rendelje meg most, \u00e9s vegye \u00e1t az ir\u00e1ny\u00edt\u00e1st az energi\u00e1ja felett, b\u00e1rhov\u00e1 is sodorja az \u00e9let!\u00a0<\/span><\/p>","protected":false},"excerpt":{"rendered":"<p><b>Hordozhat\u00f3 Orgon energia k\u00e9sz\u00fcl\u00e9k a napi energiaegyens\u00falyhoz<\/b><\/p>\n<p><b>Mi az Orgon Zsebcsomag?<\/b><\/p>\n<p><span style=\"font-weight: 400;\">A <\/span><b>Orgon zsebcsomag<\/b><span style=\"font-weight: 400;\"> egy <\/span><b>hordozhat\u00f3 orgon-energia k\u00e9sz\u00fcl\u00e9k<\/b><span style=\"font-weight: 400;\"> a napi energetikai egyens\u00faly, vitalit\u00e1s \u00e9s \u00e1ltal\u00e1nos j\u00f3l\u00e9t t\u00e1mogat\u00e1s\u00e1ra tervezt\u00e9k.<\/span><span style=\"font-weight: 400;\"><br \/>\n<\/span><span style=\"font-weight: 400;\">\u00c1titatva <\/span><b>orgon-aktiv\u00e1lt hegyi krist\u00e1lyok<\/b><span style=\"font-weight: 400;\">, ez a kompakt eszk\u00f6z folyamatos energetikai interakci\u00f3t biztos\u00edt, \u00edgy ide\u00e1lis a mindennapi \u00e9letben val\u00f3 haszn\u00e1latra \u00fatk\u00f6zben.<\/span><\/p>\n<p><span style=\"font-weight: 400;\">K\u00f6nny\u0171 \u00e9s \u00f6n\u00e1ll\u00f3 kialak\u00edt\u00e1sa lehet\u0151v\u00e9 teszi a szem\u00e9lyes wellness-rutinokba val\u00f3 k\u00f6nnyed integr\u00e1l\u00e1st be\u00e1ll\u00edt\u00e1s vagy m\u0171szaki k\u00f6vetelm\u00e9nyek n\u00e9lk\u00fcl.<\/span><\/p>","protected":false},"featured_media":10879,"comment_status":"open","ping_status":"closed","template":"","meta":{"_acf_changed":false,"_seopress_robots_primary_cat":"none","_seopress_titles_title":"Orgon Pocket: Personal Holistic Wellness Tool","_seopress_titles_desc":"The certified Orgon Pocket offers easy, authoritative energy support. A portable, professional tool for personal, holistic balance. Learn More.","_seopress_robots_index":""},"product_brand":[],"product_cat":[128],"product_tag":[],"class_list":{"0":"post-29172","1":"product","2":"type-product","3":"status-publish","4":"has-post-thumbnail","6":"product_cat-energy-harmonizing-devices","8":"first","9":"instock","10":"taxable","11":"shipping-taxable","12":"purchasable","13":"product-type-simple"},"acf":[],"_links":{"self":[{"href":"https:\/\/vibeyoup.com\/hu\/wp-json\/wp\/v2\/product\/29172","targetHints":{"allow":["GET"]}}],"collection":[{"href":"https:\/\/vibeyoup.com\/hu\/wp-json\/wp\/v2\/product"}],"about":[{"href":"https:\/\/vibeyoup.com\/hu\/wp-json\/wp\/v2\/types\/product"}],"replies":[{"embeddable":true,"href":"https:\/\/vibeyoup.com\/hu\/wp-json\/wp\/v2\/comments?post=29172"}],"wp:featuredmedia":[{"embeddable":true,"href":"https:\/\/vibeyoup.com\/hu\/wp-json\/wp\/v2\/media\/10879"}],"wp:attachment":[{"href":"https:\/\/vibeyoup.com\/hu\/wp-json\/wp\/v2\/media?parent=29172"}],"wp:term":[{"taxonomy":"product_brand","embeddable":true,"href":"https:\/\/vibeyoup.com\/hu\/wp-json\/wp\/v2\/product_brand?post=29172"},{"taxonomy":"product_cat","embeddable":true,"href":"https:\/\/vibeyoup.com\/hu\/wp-json\/wp\/v2\/product_cat?post=29172"},{"taxonomy":"product_tag","embeddable":true,"href":"https:\/\/vibeyoup.com\/hu\/wp-json\/wp\/v2\/product_tag?post=29172"}],"curies":[{"name":"wp","href":"https:\/\/api.w.org\/{rel}","templated":true}]}}