{"id":29169,"date":"2026-01-21T17:48:00","date_gmt":"2026-01-21T17:48:00","guid":{"rendered":"https:\/\/vibeyoup.com\/?post_type=product&#038;p=29169"},"modified":"2026-02-21T16:42:21","modified_gmt":"2026-02-21T16:42:21","slug":"orgonamasszazs-csomag","status":"publish","type":"product","link":"https:\/\/vibeyoup.com\/hu\/termek\/orgone-massage-package\/","title":{"rendered":"Orgon massz\u00e1zs csomag"},"content":{"rendered":"<p><b>Hogyan m\u0171k\u00f6dik az Orgonmassz\u00e1zs rendszer?<\/b><\/p>\n<p><span style=\"font-weight: 400;\">A k\u00e9sz\u00fcl\u00e9k a <\/span><b>folyamatosan akt\u00edv orgonakrist\u00e1lyok<\/b><span style=\"font-weight: 400;\"> amelyek a massz\u00e1zs sor\u00e1n k\u00f6lcs\u00f6nhat\u00e1sba l\u00e9pnek a test term\u00e9szetes energiamezej\u00e9vel.<\/span><span style=\"font-weight: 400;\"><br \/>\n<\/span><span style=\"font-weight: 400;\">Ez a k\u00f6lcs\u00f6nhat\u00e1s t\u00e1mogatja az ellazul\u00e1st \u00e9s az energia\u00e1raml\u00e1st, m\u00edg a fizikai massz\u00e1zs hat\u00e1s\u00e1ra cs\u00f6kken az izomfesz\u00fclts\u00e9g \u00e9s a merevs\u00e9g.<\/span><\/p>\n<p><span style=\"font-weight: 400;\">A rendszer passz\u00edvan m\u0171k\u00f6dik, \u00e9s \u00f6n\u00e1ll\u00f3an vagy massz\u00e1zsolajok vagy kr\u00e9mek mellett is haszn\u00e1lhat\u00f3.<\/span><\/p>\n<p><b>Az Orgonmassz\u00e1zs csomag legfontosabb el\u0151nyei<\/b><\/p>\n<ul>\n<li style=\"font-weight: 400;\" aria-level=\"1\"><span style=\"font-weight: 400;\">T\u00e1mogatja a <\/span><b>izom- \u00e9s \u00edz\u00fcletlaz\u00edt\u00e1s<\/b><\/li>\n<li style=\"font-weight: 400;\" aria-level=\"1\"><span style=\"font-weight: 400;\">Seg\u00edt cs\u00f6kkenteni a fizikai aktivit\u00e1s ut\u00e1ni fesz\u00fclts\u00e9get \u00e9s merevs\u00e9get<\/span><\/li>\n<li style=\"font-weight: 400;\" aria-level=\"1\"><span style=\"font-weight: 400;\">T\u00e1mogatja a v\u00e9rkering\u00e9st \u00e9s az \u00e1ltal\u00e1nos sz\u00f6veti k\u00e9nyelmet<\/span><\/li>\n<li style=\"font-weight: 400;\" aria-level=\"1\"><span style=\"font-weight: 400;\">El\u0151seg\u00edti az \u00e1ltal\u00e1nos relax\u00e1ci\u00f3t \u00e9s a stressz cs\u00f6kkent\u00e9s\u00e9t<\/span><\/li>\n<li style=\"font-weight: 400;\" aria-level=\"1\"><span style=\"font-weight: 400;\">T\u00e1mogatja az energetikai egyens\u00falyt \u00e9s a wellness rutinokat<\/span><\/li>\n<li style=\"font-weight: 400;\" aria-level=\"1\"><span style=\"font-weight: 400;\">Nem invaz\u00edv \u00e9s k\u00f6nnyen haszn\u00e1lhat\u00f3<\/span><\/li>\n<\/ul>\n<p><b>Mi\u00e9rt v\u00e1lassza az Orgonmassz\u00e1zs csomagot?<\/b><\/p>\n<ul>\n<li style=\"font-weight: 400;\" aria-level=\"1\"><b>Kett\u0151s megk\u00f6zel\u00edt\u00e9s:<\/b><span style=\"font-weight: 400;\"> kombin\u00e1lja a massz\u00e1zst\u00e1mogat\u00e1st az orgon-energia k\u00f6lcs\u00f6nhat\u00e1ssal<\/span><\/li>\n<li style=\"font-weight: 400;\" aria-level=\"1\"><span style=\"font-weight: 400;\">K\u00f6nnyen integr\u00e1lhat\u00f3 a napi \u00f6ngondoskod\u00e1sba vagy a professzion\u00e1lis wellness foglalkoz\u00e1sokba.<\/span><\/li>\n<li style=\"font-weight: 400;\" aria-level=\"1\"><span style=\"font-weight: 400;\">Haszn\u00e1lhat\u00f3 \u00f6nmag\u00e1ban vagy v\u00edz- vagy olaj alap\u00fa massz\u00e1zsterm\u00e9kekkel egy\u00fctt.<\/span><\/li>\n<li style=\"font-weight: 400;\" aria-level=\"1\"><span style=\"font-weight: 400;\">M\u00e1s wellness- \u00e9s biofeedback-rendszerek kieg\u00e9sz\u00edt\u00e9s\u00e9re tervezve<\/span><\/li>\n<li style=\"font-weight: 400;\" aria-level=\"1\"><span style=\"font-weight: 400;\">Karbantart\u00e1smentes m\u0171k\u00f6d\u00e9s folyamatosan akt\u00edv krist\u00e1lyokkal<\/span><\/li>\n<\/ul>\n<p><b>Kompatibilit\u00e1s \u00e9s haszn\u00e1lat<\/b><\/p>\n<p><span style=\"font-weight: 400;\">Az Orgonmassz\u00e1zs csomag haszn\u00e1lhat\u00f3 \u00f6n\u00e1ll\u00f3 wellness eszk\u00f6zk\u00e9nt vagy olyan rendszerek mellett, mint p\u00e9ld\u00e1ul:<\/span><\/p>\n<ul>\n<li style=\"font-weight: 400;\" aria-level=\"1\"><span style=\"font-weight: 400;\">SCIO<\/span><\/li>\n<li style=\"font-weight: 400;\" aria-level=\"1\"><span style=\"font-weight: 400;\">Eductor<\/span><\/li>\n<li style=\"font-weight: 400;\" aria-level=\"1\"><span style=\"font-weight: 400;\">Mandelay Q9<\/span><\/li>\n<\/ul>\n<p><span style=\"font-weight: 400;\">\u00dagy tervezt\u00e9k, hogy t\u00e1mogassa a relax\u00e1ci\u00f3t \u00e9s a regener\u00e1l\u00f3d\u00e1st a sz\u00e9lesebb k\u00f6r\u0171 wellness-rutinokon bel\u00fcl.<\/span><\/p>\n<p><b>Kinek sz\u00f3l az Orgonmassz\u00e1zs csomag?<\/b><\/p>\n<ul>\n<li style=\"font-weight: 400;\" aria-level=\"1\"><span style=\"font-weight: 400;\">Relax\u00e1ci\u00f3t \u00e9s izomk\u00e9nyelmet keres\u0151 egy\u00e9nek<\/span><\/li>\n<li style=\"font-weight: 400;\" aria-level=\"1\"><span style=\"font-weight: 400;\">Wellness-gy\u00f3gy\u00e1szok \u00e9s massz\u00e1zsterapeut\u00e1k<\/span><\/li>\n<li style=\"font-weight: 400;\" aria-level=\"1\"><span style=\"font-weight: 400;\">Akt\u00edv vagy fizikailag megterhel\u0151 \u00e9letm\u00f3dot folytat\u00f3 felhaszn\u00e1l\u00f3k<\/span><\/li>\n<li style=\"font-weight: 400;\" aria-level=\"1\"><span style=\"font-weight: 400;\">B\u00e1rki, akit \u00e9rdekelnek az energia alap\u00fa wellness eszk\u00f6z\u00f6k<\/span><\/li>\n<\/ul>\n<p><b>A term\u00e9k kiemelked\u0151 jellemz\u0151i<\/b><\/p>\n<ul>\n<li style=\"font-weight: 400;\" aria-level=\"1\"><span style=\"font-weight: 400;\">Orgon energia alap\u00fa massz\u00e1zs rendszer<\/span><\/li>\n<li style=\"font-weight: 400;\" aria-level=\"1\"><span style=\"font-weight: 400;\">Felhaszn\u00e1l\u00e1sok <\/span><b>orgon-akt\u00edv krist\u00e1lyok<\/b><\/li>\n<li style=\"font-weight: 400;\" aria-level=\"1\"><span style=\"font-weight: 400;\">Passz\u00edv, folyamatos energetikai tev\u00e9kenys\u00e9g<\/span><\/li>\n<li style=\"font-weight: 400;\" aria-level=\"1\"><span style=\"font-weight: 400;\">K\u00f6nnyen haszn\u00e1lhat\u00f3 \u00e9s hordozhat\u00f3<\/span><\/li>\n<li style=\"font-weight: 400;\" aria-level=\"1\"><span style=\"font-weight: 400;\">Alkalmas otthoni \u00e9s professzion\u00e1lis haszn\u00e1latra<\/span><\/li>\n<\/ul>\n<p><b>Fontos k\u00f6zlem\u00e9ny<\/b><\/p>\n<p><span style=\"font-weight: 400;\">Az Orgon massz\u00e1zs csomag <\/span><b>nem helyettes\u00edti az orvosi diagn\u00f3zist vagy kezel\u00e9st<\/b><span style=\"font-weight: 400;\">.<\/span><span style=\"font-weight: 400;\"><br \/>\n<\/span><span style=\"font-weight: 400;\">C\u00e9lja a k\u00f6vetkez\u0151 <\/span><b>kiz\u00e1r\u00f3lag wellness \u00e9s kieg\u00e9sz\u00edt\u0151 relax\u00e1ci\u00f3s c\u00e9lokra<\/b><span style=\"font-weight: 400;\">.<\/span><\/p>","protected":false},"excerpt":{"rendered":"<p><b>Orgon energia massz\u00e1zs rendszer a relax\u00e1ci\u00f3 \u00e9s a wellness t\u00e1mogat\u00e1s\u00e1ra<\/b><\/p>\n<p><b>Mi az Orgonmassz\u00e1zs csomag?<\/b><\/p>\n<p><span style=\"font-weight: 400;\">A <\/span><b>Orgon massz\u00e1zs csomag<\/b><span style=\"font-weight: 400;\"> egy <\/span><b>orgon-energia alap\u00fa massz\u00e1zs rendszer<\/b><span style=\"font-weight: 400;\"> c\u00e9lja, hogy t\u00e1mogassa a relax\u00e1ci\u00f3t, az izmok k\u00e9nyelm\u00e9t \u00e9s az \u00e1ltal\u00e1nos energetikai egyens\u00falyt.<\/span><span style=\"font-weight: 400;\"><br \/>\n<\/span><span style=\"font-weight: 400;\">A k\u00f6vetkez\u0151k kombin\u00e1l\u00e1s\u00e1val <\/span><b>orgon-akt\u00edv krist\u00e1lyok<\/b><span style=\"font-weight: 400;\"> A massz\u00e1zsra \u00f6sszpontos\u00edt\u00f3 kialak\u00edt\u00e1ssal a rendszer nem invaz\u00edv, wellness-k\u00f6zpont\u00fa m\u00f3don t\u00e1mogatja a szervezet term\u00e9szetes regener\u00e1ci\u00f3s \u00e9s regener\u00e1ci\u00f3s folyamatait.<\/span><\/p>\n<p><span style=\"font-weight: 400;\">Az Orgonmassz\u00e1zs csomag alkalmas mind szem\u00e9lyes haszn\u00e1latra, mind professzion\u00e1lis wellness k\u00f6rnyezetbe.<\/span><\/p>","protected":false},"featured_media":10877,"comment_status":"open","ping_status":"closed","template":"","meta":{"_acf_changed":false,"_seopress_robots_primary_cat":"none","_seopress_titles_title":"Orgon Massage for Holistic Biofeedback Balance","_seopress_titles_desc":"The professional Orgon Massage pad. A certified accessory that integrates seamlessly with your SCIO biofeedback device for holistic results. Learn More.","_seopress_robots_index":""},"product_brand":[],"product_cat":[128],"product_tag":[],"class_list":{"0":"post-29169","1":"product","2":"type-product","3":"status-publish","4":"has-post-thumbnail","6":"product_cat-energy-harmonizing-devices","8":"first","9":"instock","10":"taxable","11":"shipping-taxable","12":"purchasable","13":"product-type-simple"},"acf":[],"_links":{"self":[{"href":"https:\/\/vibeyoup.com\/hu\/wp-json\/wp\/v2\/product\/29169","targetHints":{"allow":["GET"]}}],"collection":[{"href":"https:\/\/vibeyoup.com\/hu\/wp-json\/wp\/v2\/product"}],"about":[{"href":"https:\/\/vibeyoup.com\/hu\/wp-json\/wp\/v2\/types\/product"}],"replies":[{"embeddable":true,"href":"https:\/\/vibeyoup.com\/hu\/wp-json\/wp\/v2\/comments?post=29169"}],"wp:featuredmedia":[{"embeddable":true,"href":"https:\/\/vibeyoup.com\/hu\/wp-json\/wp\/v2\/media\/10877"}],"wp:attachment":[{"href":"https:\/\/vibeyoup.com\/hu\/wp-json\/wp\/v2\/media?parent=29169"}],"wp:term":[{"taxonomy":"product_brand","embeddable":true,"href":"https:\/\/vibeyoup.com\/hu\/wp-json\/wp\/v2\/product_brand?post=29169"},{"taxonomy":"product_cat","embeddable":true,"href":"https:\/\/vibeyoup.com\/hu\/wp-json\/wp\/v2\/product_cat?post=29169"},{"taxonomy":"product_tag","embeddable":true,"href":"https:\/\/vibeyoup.com\/hu\/wp-json\/wp\/v2\/product_tag?post=29169"}],"curies":[{"name":"wp","href":"https:\/\/api.w.org\/{rel}","templated":true}]}}