{"id":29166,"date":"2026-01-21T17:44:45","date_gmt":"2026-01-21T17:44:45","guid":{"rendered":"https:\/\/vibeyoup.com\/?post_type=product&#038;p=29166"},"modified":"2026-02-21T16:42:32","modified_gmt":"2026-02-21T16:42:32","slug":"orgon-kanon-csomag","status":"publish","type":"product","link":"https:\/\/vibeyoup.com\/hu\/termek\/orgone-canon-package\/","title":{"rendered":"Orgon k\u00e1non csomag"},"content":{"rendered":"<p><b>Hogyan m\u0171k\u00f6dik az Orgon-k\u00e1non?<\/b><\/p>\n<p><span style=\"font-weight: 400;\">Az Orgon-k\u00e1non a k\u00f6vetkez\u0151ket haszn\u00e1lja <\/span><b>folyamatosan akt\u00edv orgonakrist\u00e1lyok<\/b><span style=\"font-weight: 400;\"> amelyek k\u00f6lcs\u00f6nhat\u00e1sba l\u00e9pnek a k\u00f6rnyez\u0151 energiamez\u0151kkel.<\/span><span style=\"font-weight: 400;\"><br \/>\n<\/span><span style=\"font-weight: 400;\">Ezeket a krist\u00e1lyokat \u00fagy tervezt\u00e9k, hogy energetikailag mindig akt\u00edvak maradjanak, \u00e9s a felhaszn\u00e1l\u00f3 beavatkoz\u00e1sa n\u00e9lk\u00fcl t\u00e1mogass\u00e1k a k\u00f6vetkezetes frekvencia k\u00f6lcs\u00f6nhat\u00e1st.<\/span><\/p>\n<p><span style=\"font-weight: 400;\">Az eszk\u00f6z passz\u00edvan m\u0171k\u00f6dik, \u00edgy k\u00f6nnyen integr\u00e1lhat\u00f3 a mindennapi \u00e9letbe, a wellness-rutinokba vagy a szakmai k\u00f6rnyezetbe.<\/span><\/p>\n<p><b>Az Orgone Canon csomag legfontosabb el\u0151nyei<\/b><\/p>\n<ul>\n<li style=\"font-weight: 400;\" aria-level=\"1\"><span style=\"font-weight: 400;\">T\u00e1mogatja a <\/span><b>energetikai egyens\u00faly \u00e9s harm\u00f3nia<\/b><\/li>\n<li style=\"font-weight: 400;\" aria-level=\"1\"><span style=\"font-weight: 400;\">\u00dagy tervezt\u00e9k, hogy k\u00f6lcs\u00f6nhat\u00e1sba l\u00e9pjen a term\u00e9szetes test- \u00e9s k\u00f6rnyezeti frekvenci\u00e1kkal.<\/span><\/li>\n<li style=\"font-weight: 400;\" aria-level=\"1\"><span style=\"font-weight: 400;\">Passz\u00edv m\u0171k\u00f6d\u00e9s folyamatosan akt\u00edv orgonakrist\u00e1lyokkal<\/span><\/li>\n<li style=\"font-weight: 400;\" aria-level=\"1\"><span style=\"font-weight: 400;\">Alkalmas stresszes k\u00f6rnyezetekbe \u00e9s wellness-k\u00f6zpont\u00fa terekbe<\/span><\/li>\n<li style=\"font-weight: 400;\" aria-level=\"1\"><span style=\"font-weight: 400;\">Nem invaz\u00edv \u00e9s k\u00f6nnyen haszn\u00e1lhat\u00f3<\/span><\/li>\n<li style=\"font-weight: 400;\" aria-level=\"1\"><span style=\"font-weight: 400;\">Nincs sz\u00fcks\u00e9g kalibr\u00e1l\u00e1sra vagy m\u0171szaki be\u00e1ll\u00edt\u00e1sra<\/span><\/li>\n<\/ul>\n<p><b>Kinek k\u00e9sz\u00fclt az Orgon Kanon?<\/b><\/p>\n<ul>\n<li style=\"font-weight: 400;\" aria-level=\"1\"><span style=\"font-weight: 400;\">A holisztikus wellnessre \u00e9s energiaegyens\u00falyra \u00f6sszpontos\u00edt\u00f3 egy\u00e9nek<\/span><\/li>\n<li style=\"font-weight: 400;\" aria-level=\"1\"><span style=\"font-weight: 400;\">Wellness szakemberek \u00e9s kieg\u00e9sz\u00edt\u0151 ter\u00e1pi\u00e1s k\u00f6rnyezetek<\/span><\/li>\n<li style=\"font-weight: 400;\" aria-level=\"1\"><span style=\"font-weight: 400;\">A stresszes vagy megterhel\u0151 \u00e9letm\u00f3dhoz t\u00e1mogat\u00e1st keres\u0151 felhaszn\u00e1l\u00f3k<\/span><\/li>\n<li style=\"font-weight: 400;\" aria-level=\"1\"><span style=\"font-weight: 400;\">B\u00e1rki, akit \u00e9rdekelnek az orgona alap\u00fa energiarendszerek<\/span><\/li>\n<\/ul>\n<p><b>Felhaszn\u00e1l\u00e1si esetek \u00e9s alkalmaz\u00e1sok<\/b><\/p>\n<p><span style=\"font-weight: 400;\">Az Orgone Canon csomag haszn\u00e1lhat\u00f3:<\/span><\/p>\n<ul>\n<li style=\"font-weight: 400;\" aria-level=\"1\"><span style=\"font-weight: 400;\">Otthoni k\u00f6rnyezetek<\/span><\/li>\n<li style=\"font-weight: 400;\" aria-level=\"1\"><span style=\"font-weight: 400;\">Wellness st\u00fadi\u00f3k \u00e9s ter\u00e1pi\u00e1s szob\u00e1k<\/span><\/li>\n<li style=\"font-weight: 400;\" aria-level=\"1\"><span style=\"font-weight: 400;\">Medit\u00e1ci\u00f3s vagy relax\u00e1ci\u00f3s terek<\/span><\/li>\n<li style=\"font-weight: 400;\" aria-level=\"1\"><span style=\"font-weight: 400;\">Energetikai egyens\u00falyt ig\u00e9nyl\u0151 munkater\u00fcletek<\/span><\/li>\n<\/ul>\n<p><span style=\"font-weight: 400;\">Passz\u00edv kialak\u00edt\u00e1sa lehet\u0151v\u00e9 teszi a folyamatos, megszak\u00edt\u00e1s n\u00e9lk\u00fcli haszn\u00e1latot.<\/span><\/p>\n<p><b>A term\u00e9k kiemelked\u0151 jellemz\u0151i<\/b><\/p>\n<ul>\n<li style=\"font-weight: 400;\" aria-level=\"1\"><span style=\"font-weight: 400;\">Orgon energia alap\u00fa wellness eszk\u00f6z<\/span><\/li>\n<li style=\"font-weight: 400;\" aria-level=\"1\"><span style=\"font-weight: 400;\">Felhaszn\u00e1l\u00e1sok <\/span><b>orgon-akt\u00edv krist\u00e1lyok<\/b><\/li>\n<li style=\"font-weight: 400;\" aria-level=\"1\"><span style=\"font-weight: 400;\">Folyamatos energetikai tev\u00e9kenys\u00e9g<\/span><\/li>\n<li style=\"font-weight: 400;\" aria-level=\"1\"><span style=\"font-weight: 400;\">Hossz\u00fa t\u00e1v\u00fa haszn\u00e1latra tervezve<\/span><\/li>\n<li style=\"font-weight: 400;\" aria-level=\"1\"><span style=\"font-weight: 400;\">Karbantart\u00e1smentes m\u0171k\u00f6d\u00e9s<\/span><\/li>\n<\/ul>\n<p><b>Fontos k\u00f6zlem\u00e9ny<\/b><\/p>\n<p><span style=\"font-weight: 400;\">Az Orgon Kanon csomag <\/span><b>nem helyettes\u00edti az orvosi diagn\u00f3zist vagy kezel\u00e9st<\/b><span style=\"font-weight: 400;\">.<\/span><span style=\"font-weight: 400;\"><br \/>\n<\/span><span style=\"font-weight: 400;\">C\u00e9lja a k\u00f6vetkez\u0151 <\/span><b>kiz\u00e1r\u00f3lag wellness \u00e9s kieg\u00e9sz\u00edt\u0151 energiat\u00e1mogat\u00e1si c\u00e9lokra<\/b><span style=\"font-weight: 400;\">.<\/span><\/p>","protected":false},"excerpt":{"rendered":"<p><b>Orgon energia k\u00e9sz\u00fcl\u00e9k az energiaegyens\u00faly \u00e9s a wellness t\u00e1mogat\u00e1s\u00e1ra<\/b><\/p>\n<p><b>Mi az Orgone Canon csomag?<\/b><\/p>\n<p><span style=\"font-weight: 400;\">A <\/span><b>Orgon k\u00e1non csomag<\/b><span style=\"font-weight: 400;\"> egy <\/span><b>orgon-energia alap\u00fa wellness eszk\u00f6z<\/b><span style=\"font-weight: 400;\"> c\u00e9lja az energetikai egyens\u00faly \u00e9s az \u00e1ltal\u00e1nos j\u00f3l\u00e9t t\u00e1mogat\u00e1sa.<\/span><span style=\"font-weight: 400;\"><br \/>\n<\/span><span style=\"font-weight: 400;\">Powered by <\/span><b>orgon-akt\u00edv krist\u00e1lyok<\/b><span style=\"font-weight: 400;\">, a rendszer k\u00f6lcs\u00f6nhat\u00e1sba l\u00e9p a term\u00e9szetes bioenergetikai frekvenci\u00e1kkal, hogy el\u0151seg\u00edtse a harm\u00f3ni\u00e1t, a vitalit\u00e1st \u00e9s a kiegyens\u00falyozott energetikai k\u00f6rnyezetet.<\/span><\/p>\n<p><span style=\"font-weight: 400;\">Az Orgonkanon alkalmas olyan szem\u00e9lyek sz\u00e1m\u00e1ra, akik olyan kieg\u00e9sz\u00edt\u0151 wellness-eszk\u00f6zt keresnek, amely t\u00e1mogatja a napi energiaegyens\u00falyt mind szem\u00e9lyes, mind szakmai k\u00f6rnyezetben.<\/span><\/p>","protected":false},"featured_media":10872,"comment_status":"open","ping_status":"closed","template":"","meta":{"_acf_changed":false,"_seopress_robots_primary_cat":"none","_seopress_titles_title":"Orgon Canon for Advanced Biofeedback Therapy","_seopress_titles_desc":"Integrate the Orgon Canon for focused energy therapy. Advanced accessory compatible with Q9\/SCIO biofeedback systems for holistic precision. Learn More.","_seopress_robots_index":""},"product_brand":[],"product_cat":[128],"product_tag":[],"class_list":{"0":"post-29166","1":"product","2":"type-product","3":"status-publish","4":"has-post-thumbnail","6":"product_cat-energy-harmonizing-devices","8":"first","9":"instock","10":"taxable","11":"shipping-taxable","12":"purchasable","13":"product-type-simple"},"acf":[],"_links":{"self":[{"href":"https:\/\/vibeyoup.com\/hu\/wp-json\/wp\/v2\/product\/29166","targetHints":{"allow":["GET"]}}],"collection":[{"href":"https:\/\/vibeyoup.com\/hu\/wp-json\/wp\/v2\/product"}],"about":[{"href":"https:\/\/vibeyoup.com\/hu\/wp-json\/wp\/v2\/types\/product"}],"replies":[{"embeddable":true,"href":"https:\/\/vibeyoup.com\/hu\/wp-json\/wp\/v2\/comments?post=29166"}],"wp:featuredmedia":[{"embeddable":true,"href":"https:\/\/vibeyoup.com\/hu\/wp-json\/wp\/v2\/media\/10872"}],"wp:attachment":[{"href":"https:\/\/vibeyoup.com\/hu\/wp-json\/wp\/v2\/media?parent=29166"}],"wp:term":[{"taxonomy":"product_brand","embeddable":true,"href":"https:\/\/vibeyoup.com\/hu\/wp-json\/wp\/v2\/product_brand?post=29166"},{"taxonomy":"product_cat","embeddable":true,"href":"https:\/\/vibeyoup.com\/hu\/wp-json\/wp\/v2\/product_cat?post=29166"},{"taxonomy":"product_tag","embeddable":true,"href":"https:\/\/vibeyoup.com\/hu\/wp-json\/wp\/v2\/product_tag?post=29166"}],"curies":[{"name":"wp","href":"https:\/\/api.w.org\/{rel}","templated":true}]}}