{"id":29090,"date":"2026-01-20T11:34:56","date_gmt":"2026-01-20T11:34:56","guid":{"rendered":"https:\/\/vibeyoup.com\/?post_type=product&#038;p=29090"},"modified":"2026-03-10T10:44:07","modified_gmt":"2026-03-10T10:44:07","slug":"indigo-es-mandelay-kozott-q9","status":"publish","type":"product","link":"https:\/\/vibeyoup.com\/hu\/termek\/indigo-to-mandelay-q9\/","title":{"rendered":"Indigo \u00e9s Mandelay k\u00f6z\u00f6tt Q9"},"content":{"rendered":"<p><b>A Mandelay Q9 legfontosabb el\u0151nyei<\/b><\/p>\n<ul>\n<li style=\"font-weight: 400;\" aria-level=\"1\"><span style=\"font-weight: 400;\">Megn\u00f6velt kimeneti frekvencia a hat\u00e9konyabb biofeedback \u00fcl\u00e9sekhez<\/span><\/li>\n<li style=\"font-weight: 400;\" aria-level=\"1\"><span style=\"font-weight: 400;\">Dedik\u00e1lt <\/span><b>EEG \u00e1ramk\u00f6r<\/b><span style=\"font-weight: 400;\"> \u00e9s <\/span><b>EKG chip<\/b><span style=\"font-weight: 400;\"> r\u00e9szletesebb energetikai visszajelz\u00e9s\u00e9rt<\/span><\/li>\n<li style=\"font-weight: 400;\" aria-level=\"1\"><span style=\"font-weight: 400;\">Orvosi min\u0151s\u00e9g\u0171 hevederek \u00e9s jobb csatlakoz\u00e1si min\u0151s\u00e9g<\/span><\/li>\n<li style=\"font-weight: 400;\" aria-level=\"1\"><span style=\"font-weight: 400;\">Kalibr\u00e1lt frekvenciarendszer a stabil \u00e9s megb\u00edzhat\u00f3 m\u00e9r\u00e9sekhez<\/span><\/li>\n<\/ul>\n<p><b>Hogyan m\u0171k\u00f6dik a Mandelay Q9 biofeedback?<\/b><\/p>\n<p><span style=\"font-weight: 400;\">A Mandelay Q9 a test energetikai mint\u00e1ihoz kapcsol\u00f3d\u00f3 frekvenciav\u00e1laszokat m\u00e9ri.<\/span><span style=\"font-weight: 400;\"><br \/>\n<\/span><span style=\"font-weight: 400;\">E m\u00e9r\u00e9sek alapj\u00e1n a rendszer t\u00e1mogatja <\/span><b>biofeedback k\u00e9pz\u00e9s<\/b><span style=\"font-weight: 400;\"> c\u00e9lja az energetikai egyens\u00falytalans\u00e1gok azonos\u00edt\u00e1sa \u00e9s kompenz\u00e1l\u00e1sa, ugyanazokat az alapelveket k\u00f6vetve, mint a SCIO \u00e9s az Eductor eszk\u00f6z\u00f6k.<\/span><\/p>\n<p><b>Mire haszn\u00e1lhat\u00f3 a Mandelay Q9?<\/b><\/p>\n<p><span style=\"font-weight: 400;\">A Mandelay Q9 biofeedback k\u00e9sz\u00fcl\u00e9k t\u00e1mogatja:<\/span><\/p>\n<ul>\n<li style=\"font-weight: 400;\" aria-level=\"1\"><span style=\"font-weight: 400;\">A stressz felismer\u00e9se \u00e9s cs\u00f6kkent\u00e9se<\/span><\/li>\n<li style=\"font-weight: 400;\" aria-level=\"1\"><span style=\"font-weight: 400;\">Izomk\u00e9pz\u00e9s, er\u0151s\u00edt\u00e9s \u00e9s rehabilit\u00e1ci\u00f3s t\u00e1mogat\u00e1s<\/span><\/li>\n<li style=\"font-weight: 400;\" aria-level=\"1\"><span style=\"font-weight: 400;\">F\u00e1jdalommal kapcsolatos energetikai egyens\u00falyhi\u00e1ny tr\u00e9ning<\/span><\/li>\n<\/ul>\n<p><b>Mit tartalmaz a csomag?<\/b><\/p>\n<ul>\n<li style=\"font-weight: 400;\" aria-level=\"1\"><span style=\"font-weight: 400;\">Mandelay Q9 biofeedback k\u00e9sz\u00fcl\u00e9k<\/span><\/li>\n<li style=\"font-weight: 400;\" aria-level=\"1\"><span style=\"font-weight: 400;\">1 fejheveder \u00e9s 1 v\u00e9gtagheveder (tasakokkal)<\/span><\/li>\n<li style=\"font-weight: 400;\" aria-level=\"1\"><span style=\"font-weight: 400;\">USB k\u00e1bel<\/span><\/li>\n<li style=\"font-weight: 400;\" aria-level=\"1\"><span style=\"font-weight: 400;\">USB pendrive a leg\u00fajabb oper\u00e1ci\u00f3s szoftverrel<\/span><\/li>\n<li style=\"font-weight: 400;\" aria-level=\"1\"><span style=\"font-weight: 400;\">Laptop hordt\u00e1ska<\/span><\/li>\n<li style=\"font-weight: 400;\" aria-level=\"1\"><span style=\"font-weight: 400;\">Exkluz\u00edv bemutat\u00f3 doboz<\/span><\/li>\n<\/ul>\n<p><b>Fontos \u00e9rtes\u00edt\u00e9s<\/b><\/p>\n<p><span style=\"font-weight: 400;\">A Mandelay Q9 k\u00e9sz\u00fcl\u00e9k <\/span><b>nem helyettes\u00edti az orvosi diagn\u00f3zist vagy kezel\u00e9st<\/b><span style=\"font-weight: 400;\">.<\/span><span style=\"font-weight: 400;\"><br \/>\n<\/span><span style=\"font-weight: 400;\">C\u00e9lja a k\u00f6vetkez\u0151 <\/span><b>csak biofeedback \u00e9s kieg\u00e9sz\u00edt\u0151 haszn\u00e1latra<\/b><span style=\"font-weight: 400;\">, \u00e9s orvosi ismeretekre van sz\u00fcks\u00e9g a megfelel\u0151 m\u0171k\u00f6d\u00e9shez.<\/span><\/p>","protected":false},"excerpt":{"rendered":"<p><b>Mandelay Q9 Biofeedback k\u00e9sz\u00fcl\u00e9k<\/b><\/p>\n<p><b>A kvantum biofeedback technol\u00f3gia k\u00f6vetkez\u0151 gener\u00e1ci\u00f3ja<\/b><\/p>\n<p><b>Mi az a Mandelay Q9?<\/b><\/p>\n<p><span style=\"font-weight: 400;\">A <\/span><b>Mandelay Q9 biofeedback k\u00e9sz\u00fcl\u00e9k<\/b><span style=\"font-weight: 400;\"> egy k\u00f6vetkez\u0151 gener\u00e1ci\u00f3s <\/span><b>kvantum biofeedback rendszer<\/b><span style=\"font-weight: 400;\"> kifejlesztett <\/span><b>Quantum Universal Energetic Systems technol\u00f3gia<\/b><span style=\"font-weight: 400;\">.<\/span><span style=\"font-weight: 400;\"><br \/>\n<\/span><span style=\"font-weight: 400;\">\u00dagy tervezt\u00e9k, mint egy fejlett alternat\u00edv\u00e1t a <\/span><b>SCIO<\/b><span style=\"font-weight: 400;\"> k\u00e9sz\u00fcl\u00e9k, amely jobb teljes\u00edtm\u00e9nyt, nagyobb frekvenciakimenetet, valamint dedik\u00e1lt EEG- \u00e9s EKG-\u00f6sszetev\u0151ket k\u00edn\u00e1l.<\/span><\/p>","protected":false},"featured_media":33175,"comment_status":"open","ping_status":"closed","template":"","meta":{"_acf_changed":false,"_seopress_robots_primary_cat":"none","_seopress_titles_title":"Mandelay Q9 Full Package & Orgon Massage - Precision Q9","_seopress_titles_desc":"The Mandelay Q9 Full Package including specialized Orgon Massage tech. Certified system for professional, holistic results. View Specifications.","_seopress_robots_index":""},"product_brand":[],"product_cat":[129],"product_tag":[],"class_list":{"0":"post-29090","1":"product","2":"type-product","3":"status-publish","4":"has-post-thumbnail","6":"product_cat-biofeedback-devices","8":"first","9":"instock","10":"taxable","11":"shipping-taxable","12":"purchasable","13":"product-type-simple"},"acf":[],"_links":{"self":[{"href":"https:\/\/vibeyoup.com\/hu\/wp-json\/wp\/v2\/product\/29090","targetHints":{"allow":["GET"]}}],"collection":[{"href":"https:\/\/vibeyoup.com\/hu\/wp-json\/wp\/v2\/product"}],"about":[{"href":"https:\/\/vibeyoup.com\/hu\/wp-json\/wp\/v2\/types\/product"}],"replies":[{"embeddable":true,"href":"https:\/\/vibeyoup.com\/hu\/wp-json\/wp\/v2\/comments?post=29090"}],"wp:featuredmedia":[{"embeddable":true,"href":"https:\/\/vibeyoup.com\/hu\/wp-json\/wp\/v2\/media\/33175"}],"wp:attachment":[{"href":"https:\/\/vibeyoup.com\/hu\/wp-json\/wp\/v2\/media?parent=29090"}],"wp:term":[{"taxonomy":"product_brand","embeddable":true,"href":"https:\/\/vibeyoup.com\/hu\/wp-json\/wp\/v2\/product_brand?post=29090"},{"taxonomy":"product_cat","embeddable":true,"href":"https:\/\/vibeyoup.com\/hu\/wp-json\/wp\/v2\/product_cat?post=29090"},{"taxonomy":"product_tag","embeddable":true,"href":"https:\/\/vibeyoup.com\/hu\/wp-json\/wp\/v2\/product_tag?post=29090"}],"curies":[{"name":"wp","href":"https:\/\/api.w.org\/{rel}","templated":true}]}}