{"id":2422,"date":"2022-07-22T12:10:27","date_gmt":"2022-07-22T12:10:27","guid":{"rendered":"https:\/\/vibeyoup.com\/?post_type=product&#038;p=2422"},"modified":"2026-02-27T18:19:47","modified_gmt":"2026-02-27T18:19:47","slug":"mandelay-q9","status":"publish","type":"product","link":"https:\/\/vibeyoup.com\/hu\/termek\/mandelay-q9\/","title":{"rendered":"Mandelay Q9 teljes csomag"},"content":{"rendered":"<p><b>A Mandelay Q9 biofeedback k\u00e9sz\u00fcl\u00e9k f\u0151 jellemz\u0151i<\/b><\/p>\n<ul>\n<li style=\"font-weight: 400;\" aria-level=\"1\"><b>12x gyorsabb adatfeldolgoz\u00e1s<\/b><span style=\"font-weight: 400;\"> gyors visszajelz\u00e9s \u00e9s elemz\u00e9s<\/span><\/li>\n<li style=\"font-weight: 400;\" aria-level=\"1\"><b>Dedik\u00e1lt EEG \u00e1ramk\u00f6r<\/b><span style=\"font-weight: 400;\"> \u00e9s <\/span><b>EKG chip<\/b><span style=\"font-weight: 400;\"> a m\u00e9lyebb energetikai \u00e9s fiziol\u00f3giai betekint\u00e9s\u00e9rt<\/span><\/li>\n<li style=\"font-weight: 400;\" aria-level=\"1\"><b>Kiterjesztett frekvencia kimeneti tartom\u00e1ny<\/b><span style=\"font-weight: 400;\"> kalibr\u00e1lt pontoss\u00e1ggal<\/span><\/li>\n<li style=\"font-weight: 400;\" aria-level=\"1\"><b>Orvosi min\u0151s\u00e9g\u0171 h\u00e1mok<\/b><span style=\"font-weight: 400;\"> a stabil \u00e9s megb\u00edzhat\u00f3 jel\u00e1tvitelhez<\/span><\/li>\n<li style=\"font-weight: 400;\" aria-level=\"1\"><span style=\"font-weight: 400;\">Be\u00e9p\u00edtett m\u00e1trix chip \u00e9s frekvencia tesztlemez<\/span><\/li>\n<li style=\"font-weight: 400;\" aria-level=\"1\"><span style=\"font-weight: 400;\">Tudom\u00e1nyosan megtervezett hardver professzion\u00e1lis min\u0151s\u00e9g\u0171 alkatr\u00e9szekkel<\/span><\/li>\n<\/ul>\n<p><b>Mire haszn\u00e1lhat\u00f3 a Mandelay Q9?<\/b><\/p>\n<p><span style=\"font-weight: 400;\">A Mandelay Q9 biofeedback rendszer t\u00e1mogatja a biofeedback k\u00e9pz\u00e9st olyan ter\u00fcleteken, mint:<\/span><\/p>\n<ul>\n<li style=\"font-weight: 400;\" aria-level=\"1\"><span style=\"font-weight: 400;\">A stressz felismer\u00e9se \u00e9s cs\u00f6kkent\u00e9se<\/span><\/li>\n<li style=\"font-weight: 400;\" aria-level=\"1\"><span style=\"font-weight: 400;\">Izomk\u00e9pz\u00e9s, regener\u00e1ci\u00f3 \u00e9s rehabilit\u00e1ci\u00f3 t\u00e1mogat\u00e1sa<\/span><\/li>\n<li style=\"font-weight: 400;\" aria-level=\"1\"><span style=\"font-weight: 400;\">F\u00e1jdalommal kapcsolatos energetikai egyens\u00falyhi\u00e1ny tr\u00e9ning<\/span><\/li>\n<li style=\"font-weight: 400;\" aria-level=\"1\"><span style=\"font-weight: 400;\">Kognit\u00edv teljes\u00edtm\u00e9ny \u00e9s ment\u00e1lis rugalmass\u00e1g t\u00e1mogat\u00e1sa<\/span><\/li>\n<li style=\"font-weight: 400;\" aria-level=\"1\"><span style=\"font-weight: 400;\">\u00c1ltal\u00e1nos energetikai egyens\u00faly \u00e9s wellness optimaliz\u00e1l\u00e1s<\/span><\/li>\n<\/ul>\n<p><b>Kinek k\u00e9sz\u00fclt a Mandelay Q9?<\/b><\/p>\n<ul>\n<li style=\"font-weight: 400;\" aria-level=\"1\"><span style=\"font-weight: 400;\">Biofeedback-gyakorl\u00f3k \u00e9s holisztikus terapeut\u00e1k<\/span><\/li>\n<li style=\"font-weight: 400;\" aria-level=\"1\"><span style=\"font-weight: 400;\">Wellness edz\u0151k \u00e9s rehabilit\u00e1ci\u00f3s szakemberek<\/span><\/li>\n<li style=\"font-weight: 400;\" aria-level=\"1\"><span style=\"font-weight: 400;\">Sportol\u00f3k, teljes\u00edtm\u00e9nyedz\u0151k \u00e9s gy\u00f3gytorn\u00e1szok<\/span><\/li>\n<li style=\"font-weight: 400;\" aria-level=\"1\"><span style=\"font-weight: 400;\">Orvosi \u00e9s kieg\u00e9sz\u00edt\u0151 eg\u00e9szs\u00e9g\u00fcgyi szakemberek<\/span><\/li>\n<li style=\"font-weight: 400;\" aria-level=\"1\"><span style=\"font-weight: 400;\">Wellness k\u00f6zpontok, gy\u00f3gyf\u00fcrd\u0151k \u00e9s halad\u00f3 otthoni felhaszn\u00e1l\u00f3k szakmai \u00fatmutat\u00e1ssal<\/span><\/li>\n<\/ul>\n<p><b>Teljes\u00edtm\u00e9ny \u00e9s technol\u00f3gia \u00e1ttekint\u00e9s<\/b><\/p>\n<p><span style=\"font-weight: 400;\">A Mandelay Q9 perceken bel\u00fcl elemzi a bioenergetikai v\u00e1laszokat, \u00e9s t\u00e1mogatja a val\u00f3s idej\u0171 biofeedback-edz\u00e9st.<\/span><span style=\"font-weight: 400;\"><br \/>\n<\/span><span style=\"font-weight: 400;\">A rendszer t\u00f6bb ezer fiziol\u00f3giai reakci\u00f3 m\u00e9r\u00e9s\u00e9vel seg\u00edt azonos\u00edtani az energetikai egyens\u00falyhi\u00e1nyt, \u00e9s magasabb teljes\u00edtm\u00e9nyszinten ir\u00e1ny\u00edtja a korrekci\u00f3s biofeedback folyamatokat, ugyanazokat az alapelveket k\u00f6vetve, mint a SCIO \u00e9s az Eductor k\u00e9sz\u00fcl\u00e9kek.<\/span><\/p>\n<p><b>Mit tartalmaz a Mandelay Q9 teljes csomag?<\/b><\/p>\n<ul>\n<li style=\"font-weight: 400;\" aria-level=\"1\"><span style=\"font-weight: 400;\">Mandelay Q9 biofeedback k\u00e9sz\u00fcl\u00e9k<\/span><\/li>\n<li style=\"font-weight: 400;\" aria-level=\"1\"><span style=\"font-weight: 400;\">Fejheveder \u00e9s v\u00e9gtagheveder k\u00e9szlet (orvosi min\u0151s\u00e9g\u0171)<\/span><\/li>\n<li style=\"font-weight: 400;\" aria-level=\"1\"><span style=\"font-weight: 400;\">USB k\u00e1bel<\/span><\/li>\n<li style=\"font-weight: 400;\" aria-level=\"1\"><span style=\"font-weight: 400;\">USB meghajt\u00f3 el\u0151re bet\u00f6lt\u00f6tt Clasp64 oper\u00e1ci\u00f3s szoftverrel<\/span><\/li>\n<li style=\"font-weight: 400;\" aria-level=\"1\"><span style=\"font-weight: 400;\">Pr\u00e9mium laptop v\u00e9d\u0151 t\u00e1ska<\/span><\/li>\n<li style=\"font-weight: 400;\" aria-level=\"1\"><span style=\"font-weight: 400;\">Exkluz\u00edv csomagol\u00e1s<\/span><\/li>\n<li style=\"font-weight: 400;\" aria-level=\"1\"><b>3 \u00e9v garancia<\/b><\/li>\n<\/ul>\n<p><b>Fontos orvosi k\u00f6zlem\u00e9ny<\/b><\/p>\n<p><span style=\"font-weight: 400;\">A Mandelay Q9 k\u00e9sz\u00fcl\u00e9k <\/span><b>nem helyettes\u00edti az orvosi diagn\u00f3zist vagy kezel\u00e9st<\/b><span style=\"font-weight: 400;\">.<\/span><span style=\"font-weight: 400;\"><br \/>\n<\/span><span style=\"font-weight: 400;\">C\u00e9lja a k\u00f6vetkez\u0151 <\/span><b>kiz\u00e1r\u00f3lag biofeedback \u00e9s kieg\u00e9sz\u00edt\u0151 k\u00e9pz\u00e9si c\u00e9lokra<\/b><span style=\"font-weight: 400;\">.<\/span><span style=\"font-weight: 400;\"><br \/>\n<\/span><span style=\"font-weight: 400;\">Haszn\u00e1lat\u00e1hoz megfelel\u0151 orvosi \u00e9s szakmai ismeretekre van sz\u00fcks\u00e9g.<\/span><\/p>","protected":false},"excerpt":{"rendered":"<p><b>Fejlett kvantum biofeedback k\u00e9sz\u00fcl\u00e9k professzion\u00e1lis wellness haszn\u00e1latra<\/b><\/p>\n<p><b>Mi a Mandelay Q9 teljes csomag?<\/b><\/p>\n<p><span style=\"font-weight: 400;\">A <\/span><b>Mandelay Q9 teljes csomag<\/b><span style=\"font-weight: 400;\"> egy k\u00f6vetkez\u0151 gener\u00e1ci\u00f3s <\/span><b>kvantum biofeedback rendszer<\/b><span style=\"font-weight: 400;\"> kifejlesztett <\/span><b>Quantum Universal Energetic Systems technol\u00f3gia<\/b><span style=\"font-weight: 400;\">.<\/span><span style=\"font-weight: 400;\"><br \/>\n<\/span><span style=\"font-weight: 400;\">A SCIO \u00e9s az Eductor k\u00e9sz\u00fcl\u00e9kek tov\u00e1bbfejlesztett v\u00e1ltozata, amely nagyobb teljes\u00edtm\u00e9nyt, gyorsabb adatfeldolgoz\u00e1st \u00e9s nagyobb m\u00e9r\u00e9si pontoss\u00e1got k\u00edn\u00e1l a professzion\u00e1lis biofeedback alkalmaz\u00e1sokhoz.<\/span><\/p>\n<p><span style=\"font-weight: 400;\">Az eg\u00e9szs\u00e9g\u00fcgyi szakemberek, wellness szakemberek \u00e9s teljes\u00edtm\u00e9nyorient\u00e1lt felhaszn\u00e1l\u00f3k sz\u00e1m\u00e1ra tervezett Mandelay Q9 pontos biofeedback betekint\u00e9st ny\u00fajt a legmodernebb EEG \u00e9s EKG technol\u00f3gi\u00e1val.<\/span><\/p>","protected":false},"featured_media":3733,"comment_status":"closed","ping_status":"closed","template":"","meta":{"_acf_changed":false,"_seopress_robots_primary_cat":"none","_seopress_titles_title":"Quest9 M Full Package with Full Clasp Portal - Pro","_seopress_titles_desc":"The ultimate Mandelay Q9 M Full Package with the Full Clasp Portal. Advanced system for comprehensive, authoritative wellness. View Details.","_seopress_robots_index":""},"product_brand":[],"product_cat":[129],"product_tag":[33],"class_list":{"0":"post-2422","1":"product","2":"type-product","3":"status-publish","4":"has-post-thumbnail","6":"product_cat-biofeedback-devices","7":"product_tag-q9","9":"first","10":"instock","11":"taxable","12":"shipping-taxable","13":"purchasable","14":"product-type-simple"},"acf":[],"_links":{"self":[{"href":"https:\/\/vibeyoup.com\/hu\/wp-json\/wp\/v2\/product\/2422","targetHints":{"allow":["GET"]}}],"collection":[{"href":"https:\/\/vibeyoup.com\/hu\/wp-json\/wp\/v2\/product"}],"about":[{"href":"https:\/\/vibeyoup.com\/hu\/wp-json\/wp\/v2\/types\/product"}],"replies":[{"embeddable":true,"href":"https:\/\/vibeyoup.com\/hu\/wp-json\/wp\/v2\/comments?post=2422"}],"wp:featuredmedia":[{"embeddable":true,"href":"https:\/\/vibeyoup.com\/hu\/wp-json\/wp\/v2\/media\/3733"}],"wp:attachment":[{"href":"https:\/\/vibeyoup.com\/hu\/wp-json\/wp\/v2\/media?parent=2422"}],"wp:term":[{"taxonomy":"product_brand","embeddable":true,"href":"https:\/\/vibeyoup.com\/hu\/wp-json\/wp\/v2\/product_brand?post=2422"},{"taxonomy":"product_cat","embeddable":true,"href":"https:\/\/vibeyoup.com\/hu\/wp-json\/wp\/v2\/product_cat?post=2422"},{"taxonomy":"product_tag","embeddable":true,"href":"https:\/\/vibeyoup.com\/hu\/wp-json\/wp\/v2\/product_tag?post=2422"}],"curies":[{"name":"wp","href":"https:\/\/api.w.org\/{rel}","templated":true}]}}