{"id":2381,"date":"2022-07-22T10:19:23","date_gmt":"2022-07-22T10:19:23","guid":{"rendered":"https:\/\/vibeyoup.com\/?post_type=product&#038;p=2381"},"modified":"2026-02-27T18:19:54","modified_gmt":"2026-02-27T18:19:54","slug":"scio","status":"publish","type":"product","link":"https:\/\/vibeyoup.com\/hu\/termek\/scio\/","title":{"rendered":"SCIO Biofeedback csomag"},"content":{"rendered":"<p><b>A SCIO biofeedback k\u00e9sz\u00fcl\u00e9k f\u0151 jellemz\u0151i<\/b><\/p>\n<ul>\n<li style=\"font-weight: 400;\" aria-level=\"1\"><span style=\"font-weight: 400;\">Fejlett t\u00f6bbcsatorn\u00e1s biofeedback technol\u00f3gia<\/span><\/li>\n<li style=\"font-weight: 400;\" aria-level=\"1\"><span style=\"font-weight: 400;\">Scans over <\/span><b>12,000 bioenergetikai frekvencia<\/b><\/li>\n<li style=\"font-weight: 400;\" aria-level=\"1\"><span style=\"font-weight: 400;\">Szem\u00e9lyre szabott, val\u00f3s idej\u0171 biofeedback \u00fcl\u00e9sek<\/span><\/li>\n<li style=\"font-weight: 400;\" aria-level=\"1\"><span style=\"font-weight: 400;\">Nem invaz\u00edv m\u00e9r\u00e9si folyamat<\/span><\/li>\n<li style=\"font-weight: 400;\" aria-level=\"1\"><span style=\"font-weight: 400;\">T\u00e1mogatja a megel\u0151z\u0151 \u00e9s kieg\u00e9sz\u00edt\u0151 wellness-gyakorlatokat<\/span><\/li>\n<li style=\"font-weight: 400;\" aria-level=\"1\"><span style=\"font-weight: 400;\">Klinikailag tesztelt \u00e9s vil\u00e1gszerte haszn\u00e1lt<\/span><\/li>\n<\/ul>\n<p><b>Hogyan m\u0171k\u00f6dik a SCIO biofeedback?<\/b><\/p>\n<p><span style=\"font-weight: 400;\">A SCIO a test bioenergetikai v\u00e1laszait t\u00f6bb csatorn\u00e1n kereszt\u00fcl m\u00e9ri, fej-, k\u00e9z- \u00e9s l\u00e1belektr\u00f3d\u00e1k seg\u00edts\u00e9g\u00e9vel.<\/span><span style=\"font-weight: 400;\"><br \/>\n<\/span><span style=\"font-weight: 400;\">Az \u00f6sszegy\u0171jt\u00f6tt adatok alapj\u00e1n a rendszer t\u00e1mogatja <\/span><b>biofeedback k\u00e9pz\u00e9s<\/b><span style=\"font-weight: 400;\"> c\u00e9lja az energetikai egyens\u00falytalans\u00e1gok azonos\u00edt\u00e1sa \u00e9s a test egyens\u00falyba hoz\u00e1s\u00e1nak el\u0151seg\u00edt\u00e9se.<\/span><\/p>\n<p><span style=\"font-weight: 400;\">Az eszk\u00f6z ugyanazon a biofeedback-elveken m\u0171k\u00f6dik, mint m\u00e1s frekvenciaalap\u00fa rendszerek, \u00e9s minden egyes \u00fcl\u00e9s sor\u00e1n val\u00f3s idej\u0171 betekint\u00e9st ny\u00fajt a szakembereknek.<\/span><\/p>\n<p><b>Mire haszn\u00e1lhat\u00f3 a SCIO?<\/b><\/p>\n<p><span style=\"font-weight: 400;\">A SCIO biofeedback rendszer t\u00e1mogathatja a k\u00f6vetkez\u0151 ter\u00fcletekhez kapcsol\u00f3d\u00f3 k\u00e9pz\u00e9st:<\/span><\/p>\n<ul>\n<li style=\"font-weight: 400;\" aria-level=\"1\"><span style=\"font-weight: 400;\">A stressz felismer\u00e9se \u00e9s cs\u00f6kkent\u00e9se<\/span><\/li>\n<li style=\"font-weight: 400;\" aria-level=\"1\"><span style=\"font-weight: 400;\">Az izmok regener\u00e1l\u00f3d\u00e1s\u00e1nak \u00e9s rehabilit\u00e1ci\u00f3j\u00e1nak t\u00e1mogat\u00e1sa<\/span><\/li>\n<li style=\"font-weight: 400;\" aria-level=\"1\"><span style=\"font-weight: 400;\">Energia\u00e1raml\u00e1s m\u00e9rlege<\/span><\/li>\n<li style=\"font-weight: 400;\" aria-level=\"1\"><span style=\"font-weight: 400;\">\u00c9rzelmi \u00e9s ment\u00e1lis stresszel kapcsolatos mint\u00e1k<\/span><\/li>\n<li style=\"font-weight: 400;\" aria-level=\"1\"><span style=\"font-weight: 400;\">\u00c1ltal\u00e1nos wellness \u00e9s teljes\u00edtm\u00e9ny optimaliz\u00e1l\u00e1s<\/span><\/li>\n<\/ul>\n<p><b>Kinek k\u00e9sz\u00fclt a SCIO?<\/b><\/p>\n<ul>\n<li style=\"font-weight: 400;\" aria-level=\"1\"><span style=\"font-weight: 400;\">Biofeedback-gyakorl\u00f3k \u00e9s holisztikus terapeut\u00e1k<\/span><\/li>\n<li style=\"font-weight: 400;\" aria-level=\"1\"><span style=\"font-weight: 400;\">Wellness edz\u0151k \u00e9s rehabilit\u00e1ci\u00f3s szakemberek<\/span><\/li>\n<li style=\"font-weight: 400;\" aria-level=\"1\"><span style=\"font-weight: 400;\">Orvosi \u00e9s kieg\u00e9sz\u00edt\u0151 eg\u00e9szs\u00e9g\u00fcgyi szakemberek<\/span><\/li>\n<li style=\"font-weight: 400;\" aria-level=\"1\"><span style=\"font-weight: 400;\">Sportol\u00f3k, gy\u00f3gytorn\u00e1szok \u00e9s teljes\u00edtm\u00e9nyedz\u0151k<\/span><\/li>\n<li style=\"font-weight: 400;\" aria-level=\"1\"><span style=\"font-weight: 400;\">A megel\u0151z\u0151 \u00e9s holisztikus wellness ir\u00e1nt elk\u00f6telezett szem\u00e9lyek<\/span><\/li>\n<\/ul>\n<p><b>Mit tartalmaz a SCIO csomag?<\/b><\/p>\n<ul>\n<li style=\"font-weight: 400;\" aria-level=\"1\"><span style=\"font-weight: 400;\">SCIO biofeedback k\u00e9sz\u00fcl\u00e9k<\/span><\/li>\n<li style=\"font-weight: 400;\" aria-level=\"1\"><span style=\"font-weight: 400;\">Fej- \u00e9s v\u00e9gtagheveder k\u00e9szlet<\/span><\/li>\n<li style=\"font-weight: 400;\" aria-level=\"1\"><span style=\"font-weight: 400;\">USB k\u00e1bel<\/span><\/li>\n<li style=\"font-weight: 400;\" aria-level=\"1\"><span style=\"font-weight: 400;\">USB meghajt\u00f3 a leg\u00fajabb <\/span><b>Clasp64 szoftver<\/b><\/li>\n<li style=\"font-weight: 400;\" aria-level=\"1\"><span style=\"font-weight: 400;\">Hordoz\u00f3t\u00e1ska<\/span><\/li>\n<li style=\"font-weight: 400;\" aria-level=\"1\"><span style=\"font-weight: 400;\">Felhaszn\u00e1l\u00f3i \u00fatmutat\u00f3<\/span><\/li>\n<li style=\"font-weight: 400;\" aria-level=\"1\"><b>3 \u00e9v garancia<\/b><\/li>\n<\/ul>\n<p><b>Fontos orvosi k\u00f6zlem\u00e9ny<\/b><\/p>\n<p><span style=\"font-weight: 400;\">A SCIO k\u00e9sz\u00fcl\u00e9k <\/span><b>nem helyettes\u00edti az orvosi diagn\u00f3zist vagy kezel\u00e9st<\/b><span style=\"font-weight: 400;\">.<\/span><span style=\"font-weight: 400;\"><br \/>\n<\/span><span style=\"font-weight: 400;\">C\u00e9lja a k\u00f6vetkez\u0151 <\/span><b>kiz\u00e1r\u00f3lag biofeedback \u00e9s kieg\u00e9sz\u00edt\u0151 k\u00e9pz\u00e9si c\u00e9lokra<\/b><span style=\"font-weight: 400;\">.<\/span><span style=\"font-weight: 400;\"><br \/>\n<\/span><span style=\"font-weight: 400;\">Haszn\u00e1lat\u00e1hoz megfelel\u0151 orvosi vagy szakmai ismeretek sz\u00fcks\u00e9gesek.<\/span><\/p>\n<p>&nbsp;<\/p>","protected":false},"excerpt":{"rendered":"<p><b>Fejlett biofeedback rendszer professzion\u00e1lis wellness haszn\u00e1latra<\/b><\/p>\n<p><b>Mi a SCIO biofeedback rendszer?<\/b><\/p>\n<p><span style=\"font-weight: 400;\">A <\/span><b>SCIO biofeedback rendszer<\/b><span style=\"font-weight: 400;\"> (Scientific Consciousness Interface Operation) egy fejlett, tudom\u00e1nyos <\/span><b>biofeedback k\u00e9sz\u00fcl\u00e9k<\/b><span style=\"font-weight: 400;\"> amelynek c\u00e9lja a bioenergetikai mint\u00e1k elemz\u00e9se \u00e9s az egyens\u00faly t\u00e1mogat\u00e1sa szem\u00e9lyre szabott biofeedback-k\u00e9pz\u00e9ssel.<\/span><span style=\"font-weight: 400;\"><br \/>\n<\/span><span style=\"font-weight: 400;\">Sz\u00e9les k\u00f6rben haszn\u00e1lj\u00e1k wellness szakemberek \u00e9s szakemberek, hogy a frekvencia alap\u00fa visszajelz\u00e9s seg\u00edts\u00e9g\u00e9vel betekint\u00e9st nyerjenek a stresszel kapcsolatos \u00e9s energetikai egyens\u00falytalans\u00e1gokba.<\/span><\/p>\n<p><span style=\"font-weight: 400;\">A SCIO t\u00f6bb ezer bioenergetikai frekvenci\u00e1t szkennel, hogy t\u00e1mogassa a r\u00e9szletes, szem\u00e9lyre szabott biofeedback folyamatot.<\/span><\/p>","protected":false},"featured_media":1635,"comment_status":"open","ping_status":"closed","template":"","meta":{"_acf_changed":false,"_seopress_robots_primary_cat":"none","_seopress_titles_title":"SCIO Biofeedback Device - Professional Certified Tech","_seopress_titles_desc":"Explore the proven SCIO system and essential Eductor accessories. Professional biofeedback for precision wellness analysis. Learn more.","_seopress_robots_index":""},"product_brand":[],"product_cat":[129],"product_tag":[],"class_list":{"0":"post-2381","1":"product","2":"type-product","3":"status-publish","4":"has-post-thumbnail","6":"product_cat-biofeedback-devices","8":"first","9":"instock","10":"taxable","11":"shipping-taxable","12":"purchasable","13":"product-type-simple"},"acf":[],"_links":{"self":[{"href":"https:\/\/vibeyoup.com\/hu\/wp-json\/wp\/v2\/product\/2381","targetHints":{"allow":["GET"]}}],"collection":[{"href":"https:\/\/vibeyoup.com\/hu\/wp-json\/wp\/v2\/product"}],"about":[{"href":"https:\/\/vibeyoup.com\/hu\/wp-json\/wp\/v2\/types\/product"}],"replies":[{"embeddable":true,"href":"https:\/\/vibeyoup.com\/hu\/wp-json\/wp\/v2\/comments?post=2381"}],"wp:featuredmedia":[{"embeddable":true,"href":"https:\/\/vibeyoup.com\/hu\/wp-json\/wp\/v2\/media\/1635"}],"wp:attachment":[{"href":"https:\/\/vibeyoup.com\/hu\/wp-json\/wp\/v2\/media?parent=2381"}],"wp:term":[{"taxonomy":"product_brand","embeddable":true,"href":"https:\/\/vibeyoup.com\/hu\/wp-json\/wp\/v2\/product_brand?post=2381"},{"taxonomy":"product_cat","embeddable":true,"href":"https:\/\/vibeyoup.com\/hu\/wp-json\/wp\/v2\/product_cat?post=2381"},{"taxonomy":"product_tag","embeddable":true,"href":"https:\/\/vibeyoup.com\/hu\/wp-json\/wp\/v2\/product_tag?post=2381"}],"curies":[{"name":"wp","href":"https:\/\/api.w.org\/{rel}","templated":true}]}}