{"id":5706,"date":"2022-09-22T09:08:07","date_gmt":"2022-09-22T09:08:07","guid":{"rendered":"https:\/\/vibeyoup.com\/?page_id=5706"},"modified":"2024-06-20T15:22:28","modified_gmt":"2024-06-20T15:22:28","slug":"felhasznalasi-feltetel","status":"publish","type":"page","link":"https:\/\/vibeyoup.com\/hu\/condition-of-use\/","title":{"rendered":"A haszn\u00e1lat felt\u00e9tele"},"content":{"rendered":"<div data-elementor-type=\"wp-page\" data-elementor-id=\"5706\" class=\"elementor elementor-5706\" data-elementor-post-type=\"page\">\n\t\t\t\t<div class=\"elementor-element elementor-element-23b3292 e-flex e-con-boxed e-con e-parent\" data-id=\"23b3292\" data-element_type=\"container\" data-e-type=\"container\">\n\t\t\t\t\t<div class=\"e-con-inner\">\n\t\t\t\t<div class=\"elementor-element elementor-element-8b2a0b2 elementor-widget elementor-widget-text-editor\" data-id=\"8b2a0b2\" data-element_type=\"widget\" data-e-type=\"widget\" data-widget_type=\"text-editor.default\">\n\t\t\t\t<div class=\"elementor-widget-container\">\n\t\t\t\t\t\t\t\t\t<h1>A haszn\u00e1lat felt\u00e9tele<\/h1><p>vibeyoup.com - Jogi nyilatkozat - 2022.<\/p><p>vibeyoup.com<\/p><p>Jogi nyilatkozat<\/p><p>1. A szolg\u00e1ltat\u00f3 adatai:<\/p><p>Szolg\u00e1ltat\u00f3 neve: Mandelay Mo Kft.<\/p><p>A szolg\u00e1ltat\u00f3 sz\u00e9khelye (\u00e9s egyben a panaszkezel\u00e9s helye): 2310<\/p><p>Szigetszentmikl\u00f3s, Gy\u00e1rtelep 12001\/33 hrsz.<\/p><p>A szolg\u00e1ltat\u00f3 el\u00e9rhet\u0151s\u00e9ge, a felhaszn\u00e1l\u00f3kkal val\u00f3 kapcsolattart\u00e1sra rendszeresen haszn\u00e1lt e-mail c\u00edm: info@scio-<\/p><p>eductor.com<\/p><p>Nyilv\u00e1ntart\u00e1si sz\u00e1m: 13-09-151464<\/p><p>TAX-sz\u00e1m: 23586310-2-13<\/p><p>A nyilv\u00e1ntart\u00f3 hat\u00f3s\u00e1g neve: Budapest K\u00f6rny\u00e9ki T\u00f6rv\u00e9nysz\u00e9k<\/p><p>Telefon: +1 206 201 2394<\/p><p>A szerz\u0151d\u00e9s nyelve: magyar<\/p><p>T\u00e1rhelyszolg\u00e1ltat\u00f3 adatai: A weboldal saj\u00e1t szerveren van elhelyezve.<\/p><p>2. Fogalommeghat\u00e1roz\u00e1sok<\/p><p>A k\u00f6vetkez\u0151 kifejez\u00e9sek a rendeletekben a k\u00f6vetkez\u0151 jelent\u00e9ssel b\u00edrnak:<\/p><p>2.1. Szolg\u00e1ltat\u00f3: Az inform\u00e1ci\u00f3s t\u00e1rsadalom szolg\u00e1ltat\u00e1sait ny\u00fajt\u00f3 szem\u00e9ly.<\/p><p>2.2. Felhaszn\u00e1l\u00f3: minden olyan szem\u00e9ly, aki a weboldalt vagy a weboldalon el\u00e9rhet\u0151 szolg\u00e1ltat\u00e1sokat (pl. aj\u00e1nlatk\u00e9r\u00e9s) b\u00e1rmilyen m\u00f3don ig\u00e9nybe veszi.<\/p><p>3. Alapvet\u0151 rendelkez\u00e9sek:<\/p><p>3.1. A jelen szab\u00e1lyzatban nem szab\u00e1lyozott k\u00e9rd\u00e9sekre \u00e9s a jelen szab\u00e1lyzat \u00e9rtelmez\u00e9s\u00e9re a magyar jog az ir\u00e1nyad\u00f3, k\u00fcl\u00f6n\u00f6s tekintettel a Polg\u00e1ri T\u00f6rv\u00e9nyk\u00f6nyvr\u0151l sz\u00f3l\u00f3 2013. \u00e9vi V. t\u00f6rv\u00e9nyre (\u201cPtk.\u201d) \u00e9s az elektronikus kereskedelmi szolg\u00e1ltat\u00e1sok, valamint az inform\u00e1ci\u00f3s t\u00e1rsadalommal \u00f6sszef\u00fcgg\u0151 szolg\u00e1ltat\u00e1sok egyes k\u00e9rd\u00e9seir\u0151l sz\u00f3l\u00f3 2001. \u00e9vi CVIII. t\u00f6rv\u00e9nyre. A vonatkoz\u00f3 jogszab\u00e1lyok k\u00f6telez\u0151 rendelkez\u00e9sei k\u00fcl\u00f6n kik\u00f6t\u00e9s n\u00e9lk\u00fcl vonatkoznak a felekre.<\/p><p>3.2. Ezek a szab\u00e1lyok 2019. m\u00e1jus 6-t\u00f3l l\u00e9pnek hat\u00e1lyba, \u00e9s visszavon\u00e1sig hat\u00e1lyban maradnak. A Szolg\u00e1ltat\u00f3 jogosult a szab\u00e1lyzat egyoldal\u00fa m\u00f3dos\u00edt\u00e1s\u00e1ra. A m\u00f3dos\u00edt\u00e1sokat a Szolg\u00e1ltat\u00f3 a hat\u00e1lyba l\u00e9p\u00e9s el\u0151tt 1 1 (tizenegy) nappal teszi k\u00f6zz\u00e9. A felhaszn\u00e1l\u00f3k az oldal haszn\u00e1lat\u00e1val elfogadj\u00e1k, hogy a weboldal haszn\u00e1lat\u00e1val kapcsolatos valamennyi szab\u00e1ly automatikusan vonatkozik r\u00e1juk.<\/p><p>3.3. Amennyiben a Felhaszn\u00e1l\u00f3 a Szolg\u00e1ltat\u00f3 \u00e1ltal \u00fczemeltetett honlapra bel\u00e9p, vagy annak tartalm\u00e1t b\u00e1rmilyen m\u00f3don elolvassa, a K\u00f3dex rendelkez\u00e9seit mag\u00e1ra n\u00e9zve k\u00f6telez\u0151nek ismeri el. Amennyiben a Felhaszn\u00e1l\u00f3 nem fogadja el a felt\u00e9teleket, nem jogosult a weboldal tartalm\u00e1nak megtekint\u00e9s\u00e9re .<\/p><p>3.4. A Szolg\u00e1ltat\u00f3 fenntart minden jogot a Honlapra, annak minden r\u00e9szlet\u00e9re \u00e9s az azon megjelen\u0151 tartalomra, valamint a Honlap terjeszt\u00e9s\u00e9re. A Szolg\u00e1ltat\u00f3 \u00edr\u00e1sbeli hozz\u00e1j\u00e1rul\u00e1sa n\u00e9lk\u00fcl tilos a Weboldal b\u00e1rmely tartalm\u00e1nak vagy annak b\u00e1rmely r\u00e9sz\u00e9nek let\u00f6lt\u00e9se, t\u00e1rol\u00e1sa, feldolgoz\u00e1sa \u00e9s \u00e9rt\u00e9kes\u00edt\u00e9se.<\/p><p>4.    Felel\u0151ss\u00e9gi nyilatkozat<\/p><p>4.1. A Szolg\u00e1ltat\u00f3 kijelenti, hogy t\u00f6rekszik a Weboldalon tal\u00e1lhat\u00f3 inform\u00e1ci\u00f3k naprak\u00e9szen tart\u00e1s\u00e1ra, de azok teljess\u00e9g\u00e9\u00e9rt, helyess\u00e9g\u00e9\u00e9rt semmilyen k\u00f6r\u00fclm\u00e9nyek k\u00f6z\u00f6tt nem v\u00e1llal felel\u0151ss\u00e9get, illetve azok esetleges m\u00f3dos\u00edt\u00e1s\u00e1\u00e9rt.<\/p><p>4.2. A szolg\u00e1ltat\u00f3 hangs\u00falyozza, hogy nem v\u00e1llal felel\u0151ss\u00e9get a weboldal haszn\u00e1lat\u00e1b\u00f3l ered\u0151 k\u00e1rok\u00e9rt.<\/p><p>4.3. A szolg\u00e1ltat\u00f3 b\u00e1rmikor, el\u0151zetes \u00e9rtes\u00edt\u00e9s n\u00e9lk\u00fcl m\u00f3dos\u00edthatja, friss\u00edtheti vagy visszavonhatja a teljes tartalmat vagy annak b\u00e1rmely r\u00e9sz\u00e9t.<\/p><p>4.4. A honlapon a Szolg\u00e1ltat\u00f3 akarat\u00e1t\u00f3l \u00e9s bel\u00e1t\u00e1s\u00e1t\u00f3l f\u00fcggetlen v\u00e1ltoz\u00e1s k\u00f6vetkezhet be, \u00edgy a Szolg\u00e1ltat\u00f3 nem v\u00e1llal felel\u0151ss\u00e9get a megjelen\u00edtett tartalom pontoss\u00e1g\u00e1\u00e9rt, megb\u00edzhat\u00f3s\u00e1g\u00e1\u00e9rt, aktualit\u00e1s\u00e1\u00e9rt vagy tartalm\u00e1\u00e9rt, az el\u00e9rhet\u0151 inform\u00e1ci\u00f3k, dokument\u00e1ci\u00f3k vagy egy\u00e9b \u00edr\u00e1sos anyagok tekintet\u00e9ben.<\/p><p>4.5.    A felhaszn\u00e1l\u00f3k kiz\u00e1r\u00f3lag saj\u00e1t felel\u0151ss\u00e9g\u00fckre haszn\u00e1lj\u00e1k a weboldalt, a Szolg\u00e1ltat\u00f3 nem felel a helytelen, pontatlan vagy hi\u00e1nyos tartalomb\u00f3l ered\u0151 k\u00e1rok\u00e9rt.<\/p><p>4.6.    A Szolg\u00e1ltat\u00f3 nem garant\u00e1lja a Weboldal funkci\u00f3inak zavartalan \u00e9s hibamentes m\u0171k\u00f6d\u00e9s\u00e9t. A Szolg\u00e1ltat\u00f3 nem v\u00e1llal felel\u0151ss\u00e9get a Weboldallal, annak haszn\u00e1lat\u00e1val vagy haszn\u00e1lhatatlans\u00e1g\u00e1val kapcsolatban felmer\u00fcl\u0151 k\u00e1rok\u00e9rt, vesztes\u00e9gek\u00e9rt, k\u00f6lts\u00e9gek\u00e9rt, amelyek a Weboldallal, annak haszn\u00e1lat\u00e1val vagy haszn\u00e1lhatatlans\u00e1g\u00e1val, \u00fczemzavarral, meghib\u00e1sod\u00e1ssal, sz\u00e1m\u00edt\u00f3g\u00e9pes v\u00edrussal, vonal- vagy rendszerhib\u00e1val vagy m\u00e1s hasonl\u00f3 okkal \u00f6sszef\u00fcgg\u00e9sben mer\u00fclnek fel. A Felhaszn\u00e1l\u00f3 ez\u00e9rt tudom\u00e1sul veszi, hogy a Szolg\u00e1ltat\u00f3 nem felel a felhaszn\u00e1l\u00f3 eszk\u00f6z\u00e9nek meghib\u00e1sod\u00e1s\u00e1\u00e9rt, a v\u00edrus \u00e1ltal okozott k\u00e1rok\u00e9rt, adatveszt\u00e9s\u00e9rt, illetve a felhaszn\u00e1l\u00f3 eszk\u00f6z\u00e9nek illet\u00e9ktelen hozz\u00e1f\u00e9r\u00e9s\u00e9\u00e9rt. h\u00e1l\u00f3zat\u00e1hoz val\u00f3 illet\u00e9ktelen hozz\u00e1f\u00e9r\u00e9s\u00e9rt.<\/p><p>5.    Szerz\u0151i jogok<\/p><p>5.1.    A honlapot megtekint\u0151 \u00e9s haszn\u00e1l\u00f3 Felhaszn\u00e1l\u00f3 kiz\u00e1r\u00f3lag mag\u00e1nc\u00e9lra haszn\u00e1lhatja a honlap tartalm\u00e1t. A mag\u00e1nc\u00e9l\u00fa felhaszn\u00e1l\u00e1s nem ellenszolg\u00e1ltat\u00e1s fej\u00e9ben t\u00f6rt\u00e9nik, de nem szolg\u00e1lhatja sem k\u00f6zvetlen\u00fcl, sem k\u00f6zvetve a j\u00f6vedelemszerz\u00e9s vagy j\u00f6vedelemn\u00f6vel\u00e9s c\u00e9lj\u00e1t.<\/p><p>5.2.    Az ingyenes haszn\u00e1lat ingyenes, \u00e9s a Szolg\u00e1ltat\u00f3 enged\u00e9lye nem sz\u00fcks\u00e9ges. A felhaszn\u00e1l\u00e1s a szabad felhaszn\u00e1l\u00e1sra vonatkoz\u00f3 rendelkez\u00e9sek alapj\u00e1n is csak akkor megengedett, ha az nem k\u00e1ros\u00edtja a weboldal rendes haszn\u00e1lat\u00e1t, \u00e9s nem s\u00e9rti indokolatlanul a jogos<\/p><p>a Szolg\u00e1ltat\u00f3 \u00e9rdekeit, \u00e9s ha az megfelel a j\u00f3hiszem\u0171s\u00e9g \u00e9s tisztess\u00e9g k\u00f6vetelm\u00e9ny\u00e9nek, \u00e9s nem \u00f6sszeegyeztethetetlen a rendeltet\u00e9sszer\u0171 felhaszn\u00e1l\u00e1ssal\/c\u00e9llal. A weboldal tartalm\u00e1nak a fenti rendelkez\u00e9sekt\u0151l elt\u00e9r\u0151 m\u00f3don t\u00f6rt\u00e9n\u0151 felhaszn\u00e1l\u00e1sa, illetve a szabad felhaszn\u00e1l\u00e1s t\u00fall\u00e9p\u00e9se jogosulatlan felhaszn\u00e1l\u00e1st eredm\u00e9nyez, amely ellen a Szolg\u00e1ltat\u00f3 a t\u00f6rv\u00e9nyben el\u0151\u00edrt jogorvoslati lehet\u0151s\u00e9geket \u00e9rv\u00e9nyes\u00edti.<\/p><p>5.3.    A Szolg\u00e1ltat\u00f3 el\u0151zetes \u00edr\u00e1sbeli hozz\u00e1j\u00e1rul\u00e1sa sz\u00fcks\u00e9ges minden \u00fczleti c\u00e9l\u00fa felhaszn\u00e1l\u00e1shoz. A Szolg\u00e1ltat\u00f3 log\u00f3j\u00e1nak \u00e9s arculati elemeinek haszn\u00e1lata el\u0151zetes enged\u00e9lyhez k\u00f6t\u00f6tt.<\/p><p>5.4.    A honlapr\u00f3l \u00e9s annak adatb\u00e1zis\u00e1b\u00f3l b\u00e1rmilyen anyag \u00e1tv\u00e9tele csak a Szolg\u00e1ltat\u00f3ra val\u00f3 hivatkoz\u00e1ssal, \u00edr\u00e1sbeli hozz\u00e1j\u00e1rul\u00e1s eset\u00e9n t\u00f6rt\u00e9nhet.<\/p><p>5.5.    A Szolg\u00e1ltat\u00f3 fenntartja minden szerz\u0151i \u00e9s egy\u00e9b jog\u00e1t a szolg\u00e1ltat\u00e1sa minden elem\u00e9re, \u00edgy a weboldalra, a k\u00e9pekre, vide\u00f3kra, hanganyagokra, egy\u00e9b szerz\u0151i jogi m\u0171vekre \u00e9s az azokkal l\u00e9trehozott m\u00e1sodlagos domain nevekre.<\/p><p>5.6.    Tilos a weboldal tartalm\u00e1nak vagy r\u00e9szeinek \u00e1tv\u00e9tele vagy visszafejt\u00e9se, valamint b\u00e1rmilyen alkalmaz\u00e1s haszn\u00e1lata a weboldal vagy annak b\u00e1rmely r\u00e9sz\u00e9nek m\u00f3dos\u00edt\u00e1s\u00e1ra vagy indexel\u00e9s\u00e9re.<\/p><p>5.7.    A Scio-eductor.com n\u00e9v szerz\u0151i jogi v\u00e9delem alatt \u00e1ll, haszn\u00e1lata csak a Szolg\u00e1ltat\u00f3 \u00edr\u00e1sbeli hozz\u00e1j\u00e1rul\u00e1s\u00e1val lehets\u00e9ges.<\/p><p>5.8.    A Felhaszn\u00e1l\u00f3 tudom\u00e1sul veszi, hogy jogosulatlan haszn\u00e1lat eset\u00e9n a Szolg\u00e1ltat\u00f3t b\u00fcntet\u00e9s terheli. A k\u00f6tb\u00e9r m\u00e9rt\u00e9ke k\u00e9penk\u00e9nt brutt\u00f3 70.000 Ft, illetve szavank\u00e9nt brutt\u00f3 20.000 Ft. A felhaszn\u00e1l\u00f3 tudom\u00e1sul veszi, hogy ez a k\u00f6tb\u00e9rfizet\u00e9si k\u00f6telezetts\u00e9g nem t\u00falz\u00f3, \u00e9s hogy ennek tudat\u00e1ban b\u00f6ng\u00e9szi az oldalt. Szerz\u0151i jogi jogs\u00e9rt\u00e9s eset\u00e9n a Szolg\u00e1ltat\u00f3 k\u00f6zjegyz\u0151i t\u00e9nytan\u00fas\u00edtv\u00e1nyt alkalmaz, ennek k\u00f6lts\u00e9g\u00e9t szint\u00e9n a jogs\u00e9rt\u0151 felhaszn\u00e1l\u00f3ra h\u00e1r\u00edtja.<\/p><p>6.    Adatv\u00e9delem<\/p><p>A weboldal adatv\u00e9delmi ir\u00e1nyelvei a k\u00f6vetkez\u0151 c\u00edmen \u00e9rhet\u0151k el:\u00a0<a href=\"https:\/\/www.scio-eductor.com\/privacy\">https:\/\/vibeyoup.com\/privacy-policy-2\/<\/a><\/p><p>Szigetszentmikl\u00f3s, 31 szept 2022<span style=\"text-align: var(--text-align); color: var( --e-global-color-1878612 );\">.<\/span><\/p>\t\t\t\t\t\t\t\t<\/div>\n\t\t\t\t<\/div>\n\t\t\t\t\t<\/div>\n\t\t\t\t<\/div>\n\t\t\t\t<\/div>","protected":false},"excerpt":{"rendered":"<p>Condition of use vibeyoup.com &#8211; Legal notice &#8211; 2022. vibeyoup.com Legal notice 1.\u00a0Details\u00a0of\u00a0the\u00a0service\u00a0provider: Provider name: Mandelay Mo Kft. The seat of the service provider (and also the place of complaint handling): 2310 Szigetszentmikl\u00f3s, Gy\u00e1rtelep 12001\/33 hrsz. Contact of the service provider, regularly used e-mail address for contacting users:\u00a0info@scio- eductor.com Registration number: 13-09-151464 TAX number: 23586310-2-13 [&hellip;]<\/p>\n","protected":false},"author":5,"featured_media":0,"parent":0,"menu_order":0,"comment_status":"closed","ping_status":"closed","template":"","meta":{"_acf_changed":false,"_seopress_robots_primary_cat":"","_seopress_titles_title":"","_seopress_titles_desc":"","_seopress_robots_index":"yes","footnotes":""},"class_list":["post-5706","page","type-page","status-publish","hentry"],"acf":[],"_links":{"self":[{"href":"https:\/\/vibeyoup.com\/hu\/wp-json\/wp\/v2\/pages\/5706","targetHints":{"allow":["GET"]}}],"collection":[{"href":"https:\/\/vibeyoup.com\/hu\/wp-json\/wp\/v2\/pages"}],"about":[{"href":"https:\/\/vibeyoup.com\/hu\/wp-json\/wp\/v2\/types\/page"}],"author":[{"embeddable":true,"href":"https:\/\/vibeyoup.com\/hu\/wp-json\/wp\/v2\/users\/5"}],"replies":[{"embeddable":true,"href":"https:\/\/vibeyoup.com\/hu\/wp-json\/wp\/v2\/comments?post=5706"}],"version-history":[{"count":0,"href":"https:\/\/vibeyoup.com\/hu\/wp-json\/wp\/v2\/pages\/5706\/revisions"}],"wp:attachment":[{"href":"https:\/\/vibeyoup.com\/hu\/wp-json\/wp\/v2\/media?parent=5706"}],"curies":[{"name":"wp","href":"https:\/\/api.w.org\/{rel}","templated":true}]}}