{"id":3723,"date":"2022-08-15T08:24:47","date_gmt":"2022-08-15T08:24:47","guid":{"rendered":"https:\/\/vibeyoup.com\/?page_id=3723"},"modified":"2025-11-11T15:28:43","modified_gmt":"2025-11-11T15:28:43","slug":"termekkapocs-portal","status":"publish","type":"page","link":"https:\/\/vibeyoup.com\/hu\/product-clasp-portal\/","title":{"rendered":"Product Clasp Portal"},"content":{"rendered":"<div data-elementor-type=\"wp-page\" data-elementor-id=\"3723\" class=\"elementor elementor-3723\" data-elementor-post-type=\"page\">\n\t\t\t\t<div class=\"elementor-element elementor-element-7fd072f e-flex e-con-boxed e-con e-parent\" data-id=\"7fd072f\" data-element_type=\"container\" data-e-type=\"container\" data-settings=\"{&quot;background_background&quot;:&quot;classic&quot;}\">\n\t\t\t\t\t<div class=\"e-con-inner\">\n\t\t\t\t<div class=\"elementor-element elementor-element-aa3a2b3 elementor-widget__width-initial elementor-widget elementor-widget-heading\" data-id=\"aa3a2b3\" data-element_type=\"widget\" data-e-type=\"widget\" data-widget_type=\"heading.default\">\n\t\t\t\t<div class=\"elementor-widget-container\">\n\t\t\t\t\t<h1 class=\"elementor-heading-title elementor-size-default\">Egyszer\u0171en illik hozz\u00e1d:\n<\/h1>\t\t\t\t<\/div>\n\t\t\t\t<\/div>\n\t\t\t\t<div class=\"elementor-element elementor-element-de09741 elementor-widget__width-initial elementor-widget elementor-widget-heading\" data-id=\"de09741\" data-element_type=\"widget\" data-e-type=\"widget\" data-widget_type=\"heading.default\">\n\t\t\t\t<div class=\"elementor-widget-container\">\n\t\t\t\t\t<h1 class=\"elementor-heading-title elementor-size-default\">A KAPCSOS PORT\u00c1L MODULOK\n<\/h1>\t\t\t\t<\/div>\n\t\t\t\t<\/div>\n\t\t\t\t<div class=\"elementor-element elementor-element-c6af4f6 elementor-widget__width-initial elementor-widget elementor-widget-text-editor\" data-id=\"c6af4f6\" data-element_type=\"widget\" data-e-type=\"widget\" data-widget_type=\"text-editor.default\">\n\t\t\t\t<div class=\"elementor-widget-container\">\n\t\t\t\t\t\t\t\t\t<div class=\"elementor-element elementor-element-404cff7 e-con-full e-flex e-con e-parent e-lazyloaded\" data-id=\"404cff7\" data-element_type=\"container\"><div class=\"elementor-element elementor-element-816631c e-con-full e-flex e-con e-child\" data-id=\"816631c\" data-element_type=\"container\"><div class=\"elementor-element elementor-element-28c0d46 elementor-widget elementor-widget-text-editor\" data-id=\"28c0d46\" data-element_type=\"widget\" data-widget_type=\"text-editor.default\"><div class=\"elementor-widget-container\"><p><strong>\u00dagy \u00e9rzi, hogy \u00d6nnek \u00e9s \u00fcgyfeleinek speci\u00e1lis ig\u00e9nyei vannak, amelyeket le kell fedezni?<\/strong> K\u00e9sz\u00edtett\u00fcnk valami kiv\u00e9teleset, ami kompatibilis a legt\u00f6bb szoftverrel a piacon, \u00e9s m\u00e9g a kezd\u0151 gyakorl\u00f3k sz\u00e1m\u00e1ra is k\u00f6nnyen haszn\u00e1lhat\u00f3.<\/p><\/div><\/div><\/div><\/div>\t\t\t\t\t\t\t\t<\/div>\n\t\t\t\t<\/div>\n\t\t\t\t<div class=\"elementor-element elementor-element-ddcf778 animated-fast elementor-align-center elementor-mobile-align-left elementor-widget-mobile__width-initial elementor-widget elementor-widget-button\" data-id=\"ddcf778\" data-element_type=\"widget\" data-e-type=\"widget\" data-settings=\"{&quot;_animation&quot;:&quot;none&quot;,&quot;_animation_delay&quot;:400}\" data-widget_type=\"button.default\">\n\t\t\t\t<div class=\"elementor-widget-container\">\n\t\t\t\t\t\t\t\t\t<div class=\"elementor-button-wrapper\">\n\t\t\t\t\t<a class=\"elementor-button elementor-button-link elementor-size-sm elementor-animation-float\" href=\"https:\/\/shop.vibeyoup.com\/clasp-portal\">\n\t\t\t\t\t\t<span class=\"elementor-button-content-wrapper\">\n\t\t\t\t\t\t\t\t\t<span class=\"elementor-button-text\">kapocs port\u00e1l<\/span>\n\t\t\t\t\t<\/span>\n\t\t\t\t\t<\/a>\n\t\t\t\t<\/div>\n\t\t\t\t\t\t\t\t<\/div>\n\t\t\t\t<\/div>\n\t\t\t\t\t<\/div>\n\t\t\t\t<\/div>\n\t\t<div class=\"elementor-element elementor-element-8d16c2c e-flex e-con-boxed e-con e-parent\" data-id=\"8d16c2c\" data-element_type=\"container\" data-e-type=\"container\" data-settings=\"{&quot;background_background&quot;:&quot;classic&quot;}\">\n\t\t\t\t\t<div class=\"e-con-inner\">\n\t\t<div class=\"elementor-element elementor-element-8fe3c41 e-con-full e-flex e-con e-child\" data-id=\"8fe3c41\" data-element_type=\"container\" data-e-type=\"container\">\n\t\t\t\t<div class=\"elementor-element elementor-element-f4001de elementor-widget__width-initial elementor-widget-tablet__width-initial elementor-widget elementor-widget-heading\" data-id=\"f4001de\" data-element_type=\"widget\" data-e-type=\"widget\" data-widget_type=\"heading.default\">\n\t\t\t\t<div class=\"elementor-widget-container\">\n\t\t\t\t\t<h2 class=\"elementor-heading-title elementor-size-default\">Kapocs port\u00e1l alapk\u00e9pz\u00e9s\n<\/h2>\t\t\t\t<\/div>\n\t\t\t\t<\/div>\n\t\t\t\t<div class=\"elementor-element elementor-element-877cbbf elementor-hidden-desktop elementor-widget elementor-widget-image\" data-id=\"877cbbf\" data-element_type=\"widget\" data-e-type=\"widget\" data-settings=\"{&quot;_animation_mobile&quot;:&quot;fadeIn&quot;}\" data-widget_type=\"image.default\">\n\t\t\t\t<div class=\"elementor-widget-container\">\n\t\t\t\t\t\t\t\t\t\t\t\t\t\t\t<img fetchpriority=\"high\" decoding=\"async\" width=\"500\" height=\"500\" src=\"https:\/\/vibeyoup.com\/wp-content\/uploads\/2025\/10\/MY-CP002.webp\" class=\"attachment-large size-large wp-image-26316\" alt=\"\" srcset=\"https:\/\/vibeyoup.com\/wp-content\/uploads\/2025\/10\/MY-CP002.webp 500w, https:\/\/vibeyoup.com\/wp-content\/uploads\/2025\/10\/MY-CP002-300x300.webp 300w, https:\/\/vibeyoup.com\/wp-content\/uploads\/2025\/10\/MY-CP002-150x150.webp 150w\" sizes=\"(max-width: 500px) 100vw, 500px\" \/>\t\t\t\t\t\t\t\t\t\t\t\t\t\t\t<\/div>\n\t\t\t\t<\/div>\n\t\t\t\t<div class=\"elementor-element elementor-element-b2b5ef8 elementor-widget__width-initial elementor-widget elementor-widget-text-editor\" data-id=\"b2b5ef8\" data-element_type=\"widget\" data-e-type=\"widget\" data-widget_type=\"text-editor.default\">\n\t\t\t\t<div class=\"elementor-widget-container\">\n\t\t\t\t\t\t\t\t\t<div class=\"elementor-element elementor-element-26aa7e5 elementor-widget elementor-widget-text-editor\" data-id=\"26aa7e5\" data-element_type=\"widget\" data-widget_type=\"text-editor.default\"><div class=\"elementor-widget-container\"><p><em>\u00d6n most kezdi a biofeedback-gyakorl\u00f3i p\u00e1lyafut\u00e1s\u00e1t? Nehezen boldogul a bonyolult szoftverek haszn\u00e1lat\u00e1val? Vagy nem akarja az idej\u00e9t arra pazarolni, hogy mindig manu\u00e1lisan \u00e1ll\u00edtsa be az \u00f6sszes param\u00e9tert?<\/em><\/p><p>Van egy megold\u00e1sunk az \u00d6n sz\u00e1m\u00e1ra - a CLASP PORT\u00c1L alapk\u00e9pz\u00e9s\u00fcnk.<\/p><\/div><\/div><div class=\"elementor-element elementor-element-6e98702 elementor-widget elementor-widget-text-editor\" data-id=\"6e98702\" data-element_type=\"widget\" data-widget_type=\"text-editor.default\"><div class=\"elementor-widget-container\"><p>Itt tal\u00e1lhat k\u00e9sz programokat a munkamenetekhez, amelyek megk\u00f6nny\u00edtik a mindennapjait, de ugyanolyan min\u0151s\u00e9gben, mint egy k\u00e9zzel be\u00e1ll\u00edtott program.<\/p><\/div><\/div>\t\t\t\t\t\t\t\t<\/div>\n\t\t\t\t<\/div>\n\t\t\t\t<div class=\"elementor-element elementor-element-2590702 animated-fast elementor-align-left elementor-tablet-align-center elementor-widget elementor-widget-button\" data-id=\"2590702\" data-element_type=\"widget\" data-e-type=\"widget\" data-settings=\"{&quot;_animation&quot;:&quot;none&quot;,&quot;_animation_delay&quot;:400}\" data-widget_type=\"button.default\">\n\t\t\t\t<div class=\"elementor-widget-container\">\n\t\t\t\t\t\t\t\t\t<div class=\"elementor-button-wrapper\">\n\t\t\t\t\t<a class=\"elementor-button elementor-button-link elementor-size-sm elementor-animation-float\" href=\"https:\/\/shop.vibeyoup.com\/clasp-portal-with-basic-trainig-module\">\n\t\t\t\t\t\t<span class=\"elementor-button-content-wrapper\">\n\t\t\t\t\t\t\t\t\t<span class=\"elementor-button-text\">kapja meg a clasp port\u00e1l k\u00e9pz\u00e9si modulj\u00e1t<\/span>\n\t\t\t\t\t<\/span>\n\t\t\t\t\t<\/a>\n\t\t\t\t<\/div>\n\t\t\t\t\t\t\t\t<\/div>\n\t\t\t\t<\/div>\n\t\t\t\t<\/div>\n\t\t<div class=\"elementor-element elementor-element-d1cb5a8 e-con-full elementor-hidden-tablet elementor-hidden-mobile e-flex e-con e-child\" data-id=\"d1cb5a8\" data-element_type=\"container\" data-e-type=\"container\">\n\t\t\t\t<div class=\"elementor-element elementor-element-83d226e elementor-widget elementor-widget-image\" data-id=\"83d226e\" data-element_type=\"widget\" data-e-type=\"widget\" data-widget_type=\"image.default\">\n\t\t\t\t<div class=\"elementor-widget-container\">\n\t\t\t\t\t\t\t\t\t\t\t\t\t\t\t<img fetchpriority=\"high\" decoding=\"async\" width=\"500\" height=\"500\" src=\"https:\/\/vibeyoup.com\/wp-content\/uploads\/2025\/10\/MY-CP002.webp\" class=\"attachment-large size-large wp-image-26316\" alt=\"\" srcset=\"https:\/\/vibeyoup.com\/wp-content\/uploads\/2025\/10\/MY-CP002.webp 500w, https:\/\/vibeyoup.com\/wp-content\/uploads\/2025\/10\/MY-CP002-300x300.webp 300w, https:\/\/vibeyoup.com\/wp-content\/uploads\/2025\/10\/MY-CP002-150x150.webp 150w\" sizes=\"(max-width: 500px) 100vw, 500px\" \/>\t\t\t\t\t\t\t\t\t\t\t\t\t\t\t<\/div>\n\t\t\t\t<\/div>\n\t\t\t\t<\/div>\n\t\t\t\t\t<\/div>\n\t\t\t\t<\/div>\n\t\t<div class=\"elementor-element elementor-element-b947d60 e-flex e-con-boxed e-con e-parent\" data-id=\"b947d60\" data-element_type=\"container\" data-e-type=\"container\" data-settings=\"{&quot;background_background&quot;:&quot;classic&quot;}\">\n\t\t\t\t\t<div class=\"e-con-inner\">\n\t\t<div class=\"elementor-element elementor-element-6d6c67d e-con-full e-flex e-con e-child\" data-id=\"6d6c67d\" data-element_type=\"container\" data-e-type=\"container\">\n\t\t\t\t<div class=\"elementor-element elementor-element-1102bf8 elementor-widget__width-initial elementor-widget-tablet__width-initial elementor-widget elementor-widget-heading\" data-id=\"1102bf8\" data-element_type=\"widget\" data-e-type=\"widget\" data-widget_type=\"heading.default\">\n\t\t\t\t<div class=\"elementor-widget-container\">\n\t\t\t\t\t<h2 class=\"elementor-heading-title elementor-size-default\">Kapocsport\u00e1l e-seg\u00e9ly modullal\n<\/h2>\t\t\t\t<\/div>\n\t\t\t\t<\/div>\n\t\t\t\t<div class=\"elementor-element elementor-element-7c20c60 elementor-hidden-desktop elementor-widget elementor-widget-image\" data-id=\"7c20c60\" data-element_type=\"widget\" data-e-type=\"widget\" data-settings=\"{&quot;_animation_mobile&quot;:&quot;fadeIn&quot;}\" data-widget_type=\"image.default\">\n\t\t\t\t<div class=\"elementor-widget-container\">\n\t\t\t\t\t\t\t\t\t\t\t\t\t\t\t<img decoding=\"async\" width=\"500\" height=\"500\" src=\"https:\/\/vibeyoup.com\/wp-content\/uploads\/2025\/10\/MY-CP004.webp\" class=\"attachment-large size-large wp-image-26317\" alt=\"\" srcset=\"https:\/\/vibeyoup.com\/wp-content\/uploads\/2025\/10\/MY-CP004.webp 500w, https:\/\/vibeyoup.com\/wp-content\/uploads\/2025\/10\/MY-CP004-300x300.webp 300w, https:\/\/vibeyoup.com\/wp-content\/uploads\/2025\/10\/MY-CP004-150x150.webp 150w\" sizes=\"(max-width: 500px) 100vw, 500px\" \/>\t\t\t\t\t\t\t\t\t\t\t\t\t\t\t<\/div>\n\t\t\t\t<\/div>\n\t\t\t\t<div class=\"elementor-element elementor-element-099452c elementor-widget__width-initial elementor-widget elementor-widget-text-editor\" data-id=\"099452c\" data-element_type=\"widget\" data-e-type=\"widget\" data-widget_type=\"text-editor.default\">\n\t\t\t\t<div class=\"elementor-widget-container\">\n\t\t\t\t\t\t\t\t\t<p><em>A kliensei k\u00fczdenek a f\u00fcgg\u0151s\u00e9gekkel?<\/em>\u00a0<em>Seg\u00edts\u00e9gre van sz\u00fcks\u00e9g\u00fck a d\u00e9monaik lecsillap\u00edt\u00e1s\u00e1hoz?\u00a0 <\/em>Akkor a CLASP PORTAL WITH E-AID MODUL lesz a legjobb v\u00e1laszt\u00e1s. A f\u00fcgg\u0151s\u00e9gi t\u00edpusok sz\u00e9les sk\u00e1l\u00e1j\u00e1ra (doh\u00e1nyz\u00e1s, j\u00e1t\u00e9k, v\u00e1s\u00e1rl\u00e1s, alkohol, drog, mobiltelefon stb.) felk\u00e9sz\u00fclve, azonnal haszn\u00e1lhat\u00f3 programokkal, amelyek k\u00f6z\u00fcl v\u00e1laszthat.<\/p><p>A tart\u00f3s stressz a f\u00fcgg\u0151s\u00e9gek kialakul\u00e1s\u00e1nak f\u0151 oka, mivel olyan tev\u00e9kenys\u00e9geket kezdesz keresni, amelyek rem\u00e9lhet\u0151leg cs\u00f6kkentik a stressz-szintet \u00e9s j\u00f3 \u00e9rz\u00e9ssel t\u00f6ltenek el. Ezek a tev\u00e9kenys\u00e9gek f\u00fcgg\u0151s\u00e9gg\u00e9 alakulhatnak \u00e1t, \u00e9s t\u00f6nkretehetik az \u00e9let\u00e9t.<\/p><p>Teh\u00e1t ha \u00fagy gondolja, hogy min\u0151s\u00e9gi csat\u00e1t akar ind\u00edtani \u00fcgyfelei jobb j\u00f6v\u0151j\u00e9\u00e9rt, akkor pr\u00f3b\u00e1lja ki a CLASP PORT\u00c1L E-AID MODULT. A f\u00fcgg\u0151s\u00e9gi probl\u00e9m\u00e1kra speci\u00e1lisan testreszabott be\u00e1ll\u00edt\u00e1sok id\u0151t takar\u00edtanak meg, \u00e9s hat\u00e9kony eredm\u00e9nyekhez vezetnek.<\/p>\t\t\t\t\t\t\t\t<\/div>\n\t\t\t\t<\/div>\n\t\t\t\t<div class=\"elementor-element elementor-element-b96d5d9 animated-fast elementor-align-left elementor-tablet-align-center elementor-widget elementor-widget-button\" data-id=\"b96d5d9\" data-element_type=\"widget\" data-e-type=\"widget\" data-settings=\"{&quot;_animation&quot;:&quot;none&quot;,&quot;_animation_delay&quot;:400}\" data-widget_type=\"button.default\">\n\t\t\t\t<div class=\"elementor-widget-container\">\n\t\t\t\t\t\t\t\t\t<div class=\"elementor-button-wrapper\">\n\t\t\t\t\t<a class=\"elementor-button elementor-button-link elementor-size-sm elementor-animation-float\" href=\"https:\/\/shop.vibeyoup.com\/clasp-portal-with-e-aid-module\">\n\t\t\t\t\t\t<span class=\"elementor-button-content-wrapper\">\n\t\t\t\t\t\t\t\t\t<span class=\"elementor-button-text\">KEZDJE EL A F\u00dcGG\u0150S\u00c9G ELLENI HARCOT A CLASP PORT\u00c1LLAL \u00c9S AZ E-AID MODULLAL<\/span>\n\t\t\t\t\t<\/span>\n\t\t\t\t\t<\/a>\n\t\t\t\t<\/div>\n\t\t\t\t\t\t\t\t<\/div>\n\t\t\t\t<\/div>\n\t\t\t\t<\/div>\n\t\t<div class=\"elementor-element elementor-element-8f6ad27 e-con-full elementor-hidden-tablet elementor-hidden-mobile e-flex e-con e-child\" data-id=\"8f6ad27\" data-element_type=\"container\" data-e-type=\"container\">\n\t\t\t\t<div class=\"elementor-element elementor-element-d88c49d elementor-widget elementor-widget-image\" data-id=\"d88c49d\" data-element_type=\"widget\" data-e-type=\"widget\" data-widget_type=\"image.default\">\n\t\t\t\t<div class=\"elementor-widget-container\">\n\t\t\t\t\t\t\t\t\t\t\t\t\t\t\t<img decoding=\"async\" width=\"500\" height=\"500\" src=\"https:\/\/vibeyoup.com\/wp-content\/uploads\/2025\/10\/MY-CP004.webp\" class=\"attachment-large size-large wp-image-26317\" alt=\"\" srcset=\"https:\/\/vibeyoup.com\/wp-content\/uploads\/2025\/10\/MY-CP004.webp 500w, https:\/\/vibeyoup.com\/wp-content\/uploads\/2025\/10\/MY-CP004-300x300.webp 300w, https:\/\/vibeyoup.com\/wp-content\/uploads\/2025\/10\/MY-CP004-150x150.webp 150w\" sizes=\"(max-width: 500px) 100vw, 500px\" \/>\t\t\t\t\t\t\t\t\t\t\t\t\t\t\t<\/div>\n\t\t\t\t<\/div>\n\t\t\t\t<\/div>\n\t\t\t\t\t<\/div>\n\t\t\t\t<\/div>\n\t\t<div class=\"elementor-element elementor-element-58c98d4 e-flex e-con-boxed e-con e-parent\" data-id=\"58c98d4\" data-element_type=\"container\" data-e-type=\"container\" data-settings=\"{&quot;background_background&quot;:&quot;classic&quot;}\">\n\t\t\t\t\t<div class=\"e-con-inner\">\n\t\t<div class=\"elementor-element elementor-element-727f321 e-con-full e-flex e-con e-child\" data-id=\"727f321\" data-element_type=\"container\" data-e-type=\"container\">\n\t\t\t\t<div class=\"elementor-element elementor-element-be88f32 elementor-widget__width-initial elementor-widget-tablet__width-initial elementor-widget elementor-widget-heading\" data-id=\"be88f32\" data-element_type=\"widget\" data-e-type=\"widget\" data-widget_type=\"heading.default\">\n\t\t\t\t<div class=\"elementor-widget-container\">\n\t\t\t\t\t<h2 class=\"elementor-heading-title elementor-size-default\">Kapocsport\u00e1l csapol\u00f3val (a meger\u0151s\u00edt\u0151 port\u00e1l) modul<\/h2>\t\t\t\t<\/div>\n\t\t\t\t<\/div>\n\t\t\t\t<div class=\"elementor-element elementor-element-1f8f41a elementor-hidden-desktop elementor-widget elementor-widget-image\" data-id=\"1f8f41a\" data-element_type=\"widget\" data-e-type=\"widget\" data-settings=\"{&quot;_animation_mobile&quot;:&quot;fadeIn&quot;}\" data-widget_type=\"image.default\">\n\t\t\t\t<div class=\"elementor-widget-container\">\n\t\t\t\t\t\t\t\t\t\t\t\t\t\t\t<img decoding=\"async\" width=\"500\" height=\"500\" src=\"https:\/\/vibeyoup.com\/wp-content\/uploads\/2025\/10\/affirmation.webp\" class=\"attachment-large size-large wp-image-26319\" alt=\"\" srcset=\"https:\/\/vibeyoup.com\/wp-content\/uploads\/2025\/10\/affirmation.webp 500w, https:\/\/vibeyoup.com\/wp-content\/uploads\/2025\/10\/affirmation-300x300.webp 300w, https:\/\/vibeyoup.com\/wp-content\/uploads\/2025\/10\/affirmation-150x150.webp 150w\" sizes=\"(max-width: 500px) 100vw, 500px\" \/>\t\t\t\t\t\t\t\t\t\t\t\t\t\t\t<\/div>\n\t\t\t\t<\/div>\n\t\t\t\t<div class=\"elementor-element elementor-element-3dc2c84 elementor-widget__width-initial elementor-widget elementor-widget-text-editor\" data-id=\"3dc2c84\" data-element_type=\"widget\" data-e-type=\"widget\" data-widget_type=\"text-editor.default\">\n\t\t\t\t<div class=\"elementor-widget-container\">\n\t\t\t\t\t\t\t\t\t<p><em>Hallott\u00e1l m\u00e1r az ima, a pozit\u00edv gondolkod\u00e1sm\u00f3d \u00e9s a gondolkod\u00e1s erej\u00e9r\u0151l?<\/em> Ezek a meger\u0151s\u00edt\u00e9sek \u00edgy ir\u00e1ny\u00edthatj\u00e1k az elm\u00e9det, \u00e9s r\u00e1vehetnek, hogy valami igaz\u00e1n fontos dologra koncentr\u00e1lj.<\/p><p>A meger\u0151s\u00edt\u00e9sek az egyszer\u0171 pozit\u00edv mondatok ism\u00e9tl\u00e9s\u00e9t\u0151l a k\u00e1nt\u00e1l\u00e1sig terjednek. \u00c9s ebben seg\u00edt a CLASP PORT\u00c1L TAP MODULUNK. A modulban k\u00fcl\u00f6nb\u00f6z\u0151 be\u00e1ll\u00edt\u00e1sokat haszn\u00e1lhat, \u00e9s l\u00e9trehozhatja ezeket az affirm\u00e1ci\u00f3kat, be\u00e1ll\u00edthatja az id\u0151t, folyamatoss\u00e1 teheti \u0151ket stb. A folyamatos meger\u0151s\u00edt\u00e9sek hat\u00e1s\u00e1ra a tudatalattid befogadja ezt az inform\u00e1ci\u00f3t. A j\u00f3 hangulat az \u00fcgyfelei \u00e9let\u00e9ben a pozit\u00edvan megv\u00e1ltozott gondolkod\u00e1sm\u00f3ddal fog kezd\u0151dni.<\/p>\t\t\t\t\t\t\t\t<\/div>\n\t\t\t\t<\/div>\n\t\t\t\t<div class=\"elementor-element elementor-element-40260f1 animated-fast elementor-align-left elementor-tablet-align-center elementor-widget elementor-widget-button\" data-id=\"40260f1\" data-element_type=\"widget\" data-e-type=\"widget\" data-settings=\"{&quot;_animation&quot;:&quot;none&quot;,&quot;_animation_delay&quot;:400}\" data-widget_type=\"button.default\">\n\t\t\t\t<div class=\"elementor-widget-container\">\n\t\t\t\t\t\t\t\t\t<div class=\"elementor-button-wrapper\">\n\t\t\t\t\t<a class=\"elementor-button elementor-button-link elementor-size-sm elementor-animation-float\" href=\"https:\/\/www.scio-eductor.shop\/clasp-portal-with-the-affirmation-portal-module\">\n\t\t\t\t\t\t<span class=\"elementor-button-content-wrapper\">\n\t\t\t\t\t\t\t\t\t<span class=\"elementor-button-text\">J\u00d3 HANGULAT ELKAP\u00c1SA A KAPOCS PORT\u00c1LLAL \u00c9S A CSAPOL\u00d3 MODULLAL<\/span>\n\t\t\t\t\t<\/span>\n\t\t\t\t\t<\/a>\n\t\t\t\t<\/div>\n\t\t\t\t\t\t\t\t<\/div>\n\t\t\t\t<\/div>\n\t\t\t\t<\/div>\n\t\t<div class=\"elementor-element elementor-element-b286ed9 e-con-full elementor-hidden-tablet elementor-hidden-mobile e-flex e-con e-child\" data-id=\"b286ed9\" data-element_type=\"container\" data-e-type=\"container\">\n\t\t\t\t<div class=\"elementor-element elementor-element-099de5f elementor-widget elementor-widget-image\" data-id=\"099de5f\" data-element_type=\"widget\" data-e-type=\"widget\" data-widget_type=\"image.default\">\n\t\t\t\t<div class=\"elementor-widget-container\">\n\t\t\t\t\t\t\t\t\t\t\t\t\t\t\t<img decoding=\"async\" width=\"500\" height=\"500\" src=\"https:\/\/vibeyoup.com\/wp-content\/uploads\/2025\/10\/affirmation.webp\" class=\"attachment-large size-large wp-image-26319\" alt=\"\" srcset=\"https:\/\/vibeyoup.com\/wp-content\/uploads\/2025\/10\/affirmation.webp 500w, https:\/\/vibeyoup.com\/wp-content\/uploads\/2025\/10\/affirmation-300x300.webp 300w, https:\/\/vibeyoup.com\/wp-content\/uploads\/2025\/10\/affirmation-150x150.webp 150w\" sizes=\"(max-width: 500px) 100vw, 500px\" \/>\t\t\t\t\t\t\t\t\t\t\t\t\t\t\t<\/div>\n\t\t\t\t<\/div>\n\t\t\t\t<\/div>\n\t\t\t\t\t<\/div>\n\t\t\t\t<\/div>\n\t\t<div class=\"elementor-element elementor-element-7cefe73 e-flex e-con-boxed e-con e-parent\" data-id=\"7cefe73\" data-element_type=\"container\" data-e-type=\"container\" data-settings=\"{&quot;background_background&quot;:&quot;gradient&quot;}\">\n\t\t\t\t\t<div class=\"e-con-inner\">\n\t\t\t\t<div class=\"elementor-element elementor-element-a681e66 elementor-widget__width-initial elementor-widget elementor-widget-heading\" data-id=\"a681e66\" data-element_type=\"widget\" data-e-type=\"widget\" data-widget_type=\"heading.default\">\n\t\t\t\t<div class=\"elementor-widget-container\">\n\t\t\t\t\t<h2 class=\"elementor-heading-title elementor-size-default\">A teljes csomagot k\u00fcl\u00f6nleges \u00e1ron vagy k\u00fcl\u00f6nb\u00f6z\u0151 vari\u00e1ci\u00f3kban tal\u00e1lja meg. N\u00e9zze meg webshopunkat, hogy megtal\u00e1lja az \u00d6nnek legmegfelel\u0151bb lehet\u0151s\u00e9get!\n<\/h2>\t\t\t\t<\/div>\n\t\t\t\t<\/div>\n\t\t\t\t\t<\/div>\n\t\t\t\t<\/div>\n\t\t<div class=\"elementor-element elementor-element-e376c29 e-flex e-con-boxed e-con e-parent\" data-id=\"e376c29\" data-element_type=\"container\" data-e-type=\"container\" data-settings=\"{&quot;background_background&quot;:&quot;classic&quot;}\">\n\t\t\t\t\t<div class=\"e-con-inner\">\n\t\t\t\t<div class=\"elementor-element elementor-element-37a5afb elementor-arrows-position-inside elementor-pagination-position-outside elementor-widget elementor-widget-image-carousel\" data-id=\"37a5afb\" data-element_type=\"widget\" data-e-type=\"widget\" data-settings=\"{&quot;slides_to_show&quot;:&quot;4&quot;,&quot;navigation&quot;:&quot;both&quot;,&quot;autoplay&quot;:&quot;yes&quot;,&quot;pause_on_hover&quot;:&quot;yes&quot;,&quot;pause_on_interaction&quot;:&quot;yes&quot;,&quot;autoplay_speed&quot;:5000,&quot;infinite&quot;:&quot;yes&quot;,&quot;speed&quot;:500,&quot;image_spacing_custom&quot;:{&quot;unit&quot;:&quot;px&quot;,&quot;size&quot;:20,&quot;sizes&quot;:[]},&quot;image_spacing_custom_tablet&quot;:{&quot;unit&quot;:&quot;px&quot;,&quot;size&quot;:&quot;&quot;,&quot;sizes&quot;:[]},&quot;image_spacing_custom_mobile&quot;:{&quot;unit&quot;:&quot;px&quot;,&quot;size&quot;:&quot;&quot;,&quot;sizes&quot;:[]}}\" data-widget_type=\"image-carousel.default\">\n\t\t\t\t<div class=\"elementor-widget-container\">\n\t\t\t\t\t\t\t<div class=\"elementor-image-carousel-wrapper swiper\" role=\"region\" aria-roledescription=\"carousel\" aria-label=\"K\u00e9pkarusszel\" dir=\"ltr\">\n\t\t\t<div class=\"elementor-image-carousel swiper-wrapper\" aria-live=\"off\">\n\t\t\t\t\t\t\t\t<div class=\"swiper-slide\" role=\"group\" aria-roledescription=\"slide\" aria-label=\"1 \/ 4\"><figure class=\"swiper-slide-inner\"><img decoding=\"async\" class=\"swiper-slide-image\" src=\"https:\/\/vibeyoup.com\/wp-content\/uploads\/2025\/10\/MY-CP002.webp\" alt=\"Kapocs port\u00e1l alapk\u00e9pz\u00e9si modul\" \/><\/figure><\/div><div class=\"swiper-slide\" role=\"group\" aria-roledescription=\"slide\" aria-label=\"2 \/ 4\"><figure class=\"swiper-slide-inner\"><img decoding=\"async\" class=\"swiper-slide-image\" src=\"https:\/\/vibeyoup.com\/wp-content\/uploads\/2025\/10\/MY-CP004.webp\" alt=\"Kapocs port\u00e1l e-AID modul\" \/><\/figure><\/div><div class=\"swiper-slide\" role=\"group\" aria-roledescription=\"slide\" aria-label=\"3 \/ 4\"><figure class=\"swiper-slide-inner\"><img decoding=\"async\" class=\"swiper-slide-image\" src=\"https:\/\/vibeyoup.com\/wp-content\/uploads\/2025\/10\/affirmation.webp\" alt=\"Affirm\u00e1ci\u00f3s port\u00e1l modul a SCIO\/Q9 biofeedbackhez\" \/><\/figure><\/div><div class=\"swiper-slide\" role=\"group\" aria-roledescription=\"slide\" aria-label=\"4 \/ 4\"><figure class=\"swiper-slide-inner\"><img decoding=\"async\" class=\"swiper-slide-image\" src=\"https:\/\/vibeyoup.com\/wp-content\/uploads\/2025\/10\/eadi-tap.webp\" alt=\"eadi + csap\" \/><\/figure><\/div>\t\t\t<\/div>\n\t\t\t\t\t\t\t\t\t\t\t\t<div class=\"elementor-swiper-button elementor-swiper-button-prev\" role=\"button\" tabindex=\"0\">\n\t\t\t\t\t\t<i aria-hidden=\"true\" class=\"eicon-chevron-left\"><\/i>\t\t\t\t\t<\/div>\n\t\t\t\t\t<div class=\"elementor-swiper-button elementor-swiper-button-next\" role=\"button\" tabindex=\"0\">\n\t\t\t\t\t\t<i aria-hidden=\"true\" class=\"eicon-chevron-right\"><\/i>\t\t\t\t\t<\/div>\n\t\t\t\t\n\t\t\t\t\t\t\t\t\t<div class=\"swiper-pagination\"><\/div>\n\t\t\t\t\t\t\t\t\t<\/div>\n\t\t\t\t\t\t<\/div>\n\t\t\t\t<\/div>\n\t\t\t\t<div class=\"elementor-element elementor-element-c0f8882 animated-fast elementor-align-center elementor-mobile-align-center elementor-widget-mobile__width-initial elementor-widget elementor-widget-button\" data-id=\"c0f8882\" data-element_type=\"widget\" data-e-type=\"widget\" data-settings=\"{&quot;_animation&quot;:&quot;none&quot;,&quot;_animation_delay&quot;:400}\" data-widget_type=\"button.default\">\n\t\t\t\t<div class=\"elementor-widget-container\">\n\t\t\t\t\t\t\t\t\t<div class=\"elementor-button-wrapper\">\n\t\t\t\t\t<a class=\"elementor-button elementor-button-link elementor-size-sm elementor-animation-float\" href=\"https:\/\/shop.vibeyoup.com\/clasp-portal\">\n\t\t\t\t\t\t<span class=\"elementor-button-content-wrapper\">\n\t\t\t\t\t\t\t\t\t<span class=\"elementor-button-text\">WEBSHOP<\/span>\n\t\t\t\t\t<\/span>\n\t\t\t\t\t<\/a>\n\t\t\t\t<\/div>\n\t\t\t\t\t\t\t\t<\/div>\n\t\t\t\t<\/div>\n\t\t\t\t\t<\/div>\n\t\t\t\t<\/div>\n\t\t\t\t<\/div>","protected":false},"excerpt":{"rendered":"<p>Simply Suits You: THE CLASP PORTAL MODULES Feel that you and your clients have special needs that should be covered? We have prepared something exceptional that\u2019s compatible with most software on the market and easy to use even for beginner practitioners. clasp portal Clasp portal basic trainning Are you just starting your journey as a [&hellip;]<\/p>\n","protected":false},"author":5,"featured_media":0,"parent":0,"menu_order":0,"comment_status":"closed","ping_status":"closed","template":"elementor_header_footer","meta":{"_acf_changed":false,"_seopress_robots_primary_cat":"","_seopress_titles_title":"","_seopress_titles_desc":"","_seopress_robots_index":"","footnotes":""},"class_list":["post-3723","page","type-page","status-publish","hentry"],"acf":[],"_links":{"self":[{"href":"https:\/\/vibeyoup.com\/hu\/wp-json\/wp\/v2\/pages\/3723","targetHints":{"allow":["GET"]}}],"collection":[{"href":"https:\/\/vibeyoup.com\/hu\/wp-json\/wp\/v2\/pages"}],"about":[{"href":"https:\/\/vibeyoup.com\/hu\/wp-json\/wp\/v2\/types\/page"}],"author":[{"embeddable":true,"href":"https:\/\/vibeyoup.com\/hu\/wp-json\/wp\/v2\/users\/5"}],"replies":[{"embeddable":true,"href":"https:\/\/vibeyoup.com\/hu\/wp-json\/wp\/v2\/comments?post=3723"}],"version-history":[{"count":3,"href":"https:\/\/vibeyoup.com\/hu\/wp-json\/wp\/v2\/pages\/3723\/revisions"}],"predecessor-version":[{"id":27240,"href":"https:\/\/vibeyoup.com\/hu\/wp-json\/wp\/v2\/pages\/3723\/revisions\/27240"}],"wp:attachment":[{"href":"https:\/\/vibeyoup.com\/hu\/wp-json\/wp\/v2\/media?parent=3723"}],"curies":[{"name":"wp","href":"https:\/\/api.w.org\/{rel}","templated":true}]}}