{"id":3708,"date":"2022-08-15T06:59:00","date_gmt":"2022-08-15T06:59:00","guid":{"rendered":"https:\/\/vibeyoup.com\/?page_id=3708"},"modified":"2025-11-11T15:21:59","modified_gmt":"2025-11-11T15:21:59","slug":"product_clasp64","status":"publish","type":"page","link":"https:\/\/vibeyoup.com\/hu\/product_clasp64\/","title":{"rendered":"Product Clasp 64"},"content":{"rendered":"<div data-elementor-type=\"wp-page\" data-elementor-id=\"3708\" class=\"elementor elementor-3708\" data-elementor-post-type=\"page\">\n\t\t\t\t<div class=\"elementor-element elementor-element-8559172 e-flex e-con-boxed e-con e-parent\" data-id=\"8559172\" data-element_type=\"container\" data-e-type=\"container\" data-settings=\"{&quot;background_background&quot;:&quot;classic&quot;}\">\n\t\t\t\t\t<div class=\"e-con-inner\">\n\t\t\t\t<div class=\"elementor-element elementor-element-ab6fd9d elementor-widget__width-initial elementor-widget elementor-widget-heading\" data-id=\"ab6fd9d\" data-element_type=\"widget\" data-e-type=\"widget\" data-widget_type=\"heading.default\">\n\t\t\t\t<div class=\"elementor-widget-container\">\n\t\t\t\t\t<h1 class=\"elementor-heading-title elementor-size-default\">Egy szoftver - tucatnyi megold\u00e1s\n<\/h1>\t\t\t\t<\/div>\n\t\t\t\t<\/div>\n\t\t\t\t<div class=\"elementor-element elementor-element-03ea245 elementor-widget__width-initial elementor-widget elementor-widget-heading\" data-id=\"03ea245\" data-element_type=\"widget\" data-e-type=\"widget\" data-widget_type=\"heading.default\">\n\t\t\t\t<div class=\"elementor-widget-container\">\n\t\t\t\t\t<h1 class=\"elementor-heading-title elementor-size-default\">CLASP 64\n\n<\/h1>\t\t\t\t<\/div>\n\t\t\t\t<\/div>\n\t\t\t\t<div class=\"elementor-element elementor-element-23c3fb1 elementor-widget__width-initial elementor-widget elementor-widget-text-editor\" data-id=\"23c3fb1\" data-element_type=\"widget\" data-e-type=\"widget\" data-widget_type=\"text-editor.default\">\n\t\t\t\t<div class=\"elementor-widget-container\">\n\t\t\t\t\t\t\t\t\t<p><strong>Az aut\u00f3knak motorok n\u00e9lk\u00fcl nincs \u00e9rtelme, csak\u00fagy, mint a biofeedback eszk\u00f6z\u00f6knek megfelel\u0151 szoftver n\u00e9lk\u00fcl.<\/strong> Ez\u00e9rt dolgoztunk olyan kem\u00e9nyen azon, hogy egy t\u00f6bbfunkci\u00f3s VIP-szoftvert fejlessz\u00fcnk ki, amely csak a k\u00f6z\u00f6ss\u00e9g\u00fcnk sz\u00e1m\u00e1ra seg\u00edt a magas szint\u0171 biofeedback-kezel\u00e9sekben.\u00a0<strong>Ismerje meg az \u00faj szellemi asszisztens\u00e9t: CLASP 64<\/strong>\u00a0ami seg\u00edt abban, hogy kiv\u00e1l\u00f3 eredm\u00e9nyeket \u00e9rj el, \u00e9s a gyakorlatodat feljebb torn\u00e1zd!<\/p>\t\t\t\t\t\t\t\t<\/div>\n\t\t\t\t<\/div>\n\t\t\t\t<div class=\"elementor-element elementor-element-b820cb3 animated-fast elementor-align-center elementor-mobile-align-left elementor-widget-mobile__width-initial elementor-widget elementor-widget-button\" data-id=\"b820cb3\" data-element_type=\"widget\" data-e-type=\"widget\" data-settings=\"{&quot;_animation&quot;:&quot;none&quot;,&quot;_animation_delay&quot;:400}\" data-widget_type=\"button.default\">\n\t\t\t\t<div class=\"elementor-widget-container\">\n\t\t\t\t\t\t\t\t\t<div class=\"elementor-button-wrapper\">\n\t\t\t\t\t<a class=\"elementor-button elementor-button-link elementor-size-sm elementor-animation-float\" href=\"https:\/\/shop.vibeyoup.com\/\">\n\t\t\t\t\t\t<span class=\"elementor-button-content-wrapper\">\n\t\t\t\t\t\t\t\t\t<span class=\"elementor-button-text\">szerezze be k\u00e9sz\u00fcl\u00e9k\u00e9t most<\/span>\n\t\t\t\t\t<\/span>\n\t\t\t\t\t<\/a>\n\t\t\t\t<\/div>\n\t\t\t\t\t\t\t\t<\/div>\n\t\t\t\t<\/div>\n\t\t\t\t\t<\/div>\n\t\t\t\t<\/div>\n\t\t<div class=\"elementor-element elementor-element-52c99e8 e-flex e-con-boxed e-con e-parent\" data-id=\"52c99e8\" data-element_type=\"container\" data-e-type=\"container\" data-settings=\"{&quot;background_background&quot;:&quot;classic&quot;}\">\n\t\t\t\t\t<div class=\"e-con-inner\">\n\t\t<div class=\"elementor-element elementor-element-d2c5d65 e-con-full e-flex e-con e-child\" data-id=\"d2c5d65\" data-element_type=\"container\" data-e-type=\"container\">\n\t\t\t\t<div class=\"elementor-element elementor-element-6c2b23d elementor-widget__width-initial elementor-widget-tablet__width-initial elementor-widget elementor-widget-heading\" data-id=\"6c2b23d\" data-element_type=\"widget\" data-e-type=\"widget\" data-widget_type=\"heading.default\">\n\t\t\t\t<div class=\"elementor-widget-container\">\n\t\t\t\t\t<h2 class=\"elementor-heading-title elementor-size-default\">A CLASP 64 minden, amire biofeedback-gyakorl\u00f3k\u00e9nt sz\u00fcks\u00e9ge van.\n\n<\/h2>\t\t\t\t<\/div>\n\t\t\t\t<\/div>\n\t\t\t\t<div class=\"elementor-element elementor-element-0ee1656 elementor-hidden-desktop elementor-widget elementor-widget-image\" data-id=\"0ee1656\" data-element_type=\"widget\" data-e-type=\"widget\" data-settings=\"{&quot;_animation_mobile&quot;:&quot;fadeIn&quot;}\" data-widget_type=\"image.default\">\n\t\t\t\t<div class=\"elementor-widget-container\">\n\t\t\t\t\t\t\t\t\t\t\t\t\t\t\t<img fetchpriority=\"high\" decoding=\"async\" width=\"769\" height=\"845\" src=\"https:\/\/vibeyoup.com\/wp-content\/uploads\/2025\/10\/4_Home_Doctors_Online_Consultation-Hero.jpg\" class=\"attachment-large size-large wp-image-25321\" alt=\"\" srcset=\"https:\/\/vibeyoup.com\/wp-content\/uploads\/2025\/10\/4_Home_Doctors_Online_Consultation-Hero.jpg 769w, https:\/\/vibeyoup.com\/wp-content\/uploads\/2025\/10\/4_Home_Doctors_Online_Consultation-Hero-273x300.jpg 273w\" sizes=\"(max-width: 769px) 100vw, 769px\" \/>\t\t\t\t\t\t\t\t\t\t\t\t\t\t\t<\/div>\n\t\t\t\t<\/div>\n\t\t\t\t<div class=\"elementor-element elementor-element-5c09087 elementor-align-start elementor-widget__width-initial elementor-tablet-align-center elementor-mobile-align-start elementor-icon-list--layout-traditional elementor-list-item-link-full_width elementor-widget elementor-widget-icon-list\" data-id=\"5c09087\" data-element_type=\"widget\" data-e-type=\"widget\" data-widget_type=\"icon-list.default\">\n\t\t\t\t<div class=\"elementor-widget-container\">\n\t\t\t\t\t\t\t<ul class=\"elementor-icon-list-items\">\n\t\t\t\t\t\t\t<li class=\"elementor-icon-list-item\">\n\t\t\t\t\t\t\t\t\t\t\t<span class=\"elementor-icon-list-icon\">\n\t\t\t\t\t\t\t<i aria-hidden=\"true\" class=\"fas fa-check\"><\/i>\t\t\t\t\t\t<\/span>\n\t\t\t\t\t\t\t\t\t\t<span class=\"elementor-icon-list-text\">Felhaszn\u00e1l\u00f3bar\u00e1t \u00e9s k\u00f6nnyen kezelhet\u0151<\/span>\n\t\t\t\t\t\t\t\t\t<\/li>\n\t\t\t\t\t\t\t\t<li class=\"elementor-icon-list-item\">\n\t\t\t\t\t\t\t\t\t\t\t<span class=\"elementor-icon-list-icon\">\n\t\t\t\t\t\t\t<i aria-hidden=\"true\" class=\"fas fa-check\"><\/i>\t\t\t\t\t\t<\/span>\n\t\t\t\t\t\t\t\t\t\t<span class=\"elementor-icon-list-text\">T\u00f6bb ezer manu\u00e1lis be\u00e1ll\u00edt\u00e1si lehet\u0151s\u00e9g<\/span>\n\t\t\t\t\t\t\t\t\t<\/li>\n\t\t\t\t\t\t\t\t<li class=\"elementor-icon-list-item\">\n\t\t\t\t\t\t\t\t\t\t\t<span class=\"elementor-icon-list-icon\">\n\t\t\t\t\t\t\t<i aria-hidden=\"true\" class=\"fas fa-check\"><\/i>\t\t\t\t\t\t<\/span>\n\t\t\t\t\t\t\t\t\t\t<span class=\"elementor-icon-list-text\">Lehet\u0151s\u00e9g az \u00fcgyfelek \u00e1llapot\u00e1nak nyomon k\u00f6vet\u00e9s\u00e9re a k\u00e9pz\u00e9s el\u0151tt, ut\u00e1n \u00e9s alatt.<\/span>\n\t\t\t\t\t\t\t\t\t<\/li>\n\t\t\t\t\t\t\t\t<li class=\"elementor-icon-list-item\">\n\t\t\t\t\t\t\t\t\t\t\t<span class=\"elementor-icon-list-icon\">\n\t\t\t\t\t\t\t<i aria-hidden=\"true\" class=\"fas fa-check\"><\/i>\t\t\t\t\t\t<\/span>\n\t\t\t\t\t\t\t\t\t\t<span class=\"elementor-icon-list-text\">Teljes k\u00f6r\u0171 \u00e9s pontos jelent\u00e9sek, amelyek automatikusan gener\u00e1l\u00f3dnak minden egyes munkamenet ut\u00e1n<\/span>\n\t\t\t\t\t\t\t\t\t<\/li>\n\t\t\t\t\t\t\t\t<li class=\"elementor-icon-list-item\">\n\t\t\t\t\t\t\t\t\t\t\t<span class=\"elementor-icon-list-icon\">\n\t\t\t\t\t\t\t<i aria-hidden=\"true\" class=\"fas fa-check\"><\/i>\t\t\t\t\t\t<\/span>\n\t\t\t\t\t\t\t\t\t\t<span class=\"elementor-icon-list-text\">Folyamatos szoftverfriss\u00edt\u00e9sek<\/span>\n\t\t\t\t\t\t\t\t\t<\/li>\n\t\t\t\t\t\t<\/ul>\n\t\t\t\t\t\t<\/div>\n\t\t\t\t<\/div>\n\t\t\t\t<div class=\"elementor-element elementor-element-2e99caf animated-fast elementor-align-left elementor-mobile-align-left elementor-widget-mobile__width-initial elementor-tablet-align-center elementor-widget elementor-widget-button\" data-id=\"2e99caf\" data-element_type=\"widget\" data-e-type=\"widget\" data-settings=\"{&quot;_animation&quot;:&quot;none&quot;,&quot;_animation_delay&quot;:400}\" data-widget_type=\"button.default\">\n\t\t\t\t<div class=\"elementor-widget-container\">\n\t\t\t\t\t\t\t\t\t<div class=\"elementor-button-wrapper\">\n\t\t\t\t\t<a class=\"elementor-button elementor-button-link elementor-size-sm elementor-animation-float\" href=\"https:\/\/shop.vibeyoup.com\/\">\n\t\t\t\t\t\t<span class=\"elementor-button-content-wrapper\">\n\t\t\t\t\t\t\t\t\t<span class=\"elementor-button-text\">szerezze be k\u00e9sz\u00fcl\u00e9k\u00e9t most<\/span>\n\t\t\t\t\t<\/span>\n\t\t\t\t\t<\/a>\n\t\t\t\t<\/div>\n\t\t\t\t\t\t\t\t<\/div>\n\t\t\t\t<\/div>\n\t\t\t\t<\/div>\n\t\t<div class=\"elementor-element elementor-element-7b08c21 e-con-full elementor-hidden-tablet elementor-hidden-mobile e-flex e-con e-child\" data-id=\"7b08c21\" data-element_type=\"container\" data-e-type=\"container\">\n\t\t\t\t<div class=\"elementor-element elementor-element-7380024 elementor-invisible elementor-widget elementor-widget-image\" data-id=\"7380024\" data-element_type=\"widget\" data-e-type=\"widget\" data-settings=\"{&quot;_animation&quot;:&quot;fadeIn&quot;}\" data-widget_type=\"image.default\">\n\t\t\t\t<div class=\"elementor-widget-container\">\n\t\t\t\t\t\t\t\t\t\t\t\t\t\t\t<img fetchpriority=\"high\" decoding=\"async\" width=\"769\" height=\"845\" src=\"https:\/\/vibeyoup.com\/wp-content\/uploads\/2025\/10\/4_Home_Doctors_Online_Consultation-Hero.jpg\" class=\"attachment-large size-large wp-image-25321\" alt=\"\" srcset=\"https:\/\/vibeyoup.com\/wp-content\/uploads\/2025\/10\/4_Home_Doctors_Online_Consultation-Hero.jpg 769w, https:\/\/vibeyoup.com\/wp-content\/uploads\/2025\/10\/4_Home_Doctors_Online_Consultation-Hero-273x300.jpg 273w\" sizes=\"(max-width: 769px) 100vw, 769px\" \/>\t\t\t\t\t\t\t\t\t\t\t\t\t\t\t<\/div>\n\t\t\t\t<\/div>\n\t\t\t\t<\/div>\n\t\t\t\t\t<\/div>\n\t\t\t\t<\/div>\n\t\t<div class=\"elementor-element elementor-element-0ba252e e-flex e-con-boxed e-con e-parent\" data-id=\"0ba252e\" data-element_type=\"container\" data-e-type=\"container\" data-settings=\"{&quot;background_background&quot;:&quot;gradient&quot;}\">\n\t\t\t\t\t<div class=\"e-con-inner\">\n\t\t\t\t<div class=\"elementor-element elementor-element-e19260a elementor-widget__width-initial elementor-widget elementor-widget-heading\" data-id=\"e19260a\" data-element_type=\"widget\" data-e-type=\"widget\" data-widget_type=\"heading.default\">\n\t\t\t\t<div class=\"elementor-widget-container\">\n\t\t\t\t\t<h1 class=\"elementor-heading-title elementor-size-default\">A VALAHA VOLT LEGJOBB \u00c9S LEGHAT\u00c9KONYABB TR\u00c9NINGEKET VEZESSE \u00dcGYFELEI SZ\u00c1M\u00c1RA!\n<\/h1>\t\t\t\t<\/div>\n\t\t\t\t<\/div>\n\t\t\t\t\t<\/div>\n\t\t\t\t<\/div>\n\t\t<div class=\"elementor-element elementor-element-5fddf72 e-flex e-con-boxed e-con e-parent\" data-id=\"5fddf72\" data-element_type=\"container\" data-e-type=\"container\" data-settings=\"{&quot;background_background&quot;:&quot;classic&quot;}\">\n\t\t\t\t\t<div class=\"e-con-inner\">\n\t\t<div class=\"elementor-element elementor-element-1bf0d8d e-con-full e-flex e-con e-child\" data-id=\"1bf0d8d\" data-element_type=\"container\" data-e-type=\"container\">\n\t\t\t\t<div class=\"elementor-element elementor-element-0aeb089 elementor-widget__width-initial elementor-widget-tablet__width-initial elementor-widget elementor-widget-heading\" data-id=\"0aeb089\" data-element_type=\"widget\" data-e-type=\"widget\" data-widget_type=\"heading.default\">\n\t\t\t\t<div class=\"elementor-widget-container\">\n\t\t\t\t\t<h2 class=\"elementor-heading-title elementor-size-default\">Hogyan m\u0171k\u00f6dik?\n\n<\/h2>\t\t\t\t<\/div>\n\t\t\t\t<\/div>\n\t\t\t\t<div class=\"elementor-element elementor-element-d5d0358 elementor-hidden-desktop elementor-widget elementor-widget-image\" data-id=\"d5d0358\" data-element_type=\"widget\" data-e-type=\"widget\" data-settings=\"{&quot;_animation_mobile&quot;:&quot;fadeIn&quot;}\" data-widget_type=\"image.default\">\n\t\t\t\t<div class=\"elementor-widget-container\">\n\t\t\t\t\t\t\t\t\t\t\t\t\t\t\t<img decoding=\"async\" width=\"800\" height=\"534\" src=\"https:\/\/vibeyoup.com\/wp-content\/uploads\/2025\/10\/45.jpg\" class=\"attachment-large size-large wp-image-24917\" alt=\"\" srcset=\"https:\/\/vibeyoup.com\/wp-content\/uploads\/2025\/10\/45.jpg 1024w, https:\/\/vibeyoup.com\/wp-content\/uploads\/2025\/10\/45-300x200.jpg 300w, https:\/\/vibeyoup.com\/wp-content\/uploads\/2025\/10\/45-768x513.jpg 768w\" sizes=\"(max-width: 800px) 100vw, 800px\" \/>\t\t\t\t\t\t\t\t\t\t\t\t\t\t\t<\/div>\n\t\t\t\t<\/div>\n\t\t\t\t<div class=\"elementor-element elementor-element-5f2a930 elementor-widget__width-initial elementor-widget elementor-widget-text-editor\" data-id=\"5f2a930\" data-element_type=\"widget\" data-e-type=\"widget\" data-widget_type=\"text-editor.default\">\n\t\t\t\t<div class=\"elementor-widget-container\">\n\t\t\t\t\t\t\t\t\t<p><strong>Az aut\u00f3knak motorok n\u00e9lk\u00fcl nincs \u00e9rtelme, csak\u00fagy, mint a biofeedback eszk\u00f6z\u00f6knek megfelel\u0151 szoftver n\u00e9lk\u00fcl.<\/strong> Ez\u00e9rt dolgoztunk olyan kem\u00e9nyen azon, hogy egy t\u00f6bbfunkci\u00f3s VIP-szoftvert fejlessz\u00fcnk ki, amely csak a k\u00f6z\u00f6ss\u00e9g\u00fcnk sz\u00e1m\u00e1ra seg\u00edt a magas szint\u0171 biofeedback-kezel\u00e9sekben.\u00a0<strong>Ismerje meg az \u00faj szellemi asszisztens\u00e9t: CLASP 64<\/strong>\u00a0ami seg\u00edt abban, hogy kiv\u00e1l\u00f3 eredm\u00e9nyeket \u00e9rj el, \u00e9s a gyakorlatodat feljebb torn\u00e1zd!<\/p><div class=\"elementor-element elementor-element-96cd387 e-flex e-con-boxed e-con e-parent e-lazyloaded\" data-id=\"96cd387\" data-element_type=\"container\"><div class=\"e-con-inner\"><div class=\"elementor-element elementor-element-7da8361 elementor-widget elementor-widget-text-editor\" data-id=\"7da8361\" data-element_type=\"widget\" data-widget_type=\"text-editor.default\"><div class=\"elementor-widget-container\"><p>A VibeYoUp k\u00e9sz\u00fcl\u00e9kek kiv\u00e1laszt\u00e1s\u00e1val egyed\u00fcl\u00e1ll\u00f3 lehet\u0151s\u00e9ged van arra, hogy a valaha volt legjobb \u00e9lm\u00e9nyt ny\u00fajtsd.<\/p><\/div><\/div><\/div><\/div>\t\t\t\t\t\t\t\t<\/div>\n\t\t\t\t<\/div>\n\t\t\t\t<div class=\"elementor-element elementor-element-564e65b animated-fast elementor-align-left elementor-mobile-align-left elementor-widget-mobile__width-initial elementor-widget elementor-widget-button\" data-id=\"564e65b\" data-element_type=\"widget\" data-e-type=\"widget\" data-settings=\"{&quot;_animation&quot;:&quot;none&quot;,&quot;_animation_delay&quot;:400}\" data-widget_type=\"button.default\">\n\t\t\t\t<div class=\"elementor-widget-container\">\n\t\t\t\t\t\t\t\t\t<div class=\"elementor-button-wrapper\">\n\t\t\t\t\t<a class=\"elementor-button elementor-button-link elementor-size-sm elementor-animation-float\" href=\"https:\/\/shop.vibeyoup.com\/\">\n\t\t\t\t\t\t<span class=\"elementor-button-content-wrapper\">\n\t\t\t\t\t\t\t\t\t<span class=\"elementor-button-text\">szerezze be k\u00e9sz\u00fcl\u00e9k\u00e9t most<\/span>\n\t\t\t\t\t<\/span>\n\t\t\t\t\t<\/a>\n\t\t\t\t<\/div>\n\t\t\t\t\t\t\t\t<\/div>\n\t\t\t\t<\/div>\n\t\t\t\t<\/div>\n\t\t<div class=\"elementor-element elementor-element-7ae0fee e-con-full elementor-hidden-tablet elementor-hidden-mobile e-flex e-con e-child\" data-id=\"7ae0fee\" data-element_type=\"container\" data-e-type=\"container\">\n\t\t\t\t<div class=\"elementor-element elementor-element-eb02dd8 elementor-invisible elementor-widget elementor-widget-image\" data-id=\"eb02dd8\" data-element_type=\"widget\" data-e-type=\"widget\" data-settings=\"{&quot;_animation&quot;:&quot;fadeIn&quot;}\" data-widget_type=\"image.default\">\n\t\t\t\t<div class=\"elementor-widget-container\">\n\t\t\t\t\t\t\t\t\t\t\t\t\t\t\t<img decoding=\"async\" width=\"800\" height=\"534\" src=\"https:\/\/vibeyoup.com\/wp-content\/uploads\/2025\/10\/45.jpg\" class=\"attachment-large size-large wp-image-24917\" alt=\"\" srcset=\"https:\/\/vibeyoup.com\/wp-content\/uploads\/2025\/10\/45.jpg 1024w, https:\/\/vibeyoup.com\/wp-content\/uploads\/2025\/10\/45-300x200.jpg 300w, https:\/\/vibeyoup.com\/wp-content\/uploads\/2025\/10\/45-768x513.jpg 768w\" sizes=\"(max-width: 800px) 100vw, 800px\" \/>\t\t\t\t\t\t\t\t\t\t\t\t\t\t\t<\/div>\n\t\t\t\t<\/div>\n\t\t\t\t<\/div>\n\t\t\t\t\t<\/div>\n\t\t\t\t<\/div>\n\t\t\t\t<\/div>","protected":false},"excerpt":{"rendered":"<p>One Software \u2013 Dozen Solutions CLASP 64 Cars without engines make no sense as well as biofeedback devices without proper software. That is why we have been working so hard to develop a multi-functional VIP software for our community only that helps with high-level biofeedback sessions.\u00a0Meet your new intangible assistant: CLASP 64\u00a0which will help you [&hellip;]<\/p>\n","protected":false},"author":5,"featured_media":0,"parent":0,"menu_order":0,"comment_status":"closed","ping_status":"closed","template":"page-full-width.php","meta":{"_acf_changed":false,"_seopress_robots_primary_cat":"","_seopress_titles_title":"","_seopress_titles_desc":"","_seopress_robots_index":"","footnotes":""},"class_list":["post-3708","page","type-page","status-publish","hentry"],"acf":[],"_links":{"self":[{"href":"https:\/\/vibeyoup.com\/hu\/wp-json\/wp\/v2\/pages\/3708","targetHints":{"allow":["GET"]}}],"collection":[{"href":"https:\/\/vibeyoup.com\/hu\/wp-json\/wp\/v2\/pages"}],"about":[{"href":"https:\/\/vibeyoup.com\/hu\/wp-json\/wp\/v2\/types\/page"}],"author":[{"embeddable":true,"href":"https:\/\/vibeyoup.com\/hu\/wp-json\/wp\/v2\/users\/5"}],"replies":[{"embeddable":true,"href":"https:\/\/vibeyoup.com\/hu\/wp-json\/wp\/v2\/comments?post=3708"}],"version-history":[{"count":3,"href":"https:\/\/vibeyoup.com\/hu\/wp-json\/wp\/v2\/pages\/3708\/revisions"}],"predecessor-version":[{"id":27236,"href":"https:\/\/vibeyoup.com\/hu\/wp-json\/wp\/v2\/pages\/3708\/revisions\/27236"}],"wp:attachment":[{"href":"https:\/\/vibeyoup.com\/hu\/wp-json\/wp\/v2\/media?parent=3708"}],"curies":[{"name":"wp","href":"https:\/\/api.w.org\/{rel}","templated":true}]}}