{"id":30586,"date":"2026-02-10T09:14:45","date_gmt":"2026-02-10T09:14:45","guid":{"rendered":"https:\/\/vibeyoup.com\/?page_id=30586"},"modified":"2026-03-09T13:57:11","modified_gmt":"2026-03-09T13:57:11","slug":"szallitasi-reszletek","status":"publish","type":"page","link":"https:\/\/vibeyoup.com\/hu\/shipping-details\/","title":{"rendered":"Sz\u00e1ll\u00edt\u00e1si r\u00e9szletek"},"content":{"rendered":"\t\t<div data-elementor-type=\"wp-page\" data-elementor-id=\"30586\" class=\"elementor elementor-30586\" data-elementor-post-type=\"page\">\n\t\t\t\t<div class=\"elementor-element elementor-element-7596c06 e-flex e-con-boxed e-con e-parent\" data-id=\"7596c06\" data-element_type=\"container\" data-e-type=\"container\" data-settings=\"{&quot;background_background&quot;:&quot;gradient&quot;}\">\n\t\t\t\t\t<div class=\"e-con-inner\">\n\t\t\t\t<div class=\"elementor-element elementor-element-d9947df elementor-widget elementor-widget-heading\" data-id=\"d9947df\" data-element_type=\"widget\" data-e-type=\"widget\" data-widget_type=\"heading.default\">\n\t\t\t\t<div class=\"elementor-widget-container\">\n\t\t\t\t\t<h1 class=\"elementor-heading-title elementor-size-default\">Information<\/h1>\t\t\t\t<\/div>\n\t\t\t\t<\/div>\n\t\t\t\t<div class=\"elementor-element elementor-element-d2d5a89 elementor-widget-mobile__width-initial elementor-widget elementor-widget-heading\" data-id=\"d2d5a89\" data-element_type=\"widget\" data-e-type=\"widget\" data-widget_type=\"heading.default\">\n\t\t\t\t<div class=\"elementor-widget-container\">\n\t\t\t\t\t<h1 class=\"elementor-heading-title elementor-size-default\">Availability &amp; Shipping &amp; payment information<\/h1>\t\t\t\t<\/div>\n\t\t\t\t<\/div>\n\t\t\t\t\t<\/div>\n\t\t\t\t<\/div>\n\t\t<div class=\"elementor-element elementor-element-4af882d e-flex e-con-boxed e-con e-parent\" data-id=\"4af882d\" data-element_type=\"container\" data-e-type=\"container\">\n\t\t\t\t\t<div class=\"e-con-inner\">\n\t\t\t\t<div class=\"elementor-element elementor-element-296b42d e-n-tabs-mobile elementor-widget elementor-widget-n-tabs\" data-id=\"296b42d\" data-element_type=\"widget\" data-e-type=\"widget\" data-settings=\"{&quot;horizontal_scroll&quot;:&quot;disable&quot;}\" data-widget_type=\"nested-tabs.default\">\n\t\t\t\t<div class=\"elementor-widget-container\">\n\t\t\t\t\t\t\t<div class=\"e-n-tabs\" data-widget-number=\"43430957\" aria-label=\"Tabs. Open items with Enter or Space, close with Escape and navigate using the Arrow keys.\">\n\t\t\t<div class=\"e-n-tabs-heading\" role=\"tablist\">\n\t\t\t\t\t<button id=\"e-n-tab-title-434309571\" data-tab-title-id=\"e-n-tab-title-434309571\" class=\"e-n-tab-title\" aria-selected=\"true\" data-tab-index=\"1\" role=\"tab\" tabindex=\"0\" aria-controls=\"e-n-tab-content-434309571\" style=\"--n-tabs-title-order: 1;\">\n\t\t\t\t\t\t<span class=\"e-n-tab-title-text\">\n\t\t\t\tAvailability\t\t\t<\/span>\n\t\t<\/button>\n\t\t\t\t<button id=\"e-n-tab-title-434309572\" data-tab-title-id=\"e-n-tab-title-434309572\" class=\"e-n-tab-title\" aria-selected=\"false\" data-tab-index=\"2\" role=\"tab\" tabindex=\"-1\" aria-controls=\"e-n-tab-content-434309572\" style=\"--n-tabs-title-order: 2;\">\n\t\t\t\t\t\t<span class=\"e-n-tab-title-text\">\n\t\t\t\tShipping\t\t\t<\/span>\n\t\t<\/button>\n\t\t\t\t<button id=\"e-n-tab-title-434309573\" data-tab-title-id=\"e-n-tab-title-434309573\" class=\"e-n-tab-title\" aria-selected=\"false\" data-tab-index=\"3\" role=\"tab\" tabindex=\"-1\" aria-controls=\"e-n-tab-content-434309573\" style=\"--n-tabs-title-order: 3;\">\n\t\t\t\t\t\t<span class=\"e-n-tab-title-text\">\n\t\t\t\tPayment\t\t\t<\/span>\n\t\t<\/button>\n\t\t\t\t\t<\/div>\n\t\t\t<div class=\"e-n-tabs-content\">\n\t\t\t\t<div id=\"e-n-tab-content-434309571\" role=\"tabpanel\" aria-labelledby=\"e-n-tab-title-434309571\" data-tab-index=\"1\" style=\"--n-tabs-title-order: 1;\" class=\"e-active elementor-element elementor-element-88fd725 e-con-full e-flex e-con e-child\" data-id=\"88fd725\" data-element_type=\"container\" data-e-type=\"container\">\n\t\t\t\t<div class=\"elementor-element elementor-element-e0724f6 elementor-widget elementor-widget-text-editor\" data-id=\"e0724f6\" data-element_type=\"widget\" data-e-type=\"widget\" data-widget_type=\"text-editor.default\">\n\t\t\t\t<div class=\"elementor-widget-container\">\n\t\t\t\t\t\t\t\t\t<table><thead><tr><th>Company name \/ Name<\/th><th>MANDELAY MO Ltd.<\/th><\/tr><\/thead><tbody><tr><td>Store name<\/td><td>VibeYoUp Shop<\/td><\/tr><tr><td>Title<\/td><td>Gy\u00e1rtelep 12001\/33 Lot Number<\/td><\/tr><tr><td>Address<\/td><td>Gy\u00e1rtelep 12001\/33 Lot Number., Szigetszentmikl\u00f3s, 2310, Hungary<\/td><\/tr><tr><td>Phone<\/td><td>+36-20\/250-7190<\/td><\/tr><tr><td>Email<\/td><td><a href=\"mailto:info@scio-eductor.com\">info@scio-eductor.com<\/a><\/td><\/tr><tr><td>Hungarian tax number<\/td><td>23586310-2-13<\/td><\/tr><tr><td>EU VAT number<\/td><td>HU23586310<\/td><\/tr><tr><td>Company registration number<\/td><td>13 09 151464<\/td><\/tr><tr><td>Contact name<\/td><td>Bodzs\u00e1r Ibolya<\/td><\/tr><tr><td>Contact phone number<\/td><td>+36-20\/250-7190<\/td><\/tr><tr><td>Contact email address<\/td><td><a href=\"mailto:info@scio-eductor.com\">info@scio-eductor.com<\/a>, <a href=\"mailto:finance@vibeyoup.com\">finance@vibeyoup.com<\/a><\/td><\/tr><\/tbody><\/table>\t\t\t\t\t\t\t\t<\/div>\n\t\t\t\t<\/div>\n\t\t\t\t<\/div>\n\t\t<div id=\"e-n-tab-content-434309572\" role=\"tabpanel\" aria-labelledby=\"e-n-tab-title-434309572\" data-tab-index=\"2\" style=\"--n-tabs-title-order: 2;\" class=\" elementor-element elementor-element-2d9b2ab e-con-full e-flex e-con e-child\" data-id=\"2d9b2ab\" data-element_type=\"container\" data-e-type=\"container\">\n\t\t\t\t<div class=\"elementor-element elementor-element-a25ca9d elementor-widget elementor-widget-text-editor\" data-id=\"a25ca9d\" data-element_type=\"widget\" data-e-type=\"widget\" data-widget_type=\"text-editor.default\">\n\t\t\t\t<div class=\"elementor-widget-container\">\n\t\t\t\t\t\t\t\t\t<div class=\"page-contact__payment-method__name main-title2\"><strong>Virtual download for softwares only<\/strong><\/div><div class=\"page-contact-content\"><div class=\"page-contact__shipping-method__text mb-3\">Softwares and online conferences can be paid with online credit card and PayPal only.<img decoding=\"async\" class=\"page-contact__shipping-method__img mb-3 mr-3\" title=\"Virtual download for softwares only\" src=\"https:\/\/shop.vibeyoup.com\/shop_ordered\/63929\/pic\/icon\/shipping_3770709.png\" alt=\"Virtual download for softwares only\" \/><\/div><div>\u00a0<\/div><\/div><div class=\"page-contact__shipping-method__prices mb-3\"><div class=\"page-contact__shipping-method__price-table page-contact__table\"><div class=\"row gutters-5 align-items-center\">\u00a0<\/div><\/div><\/div><div class=\"page-contact-content\"><div class=\"page-contact__shipping-method__text mb-3\"><table><thead><tr><th>Total product weight<\/th><th>Shipping cost<\/th><\/tr><\/thead><tbody><tr><td>0 kg<\/td><td>free<\/td><\/tr><\/tbody><\/table><div>\u00a0<\/div><div class=\"page-contact__payment-method__name main-title2\"><strong>Express delivery with FedEx &#8211; 27%<\/strong><\/div><div class=\"page-contact-content\"><div class=\"page-contact__shipping-method__text mb-3\">Your order will be delivered by FedEx courier service. The exact delivery time will be notified by e-mail after the package has been sent and on the day of arrival.<\/div><div>\u00a0<\/div><div><img decoding=\"async\" class=\"page-contact__shipping-method__img mb-3 mr-3\" title=\"Express delivery with FedEx - 27%\" src=\"https:\/\/shop.vibeyoup.com\/shop_ordered\/63929\/pic\/icon\/shipping_3909046.png\" alt=\"Express delivery with FedEx - 27%\" \/><\/div><\/div><\/div><div><table><thead><tr><th><div class=\"col-auto col-sm-8 shipping-cost__type-text\">Total product weight<\/div><\/th><th>Shipping cost<\/th><\/tr><\/thead><tbody><tr><td>0 \u2013 0.99 kg<\/td><td>28 EUR<\/td><\/tr><tr><td>1 \u2013 1.99 kg<\/td><td>39 EUR<\/td><\/tr><tr><td>2 \u2013 4.99 kg<\/td><td>66 EUR<\/td><\/tr><tr><td>5 \u2013 7.49 kg<\/td><td>88 EUR<\/td><\/tr><tr><td>7.5 \u2013 7.99 kg<\/td><td>105 EUR<\/td><\/tr><tr><td>8 \u2013 9.99 kg<\/td><td>115 EUR<\/td><\/tr><tr><td>10 kg felett<\/td><td>132 EUR<\/td><\/tr><\/tbody><\/table><div>\u00a0<\/div><div class=\"page-contact__payment-method__name main-title2\"><strong>Fedex Free Shipping<\/strong><\/div><div class=\"page-contact-content\"><div class=\"page-contact__shipping-method__text mb-3\">Your order will be delivered by FedEx courier service. The exact delivery time will be notified by e-mail after the package has been sent and on the day of arrival.<\/div><\/div><div><div class=\"page-contact-content\"><img decoding=\"async\" class=\"page-contact__shipping-method__img mb-3 mr-3 alignleft\" title=\"Fedex Free Shipping\" src=\"https:\/\/shop.vibeyoup.com\/shop_ordered\/63929\/pic\/icon\/shipping_3947185.png\" alt=\"Fedex Free Shipping\" width=\"82\" height=\"66\" \/><\/div><div class=\"page-contact__payment-method__name main-title2\">\u00a0<\/div><\/div><\/div><\/div><div class=\"page-contact-content\">\u00a0<\/div><div>\u00a0<\/div><div><strong>Free Shipping<\/strong><\/div><div><div class=\"page-contact__payment-method__name main-title2\"><strong>Personal pickup at our office in Hungary<\/strong><\/div><div>\u00a0<\/div><div class=\"page-contact-content\"><div class=\"page-contact__shipping-method__text mb-3\">Address: 2310 Szigetszentmikl\u00f3s, Gy\u00e1rtelep 12001\/33 hrsz<br \/>Please wait for the conformation that your order is ready to pick up!<\/div><div>\u00a0<\/div><div><img decoding=\"async\" class=\"page-contact__shipping-method__img mb-3 mr-3\" title=\"Personal pickup at our office in Hungary\" src=\"https:\/\/shop.vibeyoup.com\/shop_ordered\/63929\/pic\/icon\/shipping_3636067.png\" alt=\"Personal pickup at our office in Hungary\" \/><\/div><\/div><\/div><div>\u00a0<\/div><div><div class=\"page-contact-content\"><div><table><thead><tr><th>Total product weight<\/th><th><div class=\"page-contact__table__header table-header\"><div class=\"row gutters-5 align-items-center\"><div class=\"col col-sm-4 shipping-cost__cost-text\">Shipping cost<\/div><\/div><\/div><div class=\"page-contact__table__rows table-rows\"><div class=\"page-contact__table__row table-row\"><div class=\"row gutters-5\">\u00a0<\/div><\/div><\/div><\/th><\/tr><\/thead><tbody><tr><td>0 kg<\/td><td>free<\/td><\/tr><\/tbody><\/table><div>\u00a0<\/div><div class=\"page-contact__payment-method__name main-title2\"><strong>Ticket<\/strong><\/div><div class=\"page-contact-content\"><div class=\"page-contact__shipping-method__text mb-3\">For the details regarding your payment, one of our colleagues will contact you soon!<br \/><br \/>In case the confirmation e-mail from us has not arrived within 1 day, please check your SPAM folder as well.<br \/>If you have any questions, please feel free to contact us at info@scio-eductor.com<br \/><br \/>Please note that our office is open from Monday to Friday from 10 until 17 CET.<\/div><img decoding=\"async\" class=\"page-contact__shipping-method__img mb-3 mr-3\" title=\"Ticket\" src=\"https:\/\/shop.vibeyoup.com\/shop_ordered\/63929\/pic\/icon\/shipping_4092572.png\" alt=\"Ticket\" \/><\/div><\/div><\/div><\/div>\t\t\t\t\t\t\t\t<\/div>\n\t\t\t\t<\/div>\n\t\t\t\t<\/div>\n\t\t<div id=\"e-n-tab-content-434309573\" role=\"tabpanel\" aria-labelledby=\"e-n-tab-title-434309573\" data-tab-index=\"3\" style=\"--n-tabs-title-order: 3;\" class=\" elementor-element elementor-element-364517f e-con-full e-flex e-con e-child\" data-id=\"364517f\" data-element_type=\"container\" data-e-type=\"container\">\n\t\t\t\t<div class=\"elementor-element elementor-element-7de143a elementor-widget elementor-widget-text-editor\" data-id=\"7de143a\" data-element_type=\"widget\" data-e-type=\"widget\" data-widget_type=\"text-editor.default\">\n\t\t\t\t<div class=\"elementor-widget-container\">\n\t\t\t\t\t\t\t\t\t<div class=\"page-contact__payment-method__name main-title2\"><strong>PayPal<\/strong><\/div>\n<div class=\"page-contact__payment-method__text mb-3\">You can pay for your order with your PayPal account and you can use your credit card or your PayPal balance as well. Accepted cards: Visa (some Electron cards as well), EC\/MC embossed cards.<\/div>\n<p><img decoding=\"async\" class=\"page-contact__payment-method__img mb-3 mr-3\" title=\"paypal\" src=\"https:\/\/shop.vibeyoup.com\/main_pic\/checkout_paypal_1.png\" alt=\"paypal\"><\/p>\n<div class=\"page-contact__payment-method__name main-title2\"><strong>Bank transfer (Prepayment)<\/strong><\/div>\n<div class=\"page-contact__payment-method__text mb-3\">\n<p>For the details regarding your payment, one of our colleagues will contact you soon!<\/p>\n<p>In case the confirmation e-mail from us has not arrived within 1 day, please check your SPAM folder as well.<br>If you have any questions, please feel free to contact us at info@scio-eductor.com<\/p>\n<p>Please note that our office is open from Monday to Friday from 10 until 17 CET.<\/p>\n<\/div>\n<div class=\"page-contact__payment-method__name main-title2\"><strong>Online Credit Card Payment<\/strong><\/div>\n<div class=\"page-contact__payment-method__text mb-3\">In the case of this payment method, we will redirect the customer to the system of OTP Simple pay. There you can use your credit card to pay the bill. You must always enter your credit card details on the bank&#8217;s website so that they do not reach the merchant under any circumstances.<br>Accepted credit cards: MasterCard products (MasterCard, MasterCard Electronic, Maestro), VISA products (VISA, VISA Electron, Visa V Pay).<\/div>\n<div>&nbsp;<\/div>\n<p><a title=\"simplepay_hu_v2\" href=\"https:\/\/simplepartner.hu\/PaymentService\/Fizetesi_tajekoztato_EN.pdf\" target=\"_blank\" rel=\"nofollow noopener noreferrer\"><img decoding=\"async\" class=\"page-contact__payment-method__img mb-3 mr-3\" title=\"simplepay_hu_v2\" src=\"https:\/\/shop.vibeyoup.com\/main_pic\/checkout_simplepay_hu_v2_1.png\" alt=\"simplepay_hu_v2\">&nbsp;<\/a><a class=\"page-contact__payment-method__link mb-3 mr-3 font-s\" title=\"simplepay_hu_v2\" href=\"https:\/\/simplepartner.hu\/PaymentService\/Fizetesi_tajekoztato_EN.pdf\" target=\"_blank\" rel=\"nofollow noopener noreferrer\">Customer Information<\/a><\/p>\n<div class=\"page-contact__payment-method__name main-title2\"><b>Payment Plan<\/b><\/div>\n<div class=\"page-contact__payment-method__text mb-3\">The office will contact you soon!<\/div>\t\t\t\t\t\t\t\t<\/div>\n\t\t\t\t<\/div>\n\t\t\t\t<\/div>\n\t\t\t\t\t<\/div>\n\t\t<\/div>\n\t\t\t\t\t\t<\/div>\n\t\t\t\t<\/div>\n\t\t\t\t\t<\/div>\n\t\t\t\t<\/div>\n\t\t<div class=\"elementor-element elementor-element-e9df1ea e-flex e-con-boxed e-con e-parent\" data-id=\"e9df1ea\" data-element_type=\"container\" data-e-type=\"container\" data-settings=\"{&quot;background_background&quot;:&quot;classic&quot;}\">\n\t\t\t\t\t<div class=\"e-con-inner\">\n\t\t<div class=\"elementor-element elementor-element-275c10a e-con-full elementor-hidden-tablet elementor-hidden-mobile e-flex e-con e-child\" data-id=\"275c10a\" data-element_type=\"container\" data-e-type=\"container\">\n\t\t\t\t<div class=\"elementor-element elementor-element-9e7b60b elementor-widget elementor-widget-image\" data-id=\"9e7b60b\" data-element_type=\"widget\" data-e-type=\"widget\" data-widget_type=\"image.default\">\n\t\t\t\t<div class=\"elementor-widget-container\">\n\t\t\t\t\t\t\t\t\t\t\t\t\t\t\t<img fetchpriority=\"high\" decoding=\"async\" width=\"709\" height=\"427\" src=\"https:\/\/vibeyoup.com\/wp-content\/uploads\/2025\/10\/Services-4_2_N-Business-Consultant.jpg\" class=\"attachment-large size-large wp-image-24957\" alt=\"\" srcset=\"https:\/\/vibeyoup.com\/wp-content\/uploads\/2025\/10\/Services-4_2_N-Business-Consultant.jpg 709w, https:\/\/vibeyoup.com\/wp-content\/uploads\/2025\/10\/Services-4_2_N-Business-Consultant-300x181.jpg 300w\" sizes=\"(max-width: 709px) 100vw, 709px\" \/>\t\t\t\t\t\t\t\t\t\t\t\t\t\t\t<\/div>\n\t\t\t\t<\/div>\n\t\t\t\t<\/div>\n\t\t<div class=\"elementor-element elementor-element-23d6872 e-con-full e-flex e-con e-child\" data-id=\"23d6872\" data-element_type=\"container\" data-e-type=\"container\" data-settings=\"{&quot;background_background&quot;:&quot;classic&quot;}\">\n\t\t\t\t<div class=\"elementor-element elementor-element-b288422 elementor-widget elementor-widget-heading\" data-id=\"b288422\" data-element_type=\"widget\" data-e-type=\"widget\" data-widget_type=\"heading.default\">\n\t\t\t\t<div class=\"elementor-widget-container\">\n\t\t\t\t\t<h2 class=\"elementor-heading-title elementor-size-default\">Contact<\/h2>\t\t\t\t<\/div>\n\t\t\t\t<\/div>\n\t\t\t\t<div class=\"elementor-element elementor-element-7a05a9d elementor-widget-mobile__width-initial uael-ff-style-box uael-ff-input-size-sm uael-ff-button-align-left uael-ff-btn-size-sm uael-ff-message-align-left elementor-widget elementor-widget-uael-ff-styler\" data-id=\"7a05a9d\" data-element_type=\"widget\" data-e-type=\"widget\" data-settings=\"{&quot;form_border_radius&quot;:{&quot;unit&quot;:&quot;px&quot;,&quot;top&quot;:&quot;6&quot;,&quot;right&quot;:&quot;6&quot;,&quot;bottom&quot;:&quot;6&quot;,&quot;left&quot;:&quot;6&quot;,&quot;isLinked&quot;:true},&quot;btn_border_radius&quot;:{&quot;unit&quot;:&quot;px&quot;,&quot;top&quot;:&quot;8&quot;,&quot;right&quot;:&quot;8&quot;,&quot;bottom&quot;:&quot;8&quot;,&quot;left&quot;:&quot;8&quot;,&quot;isLinked&quot;:true},&quot;form_title_desc_align&quot;:&quot;left&quot;,&quot;form_input_padding&quot;:{&quot;unit&quot;:&quot;px&quot;,&quot;top&quot;:&quot;&quot;,&quot;right&quot;:&quot;&quot;,&quot;bottom&quot;:&quot;&quot;,&quot;left&quot;:&quot;&quot;,&quot;isLinked&quot;:true},&quot;form_input_padding_tablet&quot;:{&quot;unit&quot;:&quot;px&quot;,&quot;top&quot;:&quot;&quot;,&quot;right&quot;:&quot;&quot;,&quot;bottom&quot;:&quot;&quot;,&quot;left&quot;:&quot;&quot;,&quot;isLinked&quot;:true},&quot;form_input_padding_mobile&quot;:{&quot;unit&quot;:&quot;px&quot;,&quot;top&quot;:&quot;&quot;,&quot;right&quot;:&quot;&quot;,&quot;bottom&quot;:&quot;&quot;,&quot;left&quot;:&quot;&quot;,&quot;isLinked&quot;:true},&quot;form_border_radius_tablet&quot;:{&quot;unit&quot;:&quot;px&quot;,&quot;top&quot;:&quot;&quot;,&quot;right&quot;:&quot;&quot;,&quot;bottom&quot;:&quot;&quot;,&quot;left&quot;:&quot;&quot;,&quot;isLinked&quot;:true},&quot;form_border_radius_mobile&quot;:{&quot;unit&quot;:&quot;px&quot;,&quot;top&quot;:&quot;&quot;,&quot;right&quot;:&quot;&quot;,&quot;bottom&quot;:&quot;&quot;,&quot;left&quot;:&quot;&quot;,&quot;isLinked&quot;:true},&quot;button_align&quot;:&quot;left&quot;,&quot;ff_button_padding&quot;:{&quot;unit&quot;:&quot;px&quot;,&quot;top&quot;:&quot;&quot;,&quot;right&quot;:&quot;&quot;,&quot;bottom&quot;:&quot;&quot;,&quot;left&quot;:&quot;&quot;,&quot;isLinked&quot;:true},&quot;ff_button_padding_tablet&quot;:{&quot;unit&quot;:&quot;px&quot;,&quot;top&quot;:&quot;&quot;,&quot;right&quot;:&quot;&quot;,&quot;bottom&quot;:&quot;&quot;,&quot;left&quot;:&quot;&quot;,&quot;isLinked&quot;:true},&quot;ff_button_padding_mobile&quot;:{&quot;unit&quot;:&quot;px&quot;,&quot;top&quot;:&quot;&quot;,&quot;right&quot;:&quot;&quot;,&quot;bottom&quot;:&quot;&quot;,&quot;left&quot;:&quot;&quot;,&quot;isLinked&quot;:true},&quot;btn_border_radius_tablet&quot;:{&quot;unit&quot;:&quot;px&quot;,&quot;top&quot;:&quot;&quot;,&quot;right&quot;:&quot;&quot;,&quot;bottom&quot;:&quot;&quot;,&quot;left&quot;:&quot;&quot;,&quot;isLinked&quot;:true},&quot;btn_border_radius_mobile&quot;:{&quot;unit&quot;:&quot;px&quot;,&quot;top&quot;:&quot;&quot;,&quot;right&quot;:&quot;&quot;,&quot;bottom&quot;:&quot;&quot;,&quot;left&quot;:&quot;&quot;,&quot;isLinked&quot;:true},&quot;ff_secondary_button_padding&quot;:{&quot;unit&quot;:&quot;px&quot;,&quot;top&quot;:&quot;&quot;,&quot;right&quot;:&quot;&quot;,&quot;bottom&quot;:&quot;&quot;,&quot;left&quot;:&quot;&quot;,&quot;isLinked&quot;:true},&quot;ff_secondary_button_padding_tablet&quot;:{&quot;unit&quot;:&quot;px&quot;,&quot;top&quot;:&quot;&quot;,&quot;right&quot;:&quot;&quot;,&quot;bottom&quot;:&quot;&quot;,&quot;left&quot;:&quot;&quot;,&quot;isLinked&quot;:true},&quot;ff_secondary_button_padding_mobile&quot;:{&quot;unit&quot;:&quot;px&quot;,&quot;top&quot;:&quot;&quot;,&quot;right&quot;:&quot;&quot;,&quot;bottom&quot;:&quot;&quot;,&quot;left&quot;:&quot;&quot;,&quot;isLinked&quot;:true}}\" data-widget_type=\"uael-ff-styler.default\">\n\t\t\t\t<div class=\"elementor-widget-container\">\n\t\t\t\t\t\t\t<div class=\"uael-ff-style elementor-clickable\">\n\t\t\t<div class='fluentform ff-default fluentform_wrapper_8 ffs_default_wrap'><form data-form_id=\"8\" id=\"fluentform_8\" class=\"frm-fluent-form fluent_form_8 ff-el-form-top ff_form_instance_8_1 ff-form-loading ff_has_v3_recptcha ffs_default\" data-form_instance=\"ff_form_instance_8_1\" method=\"POST\" data-recptcha_key=\"6Ldbf94lAAAAAOZj6vSIhiXvDFn6gfJNv9akNLtN\" ><fieldset  style=\"border: none!important;margin: 0!important;padding: 0!important;background-color: transparent!important;box-shadow: none!important;outline: none!important; min-inline-size: 100%;\">\n                    <legend class=\"ff_screen_reader_title\" style=\"display: block; margin: 0!important;padding: 0!important;height: 0!important;text-indent: -999999px;width: 0!important;overflow:hidden;\">Contact us<\/legend><input type='hidden' name='__fluent_form_embded_post_id' value='30586' \/><input type=\"hidden\" id=\"_fluentform_8_fluentformnonce\" name=\"_fluentform_8_fluentformnonce\" value=\"7d89e02f23\" \/><input type=\"hidden\" name=\"_wp_http_referer\" value=\"\/hu\/wp-json\/wp\/v2\/pages\/30586\" \/><div data-type=\"name-element\" data-name=\"names\" class=\" ff-field_container ff-name-field-wrapper\" ><div class='ff-t-container'><div class='ff-t-cell '><div class='ff-el-group'><div class=\"ff-el-input--label ff-el-is-required asterisk-right\"><label for='ff_8_names_first_name_' id='label_ff_8_names_first_name_' >First Name<\/label><\/div><div class='ff-el-input--content'><input type=\"text\" name=\"names[first_name]\" id=\"ff_8_names_first_name_\" class=\"ff-el-form-control\" placeholder=\"First Name\" aria-invalid=\"false\" aria-required=true><\/div><\/div><\/div><div class='ff-t-cell '><div class='ff-el-group'><div class=\"ff-el-input--label ff-el-is-required asterisk-right\"><label for='ff_8_names_last_name_' id='label_ff_8_names_last_name_' >Last Name<\/label><\/div><div class='ff-el-input--content'><input type=\"text\" name=\"names[last_name]\" id=\"ff_8_names_last_name_\" class=\"ff-el-form-control\" placeholder=\"Last Name\" aria-invalid=\"false\" aria-required=true><\/div><\/div><\/div><\/div><\/div><div class='ff-el-group'><div class=\"ff-el-input--label ff-el-is-required asterisk-right\"><label for='ff_8_email' id='label_ff_8_email' aria-label=\"Email\">Email<\/label><\/div><div class='ff-el-input--content'><input type=\"email\" name=\"email\" id=\"ff_8_email\" class=\"ff-el-form-control\" placeholder=\"Email Address\" data-name=\"email\"  aria-invalid=\"false\" aria-required=true><\/div><\/div><div class='ff-el-group'><div class=\"ff-el-input--label asterisk-right\"><label for='ff_8_description' id='label_ff_8_description' aria-label=\"Message\">Message<\/label><\/div><div class='ff-el-input--content'><textarea aria-required=\"false\" aria-labelledby=\"label_ff_8_description\" name=\"description\" id=\"ff_8_description\" class=\"ff-el-form-control\" rows=\"3\" cols=\"2\" data-name=\"description\" ><\/textarea><\/div><\/div><div class='ff-el-group ff-text-left ff_submit_btn_wrapper'><button type=\"submit\" class=\"ff-btn ff-btn-submit ff-btn-md ff_btn_style\"  aria-label=\"Send Massage\">Send Massage<\/button><\/div><\/fieldset><\/form><div id='fluentform_8_errors' class='ff-errors-in-stack ff_form_instance_8_1 ff-form-loading_errors ff_form_instance_8_1_errors'><\/div><\/div>            <script type=\"text\/javascript\">\n                window.fluent_form_ff_form_instance_8_1 = {\"id\":\"8\",\"settings\":{\"layout\":{\"labelPlacement\":\"top\",\"helpMessagePlacement\":\"with_label\",\"errorMessagePlacement\":\"inline\",\"cssClassName\":\"\",\"asteriskPlacement\":\"asterisk-right\"},\"restrictions\":{\"denyEmptySubmission\":{\"enabled\":false}}},\"form_instance\":\"ff_form_instance_8_1\",\"form_id_selector\":\"fluentform_8\",\"rules\":{\"names[first_name]\":{\"required\":{\"value\":true,\"message\":\"This field is required\"}},\"names[middle_name]\":{\"required\":{\"value\":false,\"message\":\"This field is required\"}},\"names[last_name]\":{\"required\":{\"value\":true,\"message\":\"This field is required\"}},\"email\":{\"required\":{\"value\":true,\"message\":\"This field is required\"},\"email\":{\"value\":true,\"message\":\"This field must contain a valid email\"}},\"description\":{\"required\":{\"value\":false,\"message\":\"This field is required\"}},\"g-recaptcha-response\":[]},\"debounce_time\":300};\n                            <\/script>\n            \n\t\t<\/div>\n\t\t\t\t\t\t<\/div>\n\t\t\t\t<\/div>\n\t\t\t\t<\/div>\n\t\t\t\t\t<\/div>\n\t\t\t\t<\/div>\n\t\t\t\t<\/div>\n\t\t","protected":false},"excerpt":{"rendered":"<p>Information Availability &amp; Shipping &amp; payment information Availability Shipping Payment Company name \/ Name MANDELAY MO Ltd. Store name VibeYoUp Shop Title Gy\u00e1rtelep 12001\/33 Lot Number Address Gy\u00e1rtelep 12001\/33 Lot Number., Szigetszentmikl\u00f3s, 2310, Hungary Phone +36-20\/250-7190 Email info@scio-eductor.com Hungarian tax number 23586310-2-13 EU VAT number HU23586310 Company registration number 13 09 151464 Contact name Bodzs\u00e1r [&hellip;]<\/p>\n","protected":false},"author":10,"featured_media":0,"parent":0,"menu_order":0,"comment_status":"closed","ping_status":"closed","template":"","meta":{"_acf_changed":false,"_seopress_robots_primary_cat":"","_seopress_titles_title":"Shipping details","_seopress_titles_desc":"","_seopress_robots_index":"","footnotes":""},"class_list":["post-30586","page","type-page","status-publish","hentry"],"acf":[],"_links":{"self":[{"href":"https:\/\/vibeyoup.com\/hu\/wp-json\/wp\/v2\/pages\/30586","targetHints":{"allow":["GET"]}}],"collection":[{"href":"https:\/\/vibeyoup.com\/hu\/wp-json\/wp\/v2\/pages"}],"about":[{"href":"https:\/\/vibeyoup.com\/hu\/wp-json\/wp\/v2\/types\/page"}],"author":[{"embeddable":true,"href":"https:\/\/vibeyoup.com\/hu\/wp-json\/wp\/v2\/users\/10"}],"replies":[{"embeddable":true,"href":"https:\/\/vibeyoup.com\/hu\/wp-json\/wp\/v2\/comments?post=30586"}],"version-history":[{"count":16,"href":"https:\/\/vibeyoup.com\/hu\/wp-json\/wp\/v2\/pages\/30586\/revisions"}],"predecessor-version":[{"id":33121,"href":"https:\/\/vibeyoup.com\/hu\/wp-json\/wp\/v2\/pages\/30586\/revisions\/33121"}],"wp:attachment":[{"href":"https:\/\/vibeyoup.com\/hu\/wp-json\/wp\/v2\/media?parent=30586"}],"curies":[{"name":"wp","href":"https:\/\/api.w.org\/{rel}","templated":true}]}}