{"id":29273,"date":"2026-01-22T19:05:31","date_gmt":"2026-01-22T19:05:31","guid":{"rendered":"https:\/\/vibeyoup.com\/?page_id=29273"},"modified":"2026-04-11T12:22:40","modified_gmt":"2026-04-11T12:22:40","slug":"termekkategoriak","status":"publish","type":"page","link":"https:\/\/vibeyoup.com\/hu\/product-categories\/","title":{"rendered":"Term\u00e9kkateg\u00f3ri\u00e1k"},"content":{"rendered":"<div data-elementor-type=\"wp-page\" data-elementor-id=\"29273\" class=\"elementor elementor-29273\" data-elementor-post-type=\"page\">\n\t\t\t\t<div class=\"elementor-element elementor-element-cf45841 e-flex e-con-boxed e-con e-parent\" data-id=\"cf45841\" data-element_type=\"container\" data-e-type=\"container\" data-settings=\"{&quot;background_background&quot;:&quot;gradient&quot;}\">\n\t\t\t\t\t<div class=\"e-con-inner\">\n\t\t\t\t<div class=\"elementor-element elementor-element-bcbbe79 elementor-widget__width-initial elementor-widget elementor-widget-heading\" data-id=\"bcbbe79\" data-element_type=\"widget\" data-e-type=\"widget\" data-widget_type=\"heading.default\">\n\t\t\t\t<div class=\"elementor-widget-container\">\n\t\t\t\t\t<h1 class=\"elementor-heading-title elementor-size-default\">Term\u00e9kek \u00e9s megold\u00e1sok<\/h1>\t\t\t\t<\/div>\n\t\t\t\t<\/div>\n\t\t\t\t<div class=\"elementor-element elementor-element-78b2221 elementor-widget__width-initial elementor-widget-tablet__width-initial elementor-widget elementor-widget-text-editor\" data-id=\"78b2221\" data-element_type=\"widget\" data-e-type=\"widget\" data-widget_type=\"text-editor.default\">\n\t\t\t\t<div class=\"elementor-widget-container\">\n\t\t\t\t\t\t\t\t\t<p>A MandelayBHO egy <strong>\u00e1tfog\u00f3 \u00f6kosziszt\u00e9ma<\/strong> min\u0151s\u00edtett biofeedback rendszerek, szoftverplatformok \u00e9s kieg\u00e9sz\u00edt\u0151k - klinikai \u00e9s professzion\u00e1lis haszn\u00e1latra egyar\u00e1nt kifejlesztve.<\/p>\t\t\t\t\t\t\t\t<\/div>\n\t\t\t\t<\/div>\n\t\t\t\t\t<\/div>\n\t\t\t\t<\/div>\n\t\t<div class=\"elementor-element elementor-element-87a4c3a e-flex e-con-boxed e-con e-parent\" data-id=\"87a4c3a\" data-element_type=\"container\" data-e-type=\"container\" data-settings=\"{&quot;background_background&quot;:&quot;classic&quot;}\">\n\t\t\t\t\t<div class=\"e-con-inner\">\n\t\t<div class=\"elementor-element elementor-element-d1a26af e-con-full e-flex elementor-invisible e-con e-child\" data-id=\"d1a26af\" data-element_type=\"container\" data-e-type=\"container\" data-settings=\"{&quot;animation&quot;:&quot;fadeIn&quot;}\">\n\t\t<div class=\"elementor-element elementor-element-c863613 e-con-full e-flex e-con e-child\" data-id=\"c863613\" data-element_type=\"container\" data-e-type=\"container\" data-settings=\"{&quot;background_background&quot;:&quot;gradient&quot;}\">\n\t\t\t\t<div class=\"elementor-element elementor-element-ea12ccf elementor-widget elementor-widget-image\" data-id=\"ea12ccf\" data-element_type=\"widget\" data-e-type=\"widget\" data-widget_type=\"image.default\">\n\t\t\t\t<div class=\"elementor-widget-container\">\n\t\t\t\t\t\t\t\t\t\t\t\t\t\t\t\t<a href=\"https:\/\/vibeyoup.com\/hu\/shop\/?product_cat=biofeedback-devices\">\n\t\t\t\t\t\t\t<img fetchpriority=\"high\" decoding=\"async\" width=\"800\" height=\"800\" src=\"https:\/\/vibeyoup.com\/wp-content\/uploads\/2026\/02\/mandeley-1024x1024.webp\" class=\"attachment-large size-large wp-image-32630\" alt=\"\" srcset=\"https:\/\/vibeyoup.com\/wp-content\/uploads\/2026\/02\/mandeley-1024x1024.webp 1024w, https:\/\/vibeyoup.com\/wp-content\/uploads\/2026\/02\/mandeley-300x300.webp 300w, https:\/\/vibeyoup.com\/wp-content\/uploads\/2026\/02\/mandeley-150x150.webp 150w, https:\/\/vibeyoup.com\/wp-content\/uploads\/2026\/02\/mandeley-768x768.webp 768w, https:\/\/vibeyoup.com\/wp-content\/uploads\/2026\/02\/mandeley-1536x1536.webp 1536w, https:\/\/vibeyoup.com\/wp-content\/uploads\/2026\/02\/mandeley-12x12.webp 12w, https:\/\/vibeyoup.com\/wp-content\/uploads\/2026\/02\/mandeley-600x600.webp 600w, https:\/\/vibeyoup.com\/wp-content\/uploads\/2026\/02\/mandeley-100x100.webp 100w, https:\/\/vibeyoup.com\/wp-content\/uploads\/2026\/02\/mandeley.webp 2000w\" sizes=\"(max-width: 800px) 100vw, 800px\" \/>\t\t\t\t\t\t\t\t<\/a>\n\t\t\t\t\t\t\t\t\t\t\t\t\t\t\t<\/div>\n\t\t\t\t<\/div>\n\t\t\t\t<div class=\"elementor-element elementor-element-d8a7bb8 elementor-widget elementor-widget-heading\" data-id=\"d8a7bb8\" data-element_type=\"widget\" data-e-type=\"widget\" data-widget_type=\"heading.default\">\n\t\t\t\t<div class=\"elementor-widget-container\">\n\t\t\t\t\t<h2 class=\"elementor-heading-title elementor-size-default\">Eszk\u00f6z\u00f6k<\/h2>\t\t\t\t<\/div>\n\t\t\t\t<\/div>\n\t\t\t\t<div class=\"elementor-element elementor-element-bd81d62 elementor-align-left elementor-mobile-align-justify animated-fast elementor-widget elementor-widget-button\" data-id=\"bd81d62\" data-element_type=\"widget\" data-e-type=\"widget\" data-settings=\"{&quot;_animation&quot;:&quot;none&quot;,&quot;_animation_delay&quot;:400}\" data-widget_type=\"button.default\">\n\t\t\t\t<div class=\"elementor-widget-container\">\n\t\t\t\t\t\t\t\t\t<div class=\"elementor-button-wrapper\">\n\t\t\t\t\t<a class=\"elementor-button elementor-button-link elementor-size-sm elementor-animation-float\" href=\"https:\/\/vibeyoup.com\/hu\/shop\/?product_cat=biofeedback-devices\">\n\t\t\t\t\t\t<span class=\"elementor-button-content-wrapper\">\n\t\t\t\t\t\t\t\t\t<span class=\"elementor-button-text\">Mindent megmutatni<\/span>\n\t\t\t\t\t<\/span>\n\t\t\t\t\t<\/a>\n\t\t\t\t<\/div>\n\t\t\t\t\t\t\t\t<\/div>\n\t\t\t\t<\/div>\n\t\t\t\t<\/div>\n\t\t<div class=\"elementor-element elementor-element-f2b0cd6 e-con-full e-flex e-con e-child\" data-id=\"f2b0cd6\" data-element_type=\"container\" data-e-type=\"container\" data-settings=\"{&quot;background_background&quot;:&quot;gradient&quot;}\">\n\t\t\t\t<div class=\"elementor-element elementor-element-0e8a0d7 elementor-widget elementor-widget-image\" data-id=\"0e8a0d7\" data-element_type=\"widget\" data-e-type=\"widget\" data-widget_type=\"image.default\">\n\t\t\t\t<div class=\"elementor-widget-container\">\n\t\t\t\t\t\t\t\t\t\t\t\t\t\t\t\t<a href=\"https:\/\/vibeyoup.com\/hu\/shop\/?product_cat=software\">\n\t\t\t\t\t\t\t<img decoding=\"async\" width=\"500\" height=\"500\" src=\"https:\/\/vibeyoup.com\/wp-content\/uploads\/2025\/10\/eadi-tap.webp\" class=\"attachment-large size-large wp-image-26327\" alt=\"\" srcset=\"https:\/\/vibeyoup.com\/wp-content\/uploads\/2025\/10\/eadi-tap.webp 500w, https:\/\/vibeyoup.com\/wp-content\/uploads\/2025\/10\/eadi-tap-300x300.webp 300w, https:\/\/vibeyoup.com\/wp-content\/uploads\/2025\/10\/eadi-tap-150x150.webp 150w\" sizes=\"(max-width: 500px) 100vw, 500px\" \/>\t\t\t\t\t\t\t\t<\/a>\n\t\t\t\t\t\t\t\t\t\t\t\t\t\t\t<\/div>\n\t\t\t\t<\/div>\n\t\t\t\t<div class=\"elementor-element elementor-element-ed26585 elementor-widget elementor-widget-heading\" data-id=\"ed26585\" data-element_type=\"widget\" data-e-type=\"widget\" data-widget_type=\"heading.default\">\n\t\t\t\t<div class=\"elementor-widget-container\">\n\t\t\t\t\t<h2 class=\"elementor-heading-title elementor-size-default\">Szoftver<\/h2>\t\t\t\t<\/div>\n\t\t\t\t<\/div>\n\t\t\t\t<div class=\"elementor-element elementor-element-6286873 elementor-align-left elementor-mobile-align-justify animated-fast elementor-widget elementor-widget-button\" data-id=\"6286873\" data-element_type=\"widget\" data-e-type=\"widget\" data-settings=\"{&quot;_animation&quot;:&quot;none&quot;,&quot;_animation_delay&quot;:400}\" data-widget_type=\"button.default\">\n\t\t\t\t<div class=\"elementor-widget-container\">\n\t\t\t\t\t\t\t\t\t<div class=\"elementor-button-wrapper\">\n\t\t\t\t\t<a class=\"elementor-button elementor-button-link elementor-size-sm elementor-animation-float\" href=\"https:\/\/vibeyoup.com\/hu\/shop\/?product_cat=software\">\n\t\t\t\t\t\t<span class=\"elementor-button-content-wrapper\">\n\t\t\t\t\t\t\t\t\t<span class=\"elementor-button-text\">Mindent megmutatni<\/span>\n\t\t\t\t\t<\/span>\n\t\t\t\t\t<\/a>\n\t\t\t\t<\/div>\n\t\t\t\t\t\t\t\t<\/div>\n\t\t\t\t<\/div>\n\t\t\t\t<\/div>\n\t\t<div class=\"elementor-element elementor-element-614667c e-con-full e-flex e-con e-child\" data-id=\"614667c\" data-element_type=\"container\" data-e-type=\"container\" data-settings=\"{&quot;background_background&quot;:&quot;gradient&quot;}\">\n\t\t\t\t<div class=\"elementor-element elementor-element-83ba0e3 elementor-widget elementor-widget-image\" data-id=\"83ba0e3\" data-element_type=\"widget\" data-e-type=\"widget\" data-widget_type=\"image.default\">\n\t\t\t\t<div class=\"elementor-widget-container\">\n\t\t\t\t\t\t\t\t\t\t\t\t\t\t\t\t<a href=\"https:\/\/vibeyoup.com\/hu\/shop\/?product_cat=accessories\">\n\t\t\t\t\t\t\t<img decoding=\"async\" width=\"768\" height=\"1024\" src=\"https:\/\/vibeyoup.com\/wp-content\/uploads\/2026\/02\/MY00011-768x1024.webp\" class=\"attachment-large size-large wp-image-30320\" alt=\"\" srcset=\"https:\/\/vibeyoup.com\/wp-content\/uploads\/2026\/02\/MY00011-768x1024.webp 768w, https:\/\/vibeyoup.com\/wp-content\/uploads\/2026\/02\/MY00011-225x300.webp 225w, https:\/\/vibeyoup.com\/wp-content\/uploads\/2026\/02\/MY00011-600x800.webp 600w, https:\/\/vibeyoup.com\/wp-content\/uploads\/2026\/02\/MY00011.webp 1000w\" sizes=\"(max-width: 768px) 100vw, 768px\" \/>\t\t\t\t\t\t\t\t<\/a>\n\t\t\t\t\t\t\t\t\t\t\t\t\t\t\t<\/div>\n\t\t\t\t<\/div>\n\t\t\t\t<div class=\"elementor-element elementor-element-1cd79df elementor-widget elementor-widget-heading\" data-id=\"1cd79df\" data-element_type=\"widget\" data-e-type=\"widget\" data-widget_type=\"heading.default\">\n\t\t\t\t<div class=\"elementor-widget-container\">\n\t\t\t\t\t<h2 class=\"elementor-heading-title elementor-size-default\">Tartoz\u00e9kok <\/h2>\t\t\t\t<\/div>\n\t\t\t\t<\/div>\n\t\t\t\t<div class=\"elementor-element elementor-element-8535742 elementor-align-left elementor-mobile-align-justify animated-fast elementor-widget elementor-widget-button\" data-id=\"8535742\" data-element_type=\"widget\" data-e-type=\"widget\" data-settings=\"{&quot;_animation&quot;:&quot;none&quot;,&quot;_animation_delay&quot;:400}\" data-widget_type=\"button.default\">\n\t\t\t\t<div class=\"elementor-widget-container\">\n\t\t\t\t\t\t\t\t\t<div class=\"elementor-button-wrapper\">\n\t\t\t\t\t<a class=\"elementor-button elementor-button-link elementor-size-sm elementor-animation-float\" href=\"https:\/\/vibeyoup.com\/hu\/shop\/?product_cat=accessories\">\n\t\t\t\t\t\t<span class=\"elementor-button-content-wrapper\">\n\t\t\t\t\t\t\t\t\t<span class=\"elementor-button-text\">Mindent megmutatni<\/span>\n\t\t\t\t\t<\/span>\n\t\t\t\t\t<\/a>\n\t\t\t\t<\/div>\n\t\t\t\t\t\t\t\t<\/div>\n\t\t\t\t<\/div>\n\t\t\t\t<\/div>\n\t\t\t\t<\/div>\n\t\t<div class=\"elementor-element elementor-element-197d83d e-con-full e-flex elementor-invisible e-con e-child\" data-id=\"197d83d\" data-element_type=\"container\" data-e-type=\"container\" data-settings=\"{&quot;animation&quot;:&quot;fadeIn&quot;}\">\n\t\t<div class=\"elementor-element elementor-element-3fff5cf e-con-full e-flex e-con e-child\" data-id=\"3fff5cf\" data-element_type=\"container\" data-e-type=\"container\" data-settings=\"{&quot;background_background&quot;:&quot;gradient&quot;}\">\n\t\t\t\t<div class=\"elementor-element elementor-element-987970c elementor-widget elementor-widget-image\" data-id=\"987970c\" data-element_type=\"widget\" data-e-type=\"widget\" data-widget_type=\"image.default\">\n\t\t\t\t<div class=\"elementor-widget-container\">\n\t\t\t\t\t\t\t\t\t\t\t\t\t\t\t\t<a href=\"https:\/\/vibeyoup.com\/hu\/shop\/?product_cat=conferences\">\n\t\t\t\t\t\t\t<img loading=\"lazy\" decoding=\"async\" width=\"2000\" height=\"2000\" src=\"https:\/\/vibeyoup.com\/wp-content\/uploads\/2026\/02\/2026-conference-in-person-ticket.webp\" class=\"attachment-full size-full wp-image-30534\" alt=\"\" srcset=\"https:\/\/vibeyoup.com\/wp-content\/uploads\/2026\/02\/2026-conference-in-person-ticket.webp 2000w, https:\/\/vibeyoup.com\/wp-content\/uploads\/2026\/02\/2026-conference-in-person-ticket-300x300.webp 300w, https:\/\/vibeyoup.com\/wp-content\/uploads\/2026\/02\/2026-conference-in-person-ticket-1024x1024.webp 1024w, https:\/\/vibeyoup.com\/wp-content\/uploads\/2026\/02\/2026-conference-in-person-ticket-150x150.webp 150w, https:\/\/vibeyoup.com\/wp-content\/uploads\/2026\/02\/2026-conference-in-person-ticket-768x768.webp 768w, https:\/\/vibeyoup.com\/wp-content\/uploads\/2026\/02\/2026-conference-in-person-ticket-1536x1536.webp 1536w, https:\/\/vibeyoup.com\/wp-content\/uploads\/2026\/02\/2026-conference-in-person-ticket-600x600.webp 600w, https:\/\/vibeyoup.com\/wp-content\/uploads\/2026\/02\/2026-conference-in-person-ticket-100x100.webp 100w\" sizes=\"(max-width: 2000px) 100vw, 2000px\" \/>\t\t\t\t\t\t\t\t<\/a>\n\t\t\t\t\t\t\t\t\t\t\t\t\t\t\t<\/div>\n\t\t\t\t<\/div>\n\t\t\t\t<div class=\"elementor-element elementor-element-96c0e51 elementor-widget elementor-widget-heading\" data-id=\"96c0e51\" data-element_type=\"widget\" data-e-type=\"widget\" data-widget_type=\"heading.default\">\n\t\t\t\t<div class=\"elementor-widget-container\">\n\t\t\t\t\t<h2 class=\"elementor-heading-title elementor-size-default\">Konferenci\u00e1k<\/h2>\t\t\t\t<\/div>\n\t\t\t\t<\/div>\n\t\t\t\t<div class=\"elementor-element elementor-element-cc3bed1 elementor-align-left elementor-mobile-align-justify animated-fast elementor-widget elementor-widget-button\" data-id=\"cc3bed1\" data-element_type=\"widget\" data-e-type=\"widget\" data-settings=\"{&quot;_animation&quot;:&quot;none&quot;,&quot;_animation_delay&quot;:400}\" data-widget_type=\"button.default\">\n\t\t\t\t<div class=\"elementor-widget-container\">\n\t\t\t\t\t\t\t\t\t<div class=\"elementor-button-wrapper\">\n\t\t\t\t\t<a class=\"elementor-button elementor-button-link elementor-size-sm elementor-animation-float\" href=\"https:\/\/vibeyoup.com\/hu\/shop\/?product_cat=conferences\">\n\t\t\t\t\t\t<span class=\"elementor-button-content-wrapper\">\n\t\t\t\t\t\t\t\t\t<span class=\"elementor-button-text\">Mindent megmutatni<\/span>\n\t\t\t\t\t<\/span>\n\t\t\t\t\t<\/a>\n\t\t\t\t<\/div>\n\t\t\t\t\t\t\t\t<\/div>\n\t\t\t\t<\/div>\n\t\t\t\t<\/div>\n\t\t<div class=\"elementor-element elementor-element-78bcc15 e-con-full e-flex e-con e-child\" data-id=\"78bcc15\" data-element_type=\"container\" data-e-type=\"container\" data-settings=\"{&quot;background_background&quot;:&quot;gradient&quot;}\">\n\t\t\t\t<div class=\"elementor-element elementor-element-08b51b8 elementor-widget elementor-widget-image\" data-id=\"08b51b8\" data-element_type=\"widget\" data-e-type=\"widget\" data-widget_type=\"image.default\">\n\t\t\t\t<div class=\"elementor-widget-container\">\n\t\t\t\t\t\t\t\t\t\t\t\t\t\t\t\t<a href=\"https:\/\/vibeyoup.com\/hu\/shop\/?product_cat=learning\">\n\t\t\t\t\t\t\t<img loading=\"lazy\" decoding=\"async\" width=\"607\" height=\"640\" src=\"https:\/\/vibeyoup.com\/wp-content\/uploads\/2022\/08\/icon-03@3x.png\" class=\"attachment-large size-large wp-image-3795\" alt=\"\" srcset=\"https:\/\/vibeyoup.com\/wp-content\/uploads\/2022\/08\/icon-03@3x.png 607w, https:\/\/vibeyoup.com\/wp-content\/uploads\/2022\/08\/icon-03@3x-285x300.png 285w, https:\/\/vibeyoup.com\/wp-content\/uploads\/2022\/08\/elementor\/thumbs\/icon-03@3x-ptb0t21uspcza2v3av8k54vqj7cbui420r1x45tkk0.png 8w, https:\/\/vibeyoup.com\/wp-content\/uploads\/2022\/08\/elementor\/thumbs\/icon-03@3x-ptb0t21v05r6951tr2zgi2hgicnpf3nq7yflk77are.png 25w\" sizes=\"(max-width: 607px) 100vw, 607px\" \/>\t\t\t\t\t\t\t\t<\/a>\n\t\t\t\t\t\t\t\t\t\t\t\t\t\t\t<\/div>\n\t\t\t\t<\/div>\n\t\t\t\t<div class=\"elementor-element elementor-element-f91022d elementor-widget elementor-widget-heading\" data-id=\"f91022d\" data-element_type=\"widget\" data-e-type=\"widget\" data-widget_type=\"heading.default\">\n\t\t\t\t<div class=\"elementor-widget-container\">\n\t\t\t\t\t<h2 class=\"elementor-heading-title elementor-size-default\">Tanul\u00e1s<\/h2>\t\t\t\t<\/div>\n\t\t\t\t<\/div>\n\t\t\t\t<div class=\"elementor-element elementor-element-d397c01 elementor-align-left elementor-mobile-align-justify animated-fast elementor-widget elementor-widget-button\" data-id=\"d397c01\" data-element_type=\"widget\" data-e-type=\"widget\" data-settings=\"{&quot;_animation&quot;:&quot;none&quot;,&quot;_animation_delay&quot;:400}\" data-widget_type=\"button.default\">\n\t\t\t\t<div class=\"elementor-widget-container\">\n\t\t\t\t\t\t\t\t\t<div class=\"elementor-button-wrapper\">\n\t\t\t\t\t<a class=\"elementor-button elementor-button-link elementor-size-sm elementor-animation-float\" href=\"https:\/\/vibeyoup.com\/hu\/shop\/?product_cat=learning\">\n\t\t\t\t\t\t<span class=\"elementor-button-content-wrapper\">\n\t\t\t\t\t\t\t\t\t<span class=\"elementor-button-text\">Mindent megmutatni<\/span>\n\t\t\t\t\t<\/span>\n\t\t\t\t\t<\/a>\n\t\t\t\t<\/div>\n\t\t\t\t\t\t\t\t<\/div>\n\t\t\t\t<\/div>\n\t\t\t\t<\/div>\n\t\t<div class=\"elementor-element elementor-element-6230ebc e-con-full e-flex e-con e-child\" data-id=\"6230ebc\" data-element_type=\"container\" data-e-type=\"container\" data-settings=\"{&quot;background_background&quot;:&quot;gradient&quot;}\">\n\t\t\t\t<div class=\"elementor-element elementor-element-04ce480 elementor-widget elementor-widget-image\" data-id=\"04ce480\" data-element_type=\"widget\" data-e-type=\"widget\" data-widget_type=\"image.default\">\n\t\t\t\t<div class=\"elementor-widget-container\">\n\t\t\t\t\t\t\t\t\t\t\t\t\t\t\t\t<a href=\"https:\/\/vibeyoup.com\/hu\/shop\/?product_cat=energy-harmonizing-devices\">\n\t\t\t\t\t\t\t<img loading=\"lazy\" decoding=\"async\" width=\"500\" height=\"500\" src=\"https:\/\/vibeyoup.com\/wp-content\/uploads\/2024\/05\/orgon.webp\" class=\"attachment-large size-large wp-image-10872\" alt=\"\" srcset=\"https:\/\/vibeyoup.com\/wp-content\/uploads\/2024\/05\/orgon.webp 500w, https:\/\/vibeyoup.com\/wp-content\/uploads\/2024\/05\/orgon-300x300.webp 300w, https:\/\/vibeyoup.com\/wp-content\/uploads\/2024\/05\/orgon-150x150.webp 150w, https:\/\/vibeyoup.com\/wp-content\/uploads\/2024\/05\/orgon-12x12.webp 12w\" sizes=\"(max-width: 500px) 100vw, 500px\" \/>\t\t\t\t\t\t\t\t<\/a>\n\t\t\t\t\t\t\t\t\t\t\t\t\t\t\t<\/div>\n\t\t\t\t<\/div>\n\t\t\t\t<div class=\"elementor-element elementor-element-3f7632b elementor-widget elementor-widget-heading\" data-id=\"3f7632b\" data-element_type=\"widget\" data-e-type=\"widget\" data-widget_type=\"heading.default\">\n\t\t\t\t<div class=\"elementor-widget-container\">\n\t\t\t\t\t<h2 class=\"elementor-heading-title elementor-size-default\">Energi\u00e1t harmoniz\u00e1l\u00f3 eszk\u00f6z\u00f6k<\/h2>\t\t\t\t<\/div>\n\t\t\t\t<\/div>\n\t\t\t\t<div class=\"elementor-element elementor-element-753c569 elementor-align-left elementor-mobile-align-justify animated-fast elementor-widget elementor-widget-button\" data-id=\"753c569\" data-element_type=\"widget\" data-e-type=\"widget\" data-settings=\"{&quot;_animation&quot;:&quot;none&quot;,&quot;_animation_delay&quot;:400}\" data-widget_type=\"button.default\">\n\t\t\t\t<div class=\"elementor-widget-container\">\n\t\t\t\t\t\t\t\t\t<div class=\"elementor-button-wrapper\">\n\t\t\t\t\t<a class=\"elementor-button elementor-button-link elementor-size-sm elementor-animation-float\" href=\"https:\/\/vibeyoup.com\/hu\/shop\/?product_cat=energy-harmonizing-devices\">\n\t\t\t\t\t\t<span class=\"elementor-button-content-wrapper\">\n\t\t\t\t\t\t\t\t\t<span class=\"elementor-button-text\">Mindent megmutatni<\/span>\n\t\t\t\t\t<\/span>\n\t\t\t\t\t<\/a>\n\t\t\t\t<\/div>\n\t\t\t\t\t\t\t\t<\/div>\n\t\t\t\t<\/div>\n\t\t\t\t<\/div>\n\t\t\t\t<\/div>\n\t\t\t\t\t<\/div>\n\t\t\t\t<\/div>\n\t\t\t\t<\/div>","protected":false},"excerpt":{"rendered":"<p>Products &amp; solutions MandelayBHO offers a comprehensive ecosystem of certified biofeedback systems, software platforms, and accessories \u2014 developed for both clinical and professional use. Devices Show all Software Show all Accessories Show all Conferences Show all Learning Show all Energy Harmonizing Devices Show all<\/p>","protected":false},"author":10,"featured_media":0,"parent":0,"menu_order":0,"comment_status":"closed","ping_status":"closed","template":"","meta":{"_acf_changed":false,"_seopress_robots_primary_cat":"","_seopress_titles_title":"Professional Wellness Products & Biofeedback Systems","_seopress_titles_desc":"Browse all certified biofeedback products, accessories, and modules. Featuring SCIO and Q9 technology for professionals. View All Products.","_seopress_robots_index":"","footnotes":""},"class_list":["post-29273","page","type-page","status-publish","hentry"],"acf":[],"_links":{"self":[{"href":"https:\/\/vibeyoup.com\/hu\/wp-json\/wp\/v2\/pages\/29273","targetHints":{"allow":["GET"]}}],"collection":[{"href":"https:\/\/vibeyoup.com\/hu\/wp-json\/wp\/v2\/pages"}],"about":[{"href":"https:\/\/vibeyoup.com\/hu\/wp-json\/wp\/v2\/types\/page"}],"author":[{"embeddable":true,"href":"https:\/\/vibeyoup.com\/hu\/wp-json\/wp\/v2\/users\/10"}],"replies":[{"embeddable":true,"href":"https:\/\/vibeyoup.com\/hu\/wp-json\/wp\/v2\/comments?post=29273"}],"version-history":[{"count":112,"href":"https:\/\/vibeyoup.com\/hu\/wp-json\/wp\/v2\/pages\/29273\/revisions"}],"predecessor-version":[{"id":34227,"href":"https:\/\/vibeyoup.com\/hu\/wp-json\/wp\/v2\/pages\/29273\/revisions\/34227"}],"wp:attachment":[{"href":"https:\/\/vibeyoup.com\/hu\/wp-json\/wp\/v2\/media?parent=29273"}],"curies":[{"name":"wp","href":"https:\/\/api.w.org\/{rel}","templated":true}]}}