{"id":17598,"date":"2024-11-06T09:50:39","date_gmt":"2024-11-06T09:50:39","guid":{"rendered":"https:\/\/vibeyoup.com\/?page_id=17598"},"modified":"2025-11-11T15:37:26","modified_gmt":"2025-11-11T15:37:26","slug":"vibeyoup-biofeedback-alkalmazas","status":"publish","type":"page","link":"https:\/\/vibeyoup.com\/hu\/vibeyoup-biofeedback-app\/","title":{"rendered":"VibeYoUp Biofeedback alkalmaz\u00e1s"},"content":{"rendered":"<div data-elementor-type=\"wp-page\" data-elementor-id=\"17598\" class=\"elementor elementor-17598\" data-elementor-post-type=\"page\">\n\t\t\t\t<div class=\"elementor-element elementor-element-042080e e-flex e-con-boxed e-con e-parent\" data-id=\"042080e\" data-element_type=\"container\" data-e-type=\"container\" data-settings=\"{&quot;background_background&quot;:&quot;classic&quot;}\">\n\t\t\t\t\t<div class=\"e-con-inner\">\n\t\t\t\t<div class=\"elementor-element elementor-element-a300fe3 elementor-widget__width-initial elementor-widget elementor-widget-heading\" data-id=\"a300fe3\" data-element_type=\"widget\" data-e-type=\"widget\" data-widget_type=\"heading.default\">\n\t\t\t\t<div class=\"elementor-widget-container\">\n\t\t\t\t\t<h1 class=\"elementor-heading-title elementor-size-default\">VibeYoUp Biofeedback alkalmaz\u00e1s<\/h1>\t\t\t\t<\/div>\n\t\t\t\t<\/div>\n\t\t\t\t<div class=\"elementor-element elementor-element-1c0a657 elementor-widget__width-initial elementor-widget elementor-widget-heading\" data-id=\"1c0a657\" data-element_type=\"widget\" data-e-type=\"widget\" data-widget_type=\"heading.default\">\n\t\t\t\t<div class=\"elementor-widget-container\">\n\t\t\t\t\t<h1 class=\"elementor-heading-title elementor-size-default\">L\u00e9pjen be a VibeYoUp alkalmaz\u00e1sba \u00e9s \u00e9lvezze az exkluz\u00edv funkci\u00f3kat<\/h1>\t\t\t\t<\/div>\n\t\t\t\t<\/div>\n\t\t\t\t<div class=\"elementor-element elementor-element-6c3a058 elementor-widget__width-initial elementor-widget elementor-widget-text-editor\" data-id=\"6c3a058\" data-element_type=\"widget\" data-e-type=\"widget\" data-widget_type=\"text-editor.default\">\n\t\t\t\t<div class=\"elementor-widget-container\">\n\t\t\t\t\t\t\t\t\t<p><span style=\"font-weight: 400;\">A r\u00e9g\u00f3ta v\u00e1rt VibeYouUp App itt van! A biofeedback eszk\u00f6z\u00f6k kezel\u00e9s\u00e9t\u0151l az esem\u00e9nyek nyomon k\u00f6vet\u00e9s\u00e9ig \u00e9s a k\u00f6z\u00f6ss\u00e9gi kapcsolatok \u00e9p\u00edt\u00e9s\u00e9ig minden, amire sz\u00fcks\u00e9ge van, mostant\u00f3l egy helyen tal\u00e1lhat\u00f3 - \u00edgy k\u00f6nnyen hozz\u00e1f\u00e9rhet mindenhez, ami a fejl\u0151d\u00e9s\u00e9hez elengedhetetlen!<\/span><\/p>\t\t\t\t\t\t\t\t<\/div>\n\t\t\t\t<\/div>\n\t\t<div class=\"elementor-element elementor-element-05e9205 e-con-full e-flex e-con e-child\" data-id=\"05e9205\" data-element_type=\"container\" data-e-type=\"container\" data-settings=\"{&quot;background_background&quot;:&quot;video&quot;,&quot;background_video_start&quot;:5,&quot;background_video_end&quot;:15}\">\n\t\t\t\t<div class=\"elementor-element elementor-element-32b056b elementor-mobile-align-center animated-fast elementor-align-center elementor-widget elementor-widget-button\" data-id=\"32b056b\" data-element_type=\"widget\" data-e-type=\"widget\" data-settings=\"{&quot;_animation&quot;:&quot;none&quot;,&quot;_animation_delay&quot;:400}\" data-widget_type=\"button.default\">\n\t\t\t\t<div class=\"elementor-widget-container\">\n\t\t\t\t\t\t\t\t\t<div class=\"elementor-button-wrapper\">\n\t\t\t\t\t<a class=\"elementor-button elementor-button-link elementor-size-sm elementor-animation-float\" href=\"https:\/\/apps.apple.com\/us\/app\/vibeyoup\/id6737507207\">\n\t\t\t\t\t\t<span class=\"elementor-button-content-wrapper\">\n\t\t\t\t\t\t<span class=\"elementor-button-icon\">\n\t\t\t\t<i aria-hidden=\"true\" class=\"fab fa-apple\"><\/i>\t\t\t<\/span>\n\t\t\t\t\t\t\t\t\t<span class=\"elementor-button-text\">Let\u00f6lt\u00e9s az App store-b\u00f3l<\/span>\n\t\t\t\t\t<\/span>\n\t\t\t\t\t<\/a>\n\t\t\t\t<\/div>\n\t\t\t\t\t\t\t\t<\/div>\n\t\t\t\t<\/div>\n\t\t\t\t<div class=\"elementor-element elementor-element-5f3d10d elementor-mobile-align-center animated-fast elementor-align-center elementor-widget elementor-widget-button\" data-id=\"5f3d10d\" data-element_type=\"widget\" data-e-type=\"widget\" data-settings=\"{&quot;_animation&quot;:&quot;none&quot;,&quot;_animation_delay&quot;:400}\" data-widget_type=\"button.default\">\n\t\t\t\t<div class=\"elementor-widget-container\">\n\t\t\t\t\t\t\t\t\t<div class=\"elementor-button-wrapper\">\n\t\t\t\t\t<a class=\"elementor-button elementor-button-link elementor-size-sm elementor-animation-float\" href=\"https:\/\/play.google.com\/store\/apps\/details?id=app.VibeYoUp&#038;pcampaignid=web_share\">\n\t\t\t\t\t\t<span class=\"elementor-button-content-wrapper\">\n\t\t\t\t\t\t<span class=\"elementor-button-icon\">\n\t\t\t\t<i aria-hidden=\"true\" class=\"fab fa-google-play\"><\/i>\t\t\t<\/span>\n\t\t\t\t\t\t\t\t\t<span class=\"elementor-button-text\">Szerezd meg a Google Play-en<\/span>\n\t\t\t\t\t<\/span>\n\t\t\t\t\t<\/a>\n\t\t\t\t<\/div>\n\t\t\t\t\t\t\t\t<\/div>\n\t\t\t\t<\/div>\n\t\t\t\t<\/div>\n\t\t\t\t\t<\/div>\n\t\t\t\t<\/div>\n\t\t<div class=\"elementor-element elementor-element-a1a4f45 e-flex e-con-boxed e-con e-parent\" data-id=\"a1a4f45\" data-element_type=\"container\" data-e-type=\"container\" data-settings=\"{&quot;background_background&quot;:&quot;classic&quot;}\">\n\t\t\t\t\t<div class=\"e-con-inner\">\n\t\t<div class=\"elementor-element elementor-element-6c6e068 e-con-full e-flex e-con e-child\" data-id=\"6c6e068\" data-element_type=\"container\" data-e-type=\"container\">\n\t\t<div class=\"elementor-element elementor-element-cba8b60 e-con-full elementor-hidden-tablet elementor-hidden-mobile e-flex e-con e-child\" data-id=\"cba8b60\" data-element_type=\"container\" data-e-type=\"container\" data-settings=\"{&quot;background_background&quot;:&quot;classic&quot;}\">\n\t\t\t\t<div class=\"elementor-element elementor-element-e17caa8 elementor-widget elementor-widget-image\" data-id=\"e17caa8\" data-element_type=\"widget\" data-e-type=\"widget\" data-widget_type=\"image.default\">\n\t\t\t\t<div class=\"elementor-widget-container\">\n\t\t\t\t\t\t\t\t\t\t\t\t\t\t\t<img fetchpriority=\"high\" decoding=\"async\" width=\"800\" height=\"671\" src=\"https:\/\/vibeyoup.com\/wp-content\/uploads\/2024\/11\/2-1.jpg\" class=\"attachment-large size-large wp-image-17612\" alt=\"Vibeyoup biofeedback alkalmaz\u00e1s\" srcset=\"https:\/\/vibeyoup.com\/wp-content\/uploads\/2024\/11\/2-1.jpg 940w, https:\/\/vibeyoup.com\/wp-content\/uploads\/2024\/11\/2-1-300x251.jpg 300w, https:\/\/vibeyoup.com\/wp-content\/uploads\/2024\/11\/2-1-768x644.jpg 768w\" sizes=\"(max-width: 800px) 100vw, 800px\" \/>\t\t\t\t\t\t\t\t\t\t\t\t\t\t\t<\/div>\n\t\t\t\t<\/div>\n\t\t\t\t<\/div>\n\t\t<div class=\"elementor-element elementor-element-ecab038 e-con-full e-flex e-con e-child\" data-id=\"ecab038\" data-element_type=\"container\" data-e-type=\"container\">\n\t\t\t\t<div class=\"elementor-element elementor-element-3469f87 elementor-widget elementor-widget-heading\" data-id=\"3469f87\" data-element_type=\"widget\" data-e-type=\"widget\" data-widget_type=\"heading.default\">\n\t\t\t\t<div class=\"elementor-widget-container\">\n\t\t\t\t\t<h2 class=\"elementor-heading-title elementor-size-default\">Mi\u00e9rt \u00e9rdemes let\u00f6lteni a VibeYoUp Biofeedback alkalmaz\u00e1st?\n<\/h2>\t\t\t\t<\/div>\n\t\t\t\t<\/div>\n\t\t\t\t<div class=\"elementor-element elementor-element-12f2519 elementor-widget__width-initial elementor-icon-list--layout-traditional elementor-list-item-link-full_width elementor-widget elementor-widget-icon-list\" data-id=\"12f2519\" data-element_type=\"widget\" data-e-type=\"widget\" data-settings=\"{&quot;_animation_mobile&quot;:&quot;none&quot;}\" data-widget_type=\"icon-list.default\">\n\t\t\t\t<div class=\"elementor-widget-container\">\n\t\t\t\t\t\t\t<ul class=\"elementor-icon-list-items\">\n\t\t\t\t\t\t\t<li class=\"elementor-icon-list-item\">\n\t\t\t\t\t\t\t\t\t\t\t<span class=\"elementor-icon-list-icon\">\n\t\t\t\t\t\t\t<i aria-hidden=\"true\" class=\"fas fa-check\"><\/i>\t\t\t\t\t\t<\/span>\n\t\t\t\t\t\t\t\t\t\t<span class=\"elementor-icon-list-text\">\u00c1tfog\u00f3 esem\u00e9nynapt\u00e1r: Legyen naprak\u00e9sz a k\u00f6zelg\u0151 esem\u00e9nyekkel, k\u00e9pz\u00e9sekkel \u00e9s konferenci\u00e1kkal kapcsolatban. K\u00f6vesse nyomon a fontos d\u00e1tumokat, \u00e9s soha ne maradjon le!<\/span>\n\t\t\t\t\t\t\t\t\t<\/li>\n\t\t\t\t\t\t\t\t<li class=\"elementor-icon-list-item\">\n\t\t\t\t\t\t\t\t\t\t\t<span class=\"elementor-icon-list-icon\">\n\t\t\t\t\t\t\t<i aria-hidden=\"true\" class=\"fas fa-check\"><\/i>\t\t\t\t\t\t<\/span>\n\t\t\t\t\t\t\t\t\t\t<span class=\"elementor-icon-list-text\">K\u00f6zvetlen kapcsolat a k\u00f6z\u00f6ss\u00e9ggel: Egyetlen kattint\u00e1ssal el\u00e9rheti k\u00f6z\u00f6ss\u00e9gi m\u00e9diacsatorn\u00e1inkat, ahol els\u0151 k\u00e9zb\u0151l \u00e9rtes\u00fclhet a legfrissebb h\u00edrekr\u0151l, tippekr\u0151l \u00e9s sikert\u00f6rt\u00e9netekr\u0151l. Legyen a k\u00f6z\u00f6ss\u00e9g\u00fcnk r\u00e9sze!<\/span>\n\t\t\t\t\t\t\t\t\t<\/li>\n\t\t\t\t\t\t\t\t<li class=\"elementor-icon-list-item\">\n\t\t\t\t\t\t\t\t\t\t\t<span class=\"elementor-icon-list-icon\">\n\t\t\t\t\t\t\t<i aria-hidden=\"true\" class=\"fas fa-check\"><\/i>\t\t\t\t\t\t<\/span>\n\t\t\t\t\t\t\t\t\t\t<span class=\"elementor-icon-list-text\">Push-\u00e9rtes\u00edt\u00e9sek: Azonnali \u00e9rtes\u00edt\u00e9st kap az \u00faj bejelent\u00e9sekr\u0151l, esem\u00e9nyekr\u0151l \u00e9s k\u00fcl\u00f6nleges aj\u00e1nlatokr\u00f3l, hogy mindig k\u00e9pben legyen.<\/span>\n\t\t\t\t\t\t\t\t\t<\/li>\n\t\t\t\t\t\t\t\t<li class=\"elementor-icon-list-item\">\n\t\t\t\t\t\t\t\t\t\t\t<span class=\"elementor-icon-list-icon\">\n\t\t\t\t\t\t\t<i aria-hidden=\"true\" class=\"fas fa-check\"><\/i>\t\t\t\t\t\t<\/span>\n\t\t\t\t\t\t\t\t\t\t<span class=\"elementor-icon-list-text\">Egy\u00e9rint\u00e9ses webshop-hozz\u00e1f\u00e9r\u00e9s: K\u00e9nyelmesen b\u00f6ng\u00e9szhet \u00e9s v\u00e1s\u00e1rolhat biofeedback eszk\u00f6z\u00f6k \u00e9s kieg\u00e9sz\u00edt\u0151k sz\u00e9les v\u00e1laszt\u00e9k\u00e1b\u00f3l k\u00f6zvetlen\u00fcl az alkalmaz\u00e1son kereszt\u00fcl.<\/span>\n\t\t\t\t\t\t\t\t\t<\/li>\n\t\t\t\t\t\t\t\t<li class=\"elementor-icon-list-item\">\n\t\t\t\t\t\t\t\t\t\t\t<span class=\"elementor-icon-list-icon\">\n\t\t\t\t\t\t\t<i aria-hidden=\"true\" class=\"fas fa-check\"><\/i>\t\t\t\t\t\t<\/span>\n\t\t\t\t\t\t\t\t\t\t<span class=\"elementor-icon-list-text\">T\u00f6bbnyelv\u0171 t\u00e1mogat\u00e1s: A VibeYouUp alkalmaz\u00e1s 7 nyelven \u00e9rhet\u0151 el, \u00edgy vil\u00e1gszerte k\u00f6nnyen haszn\u00e1lhat\u00f3.<\/span>\n\t\t\t\t\t\t\t\t\t<\/li>\n\t\t\t\t\t\t\t\t<li class=\"elementor-icon-list-item\">\n\t\t\t\t\t\t\t\t\t\t\t<span class=\"elementor-icon-list-icon\">\n\t\t\t\t\t\t\t<i aria-hidden=\"true\" class=\"fas fa-check\"><\/i>\t\t\t\t\t\t<\/span>\n\t\t\t\t\t\t\t\t\t\t<span class=\"elementor-icon-list-text\">Professzion\u00e1lis \u00fcgyf\u00e9lszolg\u00e1lat: Technikai k\u00e9rd\u00e9se van? A VibeYouUp csapata k\u00e9szen \u00e1ll arra, hogy seg\u00edtsen \u00d6nnek. \u00c9rjen el minket e-mailben vagy az alkalmaz\u00e1son bel\u00fcli cseveg\u0151funkci\u00f3n kereszt\u00fcl.<\/span>\n\t\t\t\t\t\t\t\t\t<\/li>\n\t\t\t\t\t\t<\/ul>\n\t\t\t\t\t\t<\/div>\n\t\t\t\t<\/div>\n\t\t\t\t<\/div>\n\t\t\t\t<\/div>\n\t\t\t\t\t<\/div>\n\t\t\t\t<\/div>\n\t\t<div class=\"elementor-element elementor-element-374e400 e-flex e-con-boxed e-con e-parent\" data-id=\"374e400\" data-element_type=\"container\" data-e-type=\"container\" data-settings=\"{&quot;background_background&quot;:&quot;classic&quot;}\">\n\t\t\t\t\t<div class=\"e-con-inner\">\n\t\t<div class=\"elementor-element elementor-element-16ad117 e-con-full e-flex e-con e-child\" data-id=\"16ad117\" data-element_type=\"container\" data-e-type=\"container\">\n\t\t<div class=\"elementor-element elementor-element-d4fe53e e-con-full elementor-hidden-tablet elementor-hidden-mobile e-flex e-con e-child\" data-id=\"d4fe53e\" data-element_type=\"container\" data-e-type=\"container\" data-settings=\"{&quot;background_background&quot;:&quot;classic&quot;}\">\n\t\t\t\t<div class=\"elementor-element elementor-element-bdd2baf elementor-hidden-tablet elementor-hidden-mobile elementor-widget elementor-widget-image\" data-id=\"bdd2baf\" data-element_type=\"widget\" data-e-type=\"widget\" data-widget_type=\"image.default\">\n\t\t\t\t<div class=\"elementor-widget-container\">\n\t\t\t\t\t\t\t\t\t\t\t\t\t\t\t<img decoding=\"async\" width=\"800\" height=\"671\" src=\"https:\/\/vibeyoup.com\/wp-content\/uploads\/2024\/11\/3-1.jpg\" class=\"attachment-large size-large wp-image-17611\" alt=\"Vibeyoup biofeedback alkalmaz\u00e1s\" srcset=\"https:\/\/vibeyoup.com\/wp-content\/uploads\/2024\/11\/3-1.jpg 940w, https:\/\/vibeyoup.com\/wp-content\/uploads\/2024\/11\/3-1-300x251.jpg 300w, https:\/\/vibeyoup.com\/wp-content\/uploads\/2024\/11\/3-1-768x644.jpg 768w\" sizes=\"(max-width: 800px) 100vw, 800px\" \/>\t\t\t\t\t\t\t\t\t\t\t\t\t\t\t<\/div>\n\t\t\t\t<\/div>\n\t\t\t\t<\/div>\n\t\t<div class=\"elementor-element elementor-element-1a8ceae e-con-full e-flex e-con e-child\" data-id=\"1a8ceae\" data-element_type=\"container\" data-e-type=\"container\">\n\t\t\t\t<div class=\"elementor-element elementor-element-f3911ca elementor-widget elementor-widget-heading\" data-id=\"f3911ca\" data-element_type=\"widget\" data-e-type=\"widget\" data-widget_type=\"heading.default\">\n\t\t\t\t<div class=\"elementor-widget-container\">\n\t\t\t\t\t<h2 class=\"elementor-heading-title elementor-size-default\">Hogyan kezdj\u00fcnk hozz\u00e1?<\/h2>\t\t\t\t<\/div>\n\t\t\t\t<\/div>\n\t\t\t\t<div class=\"elementor-element elementor-element-eb1ab60 elementor-hidden-desktop elementor-widget elementor-widget-image\" data-id=\"eb1ab60\" data-element_type=\"widget\" data-e-type=\"widget\" data-widget_type=\"image.default\">\n\t\t\t\t<div class=\"elementor-widget-container\">\n\t\t\t\t\t\t\t\t\t\t\t\t\t\t\t<img fetchpriority=\"high\" decoding=\"async\" width=\"800\" height=\"671\" src=\"https:\/\/vibeyoup.com\/wp-content\/uploads\/2024\/11\/2-1.jpg\" class=\"attachment-large size-large wp-image-17612\" alt=\"Vibeyoup biofeedback alkalmaz\u00e1s\" srcset=\"https:\/\/vibeyoup.com\/wp-content\/uploads\/2024\/11\/2-1.jpg 940w, https:\/\/vibeyoup.com\/wp-content\/uploads\/2024\/11\/2-1-300x251.jpg 300w, https:\/\/vibeyoup.com\/wp-content\/uploads\/2024\/11\/2-1-768x644.jpg 768w\" sizes=\"(max-width: 800px) 100vw, 800px\" \/>\t\t\t\t\t\t\t\t\t\t\t\t\t\t\t<\/div>\n\t\t\t\t<\/div>\n\t\t\t\t<div class=\"elementor-element elementor-element-b17eaf5 elementor-widget__width-initial elementor-icon-list--layout-traditional elementor-list-item-link-full_width elementor-widget elementor-widget-icon-list\" data-id=\"b17eaf5\" data-element_type=\"widget\" data-e-type=\"widget\" data-settings=\"{&quot;_animation_mobile&quot;:&quot;none&quot;}\" data-widget_type=\"icon-list.default\">\n\t\t\t\t<div class=\"elementor-widget-container\">\n\t\t\t\t\t\t\t<ul class=\"elementor-icon-list-items\">\n\t\t\t\t\t\t\t<li class=\"elementor-icon-list-item\">\n\t\t\t\t\t\t\t\t\t\t\t<span class=\"elementor-icon-list-icon\">\n\t\t\t\t\t\t\t<i aria-hidden=\"true\" class=\"fas fa-square\"><\/i>\t\t\t\t\t\t<\/span>\n\t\t\t\t\t\t\t\t\t\t<span class=\"elementor-icon-list-text\">T\u00f6ltse le az alkalmaz\u00e1st Android vagy iOS rendszerre - \u00e9s f\u00e9rjen hozz\u00e1 szolg\u00e1ltat\u00e1sainkhoz b\u00e1rmikor \u00e9s b\u00e1rhol.<\/span>\n\t\t\t\t\t\t\t\t\t<\/li>\n\t\t\t\t\t\t\t\t<li class=\"elementor-icon-list-item\">\n\t\t\t\t\t\t\t\t\t\t\t<span class=\"elementor-icon-list-icon\">\n\t\t\t\t\t\t\t<i aria-hidden=\"true\" class=\"fas fa-square\"><\/i>\t\t\t\t\t\t<\/span>\n\t\t\t\t\t\t\t\t\t\t<span class=\"elementor-icon-list-text\">Profil l\u00e9trehoz\u00e1sa: Kezelje szem\u00e9lyes adatait, k\u00f6vesse nyomon megrendel\u00e9seit, \u00e9s \u00e1ll\u00edtsa be az ig\u00e9nyeinek megfelel\u0151 push-\u00e9rtes\u00edt\u00e9seket.<\/span>\n\t\t\t\t\t\t\t\t\t<\/li>\n\t\t\t\t\t\t\t\t<li class=\"elementor-icon-list-item\">\n\t\t\t\t\t\t\t\t\t\t\t<span class=\"elementor-icon-list-icon\">\n\t\t\t\t\t\t\t<i aria-hidden=\"true\" class=\"fas fa-square\"><\/i>\t\t\t\t\t\t<\/span>\n\t\t\t\t\t\t\t\t\t\t<span class=\"elementor-icon-list-text\">Csatlakozzon a k\u00f6z\u00f6ss\u00e9ghez: Legyen r\u00e9sze egy innovat\u00edv biofeedback h\u00e1l\u00f3zatnak, ossza meg tapasztalatait, \u00e9s inspir\u00e1l\u00f3djon m\u00e1sokt\u00f3l!<\/span>\n\t\t\t\t\t\t\t\t\t<\/li>\n\t\t\t\t\t\t<\/ul>\n\t\t\t\t\t\t<\/div>\n\t\t\t\t<\/div>\n\t\t\t\t<div class=\"elementor-element elementor-element-03798eb elementor-widget elementor-widget-text-editor\" data-id=\"03798eb\" data-element_type=\"widget\" data-e-type=\"widget\" data-widget_type=\"text-editor.default\">\n\t\t\t\t<div class=\"elementor-widget-container\">\n\t\t\t\t\t\t\t\t\t<p>Ez egy egyed\u00fcl\u00e1ll\u00f3 lehet\u0151s\u00e9g! A VibeYouUp alkalmaz\u00e1s az els\u0151 \u00e9s egyetlen ilyen \u00e1tfog\u00f3 funkci\u00f3kkal \u00e9s t\u00e1mogat\u00e1ssal rendelkez\u0151 alkalmaz\u00e1s a biofeedback ter\u00fclet\u00e9n. Jelenleg let\u00f6lthet\u0151 a <strong>Google Play<\/strong>, hamarosan el\u00e9rhet\u0151 lesz a <strong>App Store<\/strong> is. Csatlakozzon hozz\u00e1nk, \u00e9s fedezze fel, hogy alkalmaz\u00e1sunk hogyan jav\u00edthatja \u00e9let\u00e9t \u00e9s szakmai munk\u00e1j\u00e1t!<\/p>\t\t\t\t\t\t\t\t<\/div>\n\t\t\t\t<\/div>\n\t\t\t\t<div class=\"elementor-element elementor-element-c36942e elementor-widget elementor-widget-heading\" data-id=\"c36942e\" data-element_type=\"widget\" data-e-type=\"widget\" data-widget_type=\"heading.default\">\n\t\t\t\t<div class=\"elementor-widget-container\">\n\t\t\t\t\t<h2 class=\"elementor-heading-title elementor-size-default\">Kattintson, t\u00f6ltse le, \u00e9s tapasztalja meg a biofeedback \u00faj dimenzi\u00f3j\u00e1t!<\/h2>\t\t\t\t<\/div>\n\t\t\t\t<\/div>\n\t\t<div class=\"elementor-element elementor-element-aa9e9ed e-con-full e-flex e-con e-child\" data-id=\"aa9e9ed\" data-element_type=\"container\" data-e-type=\"container\" data-settings=\"{&quot;background_background&quot;:&quot;video&quot;,&quot;background_video_start&quot;:5,&quot;background_video_end&quot;:15}\">\n\t\t\t\t<div class=\"elementor-element elementor-element-7b1b4a2 elementor-mobile-align-center animated-fast elementor-align-center elementor-widget elementor-widget-button\" data-id=\"7b1b4a2\" data-element_type=\"widget\" data-e-type=\"widget\" data-settings=\"{&quot;_animation&quot;:&quot;none&quot;,&quot;_animation_delay&quot;:400}\" data-widget_type=\"button.default\">\n\t\t\t\t<div class=\"elementor-widget-container\">\n\t\t\t\t\t\t\t\t\t<div class=\"elementor-button-wrapper\">\n\t\t\t\t\t<a class=\"elementor-button elementor-button-link elementor-size-sm elementor-animation-float\" href=\"https:\/\/apps.apple.com\/us\/app\/vibeyoup\/id6737507207\">\n\t\t\t\t\t\t<span class=\"elementor-button-content-wrapper\">\n\t\t\t\t\t\t<span class=\"elementor-button-icon\">\n\t\t\t\t<i aria-hidden=\"true\" class=\"fab fa-apple\"><\/i>\t\t\t<\/span>\n\t\t\t\t\t\t\t\t\t<span class=\"elementor-button-text\">Let\u00f6lt\u00e9s az App store-b\u00f3l<\/span>\n\t\t\t\t\t<\/span>\n\t\t\t\t\t<\/a>\n\t\t\t\t<\/div>\n\t\t\t\t\t\t\t\t<\/div>\n\t\t\t\t<\/div>\n\t\t\t\t<div class=\"elementor-element elementor-element-c1148e2 elementor-mobile-align-center animated-fast elementor-align-center elementor-widget elementor-widget-button\" data-id=\"c1148e2\" data-element_type=\"widget\" data-e-type=\"widget\" data-settings=\"{&quot;_animation&quot;:&quot;none&quot;,&quot;_animation_delay&quot;:400}\" data-widget_type=\"button.default\">\n\t\t\t\t<div class=\"elementor-widget-container\">\n\t\t\t\t\t\t\t\t\t<div class=\"elementor-button-wrapper\">\n\t\t\t\t\t<a class=\"elementor-button elementor-button-link elementor-size-sm elementor-animation-float\" href=\"https:\/\/play.google.com\/store\/apps\/details?id=app.VibeYoUp&#038;pcampaignid=web_share\">\n\t\t\t\t\t\t<span class=\"elementor-button-content-wrapper\">\n\t\t\t\t\t\t<span class=\"elementor-button-icon\">\n\t\t\t\t<i aria-hidden=\"true\" class=\"fab fa-google-play\"><\/i>\t\t\t<\/span>\n\t\t\t\t\t\t\t\t\t<span class=\"elementor-button-text\">Szerezd meg a Google Play-en<\/span>\n\t\t\t\t\t<\/span>\n\t\t\t\t\t<\/a>\n\t\t\t\t<\/div>\n\t\t\t\t\t\t\t\t<\/div>\n\t\t\t\t<\/div>\n\t\t\t\t<\/div>\n\t\t\t\t<\/div>\n\t\t\t\t<\/div>\n\t\t\t\t\t<\/div>\n\t\t\t\t<\/div>\n\t\t\t\t<\/div>","protected":false},"excerpt":{"rendered":"<p>VibeYoUp Biofeedback App Enter the VibeYoUp App and Enjoy Exclusive Features The long-awaited VibeYouUp App is here! From managing biofeedback devices to tracking events and building community connections, everything you need is now in one place \u2013 making it easy to access everything essential for your progress! Download on the App store Get it on [&hellip;]<\/p>\n","protected":false},"author":10,"featured_media":17599,"parent":0,"menu_order":0,"comment_status":"closed","ping_status":"closed","template":"","meta":{"_acf_changed":false,"_seopress_robots_primary_cat":"","_seopress_titles_title":"Enter the VibeYouUp Biofeedback App and Enjoy Exclusive Features!","_seopress_titles_desc":"The long-awaited VibeYouUp App is here! From managing biofeedback devices to tracking events and building community connections, everything you need is now in one place \u2013 making it easy to access everything essential for your progress!","_seopress_robots_index":"","footnotes":""},"class_list":["post-17598","page","type-page","status-publish","has-post-thumbnail","hentry"],"acf":[],"_links":{"self":[{"href":"https:\/\/vibeyoup.com\/hu\/wp-json\/wp\/v2\/pages\/17598","targetHints":{"allow":["GET"]}}],"collection":[{"href":"https:\/\/vibeyoup.com\/hu\/wp-json\/wp\/v2\/pages"}],"about":[{"href":"https:\/\/vibeyoup.com\/hu\/wp-json\/wp\/v2\/types\/page"}],"author":[{"embeddable":true,"href":"https:\/\/vibeyoup.com\/hu\/wp-json\/wp\/v2\/users\/10"}],"replies":[{"embeddable":true,"href":"https:\/\/vibeyoup.com\/hu\/wp-json\/wp\/v2\/comments?post=17598"}],"version-history":[{"count":10,"href":"https:\/\/vibeyoup.com\/hu\/wp-json\/wp\/v2\/pages\/17598\/revisions"}],"predecessor-version":[{"id":27255,"href":"https:\/\/vibeyoup.com\/hu\/wp-json\/wp\/v2\/pages\/17598\/revisions\/27255"}],"wp:featuredmedia":[{"embeddable":true,"href":"https:\/\/vibeyoup.com\/hu\/wp-json\/wp\/v2\/media\/17599"}],"wp:attachment":[{"href":"https:\/\/vibeyoup.com\/hu\/wp-json\/wp\/v2\/media?parent=17598"}],"curies":[{"name":"wp","href":"https:\/\/api.w.org\/{rel}","templated":true}]}}