{"id":31247,"date":"2026-02-14T10:48:15","date_gmt":"2026-02-14T10:48:15","guid":{"rendered":"https:\/\/vibeyoup.com\/?post_type=product&#038;p=31247"},"modified":"2026-02-28T09:34:09","modified_gmt":"2026-02-28T09:34:09","slug":"2025-conferencia-mundial-de-biorretroalimentacion-en-linea-en-budapest","status":"publish","type":"product","link":"https:\/\/vibeyoup.com\/es\/termek\/2025-budapest-world-conference-of-biofeedback-online\/","title":{"rendered":"2025 Conferencia Mundial de Budapest de Biofeedback Online"},"content":{"rendered":"<p><strong>Descubra con nosotros c\u00f3mo las experiencias de la infancia determinan nuestra salud de adultos<\/strong>\u00a0- especialmente en un \u00e1mbito tan sensible y complejo como el de la fertilidad. Las experiencias que vivimos en la infancia -conscientes u ocultas- dejan huellas en nuestro cuerpo y sistema nervioso. Estas huellas suelen influir sutilmente en nuestro funcionamiento f\u00edsico, nuestras decisiones, nuestras relaciones y, en \u00faltima instancia, nuestras posibilidades de tener hijos.<\/p>\n<p><strong>Este a\u00f1o, la Conferencia de Biofeedback se centra en estos patrones profundos y a menudo invisibles.<\/strong>\u00a0Exploraremos c\u00f3mo las herramientas de biofeedback pueden ayudarnos a reconocer, liberar y transformar los bloqueos que arrastramos del pasado. Aprende a recuperar el control sobre tu cuerpo y tu sistema nervioso, y c\u00f3mo el sistema SCIO \/ MandelayQ9 y un enfoque hol\u00edstico moderno pueden apoyar esta transformaci\u00f3n.<br \/>\nEl objetivo del evento es aunar los \u00faltimos conocimientos cient\u00edficos con enfoques terap\u00e9uticos pr\u00e1cticos, todo ello en un entorno seguro, estimulante y de apoyo. Disfrute de una experiencia \u00fanica, profunda y profesionalmente excepcional aqu\u00ed mismo, en Budapest.<br \/>\n________________________________________<\/p>\n<p>El tema principal de la Conferencia en 2025:<strong>\u201c\u00bfQu\u00e9 llevamos dentro?\u201d - El impacto de las huellas de la infancia en la edad adulta a trav\u00e9s de la lente de la biorretroalimentaci\u00f3n<\/strong><br \/>\n________________________________________<br \/>\nNuestros ponentesExpertos internacionales de renombre compartir\u00e1n sus \u00faltimos conocimientos, experiencia y m\u00e9todos:- Benita Serfontein<br \/>\n- Csomai Zita<br \/>\n- Filipa Pinto Cardoso<br \/>\n- Harina Lodhia<br \/>\n- Peggy Shoar<br \/>\n- Teresa Cumbers<br \/>\n- Yioula Patera<br \/>\n- Cs\u00e1szi Andr\u00e1s<br \/>\n- Bala Lodhia<br \/>\n- Fernando Crespo O'Neil<br \/>\n- Fredy Vinagre<br \/>\n- ... y muchos m\u00e1s<br \/>\n________________________________________<\/p>\n<p>Participaci\u00f3n en l\u00ednea - Flexible y accesibleSi no puede viajar a Budapest, la participaci\u00f3n en l\u00ednea es una alternativa perfecta:- Siga las conferencias en directo por streaming<br \/>\n- Acceso ilimitado a todas las grabaciones y presentaciones de la conferencia a trav\u00e9s del sitio Learning<br \/>\n- Acceso desde cualquier lugar del mundo<br \/>\n________________________________________<\/p>\n<p>Interpretaci\u00f3n - Multiling\u00fce para todos<\/p>\n<p><strong>El idioma principal de la conferencia es el ingl\u00e9s<\/strong>, pero ofrecemos interpretaci\u00f3n simult\u00e1nea gratuita en cualquier idioma si lo solicitan al menos 20 participantes.<br \/>\nEste servicio est\u00e1 disponible tanto para asistentes presenciales como en l\u00ednea.<br \/>\nUna experiencia c\u00f3moda e integradora para todos.<br \/>\n________________________________________<\/p>\n<p>\u00a1Ahora es el momento de unirse!<\/p>\n<p>Este evento est\u00e1 dirigido a quienes deseen profundizar en s\u00ed mismos, en sus clientes y en el potencial de los m\u00e9todos de biorretroalimentaci\u00f3n.<br \/>\nForma parte de esta experiencia transformadora y aporta todo lo que has aprendido hasta ahora y todo aquello en lo que aspiras a convertirte.<br \/>\n<strong>No espere m\u00e1s: \u00a1reserve ya su plaza!<\/strong><\/p>","protected":false},"excerpt":{"rendered":"<p>\u00bfQu\u00e9 llevamos dentro?<\/p>\n<p>El impacto de las huellas de la infancia en la edad adulta a trav\u00e9s del prisma de la biorretroalimentaci\u00f3n<\/p>\n<p>22-26 de octubre de 2025 | Danubius Hotel Helia, Budapest\/Online<br \/>\nDescubra c\u00f3mo las experiencias de la infancia determinan la salud y la fertilidad en la edad adulta. \u00danase a expertos que exploran c\u00f3mo herramientas de biorretroalimentaci\u00f3n como SCIO\/MandelayQ9 pueden ayudar a liberar bloqueos profundamente arraigados y restablecer el equilibrio. Experimente una mezcla transformadora de ciencia y terapia en un entorno inspirador y de apoyo.<\/p>","protected":false},"featured_media":21082,"comment_status":"open","ping_status":"closed","template":"","meta":{"_acf_changed":false,"_seopress_robots_primary_cat":"","_seopress_titles_title":"2025 Budapest World Conference of Biofeedback Online","_seopress_titles_desc":"Discover how childhood experiences shape adult health and fertility. Join experts as they explore how biofeedback tools like SCIO\/MandelayQ9 can help release deep-rooted blocks and restore balance.","_seopress_robots_index":""},"product_brand":[],"product_cat":[165],"product_tag":[],"class_list":{"0":"post-31247","1":"product","2":"type-product","3":"status-publish","4":"has-post-thumbnail","6":"product_cat-learning","8":"first","9":"instock","10":"downloadable","11":"taxable","12":"shipping-taxable","13":"purchasable","14":"product-type-simple"},"acf":[],"_links":{"self":[{"href":"https:\/\/vibeyoup.com\/es\/wp-json\/wp\/v2\/product\/31247","targetHints":{"allow":["GET"]}}],"collection":[{"href":"https:\/\/vibeyoup.com\/es\/wp-json\/wp\/v2\/product"}],"about":[{"href":"https:\/\/vibeyoup.com\/es\/wp-json\/wp\/v2\/types\/product"}],"replies":[{"embeddable":true,"href":"https:\/\/vibeyoup.com\/es\/wp-json\/wp\/v2\/comments?post=31247"}],"wp:featuredmedia":[{"embeddable":true,"href":"https:\/\/vibeyoup.com\/es\/wp-json\/wp\/v2\/media\/21082"}],"wp:attachment":[{"href":"https:\/\/vibeyoup.com\/es\/wp-json\/wp\/v2\/media?parent=31247"}],"wp:term":[{"taxonomy":"product_brand","embeddable":true,"href":"https:\/\/vibeyoup.com\/es\/wp-json\/wp\/v2\/product_brand?post=31247"},{"taxonomy":"product_cat","embeddable":true,"href":"https:\/\/vibeyoup.com\/es\/wp-json\/wp\/v2\/product_cat?post=31247"},{"taxonomy":"product_tag","embeddable":true,"href":"https:\/\/vibeyoup.com\/es\/wp-json\/wp\/v2\/product_tag?post=31247"}],"curies":[{"name":"wp","href":"https:\/\/api.w.org\/{rel}","templated":true}]}}