{"id":30538,"date":"2026-02-09T13:59:04","date_gmt":"2026-02-09T13:59:04","guid":{"rendered":"https:\/\/vibeyoup.com\/?post_type=product&#038;p=30538"},"modified":"2026-02-28T09:27:37","modified_gmt":"2026-02-28T09:27:37","slug":"2026-conferencia-mundial-de-budapest-de-especialistas-en-biorretroalimentacion-en-linea","status":"publish","type":"product","link":"https:\/\/vibeyoup.com\/es\/termek\/2026-budapest-world-conference-of-biofeedback-specialists-online\/","title":{"rendered":"2026 Budapest Conferencia Mundial de Especialistas en Biofeedback Online"},"content":{"rendered":"<p style=\"font-weight: 500;\">Descubra con nosotros qu\u00e9 hay m\u00e1s all\u00e1 de la recuperaci\u00f3n<\/p>\n<p>En la pr\u00e1ctica cl\u00ednica, la recuperaci\u00f3n suele definirse por la desaparici\u00f3n de los s\u00edntomas. Sin embargo, muchos profesionales saben por experiencia que incluso cuando los s\u00edntomas desaparecen, el sistema no est\u00e1 necesariamente libre. El estr\u00e9s residual, los patrones de carga no resueltos y la desregulaci\u00f3n del sistema nervioso pueden seguir presentes bajo la superficie.<\/p>\n<p style=\"font-weight: 500;\">Sobre la Conferencia<\/p>\n<p>La Conferencia Mundial de Biofeedback 2026 se centra en esta segunda fase de la curaci\u00f3n, que a menudo se pasa por alto, cuando los problemas visibles se desvanecen, pero la carga interna permanece.<\/p>\n<p>Este a\u00f1o exploraremos c\u00f3mo el estr\u00e9s cr\u00f3nico, los patrones de dolor y la sobrecarga a largo plazo siguen influyendo en el cuerpo y el sistema nervioso, incluso despu\u00e9s de una aparente recuperaci\u00f3n.<\/p>\n<p>A trav\u00e9s de la lente de la biorretroalimentaci\u00f3n, examinamos c\u00f3mo pueden identificarse, regularse y liberarse gradualmente estas cargas ocultas.<\/p>\n<p style=\"font-weight: 500;\">Enfoque cl\u00ednico y profesional<\/p>\n<p>Aprenda a trabajar m\u00e1s all\u00e1 de la gesti\u00f3n de los s\u00edntomas y apoye una verdadera recalibraci\u00f3n a nivel de sistema utilizando herramientas de biorretroalimentaci\u00f3n, enfoques integradores y una visi\u00f3n cl\u00ednica avanzada.<\/p>\n<p>El sistema MandelayQ9 \/ SCIO y los m\u00e9todos hol\u00edsticos modernos desempe\u00f1an un papel clave en la comprensi\u00f3n y el apoyo de esta fase m\u00e1s profunda del equilibrio.<\/p>\n<p>El objetivo del evento es conectar los \u00faltimos conocimientos cient\u00edficos con la pr\u00e1ctica terap\u00e9utica real, todo ello en un entorno seguro, de apoyo y profesionalmente inspirador.<\/p>\n<p style=\"font-weight: 500;\">Tema principal de la Conferencia<\/p>\n<ul>\n<li>Mucho m\u00e1s all\u00e1 de la recuperaci\u00f3n<\/li>\n<li>La segunda fase: cuando los s\u00edntomas desaparecen, pero la carga permanece.<\/li>\n<li>Gesti\u00f3n eficaz del dolor y el estr\u00e9s<\/li>\n<\/ul>\n<p style=\"font-weight: 500;\">Nuestros ponentes<\/p>\n<p>Reconocidos expertos internacionales compartir\u00e1n sus conocimientos, experiencia y perspectivas cl\u00ednicas sobre la regulaci\u00f3n del estr\u00e9s, el tratamiento del dolor y el equilibrio de los sistemas a largo plazo.<\/p>\n<p>Pr\u00f3ximamente, lista de ponentes.<\/p>\n<p style=\"font-weight: 500;\">Programa, orden del d\u00eda y calendario<\/p>\n<p>El programa completo y los temas de los ponentes estar\u00e1n disponibles pr\u00f3ximamente. Permanezca atento. El programa detallado y los temas de las ponencias se anunciar\u00e1n en breve. Siga nuestras actualizaciones para no perderse las ideas de nuestros ponentes internacionales.<\/p>\n<p style=\"font-weight: 500;\">20 de octubre | D\u00eda de inscripci\u00f3n<\/p>\n<p>16:00-18:00 Inscripci\u00f3n<br \/>\n19:00 Cena de bienvenida<\/p>\n<p><b><strong><u>21 de octubre | D\u00eda 1<\/u><\/strong><\/b><\/p>\n<p>08:00-09:00 inscripci\u00f3n<\/p>\n<p>09:00-10:30 conferencia<\/p>\n<p>10:30-11:00 pausa caf\u00e9<\/p>\n<p>11:00-12:30 conferencia<\/p>\n<p>12:30-14:00 almuerzo<\/p>\n<p>14:00-15:30 conferencia<\/p>\n<p>15:30-16:00 pausa caf\u00e9<\/p>\n<p>16:00-17:30 PREGUNTAS Y RESPUESTAS<\/p>\n<p><b><strong><u>22 de octubre | D\u00eda 2<\/u><\/strong><\/b><\/p>\n<p>09:00-10:30 conferencia<\/p>\n<p>10:30-11:00 pausa caf\u00e9<\/p>\n<p>11:00-12:30 conferencia<\/p>\n<p>12:30-14:00 almuerzo<\/p>\n<p>14:00-15:30 conferencia<\/p>\n<p>15:30-16:00 pausa caf\u00e9<\/p>\n<p>16:00-17:30 PREGUNTAS Y RESPUESTAS<\/p>\n<p><b><strong><u>23 octubre | D\u00eda 3<\/u><\/strong><\/b><\/p>\n<p>09:00-10:30 conferencia<\/p>\n<p>10:30-11:00 pausa caf\u00e9<\/p>\n<p>11:00-12:30 conferencia<\/p>\n<p>12:30-14:00 almuerzo<\/p>\n<p>14:00-15:30 conferencia<\/p>\n<p>15:30-16:00 pausa caf\u00e9<\/p>\n<p>16:00-17:30 PREGUNTAS Y RESPUESTAS<\/p>\n<p><b><strong><u>24 de octubre | D\u00eda 4<\/u><\/strong><\/b><\/p>\n<p>09:00-10:30 conferencia<\/p>\n<p>10:30-11:00 pausa caf\u00e9<\/p>\n<p>11:00-12:30 conferencia<\/p>\n<p>12:30-14:00 almuerzo<\/p>\n<p>14:00-15:30 conferencia<\/p>\n<p>15:30-16:00 pausa caf\u00e9<\/p>\n<p>16:00-17:30 PREGUNTAS Y RESPUESTAS<\/p>\n<p style=\"font-weight: 500;\">Participaci\u00f3n en l\u00ednea<\/p>\n<p>Flexible y accesible<\/p>\n<p>Si no es posible viajar a Budapest, la participaci\u00f3n en l\u00ednea ofrece pleno acceso a los contenidos profesionales.<\/p>\n<ul>\n<li>Acceso en directo a todas las conferencias<\/li>\n<li>Acceso ilimitado a las grabaciones y presentaciones de las conferencias a trav\u00e9s del sitio Learning<\/li>\n<li>sitio \u00danete desde cualquier lugar del mundo<\/li>\n<\/ul>\n<p style=\"font-weight: 500;\">Asistencia t\u00e9cnica y actualizaciones de software<\/p>\n<p>Todos los participantes presenciales reciben asistencia t\u00e9cnica completa durante el evento.<\/p>\n<ul>\n<li>Comprobaci\u00f3n del dispositivo y asistencia para la configuraci\u00f3n<\/li>\n<li>Soluciones r\u00e1pidas a problemas t\u00e9cnicos<\/li>\n<li>Actualizaciones opcionales para las \u00faltimas versiones de software, incluidos Clasp Portal y Synapse Report<\/li>\n<\/ul>\n<p>Rel\u00e1jese. Nosotros nos ocupamos de la parte t\u00e9cnica para que usted pueda centrarse en aprender, conectar e integrar.<\/p>\n<p style=\"font-weight: 500;\">Sede y alojamiento<\/p>\n<p>Danubius Hotel Helia**, Budapest**<\/p>\n<p>La conferencia se celebrar\u00e1 en un elegante entorno ribere\u00f1o, ideal para profundizar en el trabajo profesional y establecer contactos.<br \/>\nTarifa especial de alojamiento para la conferencia disponible con un descuento del 10 %.<br \/>\nPr\u00f3ximamente se comunicar\u00e1n m\u00e1s detalles sobre la reserva de habitaciones y los socios.<\/p>\n<p style=\"font-weight: 500;\">Ahora es el momento de unirse<\/p>\n<p>Esta conferencia es para los que quieren profundizar.<br \/>\nM\u00e1s all\u00e1 de los s\u00edntomas, m\u00e1s all\u00e1 de los protocolos y m\u00e1s all\u00e1 de la recuperaci\u00f3n superficial.<\/p>\n<p>Forme parte de un espacio profesional en el que el equilibrio a largo plazo, la regulaci\u00f3n y la verdadera recuperaci\u00f3n del sistema est\u00e1n en el centro.<\/p>\n<p>No espere m\u00e1s. Reserve su plaza ahora y \u00fanase a la Biofeedback World Conference 2026.<\/p>","protected":false},"excerpt":{"rendered":"<p>Discover with us what lies beyond recovery In clinical practice, recovery is often defined by the disappearance of symptoms. Yet many practitioners know from experience that even when symptoms are gone, the system is not necessarily free. Residual stress, unresolved load patterns, and nervous system dysregulation may still be present beneath the surface. About the [&hellip;]<\/p>\n","protected":false},"featured_media":30541,"comment_status":"open","ping_status":"closed","template":"","meta":{"_acf_changed":false,"_seopress_robots_primary_cat":"none","_seopress_titles_title":"2026 Budapest World Conference of Biofeedback Specialists Online","_seopress_titles_desc":"Discover with us what lies beyond recovery In clinical practice, recovery is often defined by the disappearance of symptoms.","_seopress_robots_index":""},"product_brand":[],"product_cat":[140],"product_tag":[],"class_list":{"0":"post-30538","1":"product","2":"type-product","3":"status-publish","4":"has-post-thumbnail","6":"product_cat-conferences","8":"first","9":"instock","10":"sale","11":"virtual","12":"taxable","13":"purchasable","14":"product-type-simple"},"acf":[],"_links":{"self":[{"href":"https:\/\/vibeyoup.com\/es\/wp-json\/wp\/v2\/product\/30538","targetHints":{"allow":["GET"]}}],"collection":[{"href":"https:\/\/vibeyoup.com\/es\/wp-json\/wp\/v2\/product"}],"about":[{"href":"https:\/\/vibeyoup.com\/es\/wp-json\/wp\/v2\/types\/product"}],"replies":[{"embeddable":true,"href":"https:\/\/vibeyoup.com\/es\/wp-json\/wp\/v2\/comments?post=30538"}],"wp:featuredmedia":[{"embeddable":true,"href":"https:\/\/vibeyoup.com\/es\/wp-json\/wp\/v2\/media\/30541"}],"wp:attachment":[{"href":"https:\/\/vibeyoup.com\/es\/wp-json\/wp\/v2\/media?parent=30538"}],"wp:term":[{"taxonomy":"product_brand","embeddable":true,"href":"https:\/\/vibeyoup.com\/es\/wp-json\/wp\/v2\/product_brand?post=30538"},{"taxonomy":"product_cat","embeddable":true,"href":"https:\/\/vibeyoup.com\/es\/wp-json\/wp\/v2\/product_cat?post=30538"},{"taxonomy":"product_tag","embeddable":true,"href":"https:\/\/vibeyoup.com\/es\/wp-json\/wp\/v2\/product_tag?post=30538"}],"curies":[{"name":"wp","href":"https:\/\/api.w.org\/{rel}","templated":true}]}}