{"id":30382,"date":"2026-02-08T19:39:59","date_gmt":"2026-02-08T19:39:59","guid":{"rendered":"https:\/\/vibeyoup.com\/?post_type=product&#038;p=30382"},"modified":"2026-02-28T09:34:14","modified_gmt":"2026-02-28T09:34:14","slug":"1-como-hago-mi-primera-sesion-grabacion-fredy-vinagre","status":"publish","type":"product","link":"https:\/\/vibeyoup.com\/es\/termek\/1-how-i-do-my-first-session-fredy-vinagre-recording\/","title":{"rendered":"1. \u2018\u00bfC\u00f3mo hago mi primera sesi\u00f3n?\u2019- Fredy Vinagre Recording"},"content":{"rendered":"<p><strong>Podr\u00e1 adquirir la grabaci\u00f3n una vez finalizado el seminario.\u00a0<\/strong><\/p>\n<p><strong>Detalles:<\/strong><\/p>\n<ul>\n<li>Tema: \u2018\u00bfC\u00f3mo hago mi primera sesi\u00f3n?\u2019<\/li>\n<li>Hora: 18:00 CET los lunes durante 12 semanas<\/li>\n<li><strong>Desde el\u00a0<\/strong><strong>3 de junio<\/strong><strong>\u00a0hasta el 26 de agosto (el 26 de agosto comenzar\u00e1 a las 16:00 CET)\u00a0<\/strong><\/li>\n<li>D\u00f3nde:\u00a0<strong>Zoom<\/strong>: Recibir\u00e1 el enlace 5 minutos antes del seminario<\/li>\n<li>Los seminarios duran una hora y media, con preguntas y respuestas al final.<\/li>\n<\/ul>\n<p><strong>Informaci\u00f3n sobre las entradas:\u00a0<\/strong><\/p>\n<ul>\n<li>Podr\u00e1 adquirir las entradas por separado para cada presentaci\u00f3n en l\u00ednea o comprar el paquete completo de 12 semanas<\/li>\n<li>Los seminarios duran una hora y media, con preguntas y respuestas al final.<\/li>\n<li>Habr\u00e1 una grabaci\u00f3n disponible<\/li>\n<li><strong>Coste:<\/strong>\n<ul>\n<li>1 presentaci\u00f3n:\u00a0<strong>39 EUR sin IVA<\/strong><\/li>\n<li>paquete completo de presentaci\u00f3n de 12 semanas:\u00a0<strong>350 EUR sin IVA<\/strong><\/li>\n<\/ul>\n<\/li>\n<li><strong>Si ya ha comprado sus entradas para la conferencia, obtendr\u00e1 el paquete completo por 50% de descuento.<\/strong><\/li>\n<\/ul>\n<p>&nbsp;<\/p>","protected":false},"excerpt":{"rendered":"<p>Grabaci\u00f3n de la <strong>Serie de seminarios transformadores en l\u00ednea<\/strong><\/p>\n<p>No te pierdas esta incre\u00edble oportunidad de conseguir tus entradas para los Mini Seminarios donde los temas de nuestros terapeutas son<\/p>\n<p><strong>\u00bfC\u00f3mo hacen su primera sesi\u00f3n?<\/strong><\/p>\n<p>Una de las preguntas m\u00e1s frecuentes que nuestros terapeutas reciben de vez en cuando es\u00a0<strong>\u00bfC\u00f3mo hacen su primera sesi\u00f3n?\u00a0<\/strong><\/p>\n<p>As\u00ed que mientras esperamos el pr\u00f3ximo congreso en Mallorca, hemos decidido organizar una miniserie de presentaciones en l\u00ednea. \u00a1Ofrecemos algo que no se ha hecho antes!<\/p>\n<p>Se trata de una ocasi\u00f3n \u00fanica y poco frecuente, as\u00ed que aproveche al m\u00e1ximo esta oportunidad y asista al seminario en l\u00ednea de cada profesional.<\/p>\n<p><strong>Cada seminario ser\u00e1 \u00fanico, informativo y perspicaz, ya que cada uno tiene sus propias t\u00e9cnicas.<\/strong><\/p>\n<p><strong>Los terapeutas van a exponer c\u00f3mo hacen su primera sesi\u00f3n, mostrando sus m\u00e9todos preferidos, pasos, consejos y trucos.\u00a0<\/strong><\/p>","protected":false},"featured_media":3795,"comment_status":"open","ping_status":"closed","template":"","meta":{"_acf_changed":false,"_seopress_robots_primary_cat":"","_seopress_titles_title":"1. 'How I do my first session?'- Fredy Vinagre Recording","_seopress_titles_desc":"One of our most frequently asked questions, our therapists get from time to time is How they do their first session?","_seopress_robots_index":""},"product_brand":[],"product_cat":[165],"product_tag":[],"class_list":{"0":"post-30382","1":"product","2":"type-product","3":"status-publish","4":"has-post-thumbnail","6":"product_cat-learning","8":"first","9":"instock","10":"virtual","11":"taxable","12":"purchasable","13":"product-type-simple"},"acf":[],"_links":{"self":[{"href":"https:\/\/vibeyoup.com\/es\/wp-json\/wp\/v2\/product\/30382","targetHints":{"allow":["GET"]}}],"collection":[{"href":"https:\/\/vibeyoup.com\/es\/wp-json\/wp\/v2\/product"}],"about":[{"href":"https:\/\/vibeyoup.com\/es\/wp-json\/wp\/v2\/types\/product"}],"replies":[{"embeddable":true,"href":"https:\/\/vibeyoup.com\/es\/wp-json\/wp\/v2\/comments?post=30382"}],"wp:featuredmedia":[{"embeddable":true,"href":"https:\/\/vibeyoup.com\/es\/wp-json\/wp\/v2\/media\/3795"}],"wp:attachment":[{"href":"https:\/\/vibeyoup.com\/es\/wp-json\/wp\/v2\/media?parent=30382"}],"wp:term":[{"taxonomy":"product_brand","embeddable":true,"href":"https:\/\/vibeyoup.com\/es\/wp-json\/wp\/v2\/product_brand?post=30382"},{"taxonomy":"product_cat","embeddable":true,"href":"https:\/\/vibeyoup.com\/es\/wp-json\/wp\/v2\/product_cat?post=30382"},{"taxonomy":"product_tag","embeddable":true,"href":"https:\/\/vibeyoup.com\/es\/wp-json\/wp\/v2\/product_tag?post=30382"}],"curies":[{"name":"wp","href":"https:\/\/api.w.org\/{rel}","templated":true}]}}