{"id":30356,"date":"2026-02-07T13:45:26","date_gmt":"2026-02-07T13:45:26","guid":{"rendered":"https:\/\/vibeyoup.com\/?post_type=product&#038;p=30356"},"modified":"2026-04-06T16:15:47","modified_gmt":"2026-04-06T16:15:47","slug":"petpad-pequeno-scio","status":"publish","type":"product","link":"https:\/\/vibeyoup.com\/es\/termek\/small-petpad-scio\/","title":{"rendered":"Petpad peque\u00f1o (SCIO)"},"content":{"rendered":"<p>\u00bfQu\u00e9 hace el Pet Pad?<\/p>\n<p data-start=\"768\" data-end=\"808\">\u00bfPor qu\u00e9 elegir el Petpad peque\u00f1o para SCIO?<\/p>\n<p data-start=\"810\" data-end=\"1188\">- Dise\u00f1ado para funcionar perfectamente con los sistemas de biorretroalimentaci\u00f3n SCIO<br data-start=\"869\" data-end=\"872\" \/>- Apoya la terapia de biorretroalimentaci\u00f3n para animales que sufren estr\u00e9s, dolor o ansiedad<br data-start=\"952\" data-end=\"955\" \/>- Soluci\u00f3n no invasiva que permite a las mascotas permanecer relajadas durante las sesiones<br data-start=\"1029\" data-end=\"1032\" \/>- El dise\u00f1o basado en almohadillas elimina las molestias causadas por arneses o sujeciones<br data-start=\"1106\" data-end=\"1109\" \/>- Favorece la regulaci\u00f3n del sistema nervioso, la relajaci\u00f3n y el bienestar general<\/p>\n<p data-start=\"1195\" data-end=\"1221\">Comodidad y facilidad de uso<\/p>\n<p data-start=\"1223\" data-end=\"1452\">- Se coloca directamente debajo de la mascota para administrar la terapia sin esfuerzo<br data-start=\"1286\" data-end=\"1289\" \/>- Permite a los animales descansar de forma natural durante toda la sesi\u00f3n<br data-start=\"1346\" data-end=\"1349\" \/>- Dise\u00f1ado para ofrecer la m\u00e1xima comodidad sin resistencia ni tensi\u00f3n<br data-start=\"1408\" data-end=\"1411\" \/>- Adecuado para un uso regular y repetido<\/p>\n<p data-start=\"1459\" data-end=\"1485\">Dise\u00f1ada para un uso prolongado<\/p>\n<p data-start=\"1487\" data-end=\"1699\">- De caucho galv\u00e1nico duradero y de alta calidad<br data-start=\"1536\" data-end=\"1539\" \/>- Dise\u00f1ado para soportar un uso frecuente<br data-start=\"1575\" data-end=\"1578\" \/>- Incluye una funda lavable para facilitar el mantenimiento<br data-start=\"1626\" data-end=\"1629\" \/>- Se suministra con una bolsa de transporte para guardarlo y transportarlo c\u00f3modamente<\/p>\n<p data-start=\"1706\" data-end=\"1737\">\u00bfPara qui\u00e9n es el Petpad peque\u00f1o?<\/p>\n<p data-start=\"1739\" data-end=\"1967\">- Mascotas que sufren estr\u00e9s o ansiedad<br data-start=\"1776\" data-end=\"1779\" \/>- Animales con malestar cr\u00f3nico o desequilibrio del sistema nervioso<br data-start=\"1840\" data-end=\"1843\" \/>- Los due\u00f1os de mascotas buscan una soluci\u00f3n de terapia de biorretroalimentaci\u00f3n no invasiva<br data-start=\"1907\" data-end=\"1910\" \/>- Usuarios particulares y profesionales que trabajan con sistemas SCIO<\/p>","protected":false},"excerpt":{"rendered":"<p data-start=\"187\" data-end=\"212\">Petpad peque\u00f1o para SCIO<\/p>\n<p data-start=\"213\" data-end=\"254\">Almohadilla de terapia de biorretroalimentaci\u00f3n para animales peque\u00f1os<\/p>\n<p data-start=\"256\" data-end=\"291\">\u00bfQu\u00e9 es el Peque\u00f1o Petpad (SCIO)?<\/p>\n<p data-start=\"293\" data-end=\"630\">En\u00a0<strong data-start=\"297\" data-end=\"322\">Petpad peque\u00f1o para SCIO<\/strong>\u00a0es un\u00a0<strong data-start=\"347\" data-end=\"392\">almohadilla de terapia de biorretroalimentaci\u00f3n para peque\u00f1os animales<\/strong>, desarrollado para funcionar a la perfecci\u00f3n con\u00a0<strong data-start=\"428\" data-end=\"456\">Sistemas de biorretroalimentaci\u00f3n SCIO<\/strong>. Proporciona una forma c\u00f3moda y sin estr\u00e9s de favorecer el bienestar y la relajaci\u00f3n de los animales mediante la terapia de biorretroalimentaci\u00f3n, sin necesidad de arneses ni sujeciones restrictivas.<\/p>\n<p data-start=\"632\" data-end=\"761\">La almohadilla para mascotas est\u00e1 dise\u00f1ada para colocarse debajo del animal, lo que permite administrar la terapia mientras la mascota permanece tranquila y relajada.<\/p>","protected":false},"featured_media":30355,"comment_status":"open","ping_status":"closed","template":"","meta":{"_acf_changed":false,"_seopress_robots_primary_cat":"none","_seopress_titles_title":"Small Petpad (SCIO)","_seopress_titles_desc":"The Small Petpad for SCIO is a specially designed biofeedback therapy pad for small animals, developed to work seamlessly with SCIO biofeedback systems.","_seopress_robots_index":""},"product_brand":[],"product_cat":[134],"product_tag":[],"class_list":{"0":"post-30356","1":"product","2":"type-product","3":"status-publish","4":"has-post-thumbnail","6":"product_cat-accessories","8":"first","9":"instock","10":"taxable","11":"shipping-taxable","12":"purchasable","13":"product-type-simple"},"acf":[],"_links":{"self":[{"href":"https:\/\/vibeyoup.com\/es\/wp-json\/wp\/v2\/product\/30356","targetHints":{"allow":["GET"]}}],"collection":[{"href":"https:\/\/vibeyoup.com\/es\/wp-json\/wp\/v2\/product"}],"about":[{"href":"https:\/\/vibeyoup.com\/es\/wp-json\/wp\/v2\/types\/product"}],"replies":[{"embeddable":true,"href":"https:\/\/vibeyoup.com\/es\/wp-json\/wp\/v2\/comments?post=30356"}],"wp:featuredmedia":[{"embeddable":true,"href":"https:\/\/vibeyoup.com\/es\/wp-json\/wp\/v2\/media\/30355"}],"wp:attachment":[{"href":"https:\/\/vibeyoup.com\/es\/wp-json\/wp\/v2\/media?parent=30356"}],"wp:term":[{"taxonomy":"product_brand","embeddable":true,"href":"https:\/\/vibeyoup.com\/es\/wp-json\/wp\/v2\/product_brand?post=30356"},{"taxonomy":"product_cat","embeddable":true,"href":"https:\/\/vibeyoup.com\/es\/wp-json\/wp\/v2\/product_cat?post=30356"},{"taxonomy":"product_tag","embeddable":true,"href":"https:\/\/vibeyoup.com\/es\/wp-json\/wp\/v2\/product_tag?post=30356"}],"curies":[{"name":"wp","href":"https:\/\/api.w.org\/{rel}","templated":true}]}}