{"id":30352,"date":"2026-02-07T13:44:09","date_gmt":"2026-02-07T13:44:09","guid":{"rendered":"https:\/\/vibeyoup.com\/?post_type=product&#038;p=30352"},"modified":"2026-02-21T16:32:28","modified_gmt":"2026-02-21T16:32:28","slug":"petpad-pequeno-mandelay-q9eductor","status":"publish","type":"product","link":"https:\/\/vibeyoup.com\/es\/termek\/small-petpad-mandelay-q9eductor\/","title":{"rendered":"Petpad peque\u00f1o (Mandelay Q9,Eductor)"},"content":{"rendered":"<p><b><span data-contrast=\"auto\">Por qu\u00e9 los due\u00f1os de mascotas no pueden prescindir del coj\u00edn para mascotas peque\u00f1as<\/span><\/b><span data-ccp-props=\"{}\">\u00a0<\/span><\/p>\n<ul>\n<li data-leveltext=\"\uf0b7\" data-font=\"Symbol\" data-listid=\"4\" data-list-defn-props=\"{\" aria-setsize=\"-1\" data-aria-posinset=\"1\" data-aria-level=\"1\"><b><span data-contrast=\"auto\">Terapia de biorretroalimentaci\u00f3n con base cient\u00edfica<\/span><\/b><span data-contrast=\"auto\">\u00a0- Las mascotas experimentan estr\u00e9s, dolor y ansiedad al igual que los humanos. El peque\u00f1o Petpad funciona a la perfecci\u00f3n\u00a0<\/span><b><span data-contrast=\"auto\">Mandelay Q9 y Eductor<\/span><\/b><span data-contrast=\"auto\">\u00a0sistemas de biorretroalimentaci\u00f3n para emitir se\u00f1ales terap\u00e9uticas que ayudan a regular el sistema nervioso de su mascota, favorecen la curaci\u00f3n y mejoran el bienestar general.<\/span><span data-ccp-props=\"{}\">\u00a0<\/span><\/li>\n<\/ul>\n<ul>\n<li data-leveltext=\"\uf0b7\" data-font=\"Symbol\" data-listid=\"4\" data-list-defn-props=\"{\" aria-setsize=\"-1\" data-aria-posinset=\"2\" data-aria-level=\"1\"><span data-contrast=\"auto\">\u00a0<\/span><b><span data-contrast=\"auto\">Comodidad sin esfuerzo, m\u00e1ximos resultados<\/span><\/b><span data-contrast=\"auto\">\u00a0- A diferencia de los arneses restrictivos, el Petpad Peque\u00f1o est\u00e1 dise\u00f1ado para colocarse debajo de su mascota, asegurando que permanezca completamente a gusto durante una sesi\u00f3n. Sin lucha, sin incomodidad, s\u00f3lo pura relajaci\u00f3n y curaci\u00f3n.<\/span><span data-ccp-props=\"{}\">\u00a0<\/span><\/li>\n<\/ul>\n<ul>\n<li data-leveltext=\"\uf0b7\" data-font=\"Symbol\" data-listid=\"4\" data-list-defn-props=\"{\" aria-setsize=\"-1\" data-aria-posinset=\"3\" data-aria-level=\"1\"><b><span data-contrast=\"auto\">Esencial para aliviar el estr\u00e9s y la ansiedad<\/span><\/b><span data-contrast=\"auto\">\u00a0- Si su mascota experimenta ansiedad, malestar o estr\u00e9s cr\u00f3nico, ignorarlo puede provocar problemas de salud a largo plazo. El Small Petpad proporciona un apoyo no invasivo, por lo que es una adici\u00f3n crucial a la rutina de bienestar de su mascota.<\/span><span data-ccp-props=\"{}\">\u00a0<\/span><\/li>\n<\/ul>\n<ul>\n<li data-leveltext=\"\uf0b7\" data-font=\"Symbol\" data-listid=\"4\" data-list-defn-props=\"{\" aria-setsize=\"-1\" data-aria-posinset=\"4\" data-aria-level=\"1\"><b><span data-contrast=\"auto\">Dise\u00f1ada para un uso prolongado<\/span><\/b><span data-contrast=\"auto\">\u00a0- Fabricado con caucho galv\u00e1nico duradero y de alta calidad, este coj\u00edn para mascotas est\u00e1 dise\u00f1ado para soportar un uso frecuente. Adem\u00e1s, la funda lavable y la bolsa de transporte incluida facilitan su mantenimiento y transporte.<\/span><span data-ccp-props=\"{}\">\u00a0<\/span><\/li>\n<\/ul>\n<p><span data-ccp-props=\"{\">\u00a0<\/span><b><span data-contrast=\"auto\">\u00bfQui\u00e9n necesita el Petpad peque\u00f1o?<\/span><\/b><span data-ccp-props=\"{}\">\u00a0<\/span><\/p>\n<p><span data-contrast=\"auto\">Si su mascota sufre estr\u00e9s, dolor cr\u00f3nico o desequilibrios del sistema nervioso, no se trata de un accesorio opcional, sino de un cambio radical. Los due\u00f1os de mascotas que realmente se preocupan por la comodidad y el bienestar de sus animales eligen el Small Petpad porque ofrece beneficios reales y tangibles sin m\u00e9todos invasivos.<\/span><span data-ccp-props=\"{}\">\u00a0<\/span><\/p>\n<p><b><span data-contrast=\"auto\">La inversi\u00f3n m\u00e1s inteligente en la salud de su mascota<\/span><\/b><span data-ccp-props=\"{}\">\u00a0<\/span><\/p>\n<p><span data-contrast=\"auto\">Su mascota depende de usted para tomar las mejores decisiones para su salud. Deles el alivio que se merecen con Small Petpad, una forma cient\u00edficamente dise\u00f1ada, libre de estr\u00e9s y muy eficaz de favorecer su bienestar.<\/span><span data-ccp-props=\"{}\">\u00a0<\/span><\/p>\n<p><b><span data-contrast=\"auto\">No espere a que las molestias se conviertan en un problema de salud grave. Pida hoy mismo el Petpad Peque\u00f1o y proporcione a su mascota los cuidados que necesita.<\/span><\/b><span data-ccp-props=\"{}\">\u00a0<\/span><\/p>","protected":false},"excerpt":{"rendered":"<p data-start=\"187\" data-end=\"229\">Petpad peque\u00f1o para Mandelay Q9 y Eductor<\/p>\n<p data-start=\"230\" data-end=\"271\">Almohadilla de terapia de biorretroalimentaci\u00f3n para animales peque\u00f1os<\/p>\n<p data-start=\"273\" data-end=\"301\">\u00bfQu\u00e9 es el Petpad peque\u00f1o?<\/p>\n<p data-start=\"303\" data-end=\"642\">En\u00a0<strong data-start=\"307\" data-end=\"323\">Petpad peque\u00f1o<\/strong>\u00a0es un\u00a0<strong data-start=\"348\" data-end=\"393\">almohadilla de terapia de biorretroalimentaci\u00f3n para peque\u00f1os animales<\/strong>, desarrollado para su uso con\u00a0<strong data-start=\"418\" data-end=\"465\">Sistemas de biorretroalimentaci\u00f3n Mandelay Q9 y Eductor<\/strong>. Proporciona una forma c\u00f3moda y sin estr\u00e9s de favorecer el bienestar y la relajaci\u00f3n de los animales mediante la terapia de biorretroalimentaci\u00f3n, sin necesidad de arneses ni sujeciones restrictivas.<\/p>\n<p data-start=\"644\" data-end=\"769\">La almohadilla est\u00e1 dise\u00f1ada para colocarse debajo del animal, lo que permite administrar la terapia mientras la mascota permanece tranquila y relajada.<\/p>","protected":false},"featured_media":30355,"comment_status":"open","ping_status":"closed","template":"","meta":{"_acf_changed":false,"_seopress_robots_primary_cat":"none","_seopress_titles_title":"Small Petpad (Mandelay Q9,Eductor)","_seopress_titles_desc":"The Small Petpad is a specially designed biofeedback therapy pad for small animals, developed for use with Mandelay Q9 and Eductor biofeedback systems.","_seopress_robots_index":""},"product_brand":[],"product_cat":[134],"product_tag":[],"class_list":{"0":"post-30352","1":"product","2":"type-product","3":"status-publish","4":"has-post-thumbnail","6":"product_cat-accessories","8":"first","9":"instock","10":"taxable","11":"shipping-taxable","12":"purchasable","13":"product-type-simple"},"acf":[],"_links":{"self":[{"href":"https:\/\/vibeyoup.com\/es\/wp-json\/wp\/v2\/product\/30352","targetHints":{"allow":["GET"]}}],"collection":[{"href":"https:\/\/vibeyoup.com\/es\/wp-json\/wp\/v2\/product"}],"about":[{"href":"https:\/\/vibeyoup.com\/es\/wp-json\/wp\/v2\/types\/product"}],"replies":[{"embeddable":true,"href":"https:\/\/vibeyoup.com\/es\/wp-json\/wp\/v2\/comments?post=30352"}],"wp:featuredmedia":[{"embeddable":true,"href":"https:\/\/vibeyoup.com\/es\/wp-json\/wp\/v2\/media\/30355"}],"wp:attachment":[{"href":"https:\/\/vibeyoup.com\/es\/wp-json\/wp\/v2\/media?parent=30352"}],"wp:term":[{"taxonomy":"product_brand","embeddable":true,"href":"https:\/\/vibeyoup.com\/es\/wp-json\/wp\/v2\/product_brand?post=30352"},{"taxonomy":"product_cat","embeddable":true,"href":"https:\/\/vibeyoup.com\/es\/wp-json\/wp\/v2\/product_cat?post=30352"},{"taxonomy":"product_tag","embeddable":true,"href":"https:\/\/vibeyoup.com\/es\/wp-json\/wp\/v2\/product_tag?post=30352"}],"curies":[{"name":"wp","href":"https:\/\/api.w.org\/{rel}","templated":true}]}}