{"id":30340,"date":"2026-02-07T13:33:18","date_gmt":"2026-02-07T13:33:18","guid":{"rendered":"https:\/\/vibeyoup.com\/?post_type=product&#038;p=30340"},"modified":"2026-02-21T16:31:29","modified_gmt":"2026-02-21T16:31:29","slug":"petpad-grande-mandelay-q9eductor","status":"publish","type":"product","link":"https:\/\/vibeyoup.com\/es\/termek\/large-petpad-mandelay-q9eductor\/","title":{"rendered":"Alfombrilla grande (Mandelay Q9,Eductor)"},"content":{"rendered":"<p data-start=\"748\" data-end=\"779\">\u00bfPor qu\u00e9 elegir el Petpad grande?<\/p>\n<p data-start=\"781\" data-end=\"1193\">- Dise\u00f1ado para funcionar perfectamente con los sistemas de biorretroalimentaci\u00f3n Mandelay Q9 y Eductor<br data-start=\"859\" data-end=\"862\" \/>- Apoya la terapia de biorretroalimentaci\u00f3n para animales con estr\u00e9s, dolor o desequilibrio del sistema nervioso<br data-start=\"959\" data-end=\"962\" \/>- Soluci\u00f3n no invasiva que permite a los animales permanecer tranquilos y c\u00f3modos durante las sesiones<br data-start=\"1052\" data-end=\"1055\" \/>- El dise\u00f1o basado en almohadillas elimina las molestias causadas por arneses o sujeciones<br data-start=\"1129\" data-end=\"1132\" \/>- Favorece la relajaci\u00f3n, la curaci\u00f3n y el bienestar general<\/p>\n<p data-start=\"1200\" data-end=\"1226\">Comodidad y facilidad de uso<\/p>\n<p data-start=\"1228\" data-end=\"1459\">- Se coloca directamente debajo de la mascota para administrar la terapia sin esfuerzo<br data-start=\"1293\" data-end=\"1296\" \/>- Permite a los animales descansar de forma natural durante las sesiones<br data-start=\"1346\" data-end=\"1349\" \/>- Dise\u00f1ado para proporcionar el m\u00e1ximo confort sin resistencia ni tensi\u00f3n<br data-start=\"1415\" data-end=\"1418\" \/>- Adecuado para un uso regular y repetido<\/p>\n<p data-start=\"1466\" data-end=\"1492\">Dise\u00f1ada para un uso prolongado<\/p>\n<p data-start=\"1494\" data-end=\"1706\">- De caucho galv\u00e1nico duradero y de alta calidad<br data-start=\"1543\" data-end=\"1546\" \/>- Dise\u00f1ado para soportar un uso frecuente<br data-start=\"1582\" data-end=\"1585\" \/>- Incluye una funda lavable para facilitar el mantenimiento<br data-start=\"1633\" data-end=\"1636\" \/>- Se suministra con una bolsa de transporte para guardarlo y transportarlo c\u00f3modamente<\/p>\n<p data-start=\"1713\" data-end=\"1744\">\u00bfPara qui\u00e9n es el Petpad grande?<\/p>\n<p data-start=\"1746\" data-end=\"1992\">- Mascotas que sufren estr\u00e9s o ansiedad<br data-start=\"1783\" data-end=\"1786\" \/>- Animales con malestar cr\u00f3nico o desequilibrio del sistema nervioso<br data-start=\"1847\" data-end=\"1850\" \/>- Los due\u00f1os de mascotas buscan una soluci\u00f3n de terapia de biorretroalimentaci\u00f3n no invasiva<br data-start=\"1914\" data-end=\"1917\" \/>- Usuarios profesionales y particulares que trabajan con sistemas Mandelay Q9 o Eductor<\/p>","protected":false},"excerpt":{"rendered":"<p data-start=\"185\" data-end=\"227\">Petpad grande para Mandelay Q9 y Eductor<\/p>\n<p data-start=\"228\" data-end=\"269\">Almohadilla de terapia de biorretroalimentaci\u00f3n para animales peque\u00f1os<\/p>\n<p data-start=\"271\" data-end=\"299\">\u00bfQu\u00e9 es el Petpad grande?<\/p>\n<p data-start=\"301\" data-end=\"613\">En\u00a0<strong data-start=\"305\" data-end=\"321\">Petpad grande<\/strong>\u00a0es un\u00a0<strong data-start=\"346\" data-end=\"391\">almohadilla de terapia de biorretroalimentaci\u00f3n para peque\u00f1os animales<\/strong>, desarrollado para su uso con\u00a0<strong data-start=\"416\" data-end=\"451\">Sistemas Mandelay Q9 y Eductor<\/strong>. Proporciona una forma c\u00f3moda y sin estr\u00e9s de favorecer el bienestar de los animales mediante la terapia de biorretroalimentaci\u00f3n, sin necesidad de arneses ni sujeciones restrictivas.<\/p>\n<p data-start=\"615\" data-end=\"741\">La almohadilla est\u00e1 dise\u00f1ada para colocarse debajo del animal, lo que permite administrar la terapia mientras la mascota permanece relajada y tranquila.<\/p>","protected":false},"featured_media":3755,"comment_status":"open","ping_status":"closed","template":"","meta":{"_acf_changed":false,"_seopress_robots_primary_cat":"none","_seopress_titles_title":"Large Petpad (Mandelay Q9,Eductor)","_seopress_titles_desc":"The\u00a0Large Petpad\u00a0is a specially designed\u00a0biofeedback therapy pad for small animals, developed for use with\u00a0Mandelay Q9 and Eductor systems. It provides a stress-free","_seopress_robots_index":""},"product_brand":[],"product_cat":[134],"product_tag":[],"class_list":{"0":"post-30340","1":"product","2":"type-product","3":"status-publish","4":"has-post-thumbnail","6":"product_cat-accessories","8":"first","9":"instock","10":"taxable","11":"shipping-taxable","12":"purchasable","13":"product-type-simple"},"acf":[],"_links":{"self":[{"href":"https:\/\/vibeyoup.com\/es\/wp-json\/wp\/v2\/product\/30340","targetHints":{"allow":["GET"]}}],"collection":[{"href":"https:\/\/vibeyoup.com\/es\/wp-json\/wp\/v2\/product"}],"about":[{"href":"https:\/\/vibeyoup.com\/es\/wp-json\/wp\/v2\/types\/product"}],"replies":[{"embeddable":true,"href":"https:\/\/vibeyoup.com\/es\/wp-json\/wp\/v2\/comments?post=30340"}],"wp:featuredmedia":[{"embeddable":true,"href":"https:\/\/vibeyoup.com\/es\/wp-json\/wp\/v2\/media\/3755"}],"wp:attachment":[{"href":"https:\/\/vibeyoup.com\/es\/wp-json\/wp\/v2\/media?parent=30340"}],"wp:term":[{"taxonomy":"product_brand","embeddable":true,"href":"https:\/\/vibeyoup.com\/es\/wp-json\/wp\/v2\/product_brand?post=30340"},{"taxonomy":"product_cat","embeddable":true,"href":"https:\/\/vibeyoup.com\/es\/wp-json\/wp\/v2\/product_cat?post=30340"},{"taxonomy":"product_tag","embeddable":true,"href":"https:\/\/vibeyoup.com\/es\/wp-json\/wp\/v2\/product_tag?post=30340"}],"curies":[{"name":"wp","href":"https:\/\/api.w.org\/{rel}","templated":true}]}}