{"id":30337,"date":"2026-02-07T13:30:35","date_gmt":"2026-02-07T13:30:35","guid":{"rendered":"https:\/\/vibeyoup.com\/?post_type=product&#038;p=30337"},"modified":"2026-02-21T16:32:46","modified_gmt":"2026-02-21T16:32:46","slug":"cabestro-scio","status":"publish","type":"product","link":"https:\/\/vibeyoup.com\/es\/termek\/horse-halter-scio\/","title":{"rendered":"Cabestro (SCIO)"},"content":{"rendered":"<p data-start=\"784\" data-end=\"820\">\u00bfPor qu\u00e9 elegir el ronzal SCIO?<\/p>\n<p data-start=\"822\" data-end=\"1272\">- Ajuste natural que se siente como un cabestro normal, garantizando una terapia tranquila y sin estr\u00e9s<br data-start=\"907\" data-end=\"910\" \/>- Dise\u00f1ado para una compatibilidad perfecta con los dispositivos de biorretroalimentaci\u00f3n SCIO<br data-start=\"977\" data-end=\"980\" \/>- Permite una transmisi\u00f3n m\u00e1xima de la se\u00f1al para una terapia de biorretroalimentaci\u00f3n eficaz<br data-start=\"1050\" data-end=\"1053\" \/>- Dirige las se\u00f1ales a la regi\u00f3n de la cabeza para una armonizaci\u00f3n \u00f3ptima en estado de relajaci\u00f3n<br data-start=\"1134\" data-end=\"1137\" \/>- Seguridad, eficacia y durabilidad cl\u00ednicamente probadas y verificadas por el fabricante.<br data-start=\"1224\" data-end=\"1227\" \/>- Adecuado para caballos y ganado<\/p>\n<p data-start=\"1279\" data-end=\"1313\">C\u00f3mo funciona el ronzal SCIO<\/p>\n<p data-start=\"1315\" data-end=\"1550\">- Se ajusta con seguridad a la cabeza del caballo manteniendo la comodidad y la libertad de movimiento<br data-start=\"1400\" data-end=\"1403\" \/>- Se conecta directamente al puerto del arn\u00e9s de cabeza del dispositivo SCIO<br data-start=\"1466\" data-end=\"1469\" \/>- Permite la plena utilizaci\u00f3n de las se\u00f1ales de biorretroalimentaci\u00f3n en sesiones de terapia exhaustivas.<\/p>\n<p data-start=\"1557\" data-end=\"1598\">Dise\u00f1ado para ser c\u00f3modo y eficaz<\/p>\n<p data-start=\"1600\" data-end=\"1805\">- Optimizado para la terapia de biorretroalimentaci\u00f3n con un ajuste natural y no restrictivo<br data-start=\"1671\" data-end=\"1674\" \/>- Aprobado por el fabricante y probado cl\u00ednicamente para un rendimiento fiable<br data-start=\"1744\" data-end=\"1747\" \/>- Favorece la recuperaci\u00f3n, el rendimiento y el bienestar general<\/p>\n<p data-start=\"2118\" data-end=\"2178\">Disponible exclusivamente a trav\u00e9s de distribuidores oficiales.<\/p>","protected":false},"excerpt":{"rendered":"<p data-start=\"211\" data-end=\"232\">Cabestro SCIO<\/p>\n<p data-start=\"233\" data-end=\"295\">Cabestro de terapia de biorretroalimentaci\u00f3n para el bienestar y el rendimiento equinos<\/p>\n<p data-start=\"297\" data-end=\"330\">\u00bfQu\u00e9 es el ronzal SCIO?<\/p>\n<p data-start=\"332\" data-end=\"614\">En\u00a0<strong data-start=\"336\" data-end=\"357\">Cabestro SCIO<\/strong>\u00a0es un producto especialmente dise\u00f1ado, aprobado por el fabricante y cl\u00ednicamente probado\u00a0<strong data-start=\"427\" data-end=\"471\">accesorio de terapia de biorretroalimentaci\u00f3n para caballos<\/strong>. Se ha desarrollado para ofrecer terapia de biorretroalimentaci\u00f3n de forma c\u00f3moda y sin estr\u00e9s, al tiempo que favorece el bienestar, la recuperaci\u00f3n y el rendimiento de los equinos.<\/p>\n<p data-start=\"616\" data-end=\"777\">El cabestro se ajusta con naturalidad y se integra a la perfecci\u00f3n con\u00a0<strong data-start=\"673\" data-end=\"701\">Sistemas de biorretroalimentaci\u00f3n SCIO<\/strong>, garantizando una transmisi\u00f3n \u00f3ptima de la se\u00f1al sin causar molestias ni estr\u00e9s.<\/p>","protected":false},"featured_media":3758,"comment_status":"open","ping_status":"closed","template":"","meta":{"_acf_changed":false,"_seopress_robots_primary_cat":"none","_seopress_titles_title":"Horse halter (SCIO)","_seopress_titles_desc":"The\u00a0SCIO Horse Halter\u00a0is a specially designed, manufacturer-approved and clinically tested\u00a0biofeedback therapy accessory for horses. It is developed to deliver biofeedback therapy in a comfortable, stress-free way while supporting equine wellness, recovery, and performance.","_seopress_robots_index":""},"product_brand":[],"product_cat":[134],"product_tag":[],"class_list":{"0":"post-30337","1":"product","2":"type-product","3":"status-publish","4":"has-post-thumbnail","6":"product_cat-accessories","8":"first","9":"instock","10":"taxable","11":"shipping-taxable","12":"purchasable","13":"product-type-simple"},"acf":[],"_links":{"self":[{"href":"https:\/\/vibeyoup.com\/es\/wp-json\/wp\/v2\/product\/30337","targetHints":{"allow":["GET"]}}],"collection":[{"href":"https:\/\/vibeyoup.com\/es\/wp-json\/wp\/v2\/product"}],"about":[{"href":"https:\/\/vibeyoup.com\/es\/wp-json\/wp\/v2\/types\/product"}],"replies":[{"embeddable":true,"href":"https:\/\/vibeyoup.com\/es\/wp-json\/wp\/v2\/comments?post=30337"}],"wp:featuredmedia":[{"embeddable":true,"href":"https:\/\/vibeyoup.com\/es\/wp-json\/wp\/v2\/media\/3758"}],"wp:attachment":[{"href":"https:\/\/vibeyoup.com\/es\/wp-json\/wp\/v2\/media?parent=30337"}],"wp:term":[{"taxonomy":"product_brand","embeddable":true,"href":"https:\/\/vibeyoup.com\/es\/wp-json\/wp\/v2\/product_brand?post=30337"},{"taxonomy":"product_cat","embeddable":true,"href":"https:\/\/vibeyoup.com\/es\/wp-json\/wp\/v2\/product_cat?post=30337"},{"taxonomy":"product_tag","embeddable":true,"href":"https:\/\/vibeyoup.com\/es\/wp-json\/wp\/v2\/product_tag?post=30337"}],"curies":[{"name":"wp","href":"https:\/\/api.w.org\/{rel}","templated":true}]}}