{"id":30331,"date":"2026-02-07T13:21:59","date_gmt":"2026-02-07T13:21:59","guid":{"rendered":"https:\/\/vibeyoup.com\/?post_type=product&#038;p=30331"},"modified":"2026-02-21T16:30:29","modified_gmt":"2026-02-21T16:30:29","slug":"manta-para-caballos-scio","status":"publish","type":"product","link":"https:\/\/vibeyoup.com\/es\/termek\/horse-blanket-scio\/","title":{"rendered":"Manta para caballos (SCIO)"},"content":{"rendered":"<p data-start=\"776\" data-end=\"813\">\u00bfPor qu\u00e9 elegir la manta para caballos SCIO?<\/p>\n<p data-start=\"815\" data-end=\"1312\">- Dise\u00f1ado espec\u00edficamente para caballos para garantizar sesiones de terapia tranquilas y sin estr\u00e9s<br data-start=\"897\" data-end=\"900\" \/>- La manta y el ronzal de tacto natural reducen la agitaci\u00f3n causada por el equipo desconocido<br data-start=\"984\" data-end=\"987\" \/>- Transmisi\u00f3n optimizada de la se\u00f1al de biorretroalimentaci\u00f3n a trav\u00e9s de una manta espec\u00edfica y un sistema de arn\u00e9s<br data-start=\"1077\" data-end=\"1080\" \/>- El ajuste natural del ronzal garantiza unos puntos de contacto \u00f3ptimos al tiempo que mantiene al caballo relajado<br data-start=\"1163\" data-end=\"1166\" \/>- Compatibilidad perfecta con los dispositivos SCIO para un rendimiento fiable<br data-start=\"1233\" data-end=\"1236\" \/>- Seguridad y eficacia comprobadas cl\u00ednicamente y verificadas por el fabricante<\/p>\n<p data-start=\"1319\" data-end=\"1354\">C\u00f3mo funciona la manta para caballos SCIO<\/p>\n<p data-start=\"1356\" data-end=\"1683\">- El cabestro (arn\u00e9s de cabeza) se conecta directamente al puerto del arn\u00e9s de cabeza del dispositivo SCIO<br data-start=\"1445\" data-end=\"1448\" \/>- La manta para caballos contiene un arn\u00e9s especializado que se conecta al conector del arn\u00e9s de extremidades<br data-start=\"1542\" data-end=\"1545\" \/>- El sistema de doble conexi\u00f3n permite una terapia de biorretroalimentaci\u00f3n de cuerpo completo<br data-start=\"1611\" data-end=\"1614\" \/>- Garantiza una armonizaci\u00f3n eficaz sin molestias ni restricciones<\/p>\n<p data-start=\"1690\" data-end=\"1724\">Dise\u00f1ado para su uso en equinoterapia<\/p>\n<p data-start=\"1726\" data-end=\"1957\">- Adecuado para caballos y animales afines<br data-start=\"1767\" data-end=\"1770\" \/>- El ajuste natural permite una terapia sin resistencia ni tensi\u00f3n<br data-start=\"1827\" data-end=\"1830\" \/>- Dise\u00f1ado tanto para uso profesional como personal<br data-start=\"1879\" data-end=\"1882\" \/>- Homologado por el fabricante y probado para garantizar su seguridad, durabilidad y eficacia<\/p>\n<p data-start=\"2297\" data-end=\"2357\">Disponible exclusivamente a trav\u00e9s de distribuidores oficiales.<\/p>\n<p><span data-ccp-props=\"{}\">\u00a0<\/span><\/p>","protected":false},"excerpt":{"rendered":"<p data-start=\"204\" data-end=\"226\">Manta para caballos SCIO<\/p>\n<p data-start=\"227\" data-end=\"277\">Manta para terapia de biorretroalimentaci\u00f3n sin estr\u00e9s para caballos<\/p>\n<p data-start=\"279\" data-end=\"313\">\u00bfQu\u00e9 es la manta para caballos SCIO?<\/p>\n<p data-start=\"315\" data-end=\"610\">En\u00a0<strong data-start=\"319\" data-end=\"341\">Manta para caballos SCIO<\/strong>\u00a0es un producto cient\u00edficamente dise\u00f1ado y aprobado por el fabricante\u00a0<strong data-start=\"394\" data-end=\"455\">sistema de manta y arn\u00e9s de terapia de biorretroalimentaci\u00f3n para caballos<\/strong>. Se ha desarrollado para ofrecer terapia de biorretroalimentaci\u00f3n de forma c\u00f3moda, eficaz y sin estr\u00e9s, apoyando el bienestar equino y la optimizaci\u00f3n del rendimiento.<\/p>\n<p data-start=\"612\" data-end=\"769\">La manta se integra perfectamente con\u00a0<strong data-start=\"651\" data-end=\"679\">Dispositivos de biorretroalimentaci\u00f3n SCIO<\/strong>, El dise\u00f1o de la antena permite una transmisi\u00f3n estable de la se\u00f1al y la armonizaci\u00f3n de todo el cuerpo durante las sesiones terap\u00e9uticas.<\/p>","protected":false},"featured_media":3756,"comment_status":"open","ping_status":"closed","template":"","meta":{"_acf_changed":false,"_seopress_robots_primary_cat":"none","_seopress_titles_title":"Horse Blanket (SCIO)","_seopress_titles_desc":"The SCIO Horse Blanket is a scientifically designed, manufacturer-approved biofeedback therapy blanket and harness system for horses.","_seopress_robots_index":""},"product_brand":[],"product_cat":[134],"product_tag":[],"class_list":{"0":"post-30331","1":"product","2":"type-product","3":"status-publish","4":"has-post-thumbnail","6":"product_cat-accessories","8":"first","9":"instock","10":"taxable","11":"shipping-taxable","12":"purchasable","13":"product-type-simple"},"acf":[],"_links":{"self":[{"href":"https:\/\/vibeyoup.com\/es\/wp-json\/wp\/v2\/product\/30331","targetHints":{"allow":["GET"]}}],"collection":[{"href":"https:\/\/vibeyoup.com\/es\/wp-json\/wp\/v2\/product"}],"about":[{"href":"https:\/\/vibeyoup.com\/es\/wp-json\/wp\/v2\/types\/product"}],"replies":[{"embeddable":true,"href":"https:\/\/vibeyoup.com\/es\/wp-json\/wp\/v2\/comments?post=30331"}],"wp:featuredmedia":[{"embeddable":true,"href":"https:\/\/vibeyoup.com\/es\/wp-json\/wp\/v2\/media\/3756"}],"wp:attachment":[{"href":"https:\/\/vibeyoup.com\/es\/wp-json\/wp\/v2\/media?parent=30331"}],"wp:term":[{"taxonomy":"product_brand","embeddable":true,"href":"https:\/\/vibeyoup.com\/es\/wp-json\/wp\/v2\/product_brand?post=30331"},{"taxonomy":"product_cat","embeddable":true,"href":"https:\/\/vibeyoup.com\/es\/wp-json\/wp\/v2\/product_cat?post=30331"},{"taxonomy":"product_tag","embeddable":true,"href":"https:\/\/vibeyoup.com\/es\/wp-json\/wp\/v2\/product_tag?post=30331"}],"curies":[{"name":"wp","href":"https:\/\/api.w.org\/{rel}","templated":true}]}}