{"id":30328,"date":"2026-02-07T13:20:25","date_gmt":"2026-02-07T13:20:25","guid":{"rendered":"https:\/\/vibeyoup.com\/?post_type=product&#038;p=30328"},"modified":"2026-02-21T16:29:57","modified_gmt":"2026-02-21T16:29:57","slug":"manta-caballo-mandelay-q9eductor","status":"publish","type":"product","link":"https:\/\/vibeyoup.com\/es\/termek\/horse-blanket-mandelay-q9eductor\/","title":{"rendered":"Manta para caballos (Mandelay Q9,Eductor)"},"content":{"rendered":"<p data-start=\"836\" data-end=\"890\">\u00bfPor qu\u00e9 elegir la manta para caballos Mandelay Q9 &amp; Eductor?<\/p>\n<p data-start=\"892\" data-end=\"1395\">- Dise\u00f1ado espec\u00edficamente para caballos para garantizar sesiones de terapia tranquilas y sin estr\u00e9s.<br data-start=\"971\" data-end=\"974\" \/>- Se siente natural y familiar, reduciendo la agitaci\u00f3n causada por equipos desconocidos.<br data-start=\"1053\" data-end=\"1056\" \/>- Admite una transmisi\u00f3n \u00f3ptima de la se\u00f1al de biorretroalimentaci\u00f3n mediante un sistema especializado de manta y arn\u00e9s<br data-start=\"1155\" data-end=\"1158\" \/>- Garantiza la m\u00e1xima comodidad con un dise\u00f1o de cabestro y manta de ajuste natural<br data-start=\"1232\" data-end=\"1235\" \/>- Funciona exclusivamente con dispositivos Mandelay Q9 y Eductor para un rendimiento fiable<br data-start=\"1316\" data-end=\"1319\" \/>- Seguridad y eficacia comprobadas cl\u00ednicamente y verificadas por el fabricante<\/p>\n<p data-start=\"1402\" data-end=\"1432\">C\u00f3mo funciona la manta para caballos<\/p>\n<p data-start=\"1434\" data-end=\"1752\">- El cabestro (arn\u00e9s de cabeza) se conecta directamente al puerto del arn\u00e9s de cabeza del dispositivo<br data-start=\"1518\" data-end=\"1521\" \/>- La manta para caballos contiene un arn\u00e9s especializado que se conecta al puerto del arn\u00e9s de extremidades<br data-start=\"1610\" data-end=\"1613\" \/>- Este sistema de doble conexi\u00f3n permite una terapia de biorretroalimentaci\u00f3n de cuerpo completo<br data-start=\"1680\" data-end=\"1683\" \/>- Garantiza una armonizaci\u00f3n eficaz sin molestias ni restricciones<\/p>\n<p data-start=\"1759\" data-end=\"1793\">Dise\u00f1ado para su uso en equinoterapia<\/p>\n<p data-start=\"1795\" data-end=\"2013\">- Adecuado para caballos y animales afines<br data-start=\"1836\" data-end=\"1839\" \/>- El ajuste natural permite una terapia sin resistencia ni tensi\u00f3n<br data-start=\"1896\" data-end=\"1899\" \/>- Dise\u00f1ado tanto para uso profesional como personal<br data-start=\"1948\" data-end=\"1951\" \/>- Seguridad, durabilidad y eficacia probadas y aprobadas<\/p>\n<p data-start=\"2403\" data-end=\"2463\">Disponible exclusivamente a trav\u00e9s de distribuidores oficiales.<\/p>","protected":false},"excerpt":{"rendered":"<p data-start=\"161\" data-end=\"200\">Manta para caballo Mandelay Q9 &amp; Eductor<\/p>\n<p data-start=\"201\" data-end=\"251\">Manta para terapia de biorretroalimentaci\u00f3n sin estr\u00e9s para caballos<\/p>\n<p data-start=\"284\" data-end=\"335\">\u00bfQu\u00e9 es la manta para caballos Mandelay Q9 &amp; Eductor?<\/p>\n<p data-start=\"337\" data-end=\"649\">En\u00a0<strong data-start=\"341\" data-end=\"380\">Manta para caballo Mandelay Q9 &amp; Eductor<\/strong>\u00a0es un producto aprobado por el fabricante y cient\u00edficamente dise\u00f1ado\u00a0<strong data-start=\"433\" data-end=\"494\">sistema de manta y arn\u00e9s de terapia de biorretroalimentaci\u00f3n para caballos<\/strong>. Se ha desarrollado para ofrecer terapia de biorretroalimentaci\u00f3n de forma c\u00f3moda, eficaz y sin estr\u00e9s, apoyando el bienestar equino y la optimizaci\u00f3n del rendimiento.<\/p>\n<p data-start=\"651\" data-end=\"829\">La manta est\u00e1 dise\u00f1ada para integrarse perfectamente con\u00a0<strong data-start=\"704\" data-end=\"739\">Dispositivos Mandelay Q9 y Eductor<\/strong>, El dise\u00f1o de la antena permite una transmisi\u00f3n estable de la se\u00f1al y la armonizaci\u00f3n de todo el cuerpo durante las sesiones terap\u00e9uticas.<\/p>","protected":false},"featured_media":3756,"comment_status":"open","ping_status":"closed","template":"","meta":{"_acf_changed":false,"_seopress_robots_primary_cat":"none","_seopress_titles_title":"Horse Blanket (Mandelay Q9,Eductor)","_seopress_titles_desc":"he Mandelay Q9 & Eductor Horse Blanket is a manufacturer-approved, scientifically designed biofeedback therapy blanket and harness system for horses.","_seopress_robots_index":""},"product_brand":[],"product_cat":[134],"product_tag":[],"class_list":{"0":"post-30328","1":"product","2":"type-product","3":"status-publish","4":"has-post-thumbnail","6":"product_cat-accessories","8":"first","9":"instock","10":"taxable","11":"shipping-taxable","12":"purchasable","13":"product-type-simple"},"acf":[],"_links":{"self":[{"href":"https:\/\/vibeyoup.com\/es\/wp-json\/wp\/v2\/product\/30328","targetHints":{"allow":["GET"]}}],"collection":[{"href":"https:\/\/vibeyoup.com\/es\/wp-json\/wp\/v2\/product"}],"about":[{"href":"https:\/\/vibeyoup.com\/es\/wp-json\/wp\/v2\/types\/product"}],"replies":[{"embeddable":true,"href":"https:\/\/vibeyoup.com\/es\/wp-json\/wp\/v2\/comments?post=30328"}],"wp:featuredmedia":[{"embeddable":true,"href":"https:\/\/vibeyoup.com\/es\/wp-json\/wp\/v2\/media\/3756"}],"wp:attachment":[{"href":"https:\/\/vibeyoup.com\/es\/wp-json\/wp\/v2\/media?parent=30328"}],"wp:term":[{"taxonomy":"product_brand","embeddable":true,"href":"https:\/\/vibeyoup.com\/es\/wp-json\/wp\/v2\/product_brand?post=30328"},{"taxonomy":"product_cat","embeddable":true,"href":"https:\/\/vibeyoup.com\/es\/wp-json\/wp\/v2\/product_cat?post=30328"},{"taxonomy":"product_tag","embeddable":true,"href":"https:\/\/vibeyoup.com\/es\/wp-json\/wp\/v2\/product_tag?post=30328"}],"curies":[{"name":"wp","href":"https:\/\/api.w.org\/{rel}","templated":true}]}}