{"id":30325,"date":"2026-02-07T13:15:52","date_gmt":"2026-02-07T13:15:52","guid":{"rendered":"https:\/\/vibeyoup.com\/?post_type=product&#038;p=30325"},"modified":"2026-02-28T09:18:15","modified_gmt":"2026-02-28T09:18:15","slug":"arnes-de-extremidades-scio","status":"publish","type":"product","link":"https:\/\/vibeyoup.com\/es\/termek\/limb-harness-scio\/","title":{"rendered":"Arn\u00e9s de extremidades (Scio)"},"content":{"rendered":"<p data-start=\"756\" data-end=\"797\">Por qu\u00e9 es esencial el arn\u00e9s de extremidades SCIO<\/p>\n<p data-start=\"799\" data-end=\"1206\">- Dise\u00f1ado exclusivamente para dispositivos SCIO para garantizar una compatibilidad perfecta<br data-start=\"871\" data-end=\"874\" \/>- El uso de arneses de terceros o no certificados puede causar errores y anular la garant\u00eda del dispositivo<br data-start=\"965\" data-end=\"968\" \/>- Fabricado con caucho galv\u00e1nico de alta capacidad para una conductividad fuerte y estable<br data-start=\"1044\" data-end=\"1047\" \/>- Permite una transmisi\u00f3n precisa de la se\u00f1al para una terapia de biorretroalimentaci\u00f3n eficaz<br data-start=\"1119\" data-end=\"1122\" \/>- Seguridad, fiabilidad y comodidad probadas cl\u00ednicamente y verificadas por el fabricante<\/p>\n<p data-start=\"1208\" data-end=\"1358\">Los materiales conductores se degradan de forma natural con el tiempo, lo que puede reducir su eficacia. La sustituci\u00f3n peri\u00f3dica ayuda a garantizar el m\u00e1ximo rendimiento en cada sesi\u00f3n.<\/p>\n<p data-start=\"1360\" data-end=\"1389\">Recomendaci\u00f3n de sustituci\u00f3n<\/p>\n<p data-start=\"1391\" data-end=\"1525\">- Uso profesional: sustituir cada 1-2 a\u00f1os<br data-start=\"1434\" data-end=\"1437\" \/>- Uso dom\u00e9stico: sustituir cada 3-4 a\u00f1os<br data-start=\"1472\" data-end=\"1475\" \/>- Cobertura de garant\u00eda: 6 meses para los arneses de extremidades<\/p>\n<p data-start=\"1527\" data-end=\"1555\">Dise\u00f1ados para la excelencia<\/p>\n<p data-start=\"1557\" data-end=\"1873\">- Remodelado en 2019 para mejorar la durabilidad, facilitar el manejo y simplificar la limpieza<br data-start=\"1638\" data-end=\"1641\" \/>- 8 puntos de contacto con la piel para una m\u00e1xima conductividad y eficacia terap\u00e9utica<br data-start=\"1711\" data-end=\"1714\" \/>- Fabricado con caucho galv\u00e1nico de alta calidad para una transmisi\u00f3n de se\u00f1al superior<br data-start=\"1794\" data-end=\"1797\" \/>- Seguridad y eficacia cl\u00ednicamente probadas y aprobadas por el fabricante<\/p>\n<p data-start=\"1875\" data-end=\"1892\">Especificaciones<\/p>\n<p data-start=\"1894\" data-end=\"1912\">- Longitud: 300 cm<\/p>\n<p><b><span data-contrast=\"auto\">No comprometa la precisi\u00f3n de su dispositivo. Consigue el \u00fanico arn\u00e9s de extremidades dise\u00f1ado para obtener el m\u00e1ximo rendimiento.<\/span><\/b><span data-contrast=\"auto\">\u00a0Disponible exclusivamente a trav\u00e9s de nuestros distribuidores oficiales.<\/span><span data-ccp-props=\"{}\">\u00a0<\/span><\/p>","protected":false},"excerpt":{"rendered":"<p>Precisi\u00f3n y fiabilidad inigualables para los dispositivos de biorretroalimentaci\u00f3n SCIO<\/p>\n<p data-start=\"255\" data-end=\"288\">\u00bfQu\u00e9 es el arn\u00e9s de extremidades SCIO?<\/p>\n<p>En\u00a0<strong data-start=\"294\" data-end=\"315\">Arn\u00e9s de extremidades SCIO<\/strong>\u00a0es un accesorio cl\u00ednicamente probado y aprobado por el fabricante, dise\u00f1ado espec\u00edficamente para\u00a0<strong data-start=\"398\" data-end=\"426\">Dispositivos de biorretroalimentaci\u00f3n SCIO<\/strong>. Garantiza una transmisi\u00f3n estable de la se\u00f1al, mediciones precisas y un rendimiento fiable durante las sesiones de biorretroalimentaci\u00f3n. El uso de un arn\u00e9s de extremidades compatible es esencial para mantener la precisi\u00f3n del dispositivo y la eficacia de la terapia.<\/p>\n<p>Mandelay Ltd. recomienda utilizar \u00fanicamente accesorios verificados para garantizar un funcionamiento seguro y unos resultados uniformes.<\/p>","protected":false},"featured_media":30320,"comment_status":"open","ping_status":"closed","template":"","meta":{"_acf_changed":false,"_seopress_robots_primary_cat":"none","_seopress_titles_title":"Limb Harness (Scio)","_seopress_titles_desc":"The SCIO Limb Harness is a clinically tested, manufacturer-approved accessory designed specifically for SCIO biofeedback devices.","_seopress_robots_index":""},"product_brand":[],"product_cat":[134],"product_tag":[],"class_list":{"0":"post-30325","1":"product","2":"type-product","3":"status-publish","4":"has-post-thumbnail","6":"product_cat-accessories","8":"first","9":"instock","10":"taxable","11":"shipping-taxable","12":"purchasable","13":"product-type-simple"},"acf":[],"_links":{"self":[{"href":"https:\/\/vibeyoup.com\/es\/wp-json\/wp\/v2\/product\/30325","targetHints":{"allow":["GET"]}}],"collection":[{"href":"https:\/\/vibeyoup.com\/es\/wp-json\/wp\/v2\/product"}],"about":[{"href":"https:\/\/vibeyoup.com\/es\/wp-json\/wp\/v2\/types\/product"}],"replies":[{"embeddable":true,"href":"https:\/\/vibeyoup.com\/es\/wp-json\/wp\/v2\/comments?post=30325"}],"wp:featuredmedia":[{"embeddable":true,"href":"https:\/\/vibeyoup.com\/es\/wp-json\/wp\/v2\/media\/30320"}],"wp:attachment":[{"href":"https:\/\/vibeyoup.com\/es\/wp-json\/wp\/v2\/media?parent=30325"}],"wp:term":[{"taxonomy":"product_brand","embeddable":true,"href":"https:\/\/vibeyoup.com\/es\/wp-json\/wp\/v2\/product_brand?post=30325"},{"taxonomy":"product_cat","embeddable":true,"href":"https:\/\/vibeyoup.com\/es\/wp-json\/wp\/v2\/product_cat?post=30325"},{"taxonomy":"product_tag","embeddable":true,"href":"https:\/\/vibeyoup.com\/es\/wp-json\/wp\/v2\/product_tag?post=30325"}],"curies":[{"name":"wp","href":"https:\/\/api.w.org\/{rel}","templated":true}]}}