{"id":30322,"date":"2026-02-07T13:14:17","date_gmt":"2026-02-07T13:14:17","guid":{"rendered":"https:\/\/vibeyoup.com\/?post_type=product&#038;p=30322"},"modified":"2026-02-28T09:18:20","modified_gmt":"2026-02-28T09:18:20","slug":"arnes-de-cabeza-scio","status":"publish","type":"product","link":"https:\/\/vibeyoup.com\/es\/termek\/head-harness-scio\/","title":{"rendered":"Arn\u00e9s de cabeza (Scio)"},"content":{"rendered":"<p data-start=\"831\" data-end=\"872\">Por qu\u00e9 es esencial el arn\u00e9s de cabeza SCIO<\/p>\n<p data-start=\"874\" data-end=\"1275\">- Dise\u00f1ado y probado para una compatibilidad perfecta con los dispositivos SCIO<br data-start=\"940\" data-end=\"943\" \/>- El uso de arneses de otros fabricantes puede causar fallos de funcionamiento y anular la garant\u00eda del dispositivo.<br data-start=\"1025\" data-end=\"1028\" \/>- Fabricado con caucho galv\u00e1nico de alta capacidad para una conductividad fuerte y estable<br data-start=\"1112\" data-end=\"1115\" \/>- Admite la transmisi\u00f3n precisa de se\u00f1ales para sesiones de biorretroalimentaci\u00f3n eficaces<br data-start=\"1188\" data-end=\"1191\" \/>- Seguridad, comodidad y fiabilidad probadas cl\u00ednicamente y verificadas por el fabricante.<\/p>\n<p data-start=\"1277\" data-end=\"1445\">Con el tiempo, la goma conductora pierde eficacia de forma natural, lo que puede afectar al rendimiento. La sustituci\u00f3n peri\u00f3dica ayuda a garantizar que el dispositivo SCIO funcione a pleno rendimiento.<\/p>\n<p data-start=\"1447\" data-end=\"1476\">Recomendaci\u00f3n de sustituci\u00f3n<\/p>\n<p data-start=\"1478\" data-end=\"1612\">- Uso profesional: sustituir cada 1-2 a\u00f1os<br data-start=\"1521\" data-end=\"1524\" \/>- Uso dom\u00e9stico: sustituir cada 3-4 a\u00f1os<br data-start=\"1559\" data-end=\"1562\" \/>- Cobertura de garant\u00eda: 6 meses para los arneses de cabeza<\/p>\n<p data-start=\"1614\" data-end=\"1642\">Dise\u00f1ados para la excelencia<\/p>\n<p data-start=\"1644\" data-end=\"1942\">- Remodelado en 2019 para mejorar la funcionalidad, la durabilidad y facilitar la limpieza<br data-start=\"1723\" data-end=\"1726\" \/>- 8 puntos de contacto con la piel para una conductividad mejorada y un rendimiento estable<br data-start=\"1797\" data-end=\"1800\" \/>- Materiales de alta calidad y f\u00e1ciles de limpiar para un mantenimiento sin esfuerzo<br data-start=\"1866\" data-end=\"1869\" \/>- Cl\u00ednicamente probado y aprobado por el fabricante para altos est\u00e1ndares de seguridad<\/p>\n<p data-start=\"1944\" data-end=\"1961\">Especificaciones<\/p>\n<p data-start=\"1963\" data-end=\"1981\">- Longitud: 190 cm<\/p>\n<p><b><span data-contrast=\"auto\">No comprometa la precisi\u00f3n ni la seguridad. Consigue el \u00fanico arn\u00e9s de cabeza dise\u00f1ado para obtener el m\u00e1ximo rendimiento del biofeedback.<\/span><\/b><span data-contrast=\"auto\">\u00a0Disponible exclusivamente a trav\u00e9s de nuestros distribuidores oficiales.<\/span><span data-ccp-props=\"{\">\u00a0<\/span><\/p>","protected":false},"excerpt":{"rendered":"<p data-start=\"233\" data-end=\"296\">Precisi\u00f3n, seguridad y rendimiento de los dispositivos de biorretroalimentaci\u00f3n SCIO<\/p>\n<p data-start=\"298\" data-end=\"331\">\u00bfQu\u00e9 es el arn\u00e9s de cabeza SCIO?<\/p>\n<p data-start=\"333\" data-end=\"714\">En\u00a0<strong data-start=\"337\" data-end=\"358\">Arn\u00e9s de cabeza SCIO<\/strong>\u00a0es un accesorio cl\u00ednicamente probado y aprobado por el fabricante, dise\u00f1ado espec\u00edficamente para\u00a0<strong data-start=\"441\" data-end=\"469\">Dispositivos de biorretroalimentaci\u00f3n SCIO<\/strong>. Desempe\u00f1a un papel fundamental a la hora de garantizar una transmisi\u00f3n precisa de la se\u00f1al, mediciones fiables y un funcionamiento seguro durante las sesiones de biorretroalimentaci\u00f3n. Utilizar el arn\u00e9s de cabeza correcto es esencial para mantener el rendimiento del dispositivo y la eficacia de la sesi\u00f3n.<\/p>","protected":false},"featured_media":30321,"comment_status":"open","ping_status":"closed","template":"","meta":{"_acf_changed":false,"_seopress_robots_primary_cat":"none","_seopress_titles_title":"Head Harness (Scio)","_seopress_titles_desc":"The SCIO Head Harness is a clinically tested, manufacturer-approved accessory designed specifically for SCIO biofeedback devices.","_seopress_robots_index":""},"product_brand":[],"product_cat":[134],"product_tag":[],"class_list":{"0":"post-30322","1":"product","2":"type-product","3":"status-publish","4":"has-post-thumbnail","6":"product_cat-accessories","8":"first","9":"instock","10":"taxable","11":"shipping-taxable","12":"purchasable","13":"product-type-simple"},"acf":[],"_links":{"self":[{"href":"https:\/\/vibeyoup.com\/es\/wp-json\/wp\/v2\/product\/30322","targetHints":{"allow":["GET"]}}],"collection":[{"href":"https:\/\/vibeyoup.com\/es\/wp-json\/wp\/v2\/product"}],"about":[{"href":"https:\/\/vibeyoup.com\/es\/wp-json\/wp\/v2\/types\/product"}],"replies":[{"embeddable":true,"href":"https:\/\/vibeyoup.com\/es\/wp-json\/wp\/v2\/comments?post=30322"}],"wp:featuredmedia":[{"embeddable":true,"href":"https:\/\/vibeyoup.com\/es\/wp-json\/wp\/v2\/media\/30321"}],"wp:attachment":[{"href":"https:\/\/vibeyoup.com\/es\/wp-json\/wp\/v2\/media?parent=30322"}],"wp:term":[{"taxonomy":"product_brand","embeddable":true,"href":"https:\/\/vibeyoup.com\/es\/wp-json\/wp\/v2\/product_brand?post=30322"},{"taxonomy":"product_cat","embeddable":true,"href":"https:\/\/vibeyoup.com\/es\/wp-json\/wp\/v2\/product_cat?post=30322"},{"taxonomy":"product_tag","embeddable":true,"href":"https:\/\/vibeyoup.com\/es\/wp-json\/wp\/v2\/product_tag?post=30322"}],"curies":[{"name":"wp","href":"https:\/\/api.w.org\/{rel}","templated":true}]}}