{"id":30317,"date":"2026-02-07T13:12:11","date_gmt":"2026-02-07T13:12:11","guid":{"rendered":"https:\/\/vibeyoup.com\/?post_type=product&#038;p=30317"},"modified":"2026-02-28T09:18:09","modified_gmt":"2026-02-28T09:18:09","slug":"juego-de-arneses-scio","status":"publish","type":"product","link":"https:\/\/vibeyoup.com\/es\/termek\/harness-set-scio\/","title":{"rendered":"Juego de arneses (Scio)"},"content":{"rendered":"<h2 data-start=\"321\" data-end=\"353\">\u00bfQu\u00e9 es el juego de arneses SCIO?<\/h2>\n<p data-start=\"355\" data-end=\"673\">En\u00a0<strong data-start=\"359\" data-end=\"379\">Juego de arneses SCIO<\/strong>\u00a0es un\u00a0<strong data-start=\"385\" data-end=\"443\">juego de accesorios cl\u00ednicamente probado y aprobado por el fabricante<\/strong>\u00a0dise\u00f1ado espec\u00edficamente para\u00a0<strong data-start=\"470\" data-end=\"498\">Dispositivos de biorretroalimentaci\u00f3n SCIO<\/strong>.<br data-start=\"499\" data-end=\"502\" \/>Incluye un\u00a0<strong data-start=\"521\" data-end=\"537\">Arn\u00e9s de cabeza<\/strong>\u00a0y un\u00a0<strong data-start=\"544\" data-end=\"560\">Arn\u00e9s de extremidades<\/strong>, desarrollado para garantizar una conductividad \u00f3ptima, un rendimiento fiable y un funcionamiento seguro durante las sesiones de biorretroalimentaci\u00f3n.<\/p>\n<p data-start=\"675\" data-end=\"759\">Estos arneses est\u00e1n disponibles exclusivamente a trav\u00e9s de\u00a0<strong data-start=\"725\" data-end=\"758\">distribuidores oficiales asociados<\/strong>.<\/p>\n<h2 data-start=\"766\" data-end=\"810\">\u00bfPor qu\u00e9 elegir el juego de arneses original de SCIO?<\/h2>\n<h3 data-start=\"812\" data-end=\"840\">Compatibilidad garantizada<\/h3>\n<p data-start=\"841\" data-end=\"1027\">El juego de arneses SCIO es\u00a0<strong data-start=\"865\" data-end=\"917\">dise\u00f1ado y probado exclusivamente para dispositivos SCIO<\/strong>.<br data-start=\"918\" data-end=\"921\" \/>El uso de accesorios no certificados o remanufacturados puede reducir el rendimiento y anular la garant\u00eda del dispositivo.<\/p>\n<h3 data-start=\"1029\" data-end=\"1062\">Rendimiento cl\u00ednicamente probado<\/h3>\n<p data-start=\"1063\" data-end=\"1120\">Ambos arneses han sido sometidos a rigurosas pruebas para garantizar:<\/p>\n<p data-start=\"1063\" data-end=\"1120\">- Conductividad fiable<\/p>\n<p data-start=\"1063\" data-end=\"1120\">- Comodidad para el usuario<\/p>\n<p data-start=\"1063\" data-end=\"1120\">- Sesiones de biorretroalimentaci\u00f3n constantes y eficaces<\/p>\n<h3 data-start=\"1215\" data-end=\"1245\">Dise\u00f1ado para un uso prolongado<\/h3>\n<p data-start=\"1246\" data-end=\"1418\">Los arneses est\u00e1n hechos de\u00a0<strong data-start=\"1274\" data-end=\"1306\">caucho galv\u00e1nico de alta calidad<\/strong>, proporcionando una conductividad estable a lo largo del tiempo.<br data-start=\"1348\" data-end=\"1351\" \/>Para mantener una eficacia \u00f3ptima, se recomienda sustituirlos peri\u00f3dicamente:<\/p>\n<p data-start=\"1246\" data-end=\"1418\"><strong data-start=\"1421\" data-end=\"1442\">- Uso profesional:<\/strong>\u00a0cada 1-2 a\u00f1os<\/p>\n<p data-start=\"1246\" data-end=\"1418\">-\u00a0<strong data-start=\"1463\" data-end=\"1476\">Uso dom\u00e9stico:<\/strong>\u00a0cada 3-4 a\u00f1os<\/p>\n<p data-start=\"1496\" data-end=\"1548\">La garant\u00eda de los arneses es\u00a0<strong data-start=\"1535\" data-end=\"1547\">6 meses<\/strong>.<\/p>\n<h2 data-start=\"1555\" data-end=\"1589\">Por qu\u00e9 son importantes los accesorios verificados<\/h2>\n<p data-start=\"1593\" data-end=\"1718\"><strong data-start=\"1593\" data-end=\"1618\">-Mayor rendimiento:<\/strong>\u00a0Los materiales conductores se desgastan de forma natural con el tiempo; los accesorios verificados garantizan la plena eficacia del dispositivo<\/p>\n<p data-start=\"1593\" data-end=\"1718\"><strong data-start=\"1721\" data-end=\"1745\">-Protecci\u00f3n de garant\u00eda:<\/strong>\u00a0La garant\u00eda s\u00f3lo se aplica cuando se utilizan accesorios aprobados por el fabricante<\/p>\n<p data-start=\"1593\" data-end=\"1718\"><strong data-start=\"1817\" data-end=\"1848\">-Calidad constante de la sesi\u00f3n:<\/strong>\u00a0Una conductividad adecuada permite realizar mediciones de biorretroalimentaci\u00f3n precisas<\/p>\n<h2 data-start=\"1920\" data-end=\"1938\">Detalles del producto<\/h2>\n<h3 data-start=\"1940\" data-end=\"1956\">Arn\u00e9s de cabeza<\/h3>\n<p data-start=\"1632\" data-end=\"1886\">- Remodelado en 2019 para mejorar la funcionalidad y facilitar la limpieza<br data-start=\"1698\" data-end=\"1701\" \/>- 8 puntos de contacto con la piel para un rendimiento \u00f3ptimo<br data-start=\"1747\" data-end=\"1750\" \/>- Fabricado con caucho galv\u00e1nico de alta capacidad para una conductividad m\u00e1xima<br data-start=\"1816\" data-end=\"1819\" \/>- Longitud: 190 cm<br data-start=\"1835\" data-end=\"1838\" \/>- Seguridad y rendimiento cl\u00ednicamente probados<\/p>\n<h3 data-start=\"2201\" data-end=\"2217\">Arn\u00e9s de extremidades<\/h3>\n<p>- Remodelado en 2019 para mejorar su usabilidad y durabilidad<br data-start=\"1963\" data-end=\"1966\" \/>- F\u00e1ciles de limpiar y fabricados con caucho galv\u00e1nico de alta capacidad<br data-start=\"2025\" data-end=\"2028\" \/>- 8 puntos de contacto con la piel para un tratamiento eficaz y una conductividad constante<br data-start=\"2102\" data-end=\"2105\" \/>- Longitud: 300 cm<br data-start=\"2121\" data-end=\"2124\" \/>- Fiabilidad y rendimiento cl\u00ednicamente probados<\/p>\n<p data-start=\"2504\" data-end=\"2781\">Con compatibilidad garantizada, dise\u00f1o cl\u00ednicamente probado y materiales conductores de alta calidad, favorece un rendimiento fiable, sesiones precisas y protecci\u00f3n del dispositivo a largo plazo.<\/p>\n<p data-start=\"2783\" data-end=\"2886\">Elija accesorios verificados para garantizar unos resultados \u00f3ptimos y mantener su sistema SCIO con la m\u00e1xima eficacia.<\/p>","protected":false},"excerpt":{"rendered":"<p data-start=\"157\" data-end=\"229\"><strong data-start=\"157\" data-end=\"229\">Conjunto de arn\u00e9s SCIO - Rendimiento fiable para biorretroalimentaci\u00f3n profesional<\/strong><\/p>\n<p data-start=\"231\" data-end=\"528\">En la terapia de biorretroalimentaci\u00f3n, la calidad de los accesorios y la compatibilidad de los dispositivos desempe\u00f1an un papel fundamental para lograr resultados precisos y un funcionamiento seguro. El SCIO Harness Set se ha dise\u00f1ado espec\u00edficamente para los dispositivos de biorretroalimentaci\u00f3n SCIO, cumpliendo altos est\u00e1ndares profesionales para garantizar un rendimiento fiable durante cada sesi\u00f3n.<\/p>\n<p data-start=\"530\" data-end=\"855\">Estos juegos de arneses proporcionan un ajuste preciso y una conductividad constante, lo que favorece la eficacia \u00f3ptima del dispositivo y la comodidad del usuario. Todos los juegos de arn\u00e9s SCIO han sido probados cl\u00ednicamente, cuentan con la aprobaci\u00f3n del fabricante y est\u00e1n disponibles exclusivamente a trav\u00e9s de distribuidores oficiales, lo que garantiza una calidad fiable y un rendimiento a largo plazo en el que puede confiar.<\/p>","protected":false},"featured_media":30320,"comment_status":"open","ping_status":"closed","template":"","meta":{"_acf_changed":false,"_seopress_robots_primary_cat":"none","_seopress_titles_title":"Harness set (Scio)","_seopress_titles_desc":"In biofeedback therapy, accessory quality and device compatibility play a key role in achieving accurate results and safe operation.","_seopress_robots_index":""},"product_brand":[],"product_cat":[134],"product_tag":[],"class_list":{"0":"post-30317","1":"product","2":"type-product","3":"status-publish","4":"has-post-thumbnail","6":"product_cat-accessories","8":"first","9":"instock","10":"taxable","11":"shipping-taxable","12":"purchasable","13":"product-type-simple"},"acf":[],"_links":{"self":[{"href":"https:\/\/vibeyoup.com\/es\/wp-json\/wp\/v2\/product\/30317","targetHints":{"allow":["GET"]}}],"collection":[{"href":"https:\/\/vibeyoup.com\/es\/wp-json\/wp\/v2\/product"}],"about":[{"href":"https:\/\/vibeyoup.com\/es\/wp-json\/wp\/v2\/types\/product"}],"replies":[{"embeddable":true,"href":"https:\/\/vibeyoup.com\/es\/wp-json\/wp\/v2\/comments?post=30317"}],"wp:featuredmedia":[{"embeddable":true,"href":"https:\/\/vibeyoup.com\/es\/wp-json\/wp\/v2\/media\/30320"}],"wp:attachment":[{"href":"https:\/\/vibeyoup.com\/es\/wp-json\/wp\/v2\/media?parent=30317"}],"wp:term":[{"taxonomy":"product_brand","embeddable":true,"href":"https:\/\/vibeyoup.com\/es\/wp-json\/wp\/v2\/product_brand?post=30317"},{"taxonomy":"product_cat","embeddable":true,"href":"https:\/\/vibeyoup.com\/es\/wp-json\/wp\/v2\/product_cat?post=30317"},{"taxonomy":"product_tag","embeddable":true,"href":"https:\/\/vibeyoup.com\/es\/wp-json\/wp\/v2\/product_tag?post=30317"}],"curies":[{"name":"wp","href":"https:\/\/api.w.org\/{rel}","templated":true}]}}