{"id":29266,"date":"2026-01-22T18:53:35","date_gmt":"2026-01-22T18:53:35","guid":{"rendered":"https:\/\/vibeyoup.com\/?post_type=product&#038;p=29266"},"modified":"2026-02-20T14:24:57","modified_gmt":"2026-02-20T14:24:57","slug":"informe-completo-de-synapse-sphere","status":"publish","type":"product","link":"https:\/\/vibeyoup.com\/es\/termek\/full-synapse-sphere-report\/","title":{"rendered":"Informe completo de Synapse Sphere"},"content":{"rendered":"<p><b>\u00bfC\u00f3mo funciona el informe completo de la esfera sinapsis?<\/b><\/p>\n<p><span style=\"font-weight: 400;\">El informe sobre la esfera de sinapsis completa utiliza un <\/span><b>sistema avanzado de clasificaci\u00f3n<\/b><span style=\"font-weight: 400;\"> analizar e identificar las reacciones primarias al estr\u00e9s.<\/span><span style=\"font-weight: 400;\"><br \/>\n<\/span><span style=\"font-weight: 400;\">A partir de los datos de biorretroalimentaci\u00f3n, el sistema organiza la informaci\u00f3n relacionada con el estr\u00e9s en informes claros y estructurados que apoyan enfoques de gesti\u00f3n del estr\u00e9s espec\u00edficos y personalizados.<\/span><\/p>\n<p><b>Principales ventajas del informe completo de Synapse Sphere<\/b><\/p>\n<ul>\n<li style=\"font-weight: 400;\" aria-level=\"1\"><b>An\u00e1lisis de estr\u00e9s basado en datos<\/b><span style=\"font-weight: 400;\"> identificar los principales factores desencadenantes del estr\u00e9s<\/span><\/li>\n<li style=\"font-weight: 400;\" aria-level=\"1\"><b>Generaci\u00f3n instant\u00e1nea de informes<\/b><span style=\"font-weight: 400;\"> con contenidos personalizables<\/span><\/li>\n<li style=\"font-weight: 400;\" aria-level=\"1\"><span style=\"font-weight: 400;\">Apoya una comunicaci\u00f3n clara con el cliente mediante informes de estr\u00e9s estructurados<\/span><\/li>\n<li style=\"font-weight: 400;\" aria-level=\"1\"><span style=\"font-weight: 400;\">Ayuda a aumentar la comprensi\u00f3n y el compromiso del cliente<\/span><\/li>\n<li style=\"font-weight: 400;\" aria-level=\"1\"><span style=\"font-weight: 400;\">Ahorra tiempo con la descarga <\/span><b>Informes en PDF<\/b><\/li>\n<li style=\"font-weight: 400;\" aria-level=\"1\"><span style=\"font-weight: 400;\">Dise\u00f1ado para flujos de trabajo profesionales de gesti\u00f3n del estr\u00e9s<\/span><\/li>\n<\/ul>\n<p><b>Informes y personalizaci\u00f3n<\/b><\/p>\n<ul>\n<li style=\"font-weight: 400;\" aria-level=\"1\"><span style=\"font-weight: 400;\">Genere informes profesionales con unos pocos clics<\/span><\/li>\n<li style=\"font-weight: 400;\" aria-level=\"1\"><span style=\"font-weight: 400;\">A\u00f1adir <\/span><b>logotipo e informaci\u00f3n de contacto<\/b><span style=\"font-weight: 400;\"> a los informes<\/span><\/li>\n<li style=\"font-weight: 400;\" aria-level=\"1\"><span style=\"font-weight: 400;\">Incluya <\/span><b>comentarios y recomendaciones personales<\/b><\/li>\n<li style=\"font-weight: 400;\" aria-level=\"1\"><span style=\"font-weight: 400;\">Exporte informes en formato PDF para compartirlos y enviarlos f\u00e1cilmente por correo electr\u00f3nico.<\/span><\/li>\n<\/ul>\n<p><b>Soporte multiling\u00fce<\/b><\/p>\n<p><span style=\"font-weight: 400;\">El informe completo de Synapse Sphere est\u00e1 disponible en <\/span><b>12 lenguas<\/b><span style=\"font-weight: 400;\">, Comunicaci\u00f3n eficaz con clientes de distintos or\u00edgenes ling\u00fc\u00edsticos.<\/span><\/p>\n<p><b>Compatibilidad e integraci\u00f3n<\/b><\/p>\n<ul>\n<li style=\"font-weight: 400;\" aria-level=\"1\"><span style=\"font-weight: 400;\">Totalmente compatible con <\/span><b>Mandelay Q9<\/b><span style=\"font-weight: 400;\"> y <\/span><b>Dispositivos de biorretroalimentaci\u00f3n SCIO<\/b><\/li>\n<li style=\"font-weight: 400;\" aria-level=\"1\"><span style=\"font-weight: 400;\">Integraci\u00f3n perfecta en los flujos de trabajo de biorretroalimentaci\u00f3n existentes<\/span><\/li>\n<li style=\"font-weight: 400;\" aria-level=\"1\"><span style=\"font-weight: 400;\">Dise\u00f1ado exclusivamente para uso profesional de biorretroalimentaci\u00f3n<\/span><\/li>\n<\/ul>\n<p><b>Caracter\u00edsticas principales<\/b><\/p>\n<ul>\n<li style=\"font-weight: 400;\" aria-level=\"1\"><span style=\"font-weight: 400;\">Clasificaci\u00f3n de las tensiones de precisi\u00f3n<\/span><\/li>\n<li style=\"font-weight: 400;\" aria-level=\"1\"><span style=\"font-weight: 400;\">Interfaz f\u00e1cil de usar<\/span><\/li>\n<li style=\"font-weight: 400;\" aria-level=\"1\"><span style=\"font-weight: 400;\">Contenido de informe personalizado<\/span><\/li>\n<li style=\"font-weight: 400;\" aria-level=\"1\"><span style=\"font-weight: 400;\">Exportaci\u00f3n a PDF y entrega digital<\/span><\/li>\n<li style=\"font-weight: 400;\" aria-level=\"1\"><span style=\"font-weight: 400;\">Software multiling\u00fce<\/span><\/li>\n<li style=\"font-weight: 400;\" aria-level=\"1\"><span style=\"font-weight: 400;\">Tecnolog\u00eda cl\u00ednicamente probada y fiable<\/span><\/li>\n<\/ul>","protected":false},"excerpt":{"rendered":"<p><b>Software avanzado de an\u00e1lisis de tensiones para Mandelay Q9 y SCIO<\/b><\/p>\n<p><b>\u00bfQu\u00e9 es el informe completo sobre la esfera sinapsis?<\/b><\/p>\n<p><span style=\"font-weight: 400;\">En <\/span><b>Informe completo de Synapse Sphere<\/b><span style=\"font-weight: 400;\"> es un <\/span><b>software profesional de an\u00e1lisis e informes de estr\u00e9s<\/b><span style=\"font-weight: 400;\"> Concebido para usuarios de <\/span><b>Mandelay Q9<\/b><span style=\"font-weight: 400;\"> y <\/span><b>Dispositivos de biorretroalimentaci\u00f3n SCIO<\/b><span style=\"font-weight: 400;\">.<\/span><span style=\"font-weight: 400;\"><br \/>\n<\/span><span style=\"font-weight: 400;\">Apoya la gesti\u00f3n avanzada del estr\u00e9s proporcionando informaci\u00f3n basada en datos, una clasificaci\u00f3n precisa del estr\u00e9s e informes claros y personalizables para uso profesional.<\/span><\/p>\n<p><span style=\"font-weight: 400;\">El programa est\u00e1 pensado para ayudar a los profesionales a comprender mejor las respuestas al estr\u00e9s y comunicar los resultados con claridad a los clientes.<\/span><\/p>","protected":false},"featured_media":29269,"comment_status":"open","ping_status":"closed","template":"","meta":{"_acf_changed":false,"_seopress_robots_primary_cat":"none","_seopress_titles_title":"Professional Biofeedback Reporting Software Full Synapse","_seopress_titles_desc":"The Full Synapse Sphere Riport software for advanced data analysis and reporting. Essential for SCIO\/Q9 professionals. View Specifications.","_seopress_robots_index":""},"product_brand":[],"product_cat":[136],"product_tag":[],"class_list":{"0":"post-29266","1":"product","2":"type-product","3":"status-publish","4":"has-post-thumbnail","6":"product_cat-software","8":"first","9":"instock","10":"virtual","11":"taxable","12":"purchasable","13":"product-type-simple"},"acf":[],"_links":{"self":[{"href":"https:\/\/vibeyoup.com\/es\/wp-json\/wp\/v2\/product\/29266","targetHints":{"allow":["GET"]}}],"collection":[{"href":"https:\/\/vibeyoup.com\/es\/wp-json\/wp\/v2\/product"}],"about":[{"href":"https:\/\/vibeyoup.com\/es\/wp-json\/wp\/v2\/types\/product"}],"replies":[{"embeddable":true,"href":"https:\/\/vibeyoup.com\/es\/wp-json\/wp\/v2\/comments?post=29266"}],"wp:featuredmedia":[{"embeddable":true,"href":"https:\/\/vibeyoup.com\/es\/wp-json\/wp\/v2\/media\/29269"}],"wp:attachment":[{"href":"https:\/\/vibeyoup.com\/es\/wp-json\/wp\/v2\/media?parent=29266"}],"wp:term":[{"taxonomy":"product_brand","embeddable":true,"href":"https:\/\/vibeyoup.com\/es\/wp-json\/wp\/v2\/product_brand?post=29266"},{"taxonomy":"product_cat","embeddable":true,"href":"https:\/\/vibeyoup.com\/es\/wp-json\/wp\/v2\/product_cat?post=29266"},{"taxonomy":"product_tag","embeddable":true,"href":"https:\/\/vibeyoup.com\/es\/wp-json\/wp\/v2\/product_tag?post=29266"}],"curies":[{"name":"wp","href":"https:\/\/api.w.org\/{rel}","templated":true}]}}