{"id":29262,"date":"2026-01-22T18:51:02","date_gmt":"2026-01-22T18:51:02","guid":{"rendered":"https:\/\/vibeyoup.com\/?post_type=product&#038;p=29262"},"modified":"2026-02-21T16:28:42","modified_gmt":"2026-02-21T16:28:42","slug":"pendrive-con-la-ultima-version-de-software","status":"publish","type":"product","link":"https:\/\/vibeyoup.com\/es\/termek\/pendrive-with-the-latest-software-version\/","title":{"rendered":"Pendrive con la \u00faltima versi\u00f3n de software"},"content":{"rendered":"<p><b>\u00bfCu\u00e1ndo es \u00fatil el Pendrive?<\/b><\/p>\n<p><span style=\"font-weight: 400;\">El pendrive est\u00e1 dise\u00f1ado para usuarios que:<\/span><\/p>\n<ul>\n<li style=\"font-weight: 400;\" aria-level=\"1\"><span style=\"font-weight: 400;\">Visite <\/span><b>acceso a internet lento o inestable<\/b><\/li>\n<li style=\"font-weight: 400;\" aria-level=\"1\"><span style=\"font-weight: 400;\">Desea <\/span><b>acelerar el proceso de instalaci\u00f3n<\/b><\/li>\n<li style=\"font-weight: 400;\" aria-level=\"1\"><span style=\"font-weight: 400;\">Prefiero un <\/span><b>opci\u00f3n de instalaci\u00f3n fuera de l\u00ednea<\/b><span style=\"font-weight: 400;\"> para archivos de software de gran tama\u00f1o<\/span><\/li>\n<\/ul>\n<p><span style=\"font-weight: 400;\">Proporciona una soluci\u00f3n pr\u00e1ctica para una configuraci\u00f3n m\u00e1s r\u00e1pida sin depender de largas descargas.<\/span><\/p>\n<p><b>Informaci\u00f3n importante sobre la instalaci\u00f3n<\/b><\/p>\n<ul>\n<li style=\"font-weight: 400;\" aria-level=\"1\"><b>Clasp64, Clasp Portal y Synapse Report<\/b><span style=\"font-weight: 400;\"> pueden descargarse gratuitamente utilizando el descargador oficial<\/span><\/li>\n<li style=\"font-weight: 400;\" aria-level=\"1\"><span style=\"font-weight: 400;\">El pendrive es un <\/span><b>alternativa opcional<\/b><span style=\"font-weight: 400;\">, no es un requisito<\/span><\/li>\n<li style=\"font-weight: 400;\" aria-level=\"1\"><b>El acceso a Internet sigue siendo necesario para la activaci\u00f3n del software<\/b><span style=\"font-weight: 400;\">, incluso cuando se instala a trav\u00e9s de pendrive<\/span><\/li>\n<li style=\"font-weight: 400;\" aria-level=\"1\"><span style=\"font-weight: 400;\">Adecuado para usuarios que tengan al menos <\/span><b>acceso m\u00ednimo a internet<\/b><span style=\"font-weight: 400;\"> a efectos de activaci\u00f3n<\/span><\/li>\n<\/ul>\n<p><b>Productos destacados<\/b><\/p>\n<ul>\n<li style=\"font-weight: 400;\" aria-level=\"1\"><span style=\"font-weight: 400;\">Contiene las \u00faltimas versiones de software<\/span><\/li>\n<li style=\"font-weight: 400;\" aria-level=\"1\"><span style=\"font-weight: 400;\">Opci\u00f3n de instalaci\u00f3n sin conexi\u00f3n<\/span><\/li>\n<li style=\"font-weight: 400;\" aria-level=\"1\"><span style=\"font-weight: 400;\">Reduce el tiempo de descarga de archivos grandes<\/span><\/li>\n<li style=\"font-weight: 400;\" aria-level=\"1\"><span style=\"font-weight: 400;\">Ideal para conexiones a Internet limitadas o inestables<\/span><\/li>\n<li style=\"font-weight: 400;\" aria-level=\"1\"><span style=\"font-weight: 400;\">Fuente oficial del software<\/span><\/li>\n<\/ul>","protected":false},"excerpt":{"rendered":"<p><b>Opci\u00f3n de instalaci\u00f3n sin conexi\u00f3n para Clasp64, Clasp Portal y Synapse Report<\/b><\/p>\n<p><b>\u00bfQu\u00e9 es el Pendrive Software?<\/b><\/p>\n<p><span style=\"font-weight: 400;\">En <\/span><b>Pendrive con la \u00faltima versi\u00f3n de software<\/b><span style=\"font-weight: 400;\"> es un <\/span><b>c\u00f3moda alternativa de instalaci\u00f3n<\/b><span style=\"font-weight: 400;\"> para usuarios que prefieren evitar grandes descargas o tienen conexiones a Internet lentas o inestables.<\/span><span style=\"font-weight: 400;\"><br \/>\n<\/span><span style=\"font-weight: 400;\">Contiene las versiones m\u00e1s recientes de <\/span><b>Cierre64<\/b><span style=\"font-weight: 400;\">, <\/span><b>Portal Clasp<\/b><span style=\"font-weight: 400;\">, y <\/span><b>Informe Synapse<\/b><span style=\"font-weight: 400;\"> software.<\/span><\/p>\n<p><span style=\"font-weight: 400;\">Este pendrive es <\/span><b>no es necesario para la instalaci\u00f3n<\/b><span style=\"font-weight: 400;\">, ya que todo el software se puede descargar gratuitamente desde el sitio web oficial.<\/span><\/p>","protected":false},"featured_media":29265,"comment_status":"open","ping_status":"closed","template":"","meta":{"_acf_changed":false,"_seopress_robots_primary_cat":"none","_seopress_titles_title":"Pendrive with the latest software version","_seopress_titles_desc":"The latest software on a pendrive offers a convenient install for slow or unreliable internet","_seopress_robots_index":""},"product_brand":[],"product_cat":[136],"product_tag":[],"class_list":{"0":"post-29262","1":"product","2":"type-product","3":"status-publish","4":"has-post-thumbnail","6":"product_cat-software","8":"first","9":"instock","10":"taxable","11":"shipping-taxable","12":"purchasable","13":"product-type-simple"},"acf":[],"_links":{"self":[{"href":"https:\/\/vibeyoup.com\/es\/wp-json\/wp\/v2\/product\/29262","targetHints":{"allow":["GET"]}}],"collection":[{"href":"https:\/\/vibeyoup.com\/es\/wp-json\/wp\/v2\/product"}],"about":[{"href":"https:\/\/vibeyoup.com\/es\/wp-json\/wp\/v2\/types\/product"}],"replies":[{"embeddable":true,"href":"https:\/\/vibeyoup.com\/es\/wp-json\/wp\/v2\/comments?post=29262"}],"wp:featuredmedia":[{"embeddable":true,"href":"https:\/\/vibeyoup.com\/es\/wp-json\/wp\/v2\/media\/29265"}],"wp:attachment":[{"href":"https:\/\/vibeyoup.com\/es\/wp-json\/wp\/v2\/media?parent=29262"}],"wp:term":[{"taxonomy":"product_brand","embeddable":true,"href":"https:\/\/vibeyoup.com\/es\/wp-json\/wp\/v2\/product_brand?post=29262"},{"taxonomy":"product_cat","embeddable":true,"href":"https:\/\/vibeyoup.com\/es\/wp-json\/wp\/v2\/product_cat?post=29262"},{"taxonomy":"product_tag","embeddable":true,"href":"https:\/\/vibeyoup.com\/es\/wp-json\/wp\/v2\/product_tag?post=29262"}],"curies":[{"name":"wp","href":"https:\/\/api.w.org\/{rel}","templated":true}]}}